{"id":406,"date":"2012-11-17T10:21:41","date_gmt":"2012-11-17T12:21:41","guid":{"rendered":"http:\/\/efagundes.com\/openclass_networking\/?page_id=406"},"modified":"2022-01-16T17:51:04","modified_gmt":"2022-01-16T20:51:04","slug":"estrutura-do-sistema-telefonico-ii","status":"publish","type":"page","link":"https:\/\/efagundes.com\/networking\/sistema-telefonico\/estrutura-do-sistema-telefonico-ii\/","title":{"rendered":"Estrutura do sistema telef\u00f4nico (II)"},"content":{"rendered":"<p><a href=\"https:\/\/i0.wp.com\/efagundes.com\/networking\/wp-content\/uploads\/sites\/5\/2015\/03\/Slide74.jpg\"><img data-recalc-dims=\"1\" loading=\"lazy\" decoding=\"async\" data-attachment-id=\"2457\" data-permalink=\"https:\/\/efagundes.com\/networking\/sistema-telefonico\/estrutura-do-sistema-telefonico-ii\/slide7-5\/\" data-orig-file=\"https:\/\/i0.wp.com\/efagundes.com\/networking\/wp-content\/uploads\/sites\/5\/2015\/03\/Slide74.jpg?fit=960%2C720&amp;ssl=1\" data-orig-size=\"960,720\" data-comments-opened=\"1\" data-image-meta=\"{&quot;aperture&quot;:&quot;0&quot;,&quot;credit&quot;:&quot;&quot;,&quot;camera&quot;:&quot;&quot;,&quot;caption&quot;:&quot;&quot;,&quot;created_timestamp&quot;:&quot;0&quot;,&quot;copyright&quot;:&quot;&quot;,&quot;focal_length&quot;:&quot;0&quot;,&quot;iso&quot;:&quot;0&quot;,&quot;shutter_speed&quot;:&quot;0&quot;,&quot;title&quot;:&quot;&quot;,&quot;orientation&quot;:&quot;0&quot;}\" data-image-title=\"Slide7\" data-image-description=\"\" data-image-caption=\"\" data-large-file=\"https:\/\/i0.wp.com\/efagundes.com\/networking\/wp-content\/uploads\/sites\/5\/2015\/03\/Slide74.jpg?fit=960%2C720&amp;ssl=1\" class=\"alignnone size-full wp-image-2457\" src=\"https:\/\/i0.wp.com\/efagundes.com\/networking\/wp-content\/uploads\/sites\/5\/2015\/03\/Slide74.jpg?resize=960%2C720\" alt=\"Slide7\" width=\"960\" height=\"720\" srcset=\"https:\/\/i0.wp.com\/efagundes.com\/networking\/wp-content\/uploads\/sites\/5\/2015\/03\/Slide74.jpg?w=960&amp;ssl=1 960w, https:\/\/i0.wp.com\/efagundes.com\/networking\/wp-content\/uploads\/sites\/5\/2015\/03\/Slide74.jpg?resize=300%2C225&amp;ssl=1 300w\" sizes=\"auto, (max-width: 960px) 100vw, 960px\" \/><\/a>Em 1890, era poss\u00edvel notar a presen\u00e7a das tr\u00eas principais partes do sistema telef\u00f4nico: as esta\u00e7\u00f5es de comuta\u00e7\u00e3o, os fios que ligavam os usu\u00e1rios \u00e0s esta\u00e7\u00f5es de comuta\u00e7\u00e3o (agora j\u00e1 operando com cabos de pares tran\u00e7ados, isolados e balanceados em vez de cabos abertos com retorno por terra) e as conex\u00f5es de longa dist\u00e2ncia existentes entre as esta\u00e7\u00f5es de comuta\u00e7\u00e3o.<\/p>\n<p>Se um assinante conectado a determinada esta\u00e7\u00e3o final ligar para outro assinante da mesma esta\u00e7\u00e3o, o mecanismo de comuta\u00e7\u00e3o dentro da esta\u00e7\u00e3o ir\u00e1 configurar uma conex\u00e3o el\u00e9trica direta entre os dois loops locais.<\/p>\n<p>Se o telefone chamado estiver conectado a uma outra esta\u00e7\u00e3o final, outro procedimento ter\u00e1 de ser usado. Cada esta\u00e7\u00e3o final cont\u00e9m uma s\u00e9ria de linhas de sa\u00edda par um ou mais centros de comuta\u00e7\u00e3o vizinhos, denominados esta\u00e7\u00f5es interurbanas (ou se estiverem na mesma \u00e1rea, esta\u00e7\u00f5es tandem). Essas linhas s\u00e3o denominadas troncos de conex\u00e3o interurbana.<\/p>\n<p>O sistema telef\u00f4nico \u00e9 formado por tr\u00eas componentes principais:<\/p>\n<ol>\n<li>Loops locais (pares tran\u00e7ados anal\u00f3gicos indo para as resid\u00eancias e para as empresas).<\/li>\n<li>Troncos (fibra \u00f3ptica digital conectando as esta\u00e7\u00f5es de comuta\u00e7\u00e3o).<\/li>\n<li>Esta\u00e7\u00f5es de comuta\u00e7\u00e3o (onde as chamadas s\u00e3o transferidas de um tronco para outro).<\/li>\n<\/ol>\n<p>No Brasil, as tarifas telef\u00f4nicas s\u00e3o cobradas por pulsos nas \u00e1reas metropolitanas e por minuto para as chamadas estadual, interestaduais e internacionais (DDD \u2014 discagem direta a dist\u00e2ncia e DDD \u2014 discagem direta internacional). O custo das chamadas DDD e DDI s\u00e3o definidas pela dist\u00e2ncia, dura\u00e7\u00e3o da chamada, pelo dia da semana e hor\u00e1rio.<\/p>\n<p>&nbsp;<\/p>\n","protected":false},"excerpt":{"rendered":"<p>Em 1890, era poss\u00edvel notar a presen\u00e7a das tr\u00eas principais partes do sistema telef\u00f4nico: as esta\u00e7\u00f5es de comuta\u00e7\u00e3o, os fios que ligavam os usu\u00e1rios \u00e0s esta\u00e7\u00f5es de comuta\u00e7\u00e3o (agora j\u00e1 operando com cabos de pares tran\u00e7ados, isolados e balanceados em vez de cabos abertos com retorno por terra) e as conex\u00f5es de longa dist\u00e2ncia existentes [&hellip;]<\/p>\n","protected":false},"author":1,"featured_media":0,"parent":394,"menu_order":5,"comment_status":"closed","ping_status":"open","template":"","meta":{"footnotes":""},"class_list":["post-406","page","type-page","status-publish","hentry"],"jetpack_shortlink":"https:\/\/wp.me\/P8yKGp-6y","jetpack-related-posts":[{"id":404,"url":"https:\/\/efagundes.com\/networking\/sistema-telefonico\/estrutura-do-sistema-telefonico-i\/","url_meta":{"origin":406,"position":0},"title":"Estrutura do sistema telef\u00f4nico (I)","author":"Eduardo Fagundes","date":"17\/11\/2012","format":false,"excerpt":"\u00a0 Quando Alexander Graham Bell patenteou o telefone em 1876 existia uma grande demanda por novas inven\u00e7\u00f5es. Inicialmente, os telefones eram comercializados aos pares, ou seja, o cliente comprava um par de telefones e tamb\u00e9m o cabo para conecta-los. Utilizava-se apenas um fio e o retorno dos el\u00e9trons era feito\u2026","rel":"","context":"Post similar","block_context":{"text":"Post similar","link":""},"img":{"alt_text":"Slide6","src":"https:\/\/i0.wp.com\/efagundes.com\/networking\/wp-content\/uploads\/sites\/5\/2015\/03\/Slide64.jpg?resize=350%2C200","width":350,"height":200,"srcset":"https:\/\/i0.wp.com\/efagundes.com\/networking\/wp-content\/uploads\/sites\/5\/2015\/03\/Slide64.jpg?resize=350%2C200 1x, https:\/\/i0.wp.com\/efagundes.com\/networking\/wp-content\/uploads\/sites\/5\/2015\/03\/Slide64.jpg?resize=525%2C300 1.5x, https:\/\/i0.wp.com\/efagundes.com\/networking\/wp-content\/uploads\/sites\/5\/2015\/03\/Slide64.jpg?resize=700%2C400 2x"},"classes":[]},{"id":509,"url":"https:\/\/efagundes.com\/networking\/comutacao\/comutacao-de-mensagens\/","url_meta":{"origin":406,"position":1},"title":"Comuta\u00e7\u00e3o de mensagens","author":"Eduardo Fagundes","date":"17\/11\/2012","format":false,"excerpt":"Uma estrat\u00e9gia alternativa de comuta\u00e7\u00e3o \u00e9 a comuta\u00e7\u00e3o de mensagens, mostrada na figura ( c) acima. Quando essa forma de comuta\u00e7\u00e3o \u00e9 usada, nenhum caminho f\u00edsico \u00e9 estabelecido com anteced\u00eancia entre o transmissor e o receptor. Em vez disso, quando o transmissor tem um bloco de dados a ser enviado,\u2026","rel":"","context":"Post similar","block_context":{"text":"Post similar","link":""},"img":{"alt_text":"Slide15","src":"https:\/\/i0.wp.com\/efagundes.com\/networking\/wp-content\/uploads\/sites\/5\/2015\/03\/Slide154.jpg?resize=350%2C200","width":350,"height":200,"srcset":"https:\/\/i0.wp.com\/efagundes.com\/networking\/wp-content\/uploads\/sites\/5\/2015\/03\/Slide154.jpg?resize=350%2C200 1x, https:\/\/i0.wp.com\/efagundes.com\/networking\/wp-content\/uploads\/sites\/5\/2015\/03\/Slide154.jpg?resize=525%2C300 1.5x, https:\/\/i0.wp.com\/efagundes.com\/networking\/wp-content\/uploads\/sites\/5\/2015\/03\/Slide154.jpg?resize=700%2C400 2x"},"classes":[]},{"id":434,"url":"https:\/\/efagundes.com\/networking\/sistema-telefonico\/wll-wire-local-loop\/","url_meta":{"origin":406,"position":2},"title":"WLL Wire Local Loop","author":"Eduardo Fagundes","date":"17\/11\/2012","format":false,"excerpt":"\u00a0 A tecnologia WLL substitui, no todo ou em parte, os pares de cabos telef\u00f4nicos utilizados na conex\u00e3o do telefone do assinante at\u00e9 a central telef\u00f4nica. \u00c9 baseada em um terminal fixo que se comunica, via ondas de r\u00e1dio, com a central de telefonia p\u00fablica e que busca n\u00e3o utilizar\u2026","rel":"","context":"Post similar","block_context":{"text":"Post similar","link":""},"img":{"alt_text":"Slide20","src":"https:\/\/i0.wp.com\/efagundes.com\/networking\/wp-content\/uploads\/sites\/5\/2015\/03\/Slide203.jpg?resize=350%2C200","width":350,"height":200,"srcset":"https:\/\/i0.wp.com\/efagundes.com\/networking\/wp-content\/uploads\/sites\/5\/2015\/03\/Slide203.jpg?resize=350%2C200 1x, https:\/\/i0.wp.com\/efagundes.com\/networking\/wp-content\/uploads\/sites\/5\/2015\/03\/Slide203.jpg?resize=525%2C300 1.5x, https:\/\/i0.wp.com\/efagundes.com\/networking\/wp-content\/uploads\/sites\/5\/2015\/03\/Slide203.jpg?resize=700%2C400 2x"},"classes":[]},{"id":507,"url":"https:\/\/efagundes.com\/networking\/comutacao\/comutacao-de-circuitos\/","url_meta":{"origin":406,"position":3},"title":"Comuta\u00e7\u00e3o de circuitos","author":"Eduardo Fagundes","date":"17\/11\/2012","format":false,"excerpt":"\u00a0 Quando voc\u00ea ou seu computador efetua uma chamada telef\u00f4nica, o equipamento de comuta\u00e7\u00e3o do sistema telef\u00f4nico procura um caminha f\u00edsico desde o seu telefone at\u00e9 o telefone do receptor. Essa t\u00e9cnica, chamada comuta\u00e7\u00e3o de circuitos, \u00e9 apresentada na figura (a). Esse dispositivo foi inventado por um agente funer\u00e1rio do\u2026","rel":"","context":"Post similar","block_context":{"text":"Post similar","link":""},"img":{"alt_text":"Slide14","src":"https:\/\/i0.wp.com\/efagundes.com\/networking\/wp-content\/uploads\/sites\/5\/2015\/03\/Slide145.jpg?resize=350%2C200","width":350,"height":200,"srcset":"https:\/\/i0.wp.com\/efagundes.com\/networking\/wp-content\/uploads\/sites\/5\/2015\/03\/Slide145.jpg?resize=350%2C200 1x, https:\/\/i0.wp.com\/efagundes.com\/networking\/wp-content\/uploads\/sites\/5\/2015\/03\/Slide145.jpg?resize=525%2C300 1.5x, https:\/\/i0.wp.com\/efagundes.com\/networking\/wp-content\/uploads\/sites\/5\/2015\/03\/Slide145.jpg?resize=700%2C400 2x"},"classes":[]},{"id":146,"url":"https:\/\/efagundes.com\/networking\/modelos-de-referencia\/modelo-osi\/","url_meta":{"origin":406,"position":4},"title":"Modelo OSI","author":"Eduardo Fagundes","date":"16\/11\/2012","format":false,"excerpt":"As camadas 3, 2 e 1 s\u00e3o respons\u00e1veis por mover os pacotes de dados da esta\u00e7\u00e3o de origem para a esta\u00e7\u00e3o de destino. Camada Rede (3) A camada de rede estabelece a rota entre o transmissor e o receptor atrav\u00e9s dos pontos de roteamento existentes na rede. O exemplo mais\u2026","rel":"","context":"Post similar","block_context":{"text":"Post similar","link":""},"img":{"alt_text":"Slide2","src":"https:\/\/i0.wp.com\/efagundes.com\/networking\/wp-content\/uploads\/sites\/5\/2015\/03\/Slide210.jpg?resize=350%2C200","width":350,"height":200,"srcset":"https:\/\/i0.wp.com\/efagundes.com\/networking\/wp-content\/uploads\/sites\/5\/2015\/03\/Slide210.jpg?resize=350%2C200 1x, https:\/\/i0.wp.com\/efagundes.com\/networking\/wp-content\/uploads\/sites\/5\/2015\/03\/Slide210.jpg?resize=525%2C300 1.5x, https:\/\/i0.wp.com\/efagundes.com\/networking\/wp-content\/uploads\/sites\/5\/2015\/03\/Slide210.jpg?resize=700%2C400 2x"},"classes":[]},{"id":731,"url":"https:\/\/efagundes.com\/networking\/a-camada-de-rede\/comutacao-de-pacotes-store-and-forward\/","url_meta":{"origin":406,"position":5},"title":"Comuta\u00e7\u00e3o de pacotes store-and-forward","author":"Eduardo Fagundes","date":"18\/11\/2012","format":false,"excerpt":"Dentro do contexto em que operam os protocolos da camada rede, os principais componentes s\u00e3o o equipamento do provedor de telecomunica\u00e7\u00f5es (roteadores conectados por linhas de transmiss\u00e3o), apresentados na elipse sombreada da figura, e o equipamento dos clientes mostrados fora da elipse. O host H1 est\u00e1 diretamente conectado a um\u2026","rel":"","context":"Post similar","block_context":{"text":"Post similar","link":""},"img":{"alt_text":"","src":"https:\/\/i0.wp.com\/efagundes.com\/networking\/wp-content\/uploads\/sites\/5\/2015\/03\/Slide67.jpg?resize=350%2C200","width":350,"height":200,"srcset":"https:\/\/i0.wp.com\/efagundes.com\/networking\/wp-content\/uploads\/sites\/5\/2015\/03\/Slide67.jpg?resize=350%2C200 1x, https:\/\/i0.wp.com\/efagundes.com\/networking\/wp-content\/uploads\/sites\/5\/2015\/03\/Slide67.jpg?resize=525%2C300 1.5x, https:\/\/i0.wp.com\/efagundes.com\/networking\/wp-content\/uploads\/sites\/5\/2015\/03\/Slide67.jpg?resize=700%2C400 2x"},"classes":[]}],"jetpack_sharing_enabled":true,"_links":{"self":[{"href":"https:\/\/efagundes.com\/networking\/wp-json\/wp\/v2\/pages\/406","targetHints":{"allow":["GET"]}}],"collection":[{"href":"https:\/\/efagundes.com\/networking\/wp-json\/wp\/v2\/pages"}],"about":[{"href":"https:\/\/efagundes.com\/networking\/wp-json\/wp\/v2\/types\/page"}],"author":[{"embeddable":true,"href":"https:\/\/efagundes.com\/networking\/wp-json\/wp\/v2\/users\/1"}],"replies":[{"embeddable":true,"href":"https:\/\/efagundes.com\/networking\/wp-json\/wp\/v2\/comments?post=406"}],"version-history":[{"count":0,"href":"https:\/\/efagundes.com\/networking\/wp-json\/wp\/v2\/pages\/406\/revisions"}],"up":[{"embeddable":true,"href":"https:\/\/efagundes.com\/networking\/wp-json\/wp\/v2\/pages\/394"}],"wp:attachment":[{"href":"https:\/\/efagundes.com\/networking\/wp-json\/wp\/v2\/media?parent=406"}],"curies":[{"name":"wp","href":"https:\/\/api.w.org\/{rel}","templated":true}]}}