{"id":414,"date":"2012-11-17T10:27:07","date_gmt":"2012-11-17T12:27:07","guid":{"rendered":"http:\/\/efagundes.com\/openclass_networking\/?page_id=414"},"modified":"2022-01-16T17:51:05","modified_gmt":"2022-01-16T20:51:05","slug":"modulacao-digital","status":"publish","type":"page","link":"https:\/\/efagundes.com\/networking\/sistema-telefonico\/modulacao-digital\/","title":{"rendered":"Modula\u00e7\u00e3o digital"},"content":{"rendered":"<p><a href=\"https:\/\/i0.wp.com\/efagundes.com\/networking\/wp-content\/uploads\/sites\/5\/2015\/03\/Slide117.jpg\"><img data-recalc-dims=\"1\" loading=\"lazy\" decoding=\"async\" data-attachment-id=\"2461\" data-permalink=\"https:\/\/efagundes.com\/networking\/sistema-telefonico\/modulacao-digital\/slide11-5\/\" data-orig-file=\"https:\/\/i0.wp.com\/efagundes.com\/networking\/wp-content\/uploads\/sites\/5\/2015\/03\/Slide117.jpg?fit=960%2C720&amp;ssl=1\" data-orig-size=\"960,720\" data-comments-opened=\"1\" data-image-meta=\"{&quot;aperture&quot;:&quot;0&quot;,&quot;credit&quot;:&quot;&quot;,&quot;camera&quot;:&quot;&quot;,&quot;caption&quot;:&quot;&quot;,&quot;created_timestamp&quot;:&quot;0&quot;,&quot;copyright&quot;:&quot;&quot;,&quot;focal_length&quot;:&quot;0&quot;,&quot;iso&quot;:&quot;0&quot;,&quot;shutter_speed&quot;:&quot;0&quot;,&quot;title&quot;:&quot;&quot;,&quot;orientation&quot;:&quot;0&quot;}\" data-image-title=\"Slide11\" data-image-description=\"\" data-image-caption=\"\" data-large-file=\"https:\/\/i0.wp.com\/efagundes.com\/networking\/wp-content\/uploads\/sites\/5\/2015\/03\/Slide117.jpg?fit=960%2C720&amp;ssl=1\" class=\"alignnone size-full wp-image-2461\" src=\"https:\/\/i0.wp.com\/efagundes.com\/networking\/wp-content\/uploads\/sites\/5\/2015\/03\/Slide117.jpg?resize=960%2C720\" alt=\"Slide11\" width=\"960\" height=\"720\" srcset=\"https:\/\/i0.wp.com\/efagundes.com\/networking\/wp-content\/uploads\/sites\/5\/2015\/03\/Slide117.jpg?w=960&amp;ssl=1 960w, https:\/\/i0.wp.com\/efagundes.com\/networking\/wp-content\/uploads\/sites\/5\/2015\/03\/Slide117.jpg?resize=300%2C225&amp;ssl=1 300w\" sizes=\"auto, (max-width: 960px) 100vw, 960px\" \/><\/a>O sinal (bit) pode ser enviado basicamente de duas formas: digital e anal\u00f3gica. Para cada caso existem t\u00e9cnicas particulares a serem empregadas.<\/p>\n<p>A modula\u00e7\u00e3o constitui-se na t\u00e9cnica empregada para modificar um sinal com a finalidade de transportar uma informa\u00e7\u00e3o atrav\u00e9s do canal de comunica\u00e7\u00e3o e recuperar o sinal, na sua forma original, no destino. A onda padr\u00e3o possui amplitude, freq\u00fc\u00eancia e fase, sendo que a amplitude \u00e9 medida em voltagem ou corrente; a freq\u00fc\u00eancia \u00e9 o n\u00famero de ciclos de ondas transmitidas em uma unidade de tempo (Hertz) e, finalmente, a fase que consiste no ponto onde ocorreu o avan\u00e7o da onda padr\u00e3o (\u00e2ngulo do sinal senoidal)<\/p>\n<p>Embora sejam poss\u00edveis duas t\u00e9cnicas para transmiss\u00e3o (digital e anal\u00f3gica), somente a anal\u00f3gica realiza modula\u00e7\u00e3o, uma vez que a t\u00e9cnica digital usa o recurso de codifica\u00e7\u00e3o de pulsos.<\/p>\n<p>A modula\u00e7\u00e3o digital tem prefer\u00eancia sobre a anal\u00f3gica devido a um fator fundamental: a informa\u00e7\u00e3o transmitida na forma digital pode ser regenerada, replicada e retransmitida, mantendo-se livre de distor\u00e7\u00f5es. Esta vantagem, entretanto, possui um certo custo: o sinal modulado digitalmente ocupa maior largura de faixa que seu correspondente modulado analogicamente. Outra vantagem da modula\u00e7\u00e3o digital consiste na possibilidade de multiplexa\u00e7\u00e3o de sinais de informa\u00e7\u00e3o originalmente anal\u00f3gica juntamente com dados provenientes de computadores os quais j\u00e1 s\u00e3o digitais por natureza.<\/p>\n<p>A t\u00e9cnica de codifica\u00e7\u00e3o de dados utilizada nesta solu\u00e7\u00e3o \u00e9 em geral a NRZ (Nonreturn-to-zero). O esquema NRZ n\u00e3o requer nenhum formato especial para codifica\u00e7\u00e3o e decodifica\u00e7\u00e3o. Simplesmente, ele representa o 1 como n\u00edvel alto e o 0 como n\u00edvel baixo, conforme mostrado na figura. Esta solu\u00e7\u00e3o, embora teoricamente simples, apresenta alguns problemas pr\u00e1ticos. Um deles \u00e9 a necessidade de dois canais de transmiss\u00e3o (um para dados e outro para o rel\u00f3gio), com toda a duplica\u00e7\u00e3o dos circuitos de transmiss\u00e3o o que encarece a transmiss\u00e3o.<\/p>\n<p>Na modula\u00e7\u00e3o digital \u00e9 poss\u00edvel o envio de mais de um bit por sinaliza\u00e7\u00e3o, como \u00e9 o caso das t\u00e9cnicas de codifica\u00e7\u00e3o 4-PAM e 8-PAM, como mostra a figura.<\/p>\n<p>&nbsp;<\/p>\n","protected":false},"excerpt":{"rendered":"<p>O sinal (bit) pode ser enviado basicamente de duas formas: digital e anal\u00f3gica. Para cada caso existem t\u00e9cnicas particulares a serem empregadas. A modula\u00e7\u00e3o constitui-se na t\u00e9cnica empregada para modificar um sinal com a finalidade de transportar uma informa\u00e7\u00e3o atrav\u00e9s do canal de comunica\u00e7\u00e3o e recuperar o sinal, na sua forma original, no destino. A [&hellip;]<\/p>\n","protected":false},"author":1,"featured_media":0,"parent":394,"menu_order":12,"comment_status":"closed","ping_status":"open","template":"","meta":{"footnotes":""},"class_list":["post-414","page","type-page","status-publish","hentry"],"jetpack_shortlink":"https:\/\/wp.me\/P8yKGp-6G","jetpack-related-posts":[{"id":418,"url":"https:\/\/efagundes.com\/networking\/sistema-telefonico\/tipos-de-modulacao-i\/","url_meta":{"origin":414,"position":0},"title":"Tipos de modula\u00e7\u00e3o (I)","author":"Eduardo Fagundes","date":"17\/11\/2012","format":false,"excerpt":"\u00a0 Para facilitar a transmiss\u00e3o do sinal atrav\u00e9s dos meios f\u00edsicos e adequar as frequ\u00eancias aos sistemas de comunica\u00e7\u00e3o se utiliza o que chamamos de onda portadora, sobre a qual \u00e9 transmitido o sinal com a informa\u00e7\u00e3o. A onda portadora \u00e9 um sinal senoidal caracterizado por tr\u00eas vari\u00e1veis: amplitude, freq\u00fc\u00eancia\u2026","rel":"","context":"Post similar","block_context":{"text":"Post similar","link":""},"img":{"alt_text":"Slide12","src":"https:\/\/i0.wp.com\/efagundes.com\/networking\/wp-content\/uploads\/sites\/5\/2015\/03\/Slide124.jpg?resize=350%2C200","width":350,"height":200,"srcset":"https:\/\/i0.wp.com\/efagundes.com\/networking\/wp-content\/uploads\/sites\/5\/2015\/03\/Slide124.jpg?resize=350%2C200 1x, https:\/\/i0.wp.com\/efagundes.com\/networking\/wp-content\/uploads\/sites\/5\/2015\/03\/Slide124.jpg?resize=525%2C300 1.5x, https:\/\/i0.wp.com\/efagundes.com\/networking\/wp-content\/uploads\/sites\/5\/2015\/03\/Slide124.jpg?resize=700%2C400 2x"},"classes":[]},{"id":420,"url":"https:\/\/efagundes.com\/networking\/sistema-telefonico\/tipos-de-modulacao-ii\/","url_meta":{"origin":414,"position":1},"title":"Tipos de modula\u00e7\u00e3o (II)","author":"Eduardo Fagundes","date":"17\/11\/2012","format":false,"excerpt":"Um baud \u00e9 um sinal ou onda el\u00e9trica anal\u00f3gica. Um ciclo de uma onda anal\u00f3gica \u00e9 igual a um baud. Um ciclo completo inicia na voltagem zero, vai at\u00e9 a mais alta voltagem e desce at\u00e9 a voltagem negativa mais baixa e volta para a voltagem zero. Uma linha de\u2026","rel":"","context":"Post similar","block_context":{"text":"Post similar","link":""},"img":{"alt_text":"Slide13","src":"https:\/\/i0.wp.com\/efagundes.com\/networking\/wp-content\/uploads\/sites\/5\/2015\/03\/Slide134.jpg?resize=350%2C200","width":350,"height":200,"srcset":"https:\/\/i0.wp.com\/efagundes.com\/networking\/wp-content\/uploads\/sites\/5\/2015\/03\/Slide134.jpg?resize=350%2C200 1x, https:\/\/i0.wp.com\/efagundes.com\/networking\/wp-content\/uploads\/sites\/5\/2015\/03\/Slide134.jpg?resize=525%2C300 1.5x, https:\/\/i0.wp.com\/efagundes.com\/networking\/wp-content\/uploads\/sites\/5\/2015\/03\/Slide134.jpg?resize=700%2C400 2x"},"classes":[]},{"id":424,"url":"https:\/\/efagundes.com\/networking\/sistema-telefonico\/tipos-de-modulacao-iv\/","url_meta":{"origin":414,"position":2},"title":"Tipos de modula\u00e7\u00e3o (IV)","author":"Eduardo Fagundes","date":"17\/11\/2012","format":false,"excerpt":"\u00a0 Todos os modems avan\u00e7ados utilizam uma combina\u00e7\u00e3o de t\u00e9cnicas de modula\u00e7\u00e3o para transmitir v\u00e1rios bits por baud. Com freq\u00fc\u00eancia, v\u00e1rias amplitudes e v\u00e1rios deslocamento de fase s\u00e3o combinados para transmitir diversos bits\/s\u00edmbolos. A figura (a) mostra os pontos 45, 135, 225 e 315 graus com amplitude constante (dist\u00e2ncia a\u2026","rel":"","context":"Post similar","block_context":{"text":"Post similar","link":""},"img":{"alt_text":"Slide15","src":"https:\/\/i0.wp.com\/efagundes.com\/networking\/wp-content\/uploads\/sites\/5\/2015\/03\/Slide153.jpg?resize=350%2C200","width":350,"height":200,"srcset":"https:\/\/i0.wp.com\/efagundes.com\/networking\/wp-content\/uploads\/sites\/5\/2015\/03\/Slide153.jpg?resize=350%2C200 1x, https:\/\/i0.wp.com\/efagundes.com\/networking\/wp-content\/uploads\/sites\/5\/2015\/03\/Slide153.jpg?resize=525%2C300 1.5x, https:\/\/i0.wp.com\/efagundes.com\/networking\/wp-content\/uploads\/sites\/5\/2015\/03\/Slide153.jpg?resize=700%2C400 2x"},"classes":[]},{"id":486,"url":"https:\/\/efagundes.com\/networking\/multiplexacao-2\/multiplexacao-por-divisao-de-tempo-2\/","url_meta":{"origin":414,"position":3},"title":"Multiplexa\u00e7\u00e3o por divis\u00e3o de tempo (II)","author":"Eduardo Fagundes","date":"17\/11\/2012","format":false,"excerpt":"Uma vez digitalizado, o sinal de voz tenta usar t\u00e9cnicas estat\u00edsticas para reduzir o n\u00famero de bits necess\u00e1rios por canal. Essas t\u00e9cnicas s\u00e3o apropriadas n\u00e3o apenas para codifica\u00e7\u00e3o de voz, mas tamb\u00e9m para a digitaliza\u00e7\u00e3o de qualquer sinal anal\u00f3gico. Um m\u00e9todo chamado modula\u00e7\u00e3o de c\u00f3digo de pulso diferencial (differential pulse\u2026","rel":"","context":"Post similar","block_context":{"text":"Post similar","link":""},"img":{"alt_text":"Slide5","src":"https:\/\/i0.wp.com\/efagundes.com\/networking\/wp-content\/uploads\/sites\/5\/2015\/03\/Slide55.jpg?resize=350%2C200","width":350,"height":200,"srcset":"https:\/\/i0.wp.com\/efagundes.com\/networking\/wp-content\/uploads\/sites\/5\/2015\/03\/Slide55.jpg?resize=350%2C200 1x, https:\/\/i0.wp.com\/efagundes.com\/networking\/wp-content\/uploads\/sites\/5\/2015\/03\/Slide55.jpg?resize=525%2C300 1.5x, https:\/\/i0.wp.com\/efagundes.com\/networking\/wp-content\/uploads\/sites\/5\/2015\/03\/Slide55.jpg?resize=700%2C400 2x"},"classes":[]},{"id":345,"url":"https:\/\/efagundes.com\/networking\/transmissao-sem-fio\/radio-digital\/","url_meta":{"origin":414,"position":4},"title":"R\u00e1dio Digital","author":"Eduardo Fagundes","date":"16\/11\/2012","format":false,"excerpt":"\u00a0 Usa ondas eletromagn\u00e9ticas (r\u00e1dio ou infravermelho) para transmitir informa\u00e7\u00e3o de um ponto a outro, sem necessitar de alguma uma conex\u00e3o f\u00edsica. Ondas de r\u00e1dio s\u00e3o geralmente referidas como portadoras de r\u00e1dio porque simplesmente fazem a fun\u00e7\u00e3o de entregar energia para um receptor remoto. O dado a ser transmitido \u00e9\u2026","rel":"","context":"Post similar","block_context":{"text":"Post similar","link":""},"img":{"alt_text":"Slide9","src":"https:\/\/i0.wp.com\/efagundes.com\/networking\/wp-content\/uploads\/sites\/5\/2015\/03\/Slide93.jpg?resize=350%2C200","width":350,"height":200,"srcset":"https:\/\/i0.wp.com\/efagundes.com\/networking\/wp-content\/uploads\/sites\/5\/2015\/03\/Slide93.jpg?resize=350%2C200 1x, https:\/\/i0.wp.com\/efagundes.com\/networking\/wp-content\/uploads\/sites\/5\/2015\/03\/Slide93.jpg?resize=525%2C300 1.5x, https:\/\/i0.wp.com\/efagundes.com\/networking\/wp-content\/uploads\/sites\/5\/2015\/03\/Slide93.jpg?resize=700%2C400 2x"},"classes":[]},{"id":426,"url":"https:\/\/efagundes.com\/networking\/sistema-telefonico\/tipos-de-modulacao-v\/","url_meta":{"origin":414,"position":5},"title":"Tipos de modula\u00e7\u00e3o (V)","author":"Eduardo Fagundes","date":"17\/11\/2012","format":false,"excerpt":"\u00a0 Com muitos pontos no padr\u00e3o de constela\u00e7\u00e3o, at\u00e9 mesmo uma pequena quantidade de ru\u00eddo na amplitude ou fase detectada pode resultar em um erro e, potencialmente, em muitos bits incorretos. Para reduzir a chance de ocorr\u00eancia de erros s\u00e3o adicionados bits extras a cada amostra. Os esquemas s\u00e3o conhecidos\u2026","rel":"","context":"Post similar","block_context":{"text":"Post similar","link":""},"img":{"alt_text":"Slide16","src":"https:\/\/i0.wp.com\/efagundes.com\/networking\/wp-content\/uploads\/sites\/5\/2015\/03\/Slide163.jpg?resize=350%2C200","width":350,"height":200,"srcset":"https:\/\/i0.wp.com\/efagundes.com\/networking\/wp-content\/uploads\/sites\/5\/2015\/03\/Slide163.jpg?resize=350%2C200 1x, https:\/\/i0.wp.com\/efagundes.com\/networking\/wp-content\/uploads\/sites\/5\/2015\/03\/Slide163.jpg?resize=525%2C300 1.5x, https:\/\/i0.wp.com\/efagundes.com\/networking\/wp-content\/uploads\/sites\/5\/2015\/03\/Slide163.jpg?resize=700%2C400 2x"},"classes":[]}],"jetpack_sharing_enabled":true,"_links":{"self":[{"href":"https:\/\/efagundes.com\/networking\/wp-json\/wp\/v2\/pages\/414","targetHints":{"allow":["GET"]}}],"collection":[{"href":"https:\/\/efagundes.com\/networking\/wp-json\/wp\/v2\/pages"}],"about":[{"href":"https:\/\/efagundes.com\/networking\/wp-json\/wp\/v2\/types\/page"}],"author":[{"embeddable":true,"href":"https:\/\/efagundes.com\/networking\/wp-json\/wp\/v2\/users\/1"}],"replies":[{"embeddable":true,"href":"https:\/\/efagundes.com\/networking\/wp-json\/wp\/v2\/comments?post=414"}],"version-history":[{"count":0,"href":"https:\/\/efagundes.com\/networking\/wp-json\/wp\/v2\/pages\/414\/revisions"}],"up":[{"embeddable":true,"href":"https:\/\/efagundes.com\/networking\/wp-json\/wp\/v2\/pages\/394"}],"wp:attachment":[{"href":"https:\/\/efagundes.com\/networking\/wp-json\/wp\/v2\/media?parent=414"}],"curies":[{"name":"wp","href":"https:\/\/api.w.org\/{rel}","templated":true}]}}