{"id":420,"date":"2012-11-17T10:31:59","date_gmt":"2012-11-17T12:31:59","guid":{"rendered":"http:\/\/efagundes.com\/openclass_networking\/?page_id=420"},"modified":"2022-01-16T17:51:05","modified_gmt":"2022-01-16T20:51:05","slug":"tipos-de-modulacao-ii","status":"publish","type":"page","link":"https:\/\/efagundes.com\/networking\/sistema-telefonico\/tipos-de-modulacao-ii\/","title":{"rendered":"Tipos de modula\u00e7\u00e3o (II)"},"content":{"rendered":"<p><a href=\"https:\/\/i0.wp.com\/efagundes.com\/networking\/wp-content\/uploads\/sites\/5\/2015\/03\/Slide134.jpg\"><img data-recalc-dims=\"1\" loading=\"lazy\" decoding=\"async\" data-attachment-id=\"2463\" data-permalink=\"https:\/\/efagundes.com\/networking\/sistema-telefonico\/tipos-de-modulacao-ii\/slide13-5\/\" data-orig-file=\"https:\/\/i0.wp.com\/efagundes.com\/networking\/wp-content\/uploads\/sites\/5\/2015\/03\/Slide134.jpg?fit=960%2C720&amp;ssl=1\" data-orig-size=\"960,720\" data-comments-opened=\"1\" data-image-meta=\"{&quot;aperture&quot;:&quot;0&quot;,&quot;credit&quot;:&quot;&quot;,&quot;camera&quot;:&quot;&quot;,&quot;caption&quot;:&quot;&quot;,&quot;created_timestamp&quot;:&quot;0&quot;,&quot;copyright&quot;:&quot;&quot;,&quot;focal_length&quot;:&quot;0&quot;,&quot;iso&quot;:&quot;0&quot;,&quot;shutter_speed&quot;:&quot;0&quot;,&quot;title&quot;:&quot;&quot;,&quot;orientation&quot;:&quot;0&quot;}\" data-image-title=\"Slide13\" data-image-description=\"\" data-image-caption=\"\" data-large-file=\"https:\/\/i0.wp.com\/efagundes.com\/networking\/wp-content\/uploads\/sites\/5\/2015\/03\/Slide134.jpg?fit=960%2C720&amp;ssl=1\" class=\"alignnone size-full wp-image-2463\" src=\"https:\/\/i0.wp.com\/efagundes.com\/networking\/wp-content\/uploads\/sites\/5\/2015\/03\/Slide134.jpg?resize=960%2C720\" alt=\"Slide13\" width=\"960\" height=\"720\" srcset=\"https:\/\/i0.wp.com\/efagundes.com\/networking\/wp-content\/uploads\/sites\/5\/2015\/03\/Slide134.jpg?w=960&amp;ssl=1 960w, https:\/\/i0.wp.com\/efagundes.com\/networking\/wp-content\/uploads\/sites\/5\/2015\/03\/Slide134.jpg?resize=300%2C225&amp;ssl=1 300w\" sizes=\"auto, (max-width: 960px) 100vw, 960px\" \/><\/a>Um baud \u00e9 um sinal ou onda el\u00e9trica anal\u00f3gica. Um ciclo de uma onda anal\u00f3gica \u00e9 igual a um baud. Um ciclo completo inicia na voltagem zero, vai at\u00e9 a mais alta voltagem e desce at\u00e9 a voltagem negativa mais baixa e volta para a voltagem zero. Uma linha de 1200 bauds significa que a onda anal\u00f3gica completa 1200 ciclos em um segundo. Uma linha de 2400 bauds completa 2400 ciclos de onda em um segundo. O termo taxa de transmiss\u00e3o de dados (baud rate) refere-se somente a sinais el\u00e9tricos anal\u00f3gicos. Ele n\u00e3o indica a quantidade de informa\u00e7\u00f5es enviada nessas ondas.<\/p>\n<p>A rede comutada p\u00fablica opera em 2400 bauds. Se a rede p\u00fablica pudesse transportar somente 2400 bits em um segundo, os usu\u00e1rios de comunica\u00e7\u00f5es de dados teriam poucas oportunidades de utilizar a rede para troca de informa\u00e7\u00f5es. Para alcan\u00e7ar maiores capacidades, os fabricantes de modems desenvolveram t\u00e9cnicas capazes de transmitir mais de um bit para cada onda ou baud anal\u00f3gico. Portanto, um modem de 9600 bits\/s permite a cada onda anal\u00f3gica transportar quatro bits de dados por onda (9600 \u00f7 2400 = 4). \u00c9 correto declarar que o modem de 9600 bps roda em 2400 bauds. Um modem de 28.800 bits\/s coloca doze bits de dados sobre cada sinal ou onda el\u00e9trica. Ainda utiliza um linha de 2400 bauds.<\/p>\n<p>&nbsp;<\/p>\n","protected":false},"excerpt":{"rendered":"<p>Um baud \u00e9 um sinal ou onda el\u00e9trica anal\u00f3gica. Um ciclo de uma onda anal\u00f3gica \u00e9 igual a um baud. Um ciclo completo inicia na voltagem zero, vai at\u00e9 a mais alta voltagem e desce at\u00e9 a voltagem negativa mais baixa e volta para a voltagem zero. Uma linha de 1200 bauds significa que a [&hellip;]<\/p>\n","protected":false},"author":1,"featured_media":0,"parent":394,"menu_order":15,"comment_status":"closed","ping_status":"closed","template":"","meta":{"footnotes":""},"class_list":["post-420","page","type-page","status-publish","hentry"],"jetpack_shortlink":"https:\/\/wp.me\/P8yKGp-6M","jetpack-related-posts":[{"id":418,"url":"https:\/\/efagundes.com\/networking\/sistema-telefonico\/tipos-de-modulacao-i\/","url_meta":{"origin":420,"position":0},"title":"Tipos de modula\u00e7\u00e3o (I)","author":"Eduardo Fagundes","date":"17\/11\/2012","format":false,"excerpt":"\u00a0 Para facilitar a transmiss\u00e3o do sinal atrav\u00e9s dos meios f\u00edsicos e adequar as frequ\u00eancias aos sistemas de comunica\u00e7\u00e3o se utiliza o que chamamos de onda portadora, sobre a qual \u00e9 transmitido o sinal com a informa\u00e7\u00e3o. A onda portadora \u00e9 um sinal senoidal caracterizado por tr\u00eas vari\u00e1veis: amplitude, freq\u00fc\u00eancia\u2026","rel":"","context":"Post similar","block_context":{"text":"Post similar","link":""},"img":{"alt_text":"Slide12","src":"https:\/\/i0.wp.com\/efagundes.com\/networking\/wp-content\/uploads\/sites\/5\/2015\/03\/Slide124.jpg?resize=350%2C200","width":350,"height":200,"srcset":"https:\/\/i0.wp.com\/efagundes.com\/networking\/wp-content\/uploads\/sites\/5\/2015\/03\/Slide124.jpg?resize=350%2C200 1x, https:\/\/i0.wp.com\/efagundes.com\/networking\/wp-content\/uploads\/sites\/5\/2015\/03\/Slide124.jpg?resize=525%2C300 1.5x, https:\/\/i0.wp.com\/efagundes.com\/networking\/wp-content\/uploads\/sites\/5\/2015\/03\/Slide124.jpg?resize=700%2C400 2x"},"classes":[]},{"id":414,"url":"https:\/\/efagundes.com\/networking\/sistema-telefonico\/modulacao-digital\/","url_meta":{"origin":420,"position":1},"title":"Modula\u00e7\u00e3o digital","author":"Eduardo Fagundes","date":"17\/11\/2012","format":false,"excerpt":"O sinal (bit) pode ser enviado basicamente de duas formas: digital e anal\u00f3gica. Para cada caso existem t\u00e9cnicas particulares a serem empregadas. A modula\u00e7\u00e3o constitui-se na t\u00e9cnica empregada para modificar um sinal com a finalidade de transportar uma informa\u00e7\u00e3o atrav\u00e9s do canal de comunica\u00e7\u00e3o e recuperar o sinal, na sua\u2026","rel":"","context":"Post similar","block_context":{"text":"Post similar","link":""},"img":{"alt_text":"Slide11","src":"https:\/\/i0.wp.com\/efagundes.com\/networking\/wp-content\/uploads\/sites\/5\/2015\/03\/Slide117.jpg?resize=350%2C200","width":350,"height":200,"srcset":"https:\/\/i0.wp.com\/efagundes.com\/networking\/wp-content\/uploads\/sites\/5\/2015\/03\/Slide117.jpg?resize=350%2C200 1x, https:\/\/i0.wp.com\/efagundes.com\/networking\/wp-content\/uploads\/sites\/5\/2015\/03\/Slide117.jpg?resize=525%2C300 1.5x, https:\/\/i0.wp.com\/efagundes.com\/networking\/wp-content\/uploads\/sites\/5\/2015\/03\/Slide117.jpg?resize=700%2C400 2x"},"classes":[]},{"id":422,"url":"https:\/\/efagundes.com\/networking\/sistema-telefonico\/tipos-de-modulacao-iii\/","url_meta":{"origin":420,"position":2},"title":"Tipos de modula\u00e7\u00e3o (III)","author":"Eduardo Fagundes","date":"17\/11\/2012","format":false,"excerpt":"Os conceitos de largura de banda, baud, s\u00edmbolo e taxa de bits costuma ser confundidos: Largura de banda de um meio \u00e9 a faixa de freq\u00fc\u00eancias que passam por ele com atenua\u00e7\u00e3o m\u00ednima. \u00c9 uma propriedade f\u00edsica do meio (normalmente, variando de 0 at\u00e9 alguma freq\u00fc\u00eancia m\u00e1xima definida pelo meio)\u2026","rel":"","context":"Post similar","block_context":{"text":"Post similar","link":""},"img":{"alt_text":"Slide14","src":"https:\/\/i0.wp.com\/efagundes.com\/networking\/wp-content\/uploads\/sites\/5\/2015\/03\/Slide144.jpg?resize=350%2C200","width":350,"height":200,"srcset":"https:\/\/i0.wp.com\/efagundes.com\/networking\/wp-content\/uploads\/sites\/5\/2015\/03\/Slide144.jpg?resize=350%2C200 1x, https:\/\/i0.wp.com\/efagundes.com\/networking\/wp-content\/uploads\/sites\/5\/2015\/03\/Slide144.jpg?resize=525%2C300 1.5x, https:\/\/i0.wp.com\/efagundes.com\/networking\/wp-content\/uploads\/sites\/5\/2015\/03\/Slide144.jpg?resize=700%2C400 2x"},"classes":[]},{"id":424,"url":"https:\/\/efagundes.com\/networking\/sistema-telefonico\/tipos-de-modulacao-iv\/","url_meta":{"origin":420,"position":3},"title":"Tipos de modula\u00e7\u00e3o (IV)","author":"Eduardo Fagundes","date":"17\/11\/2012","format":false,"excerpt":"\u00a0 Todos os modems avan\u00e7ados utilizam uma combina\u00e7\u00e3o de t\u00e9cnicas de modula\u00e7\u00e3o para transmitir v\u00e1rios bits por baud. Com freq\u00fc\u00eancia, v\u00e1rias amplitudes e v\u00e1rios deslocamento de fase s\u00e3o combinados para transmitir diversos bits\/s\u00edmbolos. A figura (a) mostra os pontos 45, 135, 225 e 315 graus com amplitude constante (dist\u00e2ncia a\u2026","rel":"","context":"Post similar","block_context":{"text":"Post similar","link":""},"img":{"alt_text":"Slide15","src":"https:\/\/i0.wp.com\/efagundes.com\/networking\/wp-content\/uploads\/sites\/5\/2015\/03\/Slide153.jpg?resize=350%2C200","width":350,"height":200,"srcset":"https:\/\/i0.wp.com\/efagundes.com\/networking\/wp-content\/uploads\/sites\/5\/2015\/03\/Slide153.jpg?resize=350%2C200 1x, https:\/\/i0.wp.com\/efagundes.com\/networking\/wp-content\/uploads\/sites\/5\/2015\/03\/Slide153.jpg?resize=525%2C300 1.5x, https:\/\/i0.wp.com\/efagundes.com\/networking\/wp-content\/uploads\/sites\/5\/2015\/03\/Slide153.jpg?resize=700%2C400 2x"},"classes":[]},{"id":426,"url":"https:\/\/efagundes.com\/networking\/sistema-telefonico\/tipos-de-modulacao-v\/","url_meta":{"origin":420,"position":4},"title":"Tipos de modula\u00e7\u00e3o (V)","author":"Eduardo Fagundes","date":"17\/11\/2012","format":false,"excerpt":"\u00a0 Com muitos pontos no padr\u00e3o de constela\u00e7\u00e3o, at\u00e9 mesmo uma pequena quantidade de ru\u00eddo na amplitude ou fase detectada pode resultar em um erro e, potencialmente, em muitos bits incorretos. Para reduzir a chance de ocorr\u00eancia de erros s\u00e3o adicionados bits extras a cada amostra. Os esquemas s\u00e3o conhecidos\u2026","rel":"","context":"Post similar","block_context":{"text":"Post similar","link":""},"img":{"alt_text":"Slide16","src":"https:\/\/i0.wp.com\/efagundes.com\/networking\/wp-content\/uploads\/sites\/5\/2015\/03\/Slide163.jpg?resize=350%2C200","width":350,"height":200,"srcset":"https:\/\/i0.wp.com\/efagundes.com\/networking\/wp-content\/uploads\/sites\/5\/2015\/03\/Slide163.jpg?resize=350%2C200 1x, https:\/\/i0.wp.com\/efagundes.com\/networking\/wp-content\/uploads\/sites\/5\/2015\/03\/Slide163.jpg?resize=525%2C300 1.5x, https:\/\/i0.wp.com\/efagundes.com\/networking\/wp-content\/uploads\/sites\/5\/2015\/03\/Slide163.jpg?resize=700%2C400 2x"},"classes":[]},{"id":482,"url":"https:\/\/efagundes.com\/networking\/multiplexacao-2\/multiplexacao-por-divisao-de-comprimento-de-onda\/","url_meta":{"origin":420,"position":5},"title":"Multiplexa\u00e7\u00e3o por divis\u00e3o de comprimento de onda","author":"Eduardo Fagundes","date":"17\/11\/2012","format":false,"excerpt":"(Wavelength Division Multiplexing) \u00e9 uma tecnologia que usa m\u00faltiplos lasers e transmite v\u00e1rios comprimentos de onda de luz (lambdas) simultaneamente em cima de uma \u00fanica fibra \u00f3ptica. Cada sinal viaja dentro de uma \u00fanica faixa de cor que \u00e9 modulada pelos dados (texto, voz, v\u00eddeo, etc.). WDM aumentou a capacidade\u2026","rel":"","context":"Post similar","block_context":{"text":"Post similar","link":""},"img":{"alt_text":"Slide3","src":"https:\/\/i0.wp.com\/efagundes.com\/networking\/wp-content\/uploads\/sites\/5\/2015\/03\/Slide39.jpg?resize=350%2C200","width":350,"height":200,"srcset":"https:\/\/i0.wp.com\/efagundes.com\/networking\/wp-content\/uploads\/sites\/5\/2015\/03\/Slide39.jpg?resize=350%2C200 1x, https:\/\/i0.wp.com\/efagundes.com\/networking\/wp-content\/uploads\/sites\/5\/2015\/03\/Slide39.jpg?resize=525%2C300 1.5x, https:\/\/i0.wp.com\/efagundes.com\/networking\/wp-content\/uploads\/sites\/5\/2015\/03\/Slide39.jpg?resize=700%2C400 2x"},"classes":[]}],"jetpack_sharing_enabled":true,"_links":{"self":[{"href":"https:\/\/efagundes.com\/networking\/wp-json\/wp\/v2\/pages\/420","targetHints":{"allow":["GET"]}}],"collection":[{"href":"https:\/\/efagundes.com\/networking\/wp-json\/wp\/v2\/pages"}],"about":[{"href":"https:\/\/efagundes.com\/networking\/wp-json\/wp\/v2\/types\/page"}],"author":[{"embeddable":true,"href":"https:\/\/efagundes.com\/networking\/wp-json\/wp\/v2\/users\/1"}],"replies":[{"embeddable":true,"href":"https:\/\/efagundes.com\/networking\/wp-json\/wp\/v2\/comments?post=420"}],"version-history":[{"count":0,"href":"https:\/\/efagundes.com\/networking\/wp-json\/wp\/v2\/pages\/420\/revisions"}],"up":[{"embeddable":true,"href":"https:\/\/efagundes.com\/networking\/wp-json\/wp\/v2\/pages\/394"}],"wp:attachment":[{"href":"https:\/\/efagundes.com\/networking\/wp-json\/wp\/v2\/media?parent=420"}],"curies":[{"name":"wp","href":"https:\/\/api.w.org\/{rel}","templated":true}]}}