{"id":434,"date":"2012-11-17T10:41:51","date_gmt":"2012-11-17T12:41:51","guid":{"rendered":"http:\/\/efagundes.com\/openclass_networking\/?page_id=434"},"modified":"2022-01-16T17:51:06","modified_gmt":"2022-01-16T20:51:06","slug":"wll-wire-local-loop","status":"publish","type":"page","link":"https:\/\/efagundes.com\/networking\/sistema-telefonico\/wll-wire-local-loop\/","title":{"rendered":"WLL Wire Local Loop"},"content":{"rendered":"<p>&nbsp;<\/p>\n<p><a href=\"https:\/\/i0.wp.com\/efagundes.com\/networking\/wp-content\/uploads\/sites\/5\/2015\/03\/Slide203.jpg\"><img data-recalc-dims=\"1\" loading=\"lazy\" decoding=\"async\" data-attachment-id=\"2470\" data-permalink=\"https:\/\/efagundes.com\/networking\/sistema-telefonico\/wll-wire-local-loop\/slide20-4\/\" data-orig-file=\"https:\/\/i0.wp.com\/efagundes.com\/networking\/wp-content\/uploads\/sites\/5\/2015\/03\/Slide203.jpg?fit=960%2C720&amp;ssl=1\" data-orig-size=\"960,720\" data-comments-opened=\"1\" data-image-meta=\"{&quot;aperture&quot;:&quot;0&quot;,&quot;credit&quot;:&quot;&quot;,&quot;camera&quot;:&quot;&quot;,&quot;caption&quot;:&quot;&quot;,&quot;created_timestamp&quot;:&quot;0&quot;,&quot;copyright&quot;:&quot;&quot;,&quot;focal_length&quot;:&quot;0&quot;,&quot;iso&quot;:&quot;0&quot;,&quot;shutter_speed&quot;:&quot;0&quot;,&quot;title&quot;:&quot;&quot;,&quot;orientation&quot;:&quot;0&quot;}\" data-image-title=\"Slide20\" data-image-description=\"\" data-image-caption=\"\" data-large-file=\"https:\/\/i0.wp.com\/efagundes.com\/networking\/wp-content\/uploads\/sites\/5\/2015\/03\/Slide203.jpg?fit=960%2C720&amp;ssl=1\" class=\"alignnone size-full wp-image-2470\" src=\"https:\/\/i0.wp.com\/efagundes.com\/networking\/wp-content\/uploads\/sites\/5\/2015\/03\/Slide203.jpg?resize=960%2C720\" alt=\"Slide20\" width=\"960\" height=\"720\" srcset=\"https:\/\/i0.wp.com\/efagundes.com\/networking\/wp-content\/uploads\/sites\/5\/2015\/03\/Slide203.jpg?w=960&amp;ssl=1 960w, https:\/\/i0.wp.com\/efagundes.com\/networking\/wp-content\/uploads\/sites\/5\/2015\/03\/Slide203.jpg?resize=300%2C225&amp;ssl=1 300w\" sizes=\"auto, (max-width: 960px) 100vw, 960px\" \/><\/a>A tecnologia WLL substitui, no todo ou em parte, os pares de cabos telef\u00f4nicos utilizados na conex\u00e3o do telefone do assinante at\u00e9 a central telef\u00f4nica. \u00c9 baseada em um terminal fixo que se comunica, via ondas de r\u00e1dio, com a central de telefonia p\u00fablica e que busca n\u00e3o utilizar a rede f\u00edsica externa (rede de cabos) para prover os mesmos servi\u00e7os da rede convencional (voz, fax, dados, etc).<\/p>\n<p>A base desse sistema \u00e9 uma central concentradora que recebe os sinais das diversas Esta\u00e7\u00f5es Radio Base (ERB\u2019s) e transfere essas informa\u00e7\u00f5es para a central telef\u00f4nica WLL. Este equipamento, que recebe denomina\u00e7\u00f5es variadas em cada sistema propriet\u00e1rio, localiza-se perto ou dentro da pr\u00f3pria central telef\u00f4nica ou ainda, est\u00e1 conectada \u00e0 central p\u00fablica atrav\u00e9s de sistemas de microondas ou fibra \u00f3ptica.<\/p>\n<p>A conex\u00e3o wireless do sistema ocorre entre o concentrador (central WLL) e os assinantes individuais, que possuem, cada um deles, um circuito transceptor (transmissor + receptor) que permite que um telefone comum seja conectado ao equipamento.<\/p>\n<p>A t\u00e9cnica empregada no WLL \u00e9 uma extens\u00e3o de aplica\u00e7\u00e3o de t\u00e9cnica celular utilizada para sistemas m\u00f3veis no atendimento aos terminais fixos. Os blocos de equipamento do WLL s\u00e3o, em principio, os mesmos do sistema m\u00f3vel celular, sendo que a principal diferencia\u00e7\u00e3o est\u00e1 no terminal do assinante que passou a ser fixo e alimentado por energia AC.<\/p>\n<p>A arquitetura de um sistema concebido especificamente para WLL apresenta tr\u00eas partes: Controladora de R\u00e1dio Base (que \u00e9 tamb\u00e9m a interface com a central comutadora), a Esta\u00e7\u00e3o R\u00e1dio Base (ERB) e os terminais de assinante (ETA).<\/p>\n<p>O sistema WLL tem a sua principal utiliza\u00e7\u00e3o nos sinais de r\u00e1dio freq\u00fc\u00eancia entre ERB\u2019s (Esta\u00e7\u00e3o R\u00e1dio Base) e ETA\u2019s (Esta\u00e7\u00e3o Terminal de Assinante). A tecnologia utilizada garante a transmiss\u00e3o de dados t\u00edpica de 9,6Kbps at\u00e9 144Kbps permitindo a oferta da RDSI-FE (Rede Digital de Servi\u00e7os Integrados &#8211; Faixa Estreita) e servi\u00e7os ADSL.<\/p>\n<p>&nbsp;<\/p>\n","protected":false},"excerpt":{"rendered":"<p>&nbsp; A tecnologia WLL substitui, no todo ou em parte, os pares de cabos telef\u00f4nicos utilizados na conex\u00e3o do telefone do assinante at\u00e9 a central telef\u00f4nica. \u00c9 baseada em um terminal fixo que se comunica, via ondas de r\u00e1dio, com a central de telefonia p\u00fablica e que busca n\u00e3o utilizar a rede f\u00edsica externa (rede [&hellip;]<\/p>\n","protected":false},"author":1,"featured_media":0,"parent":394,"menu_order":22,"comment_status":"closed","ping_status":"open","template":"","meta":{"footnotes":""},"class_list":["post-434","page","type-page","status-publish","hentry"],"jetpack_shortlink":"https:\/\/wp.me\/P8yKGp-70","jetpack-related-posts":[{"id":73,"url":"https:\/\/efagundes.com\/networking\/hardware-de-rede\/internet-em-cabo-coaxial\/","url_meta":{"origin":434,"position":0},"title":"Internet em cabo coaxial","author":"Eduardo Fagundes","date":"16\/11\/2012","format":false,"excerpt":"O cabo coaxial consiste em um fio de cobre esticado na parte central envolvido por material isolante. O isolante \u00e9 envolvido por uma malha condutora cil\u00edndrica entrela\u00e7ada. O condutor externo \u00e9 coberto por uma camada pl\u00e1stica protetora. A constru\u00e7\u00e3o e a blindagem do cabo oferecem uma boa combina\u00e7\u00e3o de alta\u2026","rel":"","context":"Post similar","block_context":{"text":"Post similar","link":""},"img":{"alt_text":"Slide11","src":"https:\/\/i0.wp.com\/efagundes.com\/networking\/wp-content\/uploads\/sites\/5\/2015\/03\/Slide11.jpg?resize=350%2C200","width":350,"height":200,"srcset":"https:\/\/i0.wp.com\/efagundes.com\/networking\/wp-content\/uploads\/sites\/5\/2015\/03\/Slide11.jpg?resize=350%2C200 1x, https:\/\/i0.wp.com\/efagundes.com\/networking\/wp-content\/uploads\/sites\/5\/2015\/03\/Slide11.jpg?resize=525%2C300 1.5x, https:\/\/i0.wp.com\/efagundes.com\/networking\/wp-content\/uploads\/sites\/5\/2015\/03\/Slide11.jpg?resize=700%2C400 2x"},"classes":[]},{"id":75,"url":"https:\/\/efagundes.com\/networking\/hardware-de-rede\/ethernet-em-par-trancado\/","url_meta":{"origin":434,"position":1},"title":"Ethernet em par-tran\u00e7ado","author":"Eduardo Fagundes","date":"16\/11\/2012","format":false,"excerpt":"O cabo de par tran\u00e7ado \u00e9 composto por pares de fios, sendo que cada par \u00e9 isolado do outro e todos s\u00e3o tran\u00e7ados juntos dentro de uma cobertura externa. N\u00e3o h\u00e1 uma blindagem f\u00edsica na cabo UTP; ele obt\u00e9m sua prote\u00e7\u00e3o pelo efeito de cancelamento m\u00fatuo dos campos eletromagn\u00e9ticos devido\u2026","rel":"","context":"Post similar","block_context":{"text":"Post similar","link":""},"img":{"alt_text":"Slide12","src":"https:\/\/i0.wp.com\/efagundes.com\/networking\/wp-content\/uploads\/sites\/5\/2015\/03\/Slide12.jpg?resize=350%2C200","width":350,"height":200,"srcset":"https:\/\/i0.wp.com\/efagundes.com\/networking\/wp-content\/uploads\/sites\/5\/2015\/03\/Slide12.jpg?resize=350%2C200 1x, https:\/\/i0.wp.com\/efagundes.com\/networking\/wp-content\/uploads\/sites\/5\/2015\/03\/Slide12.jpg?resize=525%2C300 1.5x, https:\/\/i0.wp.com\/efagundes.com\/networking\/wp-content\/uploads\/sites\/5\/2015\/03\/Slide12.jpg?resize=700%2C400 2x"},"classes":[]},{"id":88,"url":"https:\/\/efagundes.com\/networking\/hardware-de-rede\/wireless-lan\/","url_meta":{"origin":434,"position":2},"title":"Wireless LAN","author":"Eduardo Fagundes","date":"16\/11\/2012","format":false,"excerpt":"Antes de 1998, instalar uma rede sem fio significava uso de uma ou mais solu\u00e7\u00f5es propriet\u00e1rias. As conex\u00f5es eram feitas atrav\u00e9s de redes pouco confi\u00e1veis, com baixas taxas de transmiss\u00e3o e a com um m\u00ednimo de seguran\u00e7a. O resultado do esfor\u00e7o de padroniza\u00e7\u00e3o levou a cria\u00e7\u00e3o dos padr\u00f5es HiperLAN\/2, IEEE\u2026","rel":"","context":"Post similar","block_context":{"text":"Post similar","link":""},"img":{"alt_text":"Slide20","src":"https:\/\/i0.wp.com\/efagundes.com\/networking\/wp-content\/uploads\/sites\/5\/2015\/03\/Slide20.jpg?resize=350%2C200","width":350,"height":200,"srcset":"https:\/\/i0.wp.com\/efagundes.com\/networking\/wp-content\/uploads\/sites\/5\/2015\/03\/Slide20.jpg?resize=350%2C200 1x, https:\/\/i0.wp.com\/efagundes.com\/networking\/wp-content\/uploads\/sites\/5\/2015\/03\/Slide20.jpg?resize=525%2C300 1.5x, https:\/\/i0.wp.com\/efagundes.com\/networking\/wp-content\/uploads\/sites\/5\/2015\/03\/Slide20.jpg?resize=700%2C400 2x"},"classes":[]},{"id":304,"url":"https:\/\/efagundes.com\/networking\/fibra-optica-2\/cabos-submarinos-no-brasil\/","url_meta":{"origin":434,"position":3},"title":"Cabos submarinos no Brasil","author":"Eduardo Fagundes","date":"16\/11\/2012","format":false,"excerpt":"\u00a0 AMERICAS II \u2014 O cabo submarino Am\u00e9ricas II entrou em opera\u00e7\u00e3o em setembro de 2000, interligando o Brasil (Fortaleza) aos Estados Unidos. Com 9.000km de extens\u00e3o, quatro pares de fibras \u00f3ticas e capacidade de transmiss\u00e3o de 80 Gbps, o Am\u00e9ricas II interliga o Brasil, a Guiana Francesa, Trinidad e\u2026","rel":"","context":"Post similar","block_context":{"text":"Post similar","link":""},"img":{"alt_text":"Slide32","src":"https:\/\/i0.wp.com\/efagundes.com\/networking\/wp-content\/uploads\/sites\/5\/2015\/03\/Slide321.jpg?resize=350%2C200","width":350,"height":200,"srcset":"https:\/\/i0.wp.com\/efagundes.com\/networking\/wp-content\/uploads\/sites\/5\/2015\/03\/Slide321.jpg?resize=350%2C200 1x, https:\/\/i0.wp.com\/efagundes.com\/networking\/wp-content\/uploads\/sites\/5\/2015\/03\/Slide321.jpg?resize=525%2C300 1.5x, https:\/\/i0.wp.com\/efagundes.com\/networking\/wp-content\/uploads\/sites\/5\/2015\/03\/Slide321.jpg?resize=700%2C400 2x"},"classes":[]},{"id":404,"url":"https:\/\/efagundes.com\/networking\/sistema-telefonico\/estrutura-do-sistema-telefonico-i\/","url_meta":{"origin":434,"position":4},"title":"Estrutura do sistema telef\u00f4nico (I)","author":"Eduardo Fagundes","date":"17\/11\/2012","format":false,"excerpt":"\u00a0 Quando Alexander Graham Bell patenteou o telefone em 1876 existia uma grande demanda por novas inven\u00e7\u00f5es. Inicialmente, os telefones eram comercializados aos pares, ou seja, o cliente comprava um par de telefones e tamb\u00e9m o cabo para conecta-los. Utilizava-se apenas um fio e o retorno dos el\u00e9trons era feito\u2026","rel":"","context":"Post similar","block_context":{"text":"Post similar","link":""},"img":{"alt_text":"Slide6","src":"https:\/\/i0.wp.com\/efagundes.com\/networking\/wp-content\/uploads\/sites\/5\/2015\/03\/Slide64.jpg?resize=350%2C200","width":350,"height":200,"srcset":"https:\/\/i0.wp.com\/efagundes.com\/networking\/wp-content\/uploads\/sites\/5\/2015\/03\/Slide64.jpg?resize=350%2C200 1x, https:\/\/i0.wp.com\/efagundes.com\/networking\/wp-content\/uploads\/sites\/5\/2015\/03\/Slide64.jpg?resize=525%2C300 1.5x, https:\/\/i0.wp.com\/efagundes.com\/networking\/wp-content\/uploads\/sites\/5\/2015\/03\/Slide64.jpg?resize=700%2C400 2x"},"classes":[]},{"id":454,"url":"https:\/\/efagundes.com\/networking\/sistema-de-telefonia-movel\/edge\/","url_meta":{"origin":434,"position":5},"title":"EDGE","author":"Eduardo Fagundes","date":"17\/11\/2012","format":false,"excerpt":"O EDGE est\u00e1 relacionado ao aumento da capacidade de transmiss\u00e3o da interface a\u00e9rea no corrente padr\u00e3o GSM. A principal ideia \u00e9 adicionar novas caracter\u00edsticas na rede GSM mantendo compatibilidade com os telefones celulares GSM \/GPRS e com os equipamentos da rede (BSS, BSC, TRAU, MSC, SGSN e GGSN). Todos os\u2026","rel":"","context":"Post similar","block_context":{"text":"Post similar","link":""},"img":{"alt_text":"","src":"https:\/\/i0.wp.com\/efagundes.com\/networking\/wp-content\/uploads\/sites\/5\/2015\/03\/Slide302.jpg?resize=350%2C200","width":350,"height":200,"srcset":"https:\/\/i0.wp.com\/efagundes.com\/networking\/wp-content\/uploads\/sites\/5\/2015\/03\/Slide302.jpg?resize=350%2C200 1x, https:\/\/i0.wp.com\/efagundes.com\/networking\/wp-content\/uploads\/sites\/5\/2015\/03\/Slide302.jpg?resize=525%2C300 1.5x, https:\/\/i0.wp.com\/efagundes.com\/networking\/wp-content\/uploads\/sites\/5\/2015\/03\/Slide302.jpg?resize=700%2C400 2x"},"classes":[]}],"jetpack_sharing_enabled":true,"_links":{"self":[{"href":"https:\/\/efagundes.com\/networking\/wp-json\/wp\/v2\/pages\/434","targetHints":{"allow":["GET"]}}],"collection":[{"href":"https:\/\/efagundes.com\/networking\/wp-json\/wp\/v2\/pages"}],"about":[{"href":"https:\/\/efagundes.com\/networking\/wp-json\/wp\/v2\/types\/page"}],"author":[{"embeddable":true,"href":"https:\/\/efagundes.com\/networking\/wp-json\/wp\/v2\/users\/1"}],"replies":[{"embeddable":true,"href":"https:\/\/efagundes.com\/networking\/wp-json\/wp\/v2\/comments?post=434"}],"version-history":[{"count":0,"href":"https:\/\/efagundes.com\/networking\/wp-json\/wp\/v2\/pages\/434\/revisions"}],"up":[{"embeddable":true,"href":"https:\/\/efagundes.com\/networking\/wp-json\/wp\/v2\/pages\/394"}],"wp:attachment":[{"href":"https:\/\/efagundes.com\/networking\/wp-json\/wp\/v2\/media?parent=434"}],"curies":[{"name":"wp","href":"https:\/\/api.w.org\/{rel}","templated":true}]}}