{"id":438,"date":"2012-11-17T10:48:52","date_gmt":"2012-11-17T12:48:52","guid":{"rendered":"http:\/\/efagundes.com\/openclass_networking\/?page_id=438"},"modified":"2022-01-16T17:51:18","modified_gmt":"2022-01-16T20:51:18","slug":"sistema-de-telefonia-movel","status":"publish","type":"page","link":"https:\/\/efagundes.com\/networking\/sistema-de-telefonia-movel\/","title":{"rendered":"Sistema de telefonia m\u00f3vel"},"content":{"rendered":"<p><a href=\"https:\/\/i0.wp.com\/efagundes.com\/networking\/wp-content\/uploads\/sites\/5\/2015\/03\/Slide223.jpg\"><img data-recalc-dims=\"1\" loading=\"lazy\" decoding=\"async\" data-attachment-id=\"2472\" data-permalink=\"https:\/\/efagundes.com\/networking\/sistema-de-telefonia-movel\/slide22-4\/\" data-orig-file=\"https:\/\/i0.wp.com\/efagundes.com\/networking\/wp-content\/uploads\/sites\/5\/2015\/03\/Slide223.jpg?fit=960%2C720&amp;ssl=1\" data-orig-size=\"960,720\" data-comments-opened=\"1\" data-image-meta=\"{&quot;aperture&quot;:&quot;0&quot;,&quot;credit&quot;:&quot;&quot;,&quot;camera&quot;:&quot;&quot;,&quot;caption&quot;:&quot;&quot;,&quot;created_timestamp&quot;:&quot;0&quot;,&quot;copyright&quot;:&quot;&quot;,&quot;focal_length&quot;:&quot;0&quot;,&quot;iso&quot;:&quot;0&quot;,&quot;shutter_speed&quot;:&quot;0&quot;,&quot;title&quot;:&quot;&quot;,&quot;orientation&quot;:&quot;0&quot;}\" data-image-title=\"Slide22\" data-image-description=\"\" data-image-caption=\"\" data-large-file=\"https:\/\/i0.wp.com\/efagundes.com\/networking\/wp-content\/uploads\/sites\/5\/2015\/03\/Slide223.jpg?fit=960%2C720&amp;ssl=1\" class=\"alignnone size-full wp-image-2472\" src=\"https:\/\/i0.wp.com\/efagundes.com\/networking\/wp-content\/uploads\/sites\/5\/2015\/03\/Slide223.jpg?resize=960%2C720\" alt=\"Slide22\" width=\"960\" height=\"720\" srcset=\"https:\/\/i0.wp.com\/efagundes.com\/networking\/wp-content\/uploads\/sites\/5\/2015\/03\/Slide223.jpg?w=960&amp;ssl=1 960w, https:\/\/i0.wp.com\/efagundes.com\/networking\/wp-content\/uploads\/sites\/5\/2015\/03\/Slide223.jpg?resize=300%2C225&amp;ssl=1 300w\" sizes=\"auto, (max-width: 960px) 100vw, 960px\" \/><\/a><\/p>\n<p>Apesar da comunica\u00e7\u00e3o m\u00f3vel ser conhecida desde o come\u00e7o do s\u00e9culo XX, ela foi desenvolvida em 1947 pelo Laborat\u00f3rio Bell, dos EUA, mas somente no final da d\u00e9cada de 70 e in\u00edcio da de 80 o Jap\u00e3o e a Su\u00e9cia ativam seus servi\u00e7os com tecnologia pr\u00f3pria (78 e 81 respectivamente). E em 1983 a companhia americana AT&amp;T criou tecnologia espec\u00edfica, implantada pela primeira vez em Chicago. A telefonia celular eclodiu, portanto, na d\u00e9cada de 80; quase todos os pa\u00edses, desde ent\u00e3o, a est\u00e3o adotando. Com a incr\u00edvel expans\u00e3o do mercado, j\u00e1 se partiu para a segunda gera\u00e7\u00e3o, com a telefonia celular digital, onde o sinal de voz \u00e9 digitalizado.<\/p>\n<p>No Brasil, no in\u00edcio da d\u00e9cada de 70, foi implantado em Bras\u00edlia um servi\u00e7o anterior \u00e0 tecnologia celular, contando com apenas 150 terminais. E, em 1984, deu-se in\u00edcio \u00e0 an\u00e1lise de sistemas de tecnologia celular, sendo definido o padr\u00e3o americano, anal\u00f3gico AMPS. Como modelo a ser introduzido (foi implantado, tamb\u00e9m, em todos os outros pa\u00edses do continente americano e em alguns pa\u00edses da \u00c1sia e Austr\u00e1lia). A primeira cidade a usar o servi\u00e7o foi o Rio de Janeiro, em 1990, seguido por Bras\u00edlia. Em S\u00e3o Paulo, considerado o \u00faltimo dos grandes mercados do mundo, o servi\u00e7o m\u00f3vel celular foi inaugurado em 6 de agosto de 1993 numa \u00e1rea de concess\u00e3o que envolveu 620 munic\u00edpios, sendo 64 em sua regi\u00e3o metropolitana e 556 no Interior. A partir de 31 de janeiro de 1998, o servi\u00e7o celular passou a ser operado pela Telesp Celular S.A., na Banda A.<\/p>\n<p>No in\u00edcio, os aparelhos pesavam quase meio quilo, e os assinantes tinham que pagar uma cau\u00e7\u00e3o de US$ 20 mil para entrar no sistema. Havia aparelhos veiculares que ficavam fixos no carro e outros que podiam ser carregados. Em 1997, com a libera\u00e7\u00e3o da Banda B para empresas privadas, o sistema aumentou as \u00e1reas de abrang\u00eancia e o n\u00famero de terminais.<\/p>\n<p>No dia 29 de julho de 1998, ocorreu a maior privatiza\u00e7\u00e3o de todos os tempos, e um cons\u00f3rcio formado pela Telef\u00f3nica Internacional, a Iberdrola e a NTT Itochu comprou a Tele Sudeste Celular Participa\u00e7\u00f5es, holding que controlava a Telerj Celular e a Telest Celular.<\/p>\n<p>Atualmente, depois de v\u00e1rias aquisi\u00e7\u00f5es e fus\u00f5es, as maiores operadoras de servi\u00e7os de celulares s\u00e3o: Oi, Vivo, Claro e Tim.<\/p>\n<p><strong>T\u00f3picos do capitulo<\/strong><br \/>\n\n<!-- Page-list plugin v.5.9 wordpress.org\/plugins\/page-list\/ -->\n<ul class=\"page-list subpages-page-list \">\n<li class=\"page_item page-item-440\"><a href=\"https:\/\/efagundes.com\/networking\/sistema-de-telefonia-movel\/amps\/\">AMPS<\/a><\/li>\n<li class=\"page_item page-item-442\"><a href=\"https:\/\/efagundes.com\/networking\/sistema-de-telefonia-movel\/tdma\/\">TDMA<\/a><\/li>\n<li class=\"page_item page-item-444\"><a href=\"https:\/\/efagundes.com\/networking\/sistema-de-telefonia-movel\/gsm\/\">GSM (I)<\/a><\/li>\n<li class=\"page_item page-item-446\"><a href=\"https:\/\/efagundes.com\/networking\/sistema-de-telefonia-movel\/gsm-2\/\">GSM (II)<\/a><\/li>\n<li class=\"page_item page-item-448\"><a href=\"https:\/\/efagundes.com\/networking\/sistema-de-telefonia-movel\/cdma\/\">CDMA<\/a><\/li>\n<li class=\"page_item page-item-456\"><a href=\"https:\/\/efagundes.com\/networking\/sistema-de-telefonia-movel\/terceira-geracao-de-celulares\/\">Terceira gera\u00e7\u00e3o de celulares<\/a><\/li>\n<li class=\"page_item page-item-450\"><a href=\"https:\/\/efagundes.com\/networking\/sistema-de-telefonia-movel\/gprs\/\">GPRS<\/a><\/li>\n<li class=\"page_item page-item-454\"><a href=\"https:\/\/efagundes.com\/networking\/sistema-de-telefonia-movel\/edge\/\">EDGE<\/a><\/li>\n<li class=\"page_item page-item-452\"><a href=\"https:\/\/efagundes.com\/networking\/sistema-de-telefonia-movel\/1xev\/\">1xEV<\/a><\/li>\n<li class=\"page_item page-item-458\"><a href=\"https:\/\/efagundes.com\/networking\/sistema-de-telefonia-movel\/evolucao-da-telefonia-movel\/\">Evolu\u00e7\u00e3o da telefonia m\u00f3vel<\/a><\/li>\n<li class=\"page_item page-item-460\"><a href=\"https:\/\/efagundes.com\/networking\/sistema-de-telefonia-movel\/internet-de-3o-geracao\/\">Internet de 3\u00ba gera\u00e7\u00e3o<\/a><\/li>\n\n<\/ul><\/p>\n","protected":false},"excerpt":{"rendered":"<p>Apesar da comunica\u00e7\u00e3o m\u00f3vel ser conhecida desde o come\u00e7o do s\u00e9culo XX, ela foi desenvolvida em 1947 pelo Laborat\u00f3rio Bell, dos EUA, mas somente no final da d\u00e9cada de 70 e in\u00edcio da de 80 o Jap\u00e3o e a Su\u00e9cia ativam seus servi\u00e7os com tecnologia pr\u00f3pria (78 e 81 respectivamente). E em 1983 a companhia [&hellip;]<\/p>\n","protected":false},"author":1,"featured_media":0,"parent":0,"menu_order":20,"comment_status":"closed","ping_status":"open","template":"","meta":{"footnotes":""},"class_list":["post-438","page","type-page","status-publish","hentry"],"jetpack_shortlink":"https:\/\/wp.me\/P8yKGp-74","jetpack-related-posts":[{"id":458,"url":"https:\/\/efagundes.com\/networking\/sistema-de-telefonia-movel\/evolucao-da-telefonia-movel\/","url_meta":{"origin":438,"position":0},"title":"Evolu\u00e7\u00e3o da telefonia m\u00f3vel","author":"Eduardo Fagundes","date":"17\/11\/2012","format":false,"excerpt":"A primeira gera\u00e7\u00e3o (1G) de sistemas de comunica\u00e7\u00f5es celulares m\u00f3veis era anal\u00f3gico, como AMPS, TACS e NMT. Principalmente usado para voz, eles foram lan\u00e7ados no final dos anos 70 e inicio dos anos 80. No come\u00e7o dos anos 90, foi lan\u00e7ada a segunda gera\u00e7\u00e3o (2G) sistemas utilizando a codifica\u00e7\u00e3o digital,\u2026","rel":"","context":"Post similar","block_context":{"text":"Post similar","link":""},"img":{"alt_text":"","src":"https:\/\/i0.wp.com\/efagundes.com\/networking\/wp-content\/uploads\/sites\/5\/2015\/03\/Slide322.jpg?resize=350%2C200","width":350,"height":200,"srcset":"https:\/\/i0.wp.com\/efagundes.com\/networking\/wp-content\/uploads\/sites\/5\/2015\/03\/Slide322.jpg?resize=350%2C200 1x, https:\/\/i0.wp.com\/efagundes.com\/networking\/wp-content\/uploads\/sites\/5\/2015\/03\/Slide322.jpg?resize=525%2C300 1.5x, https:\/\/i0.wp.com\/efagundes.com\/networking\/wp-content\/uploads\/sites\/5\/2015\/03\/Slide322.jpg?resize=700%2C400 2x"},"classes":[]},{"id":444,"url":"https:\/\/efagundes.com\/networking\/sistema-de-telefonia-movel\/gsm\/","url_meta":{"origin":438,"position":1},"title":"GSM (I)","author":"Eduardo Fagundes","date":"17\/11\/2012","format":false,"excerpt":"O GSM (Global System for Mobile Communication) \u00e9 um padr\u00e3o digital de segunda gera\u00e7\u00e3o do celular desenvolvido na Europa e adotado na maior parte do mundo. Desenvolvido inicialmente para a faixa de 900 MHz, o GSM teve posteriormente uma vers\u00e3o adaptada para as faixas de 1800 e 1900 MHz. Cada\u2026","rel":"","context":"Post similar","block_context":{"text":"Post similar","link":""},"img":{"alt_text":"","src":"https:\/\/i0.wp.com\/efagundes.com\/networking\/wp-content\/uploads\/sites\/5\/2015\/03\/Slide253.jpg?resize=350%2C200","width":350,"height":200,"srcset":"https:\/\/i0.wp.com\/efagundes.com\/networking\/wp-content\/uploads\/sites\/5\/2015\/03\/Slide253.jpg?resize=350%2C200 1x, https:\/\/i0.wp.com\/efagundes.com\/networking\/wp-content\/uploads\/sites\/5\/2015\/03\/Slide253.jpg?resize=525%2C300 1.5x, https:\/\/i0.wp.com\/efagundes.com\/networking\/wp-content\/uploads\/sites\/5\/2015\/03\/Slide253.jpg?resize=700%2C400 2x"},"classes":[]},{"id":456,"url":"https:\/\/efagundes.com\/networking\/sistema-de-telefonia-movel\/terceira-geracao-de-celulares\/","url_meta":{"origin":438,"position":2},"title":"Terceira gera\u00e7\u00e3o de celulares","author":"Eduardo Fagundes","date":"17\/11\/2012","format":false,"excerpt":"O IMT-2000 \u00e9 o framework da ITU para a terceira gera\u00e7\u00e3o (3G) de telefonia sem fio mundial para transmiss\u00e3o de dados multim\u00eddia e voz. Anteriormente conhecida como 'Future Public Land Mobile Telecommunication System (FPLMTS), o IMT-2000 suporta v\u00e1rias tecnologias que aumentam taxas de transmiss\u00e3o de dados como WCDMA e CDMA2000.\u2026","rel":"","context":"Post similar","block_context":{"text":"Post similar","link":""},"img":{"alt_text":"","src":"https:\/\/i0.wp.com\/efagundes.com\/networking\/wp-content\/uploads\/sites\/5\/2015\/03\/Slide312.jpg?resize=350%2C200","width":350,"height":200,"srcset":"https:\/\/i0.wp.com\/efagundes.com\/networking\/wp-content\/uploads\/sites\/5\/2015\/03\/Slide312.jpg?resize=350%2C200 1x, https:\/\/i0.wp.com\/efagundes.com\/networking\/wp-content\/uploads\/sites\/5\/2015\/03\/Slide312.jpg?resize=525%2C300 1.5x, https:\/\/i0.wp.com\/efagundes.com\/networking\/wp-content\/uploads\/sites\/5\/2015\/03\/Slide312.jpg?resize=700%2C400 2x"},"classes":[]},{"id":434,"url":"https:\/\/efagundes.com\/networking\/sistema-telefonico\/wll-wire-local-loop\/","url_meta":{"origin":438,"position":3},"title":"WLL Wire Local Loop","author":"Eduardo Fagundes","date":"17\/11\/2012","format":false,"excerpt":"\u00a0 A tecnologia WLL substitui, no todo ou em parte, os pares de cabos telef\u00f4nicos utilizados na conex\u00e3o do telefone do assinante at\u00e9 a central telef\u00f4nica. \u00c9 baseada em um terminal fixo que se comunica, via ondas de r\u00e1dio, com a central de telefonia p\u00fablica e que busca n\u00e3o utilizar\u2026","rel":"","context":"Post similar","block_context":{"text":"Post similar","link":""},"img":{"alt_text":"Slide20","src":"https:\/\/i0.wp.com\/efagundes.com\/networking\/wp-content\/uploads\/sites\/5\/2015\/03\/Slide203.jpg?resize=350%2C200","width":350,"height":200,"srcset":"https:\/\/i0.wp.com\/efagundes.com\/networking\/wp-content\/uploads\/sites\/5\/2015\/03\/Slide203.jpg?resize=350%2C200 1x, https:\/\/i0.wp.com\/efagundes.com\/networking\/wp-content\/uploads\/sites\/5\/2015\/03\/Slide203.jpg?resize=525%2C300 1.5x, https:\/\/i0.wp.com\/efagundes.com\/networking\/wp-content\/uploads\/sites\/5\/2015\/03\/Slide203.jpg?resize=700%2C400 2x"},"classes":[]},{"id":460,"url":"https:\/\/efagundes.com\/networking\/sistema-de-telefonia-movel\/internet-de-3o-geracao\/","url_meta":{"origin":438,"position":4},"title":"Internet de 3\u00ba gera\u00e7\u00e3o","author":"Eduardo Fagundes","date":"17\/11\/2012","format":false,"excerpt":"A Internet M\u00f3vel vai ser um sucesso apenas se novas aplica\u00e7\u00f5es forem desenvolvidas para tirar proveito das caracter\u00edsticas espec\u00edficas do ambiente de internet m\u00f3vel. Tais aplica\u00e7\u00f5es devem se beneficiar do acesso instant\u00e2neo a informa\u00e7\u00f5es de necessidade imediata, assim como de novas funcionalidades como os servi\u00e7os baseados em localiza\u00e7\u00e3o. Estas aplica\u00e7\u00f5es\u2026","rel":"","context":"Post similar","block_context":{"text":"Post similar","link":""},"img":{"alt_text":"","src":"https:\/\/i0.wp.com\/efagundes.com\/networking\/wp-content\/uploads\/sites\/5\/2015\/03\/Slide331.jpg?resize=350%2C200","width":350,"height":200,"srcset":"https:\/\/i0.wp.com\/efagundes.com\/networking\/wp-content\/uploads\/sites\/5\/2015\/03\/Slide331.jpg?resize=350%2C200 1x, https:\/\/i0.wp.com\/efagundes.com\/networking\/wp-content\/uploads\/sites\/5\/2015\/03\/Slide331.jpg?resize=525%2C300 1.5x, https:\/\/i0.wp.com\/efagundes.com\/networking\/wp-content\/uploads\/sites\/5\/2015\/03\/Slide331.jpg?resize=700%2C400 2x"},"classes":[]},{"id":442,"url":"https:\/\/efagundes.com\/networking\/sistema-de-telefonia-movel\/tdma\/","url_meta":{"origin":438,"position":5},"title":"TDMA","author":"Eduardo Fagundes","date":"17\/11\/2012","format":false,"excerpt":"O TDMA (IS-136) foi padronizado para a faixa de 800 MHz e 1900 MHz alocada posteriormente para sistemas celulares nos Estados Unidos.\u00a0 Mant\u00e9m toda a estrutura de canaliza\u00e7\u00e3o do AMPS mas permite que um canal seja compartilhado no tempo por v\u00e1rios usu\u00e1rios atrav\u00e9s de m\u00faltiplo acesso por divis\u00e3o no tempo\u2026","rel":"","context":"Post similar","block_context":{"text":"Post similar","link":""},"img":{"alt_text":"","src":"https:\/\/i0.wp.com\/efagundes.com\/networking\/wp-content\/uploads\/sites\/5\/2015\/03\/Slide243.jpg?resize=350%2C200","width":350,"height":200,"srcset":"https:\/\/i0.wp.com\/efagundes.com\/networking\/wp-content\/uploads\/sites\/5\/2015\/03\/Slide243.jpg?resize=350%2C200 1x, https:\/\/i0.wp.com\/efagundes.com\/networking\/wp-content\/uploads\/sites\/5\/2015\/03\/Slide243.jpg?resize=525%2C300 1.5x, https:\/\/i0.wp.com\/efagundes.com\/networking\/wp-content\/uploads\/sites\/5\/2015\/03\/Slide243.jpg?resize=700%2C400 2x"},"classes":[]}],"jetpack_sharing_enabled":true,"_links":{"self":[{"href":"https:\/\/efagundes.com\/networking\/wp-json\/wp\/v2\/pages\/438","targetHints":{"allow":["GET"]}}],"collection":[{"href":"https:\/\/efagundes.com\/networking\/wp-json\/wp\/v2\/pages"}],"about":[{"href":"https:\/\/efagundes.com\/networking\/wp-json\/wp\/v2\/types\/page"}],"author":[{"embeddable":true,"href":"https:\/\/efagundes.com\/networking\/wp-json\/wp\/v2\/users\/1"}],"replies":[{"embeddable":true,"href":"https:\/\/efagundes.com\/networking\/wp-json\/wp\/v2\/comments?post=438"}],"version-history":[{"count":0,"href":"https:\/\/efagundes.com\/networking\/wp-json\/wp\/v2\/pages\/438\/revisions"}],"wp:attachment":[{"href":"https:\/\/efagundes.com\/networking\/wp-json\/wp\/v2\/media?parent=438"}],"curies":[{"name":"wp","href":"https:\/\/api.w.org\/{rel}","templated":true}]}}