{"id":440,"date":"2012-11-17T10:50:14","date_gmt":"2012-11-17T12:50:14","guid":{"rendered":"http:\/\/efagundes.com\/openclass_networking\/?page_id=440"},"modified":"2022-01-16T17:51:22","modified_gmt":"2022-01-16T20:51:22","slug":"amps","status":"publish","type":"page","link":"https:\/\/efagundes.com\/networking\/sistema-de-telefonia-movel\/amps\/","title":{"rendered":"AMPS"},"content":{"rendered":"<p><a href=\"https:\/\/i0.wp.com\/efagundes.com\/networking\/wp-content\/uploads\/sites\/5\/2015\/03\/Slide233.jpg\"><img data-recalc-dims=\"1\" loading=\"lazy\" decoding=\"async\" data-attachment-id=\"2473\" data-permalink=\"https:\/\/efagundes.com\/networking\/sistema-de-telefonia-movel\/amps\/slide23-4\/\" data-orig-file=\"https:\/\/i0.wp.com\/efagundes.com\/networking\/wp-content\/uploads\/sites\/5\/2015\/03\/Slide233.jpg?fit=960%2C720&amp;ssl=1\" data-orig-size=\"960,720\" data-comments-opened=\"1\" data-image-meta=\"{&quot;aperture&quot;:&quot;0&quot;,&quot;credit&quot;:&quot;&quot;,&quot;camera&quot;:&quot;&quot;,&quot;caption&quot;:&quot;&quot;,&quot;created_timestamp&quot;:&quot;0&quot;,&quot;copyright&quot;:&quot;&quot;,&quot;focal_length&quot;:&quot;0&quot;,&quot;iso&quot;:&quot;0&quot;,&quot;shutter_speed&quot;:&quot;0&quot;,&quot;title&quot;:&quot;&quot;,&quot;orientation&quot;:&quot;0&quot;}\" data-image-title=\"Slide23\" data-image-description=\"\" data-image-caption=\"\" data-large-file=\"https:\/\/i0.wp.com\/efagundes.com\/networking\/wp-content\/uploads\/sites\/5\/2015\/03\/Slide233.jpg?fit=960%2C720&amp;ssl=1\" class=\"alignnone size-full wp-image-2473\" src=\"https:\/\/i0.wp.com\/efagundes.com\/networking\/wp-content\/uploads\/sites\/5\/2015\/03\/Slide233.jpg?resize=960%2C720\" alt=\"Slide23\" width=\"960\" height=\"720\" srcset=\"https:\/\/i0.wp.com\/efagundes.com\/networking\/wp-content\/uploads\/sites\/5\/2015\/03\/Slide233.jpg?w=960&amp;ssl=1 960w, https:\/\/i0.wp.com\/efagundes.com\/networking\/wp-content\/uploads\/sites\/5\/2015\/03\/Slide233.jpg?resize=300%2C225&amp;ssl=1 300w\" sizes=\"auto, (max-width: 960px) 100vw, 960px\" \/><\/a><\/p>\n<p>A primeira Gera\u00e7\u00e3o de Sistemas Celulares, formada por sistemas anal\u00f3gicos, estabeleceu a estrutura e funcionalidades b\u00e1sicas associadas a estes sistemas como roaming e handover entre c\u00e9lulas.<\/p>\n<p>O AMPS (Advanced Mobile Phone System) desenvolvido pelo Bell Labs nos Estados Unidos (1979) entrou em opera\u00e7\u00e3o naquele pa\u00eds em 1983 tornando-se o sistema anal\u00f3gico dominante a n\u00edvel mundial. Foi padronizado pela EIA-553 e serviu de base para os demais sistemas anal\u00f3gicos como o TACS no Reino Unido.<\/p>\n<p>O crescimento da utiliza\u00e7\u00e3o de sistemas celulares levou a necessidade do aumento da capacidade destes sistemas tendo sido este o grande motivador nos Estados Unidos para o desenvolvimento dos sistemas digitais de segunda gera\u00e7\u00e3o. A solu\u00e7\u00e3o TDMA surgiu como uma op\u00e7\u00e3o que mantinha compatibilidade com a arquitetura e canaliza\u00e7\u00e3o utilizada pelos sistemas AMPS tendo sido inicialmente chamada de DAMPS ou Digital AMPS. O TDMA (IS-136) foi padronizado pela TIA (Telecommunications Industry Association).<\/p>\n<p>O AMPS \u00e9 um sistema que utiliza o m\u00faltiplo acesso por divis\u00e3o de freq\u00fc\u00eancia (FDMA).<\/p>\n<p>A Banda do AMPS \u00e9 dividida em canais de RF, onde cada canal consiste de um par de frequ\u00eancias (Transmiss\u00e3o e Recep\u00e7\u00e3o) com 30 kHz de banda cada. Cada Banda (A ou B) ocupa 12,5 MHz e \u00e9 composta por 416 canais, sendo 21 canais de controle e os demais de voz. Os canais no AMPS utilizam modula\u00e7\u00e3o FM.<\/p>\n<p>No AMPS, um canal de voz \u00e9 alocado e permanece dedicado a uma chamada durante toda a sua dura\u00e7\u00e3o.<\/p>\n<p>&nbsp;<\/p>\n","protected":false},"excerpt":{"rendered":"<p>A primeira Gera\u00e7\u00e3o de Sistemas Celulares, formada por sistemas anal\u00f3gicos, estabeleceu a estrutura e funcionalidades b\u00e1sicas associadas a estes sistemas como roaming e handover entre c\u00e9lulas. O AMPS (Advanced Mobile Phone System) desenvolvido pelo Bell Labs nos Estados Unidos (1979) entrou em opera\u00e7\u00e3o naquele pa\u00eds em 1983 tornando-se o sistema anal\u00f3gico dominante a n\u00edvel mundial. [&hellip;]<\/p>\n","protected":false},"author":1,"featured_media":0,"parent":438,"menu_order":0,"comment_status":"closed","ping_status":"open","template":"","meta":{"footnotes":""},"class_list":["post-440","page","type-page","status-publish","hentry"],"jetpack_shortlink":"https:\/\/wp.me\/P8yKGp-76","jetpack-related-posts":[{"id":442,"url":"https:\/\/efagundes.com\/networking\/sistema-de-telefonia-movel\/tdma\/","url_meta":{"origin":440,"position":0},"title":"TDMA","author":"Eduardo Fagundes","date":"17\/11\/2012","format":false,"excerpt":"O TDMA (IS-136) foi padronizado para a faixa de 800 MHz e 1900 MHz alocada posteriormente para sistemas celulares nos Estados Unidos.\u00a0 Mant\u00e9m toda a estrutura de canaliza\u00e7\u00e3o do AMPS mas permite que um canal seja compartilhado no tempo por v\u00e1rios usu\u00e1rios atrav\u00e9s de m\u00faltiplo acesso por divis\u00e3o no tempo\u2026","rel":"","context":"Post similar","block_context":{"text":"Post similar","link":""},"img":{"alt_text":"","src":"https:\/\/i0.wp.com\/efagundes.com\/networking\/wp-content\/uploads\/sites\/5\/2015\/03\/Slide243.jpg?resize=350%2C200","width":350,"height":200,"srcset":"https:\/\/i0.wp.com\/efagundes.com\/networking\/wp-content\/uploads\/sites\/5\/2015\/03\/Slide243.jpg?resize=350%2C200 1x, https:\/\/i0.wp.com\/efagundes.com\/networking\/wp-content\/uploads\/sites\/5\/2015\/03\/Slide243.jpg?resize=525%2C300 1.5x, https:\/\/i0.wp.com\/efagundes.com\/networking\/wp-content\/uploads\/sites\/5\/2015\/03\/Slide243.jpg?resize=700%2C400 2x"},"classes":[]},{"id":458,"url":"https:\/\/efagundes.com\/networking\/sistema-de-telefonia-movel\/evolucao-da-telefonia-movel\/","url_meta":{"origin":440,"position":1},"title":"Evolu\u00e7\u00e3o da telefonia m\u00f3vel","author":"Eduardo Fagundes","date":"17\/11\/2012","format":false,"excerpt":"A primeira gera\u00e7\u00e3o (1G) de sistemas de comunica\u00e7\u00f5es celulares m\u00f3veis era anal\u00f3gico, como AMPS, TACS e NMT. Principalmente usado para voz, eles foram lan\u00e7ados no final dos anos 70 e inicio dos anos 80. No come\u00e7o dos anos 90, foi lan\u00e7ada a segunda gera\u00e7\u00e3o (2G) sistemas utilizando a codifica\u00e7\u00e3o digital,\u2026","rel":"","context":"Post similar","block_context":{"text":"Post similar","link":""},"img":{"alt_text":"","src":"https:\/\/i0.wp.com\/efagundes.com\/networking\/wp-content\/uploads\/sites\/5\/2015\/03\/Slide322.jpg?resize=350%2C200","width":350,"height":200,"srcset":"https:\/\/i0.wp.com\/efagundes.com\/networking\/wp-content\/uploads\/sites\/5\/2015\/03\/Slide322.jpg?resize=350%2C200 1x, https:\/\/i0.wp.com\/efagundes.com\/networking\/wp-content\/uploads\/sites\/5\/2015\/03\/Slide322.jpg?resize=525%2C300 1.5x, https:\/\/i0.wp.com\/efagundes.com\/networking\/wp-content\/uploads\/sites\/5\/2015\/03\/Slide322.jpg?resize=700%2C400 2x"},"classes":[]},{"id":308,"url":"https:\/\/efagundes.com\/networking\/fibra-optica-2\/estrutura-basica-do-sistema-de-fibra-optica-submarina\/","url_meta":{"origin":440,"position":2},"title":"Estrutura b\u00e1sica do sistema de fibra \u00f3ptica submarina","author":"Eduardo Fagundes","date":"16\/11\/2012","format":false,"excerpt":"\u00a0 A principal caracter\u00edstica dos sistemas de comunica\u00e7\u00f5es de cabos \u00f3pticos submarinos, al\u00e9m da sua alta capacidade de transmiss\u00e3o \u00e9 a dist\u00e2ncia que se pode atingir, chegando a at\u00e9 9.000 km sem necessidade de regenera\u00e7\u00e3o do sinal. Nos sistemas que utilizam fibras \u00f3pticas de terceira gera\u00e7\u00e3o (1300nm) consegue-se atingir espa\u00e7amentos\u2026","rel":"","context":"Post similar","block_context":{"text":"Post similar","link":""},"img":{"alt_text":"Slide34","src":"https:\/\/i0.wp.com\/efagundes.com\/networking\/wp-content\/uploads\/sites\/5\/2015\/03\/Slide34.jpg?resize=350%2C200","width":350,"height":200,"srcset":"https:\/\/i0.wp.com\/efagundes.com\/networking\/wp-content\/uploads\/sites\/5\/2015\/03\/Slide34.jpg?resize=350%2C200 1x, https:\/\/i0.wp.com\/efagundes.com\/networking\/wp-content\/uploads\/sites\/5\/2015\/03\/Slide34.jpg?resize=525%2C300 1.5x, https:\/\/i0.wp.com\/efagundes.com\/networking\/wp-content\/uploads\/sites\/5\/2015\/03\/Slide34.jpg?resize=700%2C400 2x"},"classes":[]},{"id":438,"url":"https:\/\/efagundes.com\/networking\/sistema-de-telefonia-movel\/","url_meta":{"origin":440,"position":3},"title":"Sistema de telefonia m\u00f3vel","author":"Eduardo Fagundes","date":"17\/11\/2012","format":false,"excerpt":"Apesar da comunica\u00e7\u00e3o m\u00f3vel ser conhecida desde o come\u00e7o do s\u00e9culo XX, ela foi desenvolvida em 1947 pelo Laborat\u00f3rio Bell, dos EUA, mas somente no final da d\u00e9cada de 70 e in\u00edcio da de 80 o Jap\u00e3o e a Su\u00e9cia ativam seus servi\u00e7os com tecnologia pr\u00f3pria (78 e 81 respectivamente).\u2026","rel":"","context":"Post similar","block_context":{"text":"Post similar","link":""},"img":{"alt_text":"Slide22","src":"https:\/\/i0.wp.com\/efagundes.com\/networking\/wp-content\/uploads\/sites\/5\/2015\/03\/Slide223.jpg?resize=350%2C200","width":350,"height":200,"srcset":"https:\/\/i0.wp.com\/efagundes.com\/networking\/wp-content\/uploads\/sites\/5\/2015\/03\/Slide223.jpg?resize=350%2C200 1x, https:\/\/i0.wp.com\/efagundes.com\/networking\/wp-content\/uploads\/sites\/5\/2015\/03\/Slide223.jpg?resize=525%2C300 1.5x, https:\/\/i0.wp.com\/efagundes.com\/networking\/wp-content\/uploads\/sites\/5\/2015\/03\/Slide223.jpg?resize=700%2C400 2x"},"classes":[]},{"id":460,"url":"https:\/\/efagundes.com\/networking\/sistema-de-telefonia-movel\/internet-de-3o-geracao\/","url_meta":{"origin":440,"position":4},"title":"Internet de 3\u00ba gera\u00e7\u00e3o","author":"Eduardo Fagundes","date":"17\/11\/2012","format":false,"excerpt":"A Internet M\u00f3vel vai ser um sucesso apenas se novas aplica\u00e7\u00f5es forem desenvolvidas para tirar proveito das caracter\u00edsticas espec\u00edficas do ambiente de internet m\u00f3vel. Tais aplica\u00e7\u00f5es devem se beneficiar do acesso instant\u00e2neo a informa\u00e7\u00f5es de necessidade imediata, assim como de novas funcionalidades como os servi\u00e7os baseados em localiza\u00e7\u00e3o. Estas aplica\u00e7\u00f5es\u2026","rel":"","context":"Post similar","block_context":{"text":"Post similar","link":""},"img":{"alt_text":"","src":"https:\/\/i0.wp.com\/efagundes.com\/networking\/wp-content\/uploads\/sites\/5\/2015\/03\/Slide331.jpg?resize=350%2C200","width":350,"height":200,"srcset":"https:\/\/i0.wp.com\/efagundes.com\/networking\/wp-content\/uploads\/sites\/5\/2015\/03\/Slide331.jpg?resize=350%2C200 1x, https:\/\/i0.wp.com\/efagundes.com\/networking\/wp-content\/uploads\/sites\/5\/2015\/03\/Slide331.jpg?resize=525%2C300 1.5x, https:\/\/i0.wp.com\/efagundes.com\/networking\/wp-content\/uploads\/sites\/5\/2015\/03\/Slide331.jpg?resize=700%2C400 2x"},"classes":[]},{"id":490,"url":"https:\/\/efagundes.com\/networking\/multiplexacao-2\/sdh-sonet\/","url_meta":{"origin":440,"position":5},"title":"SDH-SONET","author":"Eduardo Fagundes","date":"17\/11\/2012","format":false,"excerpt":"No in\u00edcio da utiliza\u00e7\u00e3o da fibra \u00f3ptica, cada companhia telef\u00f4nica tinha seu pr\u00f3prio padr\u00e3o de multiplexa\u00e7\u00e3o TDM patenteado. Depois que a AT&T foi desmembrada em 1984, as companhias telef\u00f4nicas tiveram que padronizar seus sistemas para permitir a interconex\u00e3o para chamadas de longas dist\u00e2ncias. Em 1985, a Bellcore, a unidade de\u2026","rel":"","context":"Post similar","block_context":{"text":"Post similar","link":""},"img":{"alt_text":"Slide7","src":"https:\/\/i0.wp.com\/efagundes.com\/networking\/wp-content\/uploads\/sites\/5\/2015\/03\/Slide75.jpg?resize=350%2C200","width":350,"height":200,"srcset":"https:\/\/i0.wp.com\/efagundes.com\/networking\/wp-content\/uploads\/sites\/5\/2015\/03\/Slide75.jpg?resize=350%2C200 1x, https:\/\/i0.wp.com\/efagundes.com\/networking\/wp-content\/uploads\/sites\/5\/2015\/03\/Slide75.jpg?resize=525%2C300 1.5x, https:\/\/i0.wp.com\/efagundes.com\/networking\/wp-content\/uploads\/sites\/5\/2015\/03\/Slide75.jpg?resize=700%2C400 2x"},"classes":[]}],"jetpack_sharing_enabled":true,"_links":{"self":[{"href":"https:\/\/efagundes.com\/networking\/wp-json\/wp\/v2\/pages\/440","targetHints":{"allow":["GET"]}}],"collection":[{"href":"https:\/\/efagundes.com\/networking\/wp-json\/wp\/v2\/pages"}],"about":[{"href":"https:\/\/efagundes.com\/networking\/wp-json\/wp\/v2\/types\/page"}],"author":[{"embeddable":true,"href":"https:\/\/efagundes.com\/networking\/wp-json\/wp\/v2\/users\/1"}],"replies":[{"embeddable":true,"href":"https:\/\/efagundes.com\/networking\/wp-json\/wp\/v2\/comments?post=440"}],"version-history":[{"count":0,"href":"https:\/\/efagundes.com\/networking\/wp-json\/wp\/v2\/pages\/440\/revisions"}],"up":[{"embeddable":true,"href":"https:\/\/efagundes.com\/networking\/wp-json\/wp\/v2\/pages\/438"}],"wp:attachment":[{"href":"https:\/\/efagundes.com\/networking\/wp-json\/wp\/v2\/media?parent=440"}],"curies":[{"name":"wp","href":"https:\/\/api.w.org\/{rel}","templated":true}]}}