{"id":442,"date":"2012-11-17T10:51:39","date_gmt":"2012-11-17T12:51:39","guid":{"rendered":"http:\/\/efagundes.com\/openclass_networking\/?page_id=442"},"modified":"2022-01-16T17:51:22","modified_gmt":"2022-01-16T20:51:22","slug":"tdma","status":"publish","type":"page","link":"https:\/\/efagundes.com\/networking\/sistema-de-telefonia-movel\/tdma\/","title":{"rendered":"TDMA"},"content":{"rendered":"<p><img data-recalc-dims=\"1\" loading=\"lazy\" decoding=\"async\" class=\"alignnone\" src=\"https:\/\/i0.wp.com\/efagundes.com\/networking\/wp-content\/uploads\/sites\/5\/2015\/03\/Slide243.jpg?resize=960%2C720\" alt=\"\" width=\"960\" height=\"720\" \/><\/p>\n<p>O TDMA (IS-136) foi padronizado para a faixa de 800 MHz e 1900 MHz alocada posteriormente para sistemas celulares nos Estados Unidos.\u00a0 Mant\u00e9m toda a estrutura de canaliza\u00e7\u00e3o do AMPS mas permite que um canal seja compartilhado no tempo por v\u00e1rios usu\u00e1rios atrav\u00e9s de m\u00faltiplo acesso por divis\u00e3o no tempo (TDMA).<\/p>\n<p>A estrutura de transmiss\u00e3o de dados \u00e9 implementada atrav\u00e9s de um frame de 40 ms com 6 intervalos (Slots) de tempo com 6,66 ms cada. Cada chamada telef\u00f4nica utiliza dois intervalos de tempo sendo, portanto, poss\u00edveis at\u00e9 3 conversa\u00e7\u00f5es utilizando a mesma banda de 30 kHz de um canal de voz do AMPS.<\/p>\n<p>Cada conversa\u00e7\u00e3o tem uma taxa bruta de 16,2 kbit\/s e a modula\u00e7\u00e3o utilizada no canal \u00e9 do tipo 4-DPSK.<\/p>\n<p>O canal de controle no TDMA (IS-136) \u00e9 digital e permite a implanta\u00e7\u00e3o de servi\u00e7os de mensagens curtas (SMS). Uma vers\u00e3o anterior do TDMA, o IS-54, apresentava canal de controle anal\u00f3gico.<\/p>\n<p>O TDMA (IS-136) permitiu oferecer dezenas de servi\u00e7os suplementares, tais como identifica\u00e7\u00e3o do n\u00famero chamador, chamada em espera, siga-me e confer\u00eancia.<\/p>\n<p>A transmiss\u00e3o digital do TDMA e outros sistemas de segunda gera\u00e7\u00e3o, como o GSM e o CDMA (IS-95), permitem uma consider\u00e1vel economia de energia em rela\u00e7\u00e3o ao AMPS, pois n\u00e3o precisam estar transmitindo de forma cont\u00ednua. Esta caracter\u00edstica, aliada a evolu\u00e7\u00e3o da tecnologia de baterias dos terminais m\u00f3veis, possibilitou um grande incremento no tempo de opera\u00e7\u00e3o dos terminais sem necessidade de recarga.<\/p>\n<p>As operadoras que adotavam o AMPS migraram para o TDMA (IS-136) ou CDMA (IS-95) ao redor dos anos de 1997 e 1998.<\/p>\n<p>As operadoras que adotam o TDMA (IS-136) n\u00e3o t\u00eam a sua disposi\u00e7\u00e3o uma transi\u00e7\u00e3o suave para a terceira gera\u00e7\u00e3o (3G) de sistemas celulares que possibilita o oferecimento de servi\u00e7os de dados com altas taxas de bits. Dever\u00e3o, portando, escolher um dos dois caminhos dispon\u00edveis: GSM\/GPRS ou CDMA 2000.<\/p>\n<p>&nbsp;<\/p>\n","protected":false},"excerpt":{"rendered":"<p>O TDMA (IS-136) foi padronizado para a faixa de 800 MHz e 1900 MHz alocada posteriormente para sistemas celulares nos Estados Unidos.\u00a0 Mant\u00e9m toda a estrutura de canaliza\u00e7\u00e3o do AMPS mas permite que um canal seja compartilhado no tempo por v\u00e1rios usu\u00e1rios atrav\u00e9s de m\u00faltiplo acesso por divis\u00e3o no tempo (TDMA). A estrutura de transmiss\u00e3o [&hellip;]<\/p>\n","protected":false},"author":1,"featured_media":0,"parent":438,"menu_order":1,"comment_status":"closed","ping_status":"open","template":"","meta":{"footnotes":""},"class_list":["post-442","page","type-page","status-publish","hentry"],"jetpack_shortlink":"https:\/\/wp.me\/P8yKGp-78","jetpack-related-posts":[{"id":440,"url":"https:\/\/efagundes.com\/networking\/sistema-de-telefonia-movel\/amps\/","url_meta":{"origin":442,"position":0},"title":"AMPS","author":"Eduardo Fagundes","date":"17\/11\/2012","format":false,"excerpt":"A primeira Gera\u00e7\u00e3o de Sistemas Celulares, formada por sistemas anal\u00f3gicos, estabeleceu a estrutura e funcionalidades b\u00e1sicas associadas a estes sistemas como roaming e handover entre c\u00e9lulas. O AMPS (Advanced Mobile Phone System) desenvolvido pelo Bell Labs nos Estados Unidos (1979) entrou em opera\u00e7\u00e3o naquele pa\u00eds em 1983 tornando-se o sistema\u2026","rel":"","context":"Post similar","block_context":{"text":"Post similar","link":""},"img":{"alt_text":"Slide23","src":"https:\/\/i0.wp.com\/efagundes.com\/networking\/wp-content\/uploads\/sites\/5\/2015\/03\/Slide233.jpg?resize=350%2C200","width":350,"height":200,"srcset":"https:\/\/i0.wp.com\/efagundes.com\/networking\/wp-content\/uploads\/sites\/5\/2015\/03\/Slide233.jpg?resize=350%2C200 1x, https:\/\/i0.wp.com\/efagundes.com\/networking\/wp-content\/uploads\/sites\/5\/2015\/03\/Slide233.jpg?resize=525%2C300 1.5x, https:\/\/i0.wp.com\/efagundes.com\/networking\/wp-content\/uploads\/sites\/5\/2015\/03\/Slide233.jpg?resize=700%2C400 2x"},"classes":[]},{"id":458,"url":"https:\/\/efagundes.com\/networking\/sistema-de-telefonia-movel\/evolucao-da-telefonia-movel\/","url_meta":{"origin":442,"position":1},"title":"Evolu\u00e7\u00e3o da telefonia m\u00f3vel","author":"Eduardo Fagundes","date":"17\/11\/2012","format":false,"excerpt":"A primeira gera\u00e7\u00e3o (1G) de sistemas de comunica\u00e7\u00f5es celulares m\u00f3veis era anal\u00f3gico, como AMPS, TACS e NMT. Principalmente usado para voz, eles foram lan\u00e7ados no final dos anos 70 e inicio dos anos 80. No come\u00e7o dos anos 90, foi lan\u00e7ada a segunda gera\u00e7\u00e3o (2G) sistemas utilizando a codifica\u00e7\u00e3o digital,\u2026","rel":"","context":"Post similar","block_context":{"text":"Post similar","link":""},"img":{"alt_text":"","src":"https:\/\/i0.wp.com\/efagundes.com\/networking\/wp-content\/uploads\/sites\/5\/2015\/03\/Slide322.jpg?resize=350%2C200","width":350,"height":200,"srcset":"https:\/\/i0.wp.com\/efagundes.com\/networking\/wp-content\/uploads\/sites\/5\/2015\/03\/Slide322.jpg?resize=350%2C200 1x, https:\/\/i0.wp.com\/efagundes.com\/networking\/wp-content\/uploads\/sites\/5\/2015\/03\/Slide322.jpg?resize=525%2C300 1.5x, https:\/\/i0.wp.com\/efagundes.com\/networking\/wp-content\/uploads\/sites\/5\/2015\/03\/Slide322.jpg?resize=700%2C400 2x"},"classes":[]},{"id":450,"url":"https:\/\/efagundes.com\/networking\/sistema-de-telefonia-movel\/gprs\/","url_meta":{"origin":442,"position":2},"title":"GPRS","author":"Eduardo Fagundes","date":"17\/11\/2012","format":false,"excerpt":"No GSM, cada canal de RF ocupa uma banda de 200 kHz e transmite um sinal digital com taxa de 270,833 kbit\/s com uma estrutura de quadro (frame) com 8 intervalos de tempo (time slots). Nenhum canal ou slots f\u00edsico est\u00e1 designado a priori para uma tarefa em particular. O\u2026","rel":"","context":"Post similar","block_context":{"text":"Post similar","link":""},"img":{"alt_text":"","src":"https:\/\/i0.wp.com\/efagundes.com\/networking\/wp-content\/uploads\/sites\/5\/2015\/03\/Slide282.jpg?resize=350%2C200","width":350,"height":200,"srcset":"https:\/\/i0.wp.com\/efagundes.com\/networking\/wp-content\/uploads\/sites\/5\/2015\/03\/Slide282.jpg?resize=350%2C200 1x, https:\/\/i0.wp.com\/efagundes.com\/networking\/wp-content\/uploads\/sites\/5\/2015\/03\/Slide282.jpg?resize=525%2C300 1.5x, https:\/\/i0.wp.com\/efagundes.com\/networking\/wp-content\/uploads\/sites\/5\/2015\/03\/Slide282.jpg?resize=700%2C400 2x"},"classes":[]},{"id":446,"url":"https:\/\/efagundes.com\/networking\/sistema-de-telefonia-movel\/gsm-2\/","url_meta":{"origin":442,"position":3},"title":"GSM (II)","author":"Eduardo Fagundes","date":"17\/11\/2012","format":false,"excerpt":"Os slots TDM mostrados na figura fazem parte de uma complexa hierarquia de enquadramento. Cada slot TDM tem uma estrutura espec\u00edfica, e grupos de slots TDM formam multiquadros, tamb\u00e9m com uma estrutura espec\u00edfica. Uma vers\u00e3o simplificada dessa hierarquia \u00e9 apresentada na figura. Aqui pode-se ver que cada slot TDM consiste\u2026","rel":"","context":"Post similar","block_context":{"text":"Post similar","link":""},"img":{"alt_text":"","src":"https:\/\/i0.wp.com\/efagundes.com\/networking\/wp-content\/uploads\/sites\/5\/2015\/03\/Slide262.jpg?resize=350%2C200","width":350,"height":200,"srcset":"https:\/\/i0.wp.com\/efagundes.com\/networking\/wp-content\/uploads\/sites\/5\/2015\/03\/Slide262.jpg?resize=350%2C200 1x, https:\/\/i0.wp.com\/efagundes.com\/networking\/wp-content\/uploads\/sites\/5\/2015\/03\/Slide262.jpg?resize=525%2C300 1.5x, https:\/\/i0.wp.com\/efagundes.com\/networking\/wp-content\/uploads\/sites\/5\/2015\/03\/Slide262.jpg?resize=700%2C400 2x"},"classes":[]},{"id":404,"url":"https:\/\/efagundes.com\/networking\/sistema-telefonico\/estrutura-do-sistema-telefonico-i\/","url_meta":{"origin":442,"position":4},"title":"Estrutura do sistema telef\u00f4nico (I)","author":"Eduardo Fagundes","date":"17\/11\/2012","format":false,"excerpt":"\u00a0 Quando Alexander Graham Bell patenteou o telefone em 1876 existia uma grande demanda por novas inven\u00e7\u00f5es. Inicialmente, os telefones eram comercializados aos pares, ou seja, o cliente comprava um par de telefones e tamb\u00e9m o cabo para conecta-los. Utilizava-se apenas um fio e o retorno dos el\u00e9trons era feito\u2026","rel":"","context":"Post similar","block_context":{"text":"Post similar","link":""},"img":{"alt_text":"Slide6","src":"https:\/\/i0.wp.com\/efagundes.com\/networking\/wp-content\/uploads\/sites\/5\/2015\/03\/Slide64.jpg?resize=350%2C200","width":350,"height":200,"srcset":"https:\/\/i0.wp.com\/efagundes.com\/networking\/wp-content\/uploads\/sites\/5\/2015\/03\/Slide64.jpg?resize=350%2C200 1x, https:\/\/i0.wp.com\/efagundes.com\/networking\/wp-content\/uploads\/sites\/5\/2015\/03\/Slide64.jpg?resize=525%2C300 1.5x, https:\/\/i0.wp.com\/efagundes.com\/networking\/wp-content\/uploads\/sites\/5\/2015\/03\/Slide64.jpg?resize=700%2C400 2x"},"classes":[]},{"id":668,"url":"https:\/\/efagundes.com\/networking\/lans-sem-fio\/bluetooth-ii\/","url_meta":{"origin":442,"position":5},"title":"Bluetooth (II)","author":"Eduardo Fagundes","date":"17\/11\/2012","format":false,"excerpt":"A faixa de freq\u00fc\u00eancia ocupada pelo Bluetooth (2,4 GHz a 2,483 GHz) foi divida em 79 frequ\u00eancias com Bandas de 1 MHz entre 2402 MHz e 2480 MHz. Em um canal f\u00edsico b\u00e1sico de piconet do Bluetooth a sua freq\u00fc\u00eancia muda de forma pseudo-aleat\u00f3ria 1.600 vezes por segundo (cada 0,625\u2026","rel":"","context":"Post similar","block_context":{"text":"Post similar","link":""},"img":{"alt_text":"","src":"https:\/\/i0.wp.com\/efagundes.com\/networking\/wp-content\/uploads\/sites\/5\/2015\/03\/Slide461.jpg?resize=350%2C200","width":350,"height":200,"srcset":"https:\/\/i0.wp.com\/efagundes.com\/networking\/wp-content\/uploads\/sites\/5\/2015\/03\/Slide461.jpg?resize=350%2C200 1x, https:\/\/i0.wp.com\/efagundes.com\/networking\/wp-content\/uploads\/sites\/5\/2015\/03\/Slide461.jpg?resize=525%2C300 1.5x, https:\/\/i0.wp.com\/efagundes.com\/networking\/wp-content\/uploads\/sites\/5\/2015\/03\/Slide461.jpg?resize=700%2C400 2x"},"classes":[]}],"jetpack_sharing_enabled":true,"_links":{"self":[{"href":"https:\/\/efagundes.com\/networking\/wp-json\/wp\/v2\/pages\/442","targetHints":{"allow":["GET"]}}],"collection":[{"href":"https:\/\/efagundes.com\/networking\/wp-json\/wp\/v2\/pages"}],"about":[{"href":"https:\/\/efagundes.com\/networking\/wp-json\/wp\/v2\/types\/page"}],"author":[{"embeddable":true,"href":"https:\/\/efagundes.com\/networking\/wp-json\/wp\/v2\/users\/1"}],"replies":[{"embeddable":true,"href":"https:\/\/efagundes.com\/networking\/wp-json\/wp\/v2\/comments?post=442"}],"version-history":[{"count":0,"href":"https:\/\/efagundes.com\/networking\/wp-json\/wp\/v2\/pages\/442\/revisions"}],"up":[{"embeddable":true,"href":"https:\/\/efagundes.com\/networking\/wp-json\/wp\/v2\/pages\/438"}],"wp:attachment":[{"href":"https:\/\/efagundes.com\/networking\/wp-json\/wp\/v2\/media?parent=442"}],"curies":[{"name":"wp","href":"https:\/\/api.w.org\/{rel}","templated":true}]}}