{"id":444,"date":"2012-11-17T10:52:48","date_gmt":"2012-11-17T12:52:48","guid":{"rendered":"http:\/\/efagundes.com\/openclass_networking\/?page_id=444"},"modified":"2022-01-16T17:51:22","modified_gmt":"2022-01-16T20:51:22","slug":"gsm","status":"publish","type":"page","link":"https:\/\/efagundes.com\/networking\/sistema-de-telefonia-movel\/gsm\/","title":{"rendered":"GSM (I)"},"content":{"rendered":"<p><img data-recalc-dims=\"1\" loading=\"lazy\" decoding=\"async\" class=\"alignnone\" src=\"https:\/\/i0.wp.com\/efagundes.com\/networking\/wp-content\/uploads\/sites\/5\/2015\/03\/Slide253.jpg?resize=960%2C720\" alt=\"\" width=\"960\" height=\"720\" \/><\/p>\n<p>O GSM (Global System for Mobile Communication) \u00e9 um padr\u00e3o digital de segunda gera\u00e7\u00e3o do celular desenvolvido na Europa e adotado na maior parte do mundo. Desenvolvido inicialmente para a faixa de 900 MHz, o GSM teve posteriormente uma vers\u00e3o adaptada para as faixas de 1800 e 1900 MHz.<\/p>\n<p>Cada banda de freq\u00fc\u00eancia tem 200kHz de largura, como mostra a figura. Um sistema GSM tem 124 pares de canais simplex. Cada canal simplex tem 200 kHz de largura e admite oito conex\u00f5es separadas, usando a multiplexa\u00e7\u00e3o por divis\u00e3o de tempo. Cada esta\u00e7\u00e3o atualmente ativa recebe a atribui\u00e7\u00e3o de um slot de tempo em um par de canais. Teoricamente, 992 canais podem ser admitidos em cada c\u00e9lula, mas muitos deles n\u00e3o est\u00e3o dispon\u00edveis, a fim de evitar conflitos de freq\u00fc\u00eancias com as c\u00e9lulas vizinhas. Na figura, todos os oitos slots de tempo sombreados pertencem \u00e0 mesma conex\u00e3o, quatro deles em cada sentido. A transmiss\u00e3o e a recep\u00e7\u00e3o n\u00e3o acontecem no mesmo slot de tempo, e a passagem de um sentido para outro demora algum tempo. Se a unidade m\u00f3vel atribu\u00edda \u00e0 faixa de 890,4\/935,4 MHz e ao slot de tempo 2 quisesse transmitir algo para a esta\u00e7\u00e3o-base, ela usaria os quatro slots sombreados inferiores, inserindo alguns dados em cada slot at\u00e9 todos os dados terem sido enviados.<\/p>\n<p>&nbsp;<\/p>\n","protected":false},"excerpt":{"rendered":"<p>O GSM (Global System for Mobile Communication) \u00e9 um padr\u00e3o digital de segunda gera\u00e7\u00e3o do celular desenvolvido na Europa e adotado na maior parte do mundo. Desenvolvido inicialmente para a faixa de 900 MHz, o GSM teve posteriormente uma vers\u00e3o adaptada para as faixas de 1800 e 1900 MHz. Cada banda de freq\u00fc\u00eancia tem 200kHz [&hellip;]<\/p>\n","protected":false},"author":1,"featured_media":0,"parent":438,"menu_order":2,"comment_status":"closed","ping_status":"closed","template":"","meta":{"footnotes":""},"class_list":["post-444","page","type-page","status-publish","hentry"],"jetpack_shortlink":"https:\/\/wp.me\/P8yKGp-7a","jetpack-related-posts":[{"id":480,"url":"https:\/\/efagundes.com\/networking\/multiplexacao-2\/multiplexacao-por-divisao-de-frequencia\/","url_meta":{"origin":444,"position":0},"title":"Multiplexa\u00e7\u00e3o por divis\u00e3o de frequ\u00eancia","author":"Eduardo Fagundes","date":"17\/11\/2012","format":false,"excerpt":"A figura mostra como tr\u00eas canais telef\u00f4nicos de n\u00edvel de voz s\u00e3o multiplexados com o uso da FDM. Os filtros limitam a largura de banda utiliz\u00e1vel a cerca de 3.100 Hz por canal de qualidade de voz. Quando muitos canais s\u00e3o multiplexados ao mesmo tempo, s\u00e3o alocados 4.000 Hz para\u2026","rel":"","context":"Post similar","block_context":{"text":"Post similar","link":""},"img":{"alt_text":"Slide2","src":"https:\/\/i0.wp.com\/efagundes.com\/networking\/wp-content\/uploads\/sites\/5\/2015\/03\/Slide217.jpg?resize=350%2C200","width":350,"height":200,"srcset":"https:\/\/i0.wp.com\/efagundes.com\/networking\/wp-content\/uploads\/sites\/5\/2015\/03\/Slide217.jpg?resize=350%2C200 1x, https:\/\/i0.wp.com\/efagundes.com\/networking\/wp-content\/uploads\/sites\/5\/2015\/03\/Slide217.jpg?resize=525%2C300 1.5x, https:\/\/i0.wp.com\/efagundes.com\/networking\/wp-content\/uploads\/sites\/5\/2015\/03\/Slide217.jpg?resize=700%2C400 2x"},"classes":[]},{"id":442,"url":"https:\/\/efagundes.com\/networking\/sistema-de-telefonia-movel\/tdma\/","url_meta":{"origin":444,"position":1},"title":"TDMA","author":"Eduardo Fagundes","date":"17\/11\/2012","format":false,"excerpt":"O TDMA (IS-136) foi padronizado para a faixa de 800 MHz e 1900 MHz alocada posteriormente para sistemas celulares nos Estados Unidos.\u00a0 Mant\u00e9m toda a estrutura de canaliza\u00e7\u00e3o do AMPS mas permite que um canal seja compartilhado no tempo por v\u00e1rios usu\u00e1rios atrav\u00e9s de m\u00faltiplo acesso por divis\u00e3o no tempo\u2026","rel":"","context":"Post similar","block_context":{"text":"Post similar","link":""},"img":{"alt_text":"","src":"https:\/\/i0.wp.com\/efagundes.com\/networking\/wp-content\/uploads\/sites\/5\/2015\/03\/Slide243.jpg?resize=350%2C200","width":350,"height":200,"srcset":"https:\/\/i0.wp.com\/efagundes.com\/networking\/wp-content\/uploads\/sites\/5\/2015\/03\/Slide243.jpg?resize=350%2C200 1x, https:\/\/i0.wp.com\/efagundes.com\/networking\/wp-content\/uploads\/sites\/5\/2015\/03\/Slide243.jpg?resize=525%2C300 1.5x, https:\/\/i0.wp.com\/efagundes.com\/networking\/wp-content\/uploads\/sites\/5\/2015\/03\/Slide243.jpg?resize=700%2C400 2x"},"classes":[]},{"id":446,"url":"https:\/\/efagundes.com\/networking\/sistema-de-telefonia-movel\/gsm-2\/","url_meta":{"origin":444,"position":2},"title":"GSM (II)","author":"Eduardo Fagundes","date":"17\/11\/2012","format":false,"excerpt":"Os slots TDM mostrados na figura fazem parte de uma complexa hierarquia de enquadramento. Cada slot TDM tem uma estrutura espec\u00edfica, e grupos de slots TDM formam multiquadros, tamb\u00e9m com uma estrutura espec\u00edfica. Uma vers\u00e3o simplificada dessa hierarquia \u00e9 apresentada na figura. Aqui pode-se ver que cada slot TDM consiste\u2026","rel":"","context":"Post similar","block_context":{"text":"Post similar","link":""},"img":{"alt_text":"","src":"https:\/\/i0.wp.com\/efagundes.com\/networking\/wp-content\/uploads\/sites\/5\/2015\/03\/Slide262.jpg?resize=350%2C200","width":350,"height":200,"srcset":"https:\/\/i0.wp.com\/efagundes.com\/networking\/wp-content\/uploads\/sites\/5\/2015\/03\/Slide262.jpg?resize=350%2C200 1x, https:\/\/i0.wp.com\/efagundes.com\/networking\/wp-content\/uploads\/sites\/5\/2015\/03\/Slide262.jpg?resize=525%2C300 1.5x, https:\/\/i0.wp.com\/efagundes.com\/networking\/wp-content\/uploads\/sites\/5\/2015\/03\/Slide262.jpg?resize=700%2C400 2x"},"classes":[]},{"id":624,"url":"https:\/\/efagundes.com\/networking\/subcamada-de-acesso-ao-meio\/alocacao-estatica-de-canais-em-lans-e-mans\/","url_meta":{"origin":444,"position":3},"title":"Aloca\u00e7\u00e3o est\u00e1tica de canais em LANs e MANs","author":"Eduardo Fagundes","date":"17\/11\/2012","format":false,"excerpt":"A maneira tradicional de alocar um \u00fanico canal, tal como um tronco telef\u00f4nico, entre v\u00e1rios usu\u00e1rios concorrentes \u00e9 usar a FDM (Frequency Division Multiplexing). Se existem N usu\u00e1rios, a largura de banda \u00e9 dividida em N partes do mesmo tamanho, conforme a figura acima. Para cada usu\u00e1rio ser\u00e1 atribu\u00edda uma\u2026","rel":"","context":"Post similar","block_context":{"text":"Post similar","link":""},"img":{"alt_text":"","src":"https:\/\/i0.wp.com\/efagundes.com\/networking\/wp-content\/uploads\/sites\/5\/2015\/03\/Slide263.jpg?resize=350%2C200","width":350,"height":200,"srcset":"https:\/\/i0.wp.com\/efagundes.com\/networking\/wp-content\/uploads\/sites\/5\/2015\/03\/Slide263.jpg?resize=350%2C200 1x, https:\/\/i0.wp.com\/efagundes.com\/networking\/wp-content\/uploads\/sites\/5\/2015\/03\/Slide263.jpg?resize=525%2C300 1.5x, https:\/\/i0.wp.com\/efagundes.com\/networking\/wp-content\/uploads\/sites\/5\/2015\/03\/Slide263.jpg?resize=700%2C400 2x"},"classes":[]},{"id":450,"url":"https:\/\/efagundes.com\/networking\/sistema-de-telefonia-movel\/gprs\/","url_meta":{"origin":444,"position":4},"title":"GPRS","author":"Eduardo Fagundes","date":"17\/11\/2012","format":false,"excerpt":"No GSM, cada canal de RF ocupa uma banda de 200 kHz e transmite um sinal digital com taxa de 270,833 kbit\/s com uma estrutura de quadro (frame) com 8 intervalos de tempo (time slots). Nenhum canal ou slots f\u00edsico est\u00e1 designado a priori para uma tarefa em particular. O\u2026","rel":"","context":"Post similar","block_context":{"text":"Post similar","link":""},"img":{"alt_text":"","src":"https:\/\/i0.wp.com\/efagundes.com\/networking\/wp-content\/uploads\/sites\/5\/2015\/03\/Slide282.jpg?resize=350%2C200","width":350,"height":200,"srcset":"https:\/\/i0.wp.com\/efagundes.com\/networking\/wp-content\/uploads\/sites\/5\/2015\/03\/Slide282.jpg?resize=350%2C200 1x, https:\/\/i0.wp.com\/efagundes.com\/networking\/wp-content\/uploads\/sites\/5\/2015\/03\/Slide282.jpg?resize=525%2C300 1.5x, https:\/\/i0.wp.com\/efagundes.com\/networking\/wp-content\/uploads\/sites\/5\/2015\/03\/Slide282.jpg?resize=700%2C400 2x"},"classes":[]},{"id":240,"url":"https:\/\/efagundes.com\/networking\/teoria-da-transmissao-e-meios-magneticos\/sinais-limitados-pela-largura-de-banda-i\/","url_meta":{"origin":444,"position":5},"title":"Sinais limitados pela largura de banda (I)","author":"Eduardo Fagundes","date":"16\/11\/2012","format":false,"excerpt":"Nenhum recurso de transmiss\u00e3o \u00e9 capaz de transmitir sinais sem perder parte da energia no processo. Se todos os coeficientes da s\u00e9rie de Fourier fossem igualmente reduzidos, o sinal resultante seria reduzido em amplitude, mas n\u00e3o seria distorcido. Entretanto, todos os meios de transmiss\u00e3o reduzem os componentes de Fourier ocasionando\u2026","rel":"","context":"Post similar","block_context":{"text":"Post similar","link":""},"img":{"alt_text":"Slide3","src":"https:\/\/i0.wp.com\/efagundes.com\/networking\/wp-content\/uploads\/sites\/5\/2015\/03\/Slide32.jpg?resize=350%2C200","width":350,"height":200,"srcset":"https:\/\/i0.wp.com\/efagundes.com\/networking\/wp-content\/uploads\/sites\/5\/2015\/03\/Slide32.jpg?resize=350%2C200 1x, https:\/\/i0.wp.com\/efagundes.com\/networking\/wp-content\/uploads\/sites\/5\/2015\/03\/Slide32.jpg?resize=525%2C300 1.5x, https:\/\/i0.wp.com\/efagundes.com\/networking\/wp-content\/uploads\/sites\/5\/2015\/03\/Slide32.jpg?resize=700%2C400 2x"},"classes":[]}],"jetpack_sharing_enabled":true,"_links":{"self":[{"href":"https:\/\/efagundes.com\/networking\/wp-json\/wp\/v2\/pages\/444","targetHints":{"allow":["GET"]}}],"collection":[{"href":"https:\/\/efagundes.com\/networking\/wp-json\/wp\/v2\/pages"}],"about":[{"href":"https:\/\/efagundes.com\/networking\/wp-json\/wp\/v2\/types\/page"}],"author":[{"embeddable":true,"href":"https:\/\/efagundes.com\/networking\/wp-json\/wp\/v2\/users\/1"}],"replies":[{"embeddable":true,"href":"https:\/\/efagundes.com\/networking\/wp-json\/wp\/v2\/comments?post=444"}],"version-history":[{"count":0,"href":"https:\/\/efagundes.com\/networking\/wp-json\/wp\/v2\/pages\/444\/revisions"}],"up":[{"embeddable":true,"href":"https:\/\/efagundes.com\/networking\/wp-json\/wp\/v2\/pages\/438"}],"wp:attachment":[{"href":"https:\/\/efagundes.com\/networking\/wp-json\/wp\/v2\/media?parent=444"}],"curies":[{"name":"wp","href":"https:\/\/api.w.org\/{rel}","templated":true}]}}