{"id":446,"date":"2012-11-17T10:53:53","date_gmt":"2012-11-17T12:53:53","guid":{"rendered":"http:\/\/efagundes.com\/openclass_networking\/?page_id=446"},"modified":"2022-01-16T17:51:22","modified_gmt":"2022-01-16T20:51:22","slug":"gsm-2","status":"publish","type":"page","link":"https:\/\/efagundes.com\/networking\/sistema-de-telefonia-movel\/gsm-2\/","title":{"rendered":"GSM (II)"},"content":{"rendered":"<p><img data-recalc-dims=\"1\" loading=\"lazy\" decoding=\"async\" class=\"alignnone\" src=\"https:\/\/i0.wp.com\/efagundes.com\/networking\/wp-content\/uploads\/sites\/5\/2015\/03\/Slide262.jpg?resize=960%2C720\" alt=\"\" width=\"960\" height=\"720\" \/><\/p>\n<p>Os slots TDM mostrados na figura fazem parte de uma complexa hierarquia de enquadramento. Cada slot TDM tem uma estrutura espec\u00edfica, e grupos de slots TDM formam multiquadros, tamb\u00e9m com uma estrutura espec\u00edfica. Uma vers\u00e3o simplificada dessa hierarquia \u00e9 apresentada na figura. Aqui pode-se ver que cada slot TDM consiste em um quadro de dados de 148 bits que ocupa o canal por 577 \u00b5s (incluindo um tempo de prote\u00e7\u00e3o de 30 \u00b5s depois de cada slot). Cada quadro de dados come\u00e7a e termina com tr\u00eas bits 0, para fins de delinea\u00e7\u00e3o de quadros. Ele tamb\u00e9m cont\u00e9m dois campos information\u00a0 de 57 bits, cada um com um bit de controle que indica se o campo information\u00a0 seguinte se refere a voz ou dados. Entre os campos information \u00a0h\u00e1 um campo (de treinamento) Sync de 26 bits, usado pelo receptor para realizar a sincroniza\u00e7\u00e3o at\u00e9 os limites do quadro do transmissor.<\/p>\n<p>Um quadro de dados \u00e9 transmitido em 547 \u00b5s, mas um transmissor s\u00f3 pode enviar um quadro de dados a 4,615ms, pois ele est\u00e1 compartilhando o canal com sete outras esta\u00e7\u00f5es. A taxa bruta de cada canal \u00e9 270.833 bps, dividida entre oito usu\u00e1rios. Isso fornece 33,854 kbps brutos, mais que o dobro dos 324 bits transmitidos 50 vezes por segundo para 16,2 kbps no D-AMPS.<\/p>\n<p>&nbsp;<\/p>\n","protected":false},"excerpt":{"rendered":"<p>Os slots TDM mostrados na figura fazem parte de uma complexa hierarquia de enquadramento. Cada slot TDM tem uma estrutura espec\u00edfica, e grupos de slots TDM formam multiquadros, tamb\u00e9m com uma estrutura espec\u00edfica. Uma vers\u00e3o simplificada dessa hierarquia \u00e9 apresentada na figura. Aqui pode-se ver que cada slot TDM consiste em um quadro de dados [&hellip;]<\/p>\n","protected":false},"author":1,"featured_media":0,"parent":438,"menu_order":3,"comment_status":"closed","ping_status":"closed","template":"","meta":{"footnotes":""},"class_list":["post-446","page","type-page","status-publish","hentry"],"jetpack_shortlink":"https:\/\/wp.me\/P8yKGp-7c","jetpack-related-posts":[{"id":484,"url":"https:\/\/efagundes.com\/networking\/multiplexacao-2\/multiplexacao-por-divisao-de-tempo\/","url_meta":{"origin":446,"position":0},"title":"Multiplexa\u00e7\u00e3o por divis\u00e3o de tempo (I)","author":"Eduardo Fagundes","date":"17\/11\/2012","format":false,"excerpt":"A multiplexa\u00e7\u00e3o por divis\u00e3o de tempo (TDM) pode ser inteiramente manipulada por circuitos eletr\u00f4nicos digitais; portanto, ela se tornou muito mais difundida nos \u00faltimos anos. Ela s\u00f3 pode ser utilizada para dados digitais. Como os loops locais s\u00e3o anal\u00f3gicos, uma convers\u00e3o de anal\u00f3gico para digital \u00e9 necess\u00e1ria na esta\u00e7\u00e3o final,\u2026","rel":"","context":"Post similar","block_context":{"text":"Post similar","link":""},"img":{"alt_text":"Slide4","src":"https:\/\/i0.wp.com\/efagundes.com\/networking\/wp-content\/uploads\/sites\/5\/2015\/03\/Slide45.jpg?resize=350%2C200","width":350,"height":200,"srcset":"https:\/\/i0.wp.com\/efagundes.com\/networking\/wp-content\/uploads\/sites\/5\/2015\/03\/Slide45.jpg?resize=350%2C200 1x, https:\/\/i0.wp.com\/efagundes.com\/networking\/wp-content\/uploads\/sites\/5\/2015\/03\/Slide45.jpg?resize=525%2C300 1.5x, https:\/\/i0.wp.com\/efagundes.com\/networking\/wp-content\/uploads\/sites\/5\/2015\/03\/Slide45.jpg?resize=700%2C400 2x"},"classes":[]},{"id":492,"url":"https:\/\/efagundes.com\/networking\/multiplexacao-2\/sonet\/","url_meta":{"origin":446,"position":1},"title":"SONET","author":"Eduardo Fagundes","date":"17\/11\/2012","format":false,"excerpt":"O projeto SONET tem quadro objetivos principais. O primeiro, a SONET tinha de tornar poss\u00edvel a interliga\u00e7\u00e3o de diferentes concession\u00e1rias em rede. A concretiza\u00e7\u00e3o desse objetivo exigia a defini\u00e7\u00e3o de um padr\u00e3o de sinaliza\u00e7\u00e3o comum relacionado a comprimento de onda, sincroniza\u00e7\u00e3o, estrutura de enquadramento e outras quest\u00f5es. Em segundo lugar,\u2026","rel":"","context":"Post similar","block_context":{"text":"Post similar","link":""},"img":{"alt_text":"Slide8","src":"https:\/\/i0.wp.com\/efagundes.com\/networking\/wp-content\/uploads\/sites\/5\/2015\/03\/Slide85.jpg?resize=350%2C200","width":350,"height":200,"srcset":"https:\/\/i0.wp.com\/efagundes.com\/networking\/wp-content\/uploads\/sites\/5\/2015\/03\/Slide85.jpg?resize=350%2C200 1x, https:\/\/i0.wp.com\/efagundes.com\/networking\/wp-content\/uploads\/sites\/5\/2015\/03\/Slide85.jpg?resize=525%2C300 1.5x, https:\/\/i0.wp.com\/efagundes.com\/networking\/wp-content\/uploads\/sites\/5\/2015\/03\/Slide85.jpg?resize=700%2C400 2x"},"classes":[]},{"id":604,"url":"https:\/\/efagundes.com\/networking\/exemplos-de-protocolos\/high-level-data-link-control\/","url_meta":{"origin":446,"position":2},"title":"High-level Data Link Control (I)","author":"Eduardo Fagundes","date":"17\/11\/2012","format":false,"excerpt":"O HDLC (Higher Level Data Link Control) pertence a uma classe de protocolos que diferem muito pouco entre si, como o protocolo SDLC (Synchronous Data Link Control) da IBM em sua rede SNA (System Network Architecture). O HDLC \u00e9 orientado a bit, em contraposi\u00e7\u00e3o aos protocolos orientados a caracteres. Estes\u2026","rel":"","context":"Post similar","block_context":{"text":"Post similar","link":""},"img":{"alt_text":"","src":"https:\/\/i0.wp.com\/efagundes.com\/networking\/wp-content\/uploads\/sites\/5\/2015\/03\/Slide184.jpg?resize=350%2C200","width":350,"height":200,"srcset":"https:\/\/i0.wp.com\/efagundes.com\/networking\/wp-content\/uploads\/sites\/5\/2015\/03\/Slide184.jpg?resize=350%2C200 1x, https:\/\/i0.wp.com\/efagundes.com\/networking\/wp-content\/uploads\/sites\/5\/2015\/03\/Slide184.jpg?resize=525%2C300 1.5x, https:\/\/i0.wp.com\/efagundes.com\/networking\/wp-content\/uploads\/sites\/5\/2015\/03\/Slide184.jpg?resize=700%2C400 2x"},"classes":[]},{"id":572,"url":"https:\/\/efagundes.com\/networking\/camada-de-enlace-de-dados\/servicos-oferecidos-a-camada-de-rede\/","url_meta":{"origin":446,"position":3},"title":"Servi\u00e7os oferecidos \u00e0 camada de rede","author":"Eduardo Fagundes","date":"17\/11\/2012","format":false,"excerpt":"A fun\u00e7\u00e3o da camada de enlace de dados \u00e9 fornece servi\u00e7os \u00e0 camada de rede. O principal servi\u00e7o \u00e9 transferir dados da camada de rede da m\u00e1quina de origem para a camada de rede da m\u00e1quina de destino. Na camada de rede da m\u00e1quina de origem, h\u00e1 uma entidade chamada\u2026","rel":"","context":"Post similar","block_context":{"text":"Post similar","link":""},"img":{"alt_text":"","src":"https:\/\/i0.wp.com\/efagundes.com\/networking\/wp-content\/uploads\/sites\/5\/2015\/03\/Slide310.jpg?resize=350%2C200","width":350,"height":200,"srcset":"https:\/\/i0.wp.com\/efagundes.com\/networking\/wp-content\/uploads\/sites\/5\/2015\/03\/Slide310.jpg?resize=350%2C200 1x, https:\/\/i0.wp.com\/efagundes.com\/networking\/wp-content\/uploads\/sites\/5\/2015\/03\/Slide310.jpg?resize=525%2C300 1.5x, https:\/\/i0.wp.com\/efagundes.com\/networking\/wp-content\/uploads\/sites\/5\/2015\/03\/Slide310.jpg?resize=700%2C400 2x"},"classes":[]},{"id":490,"url":"https:\/\/efagundes.com\/networking\/multiplexacao-2\/sdh-sonet\/","url_meta":{"origin":446,"position":4},"title":"SDH-SONET","author":"Eduardo Fagundes","date":"17\/11\/2012","format":false,"excerpt":"No in\u00edcio da utiliza\u00e7\u00e3o da fibra \u00f3ptica, cada companhia telef\u00f4nica tinha seu pr\u00f3prio padr\u00e3o de multiplexa\u00e7\u00e3o TDM patenteado. Depois que a AT&T foi desmembrada em 1984, as companhias telef\u00f4nicas tiveram que padronizar seus sistemas para permitir a interconex\u00e3o para chamadas de longas dist\u00e2ncias. Em 1985, a Bellcore, a unidade de\u2026","rel":"","context":"Post similar","block_context":{"text":"Post similar","link":""},"img":{"alt_text":"Slide7","src":"https:\/\/i0.wp.com\/efagundes.com\/networking\/wp-content\/uploads\/sites\/5\/2015\/03\/Slide75.jpg?resize=350%2C200","width":350,"height":200,"srcset":"https:\/\/i0.wp.com\/efagundes.com\/networking\/wp-content\/uploads\/sites\/5\/2015\/03\/Slide75.jpg?resize=350%2C200 1x, https:\/\/i0.wp.com\/efagundes.com\/networking\/wp-content\/uploads\/sites\/5\/2015\/03\/Slide75.jpg?resize=525%2C300 1.5x, https:\/\/i0.wp.com\/efagundes.com\/networking\/wp-content\/uploads\/sites\/5\/2015\/03\/Slide75.jpg?resize=700%2C400 2x"},"classes":[]},{"id":578,"url":"https:\/\/efagundes.com\/networking\/camada-de-enlace-de-dados\/enquadramento-bytes-de-flags-com-insercao-de-bytes\/","url_meta":{"origin":446,"position":5},"title":"Enquadramento: bytes de flags com inser\u00e7\u00e3o de bytes","author":"Eduardo Fagundes","date":"17\/11\/2012","format":false,"excerpt":"Esse m\u00e9todo contorna o problema de ressincroniza\u00e7\u00e3o ap\u00f3s um erro, fazendo cada quadro come\u00e7ar e terminar com bytes especiais. No passado, os bytes iniciais e finais eram diferentes mas, nos \u00faltimos anos, a maioria dos protocolos tem utilizado o mesmo byte, chamado byte de flag, como delimitador de in\u00edcio e\u2026","rel":"","context":"Post similar","block_context":{"text":"Post similar","link":""},"img":{"alt_text":"","src":"https:\/\/i0.wp.com\/efagundes.com\/networking\/wp-content\/uploads\/sites\/5\/2015\/03\/Slide66.jpg?resize=350%2C200","width":350,"height":200,"srcset":"https:\/\/i0.wp.com\/efagundes.com\/networking\/wp-content\/uploads\/sites\/5\/2015\/03\/Slide66.jpg?resize=350%2C200 1x, https:\/\/i0.wp.com\/efagundes.com\/networking\/wp-content\/uploads\/sites\/5\/2015\/03\/Slide66.jpg?resize=525%2C300 1.5x, https:\/\/i0.wp.com\/efagundes.com\/networking\/wp-content\/uploads\/sites\/5\/2015\/03\/Slide66.jpg?resize=700%2C400 2x"},"classes":[]}],"jetpack_sharing_enabled":true,"_links":{"self":[{"href":"https:\/\/efagundes.com\/networking\/wp-json\/wp\/v2\/pages\/446","targetHints":{"allow":["GET"]}}],"collection":[{"href":"https:\/\/efagundes.com\/networking\/wp-json\/wp\/v2\/pages"}],"about":[{"href":"https:\/\/efagundes.com\/networking\/wp-json\/wp\/v2\/types\/page"}],"author":[{"embeddable":true,"href":"https:\/\/efagundes.com\/networking\/wp-json\/wp\/v2\/users\/1"}],"replies":[{"embeddable":true,"href":"https:\/\/efagundes.com\/networking\/wp-json\/wp\/v2\/comments?post=446"}],"version-history":[{"count":0,"href":"https:\/\/efagundes.com\/networking\/wp-json\/wp\/v2\/pages\/446\/revisions"}],"up":[{"embeddable":true,"href":"https:\/\/efagundes.com\/networking\/wp-json\/wp\/v2\/pages\/438"}],"wp:attachment":[{"href":"https:\/\/efagundes.com\/networking\/wp-json\/wp\/v2\/media?parent=446"}],"curies":[{"name":"wp","href":"https:\/\/api.w.org\/{rel}","templated":true}]}}