{"id":448,"date":"2012-11-17T10:54:59","date_gmt":"2012-11-17T12:54:59","guid":{"rendered":"http:\/\/efagundes.com\/openclass_networking\/?page_id=448"},"modified":"2022-01-16T17:51:22","modified_gmt":"2022-01-16T20:51:22","slug":"cdma","status":"publish","type":"page","link":"https:\/\/efagundes.com\/networking\/sistema-de-telefonia-movel\/cdma\/","title":{"rendered":"CDMA"},"content":{"rendered":"<p><img data-recalc-dims=\"1\" loading=\"lazy\" decoding=\"async\" class=\"alignnone\" src=\"https:\/\/i0.wp.com\/efagundes.com\/networking\/wp-content\/uploads\/sites\/5\/2015\/03\/Slide272.jpg?resize=960%2C720\" alt=\"\" width=\"960\" height=\"720\" \/><\/p>\n<p>Um canal CDMA costuma ser comparado com o sagu\u00e3o de espera de um aeroporto, no qual se encontram muitas pessoas falando idiomas diferentes. Por compreender apenas um idioma, cada ouvinte \u00e9 capaz de se concentrar em sua pr\u00f3pria conversa\u00e7\u00e3o e considerar o restante como ru\u00eddo aleat\u00f3rio. A analogia n\u00e3o \u00e9 exata, pois, quando um ambiente est\u00e1 cheio de pessoas e todas falam ao mesmo tempo, a tend\u00eancia \u00e9 de as pessoas cada vez falarem mais alto. Todos acabam tentando gritar mais alto do que o ru\u00eddo de fundo, o que apenas agrava o problema.<\/p>\n<p>No CDMA, cada tempo de dura\u00e7\u00e3o de um bit \u00e9 subdividido em m intervalos curtos, denominados chips. Normalmente, existem 64 ou 128 chips por bit mas, no exemplo apresentado ser\u00e1 utilizado 8 chips\/bits por simplicidade.<\/p>\n<p>A cada esta\u00e7\u00e3o \u00e9 atribu\u00eddo um c\u00f3digo de m bits exclusivo chamado \u2018seq\u00fc\u00eancia de chips\u2019. Para transmitir um bit 1, cada esta\u00e7\u00e3o envia sua seq\u00fc\u00eancia de chips. Para transmitir um bit 0, envia o complemento de 1 dessa seq\u00fc\u00eancia. N\u00e3o s\u00e3o permitidos quaisquer outros padr\u00f5es. Assim, para m=8, se a esta\u00e7\u00e3o A receber a atribui\u00e7\u00e3o da seq\u00fc\u00eancia de chip 00011011, ela transmitir\u00e1 um bit 1 ao enviar 00011011, e um bit 0 ao enviar 11100100.<\/p>\n<p>Para fins pedag\u00f3gicos, \u00e9 mais conveniente usar uma nota\u00e7\u00e3o bipolar, com o 0 bin\u00e1rio sendo \u20131 e o 1 bin\u00e1rio sendo +1. Ser\u00e3o apresentadas as seq\u00fc\u00eancias de chips entre par\u00eantese; portanto, um bit 1 para a esta\u00e7\u00e3o A agora se torna (-1-1-1+1+1-1+1+1). Na figura s\u00e3o apresentadas as seq\u00fc\u00eancias de chips bin\u00e1rias atribu\u00eddas a quatro exemplos de esta\u00e7\u00f5es. Cada esta\u00e7\u00e3o tem sua pr\u00f3pria seq\u00fc\u00eancia exclusiva de chips.<\/p>\n<p>Todas as tecnologias celulares CDMA usam o tipo DSSS. O padr\u00e3o original da Qualcomm tem largura de banda de 1,25 MHZ.\u00a0 O DSSS (Direct Sequence Spread Spectrum) cobre um intervalo bastante amplo de freq\u00fc\u00eancias, transmitindo em todas ao mesmo tempo. Isso significa que a largura de banda necess\u00e1ria \u00e9 muito alta, normalmente na ordem de megahertz no lugar de kilohertz.<\/p>\n<p>&nbsp;<\/p>\n","protected":false},"excerpt":{"rendered":"<p>Um canal CDMA costuma ser comparado com o sagu\u00e3o de espera de um aeroporto, no qual se encontram muitas pessoas falando idiomas diferentes. Por compreender apenas um idioma, cada ouvinte \u00e9 capaz de se concentrar em sua pr\u00f3pria conversa\u00e7\u00e3o e considerar o restante como ru\u00eddo aleat\u00f3rio. A analogia n\u00e3o \u00e9 exata, pois, quando um ambiente [&hellip;]<\/p>\n","protected":false},"author":1,"featured_media":0,"parent":438,"menu_order":4,"comment_status":"closed","ping_status":"closed","template":"","meta":{"footnotes":""},"class_list":["post-448","page","type-page","status-publish","hentry"],"jetpack_shortlink":"https:\/\/wp.me\/P8yKGp-7e","jetpack-related-posts":[{"id":442,"url":"https:\/\/efagundes.com\/networking\/sistema-de-telefonia-movel\/tdma\/","url_meta":{"origin":448,"position":0},"title":"TDMA","author":"Eduardo Fagundes","date":"17\/11\/2012","format":false,"excerpt":"O TDMA (IS-136) foi padronizado para a faixa de 800 MHz e 1900 MHz alocada posteriormente para sistemas celulares nos Estados Unidos.\u00a0 Mant\u00e9m toda a estrutura de canaliza\u00e7\u00e3o do AMPS mas permite que um canal seja compartilhado no tempo por v\u00e1rios usu\u00e1rios atrav\u00e9s de m\u00faltiplo acesso por divis\u00e3o no tempo\u2026","rel":"","context":"Post similar","block_context":{"text":"Post similar","link":""},"img":{"alt_text":"","src":"https:\/\/i0.wp.com\/efagundes.com\/networking\/wp-content\/uploads\/sites\/5\/2015\/03\/Slide243.jpg?resize=350%2C200","width":350,"height":200,"srcset":"https:\/\/i0.wp.com\/efagundes.com\/networking\/wp-content\/uploads\/sites\/5\/2015\/03\/Slide243.jpg?resize=350%2C200 1x, https:\/\/i0.wp.com\/efagundes.com\/networking\/wp-content\/uploads\/sites\/5\/2015\/03\/Slide243.jpg?resize=525%2C300 1.5x, https:\/\/i0.wp.com\/efagundes.com\/networking\/wp-content\/uploads\/sites\/5\/2015\/03\/Slide243.jpg?resize=700%2C400 2x"},"classes":[]},{"id":484,"url":"https:\/\/efagundes.com\/networking\/multiplexacao-2\/multiplexacao-por-divisao-de-tempo\/","url_meta":{"origin":448,"position":1},"title":"Multiplexa\u00e7\u00e3o por divis\u00e3o de tempo (I)","author":"Eduardo Fagundes","date":"17\/11\/2012","format":false,"excerpt":"A multiplexa\u00e7\u00e3o por divis\u00e3o de tempo (TDM) pode ser inteiramente manipulada por circuitos eletr\u00f4nicos digitais; portanto, ela se tornou muito mais difundida nos \u00faltimos anos. Ela s\u00f3 pode ser utilizada para dados digitais. Como os loops locais s\u00e3o anal\u00f3gicos, uma convers\u00e3o de anal\u00f3gico para digital \u00e9 necess\u00e1ria na esta\u00e7\u00e3o final,\u2026","rel":"","context":"Post similar","block_context":{"text":"Post similar","link":""},"img":{"alt_text":"Slide4","src":"https:\/\/i0.wp.com\/efagundes.com\/networking\/wp-content\/uploads\/sites\/5\/2015\/03\/Slide45.jpg?resize=350%2C200","width":350,"height":200,"srcset":"https:\/\/i0.wp.com\/efagundes.com\/networking\/wp-content\/uploads\/sites\/5\/2015\/03\/Slide45.jpg?resize=350%2C200 1x, https:\/\/i0.wp.com\/efagundes.com\/networking\/wp-content\/uploads\/sites\/5\/2015\/03\/Slide45.jpg?resize=525%2C300 1.5x, https:\/\/i0.wp.com\/efagundes.com\/networking\/wp-content\/uploads\/sites\/5\/2015\/03\/Slide45.jpg?resize=700%2C400 2x"},"classes":[]},{"id":604,"url":"https:\/\/efagundes.com\/networking\/exemplos-de-protocolos\/high-level-data-link-control\/","url_meta":{"origin":448,"position":2},"title":"High-level Data Link Control (I)","author":"Eduardo Fagundes","date":"17\/11\/2012","format":false,"excerpt":"O HDLC (Higher Level Data Link Control) pertence a uma classe de protocolos que diferem muito pouco entre si, como o protocolo SDLC (Synchronous Data Link Control) da IBM em sua rede SNA (System Network Architecture). O HDLC \u00e9 orientado a bit, em contraposi\u00e7\u00e3o aos protocolos orientados a caracteres. Estes\u2026","rel":"","context":"Post similar","block_context":{"text":"Post similar","link":""},"img":{"alt_text":"","src":"https:\/\/i0.wp.com\/efagundes.com\/networking\/wp-content\/uploads\/sites\/5\/2015\/03\/Slide184.jpg?resize=350%2C200","width":350,"height":200,"srcset":"https:\/\/i0.wp.com\/efagundes.com\/networking\/wp-content\/uploads\/sites\/5\/2015\/03\/Slide184.jpg?resize=350%2C200 1x, https:\/\/i0.wp.com\/efagundes.com\/networking\/wp-content\/uploads\/sites\/5\/2015\/03\/Slide184.jpg?resize=525%2C300 1.5x, https:\/\/i0.wp.com\/efagundes.com\/networking\/wp-content\/uploads\/sites\/5\/2015\/03\/Slide184.jpg?resize=700%2C400 2x"},"classes":[]},{"id":639,"url":"https:\/\/efagundes.com\/networking\/ethernet-2\/cabeamento-ethernet\/","url_meta":{"origin":448,"position":3},"title":"Cabeamento Ethernet (II)","author":"Eduardo Fagundes","date":"17\/11\/2012","format":false,"excerpt":"A figura mostra tr\u00eas esquemas de fia\u00e7\u00e3o. Para o 10Base5, um transceptor \u00e9 preso firmemente ao cabo para que seu conector de press\u00e3o fa\u00e7a contato com o n\u00facleo interno do cabo. O transceptor cont\u00e9m circuitos eletr\u00f4nicos que tratam da detec\u00e7\u00e3o da portadora e da detec\u00e7\u00e3o de colis\u00f5es. Quando \u00e9 detectada\u2026","rel":"","context":"Post similar","block_context":{"text":"Post similar","link":""},"img":{"alt_text":"","src":"https:\/\/i0.wp.com\/efagundes.com\/networking\/wp-content\/uploads\/sites\/5\/2015\/03\/Slide342.jpg?resize=350%2C200","width":350,"height":200,"srcset":"https:\/\/i0.wp.com\/efagundes.com\/networking\/wp-content\/uploads\/sites\/5\/2015\/03\/Slide342.jpg?resize=350%2C200 1x, https:\/\/i0.wp.com\/efagundes.com\/networking\/wp-content\/uploads\/sites\/5\/2015\/03\/Slide342.jpg?resize=525%2C300 1.5x, https:\/\/i0.wp.com\/efagundes.com\/networking\/wp-content\/uploads\/sites\/5\/2015\/03\/Slide342.jpg?resize=700%2C400 2x"},"classes":[]},{"id":458,"url":"https:\/\/efagundes.com\/networking\/sistema-de-telefonia-movel\/evolucao-da-telefonia-movel\/","url_meta":{"origin":448,"position":4},"title":"Evolu\u00e7\u00e3o da telefonia m\u00f3vel","author":"Eduardo Fagundes","date":"17\/11\/2012","format":false,"excerpt":"A primeira gera\u00e7\u00e3o (1G) de sistemas de comunica\u00e7\u00f5es celulares m\u00f3veis era anal\u00f3gico, como AMPS, TACS e NMT. Principalmente usado para voz, eles foram lan\u00e7ados no final dos anos 70 e inicio dos anos 80. No come\u00e7o dos anos 90, foi lan\u00e7ada a segunda gera\u00e7\u00e3o (2G) sistemas utilizando a codifica\u00e7\u00e3o digital,\u2026","rel":"","context":"Post similar","block_context":{"text":"Post similar","link":""},"img":{"alt_text":"","src":"https:\/\/i0.wp.com\/efagundes.com\/networking\/wp-content\/uploads\/sites\/5\/2015\/03\/Slide322.jpg?resize=350%2C200","width":350,"height":200,"srcset":"https:\/\/i0.wp.com\/efagundes.com\/networking\/wp-content\/uploads\/sites\/5\/2015\/03\/Slide322.jpg?resize=350%2C200 1x, https:\/\/i0.wp.com\/efagundes.com\/networking\/wp-content\/uploads\/sites\/5\/2015\/03\/Slide322.jpg?resize=525%2C300 1.5x, https:\/\/i0.wp.com\/efagundes.com\/networking\/wp-content\/uploads\/sites\/5\/2015\/03\/Slide322.jpg?resize=700%2C400 2x"},"classes":[]},{"id":632,"url":"https:\/\/efagundes.com\/networking\/subcamada-de-acesso-ao-meio\/protocolo-csmacd\/","url_meta":{"origin":448,"position":5},"title":"Protocolo CSMA\/CD","author":"Eduardo Fagundes","date":"17\/11\/2012","format":false,"excerpt":"A Ethernet usa um refinamento do protocolo ALOHA, conhecido como Carrier Sense Multiple Access (CSMA) que melhora desempenho quando houver um tr\u00e1fego alto de dados. Quando um NIC tiver dados para transmitir, o NIC escuta o cabo primeiro (usando um transceptor) para ver se existe portadora (sinal) e inicia a\u2026","rel":"","context":"Post similar","block_context":{"text":"Post similar","link":""},"img":{"alt_text":"","src":"https:\/\/i0.wp.com\/efagundes.com\/networking\/wp-content\/uploads\/sites\/5\/2015\/03\/Slide303.jpg?resize=350%2C200","width":350,"height":200,"srcset":"https:\/\/i0.wp.com\/efagundes.com\/networking\/wp-content\/uploads\/sites\/5\/2015\/03\/Slide303.jpg?resize=350%2C200 1x, https:\/\/i0.wp.com\/efagundes.com\/networking\/wp-content\/uploads\/sites\/5\/2015\/03\/Slide303.jpg?resize=525%2C300 1.5x, https:\/\/i0.wp.com\/efagundes.com\/networking\/wp-content\/uploads\/sites\/5\/2015\/03\/Slide303.jpg?resize=700%2C400 2x"},"classes":[]}],"jetpack_sharing_enabled":true,"_links":{"self":[{"href":"https:\/\/efagundes.com\/networking\/wp-json\/wp\/v2\/pages\/448","targetHints":{"allow":["GET"]}}],"collection":[{"href":"https:\/\/efagundes.com\/networking\/wp-json\/wp\/v2\/pages"}],"about":[{"href":"https:\/\/efagundes.com\/networking\/wp-json\/wp\/v2\/types\/page"}],"author":[{"embeddable":true,"href":"https:\/\/efagundes.com\/networking\/wp-json\/wp\/v2\/users\/1"}],"replies":[{"embeddable":true,"href":"https:\/\/efagundes.com\/networking\/wp-json\/wp\/v2\/comments?post=448"}],"version-history":[{"count":0,"href":"https:\/\/efagundes.com\/networking\/wp-json\/wp\/v2\/pages\/448\/revisions"}],"up":[{"embeddable":true,"href":"https:\/\/efagundes.com\/networking\/wp-json\/wp\/v2\/pages\/438"}],"wp:attachment":[{"href":"https:\/\/efagundes.com\/networking\/wp-json\/wp\/v2\/media?parent=448"}],"curies":[{"name":"wp","href":"https:\/\/api.w.org\/{rel}","templated":true}]}}