{"id":450,"date":"2012-11-17T10:56:16","date_gmt":"2012-11-17T12:56:16","guid":{"rendered":"http:\/\/efagundes.com\/openclass_networking\/?page_id=450"},"modified":"2022-01-16T17:51:23","modified_gmt":"2022-01-16T20:51:23","slug":"gprs","status":"publish","type":"page","link":"https:\/\/efagundes.com\/networking\/sistema-de-telefonia-movel\/gprs\/","title":{"rendered":"GPRS"},"content":{"rendered":"<p><img data-recalc-dims=\"1\" loading=\"lazy\" decoding=\"async\" class=\"alignnone\" src=\"https:\/\/i0.wp.com\/efagundes.com\/networking\/wp-content\/uploads\/sites\/5\/2015\/03\/Slide282.jpg?resize=960%2C720\" alt=\"\" width=\"960\" height=\"720\" \/><\/p>\n<p>No GSM, cada canal de RF ocupa uma banda de 200 kHz e transmite um sinal digital com taxa de 270,833 kbit\/s com uma estrutura de quadro (frame) com 8 intervalos de tempo (time slots). Nenhum canal ou slots f\u00edsico est\u00e1 designado a priori para uma tarefa em particular. O canais l\u00f3gicos, de voz, dados ou sinaliza\u00e7\u00e3o de controle s\u00e3o mapeados nestes slots de tempo. No GSM padr\u00e3o, ao se estabelecer uma conex\u00e3o, \u00e9 utilizado um slot de tempo para voz ou para dados com taxas de at\u00e9 9,6 kbit\/s.<\/p>\n<p>No GPRS (General Packet Radio Service) os pacotes de dados tamb\u00e9m s\u00e3o enviados atrav\u00e9s de m\u00faltiplos slots de tempo, mas n\u00e3o existe reserva. Os slots s\u00e3o alocados conforme a demanda dos pacotes enviados ou recebidos. Consegue-se desta forma um servi\u00e7o de dados com conex\u00e3o permanente (always on) sem a necessidade de reservar permanentemente slots de tempo para o transporte de dados.<\/p>\n<p>As principais caracter\u00edsticas do GPRS s\u00e3o:<\/p>\n<ul>\n<li>Taxa de transporte de dados m\u00e1xima de 26 a 40 kbit\/s, podendo chegar na teoria a 171,2kbit\/s.<\/li>\n<li>Conex\u00e3o de dados sem necessidade de se estabelecer um circuito telef\u00f4nico, o que permite a cobran\u00e7a por utiliza\u00e7\u00e3o e n\u00e3o por tempo de conex\u00e3o e faz com que o servi\u00e7o esteja sempre dispon\u00edvel para o usu\u00e1rio (always on).<\/li>\n<li>Implanta\u00e7\u00e3o implica em pequenas modifica\u00e7\u00f5es na infra-estrutura instalada, o que facilita a sua ado\u00e7\u00e3o pelos operadores de GSM.<\/li>\n<li>Padronizado para transporte de dados definidos pelos protocolos IP e X.25.<\/li>\n<\/ul>\n<p>O n\u00famero de slots utilizado para a transmiss\u00e3o de dados depende da classe do terminal e de como o operador configura a sua rede. A rede GPRS pode ser configurada pelo operador reservando uma capacidade dedicada ao GPRS , ou priorizando o tr\u00e1fego de voz, de modo que os pacotes de dados ocupam apenas os slots que est\u00e3o livres. Desta forma, a taxa de dados passa a depender do n\u00famero de usu\u00e1rios de voz e dados em uma c\u00e9lula.<\/p>\n<p>&nbsp;<\/p>\n","protected":false},"excerpt":{"rendered":"<p>No GSM, cada canal de RF ocupa uma banda de 200 kHz e transmite um sinal digital com taxa de 270,833 kbit\/s com uma estrutura de quadro (frame) com 8 intervalos de tempo (time slots). Nenhum canal ou slots f\u00edsico est\u00e1 designado a priori para uma tarefa em particular. O canais l\u00f3gicos, de voz, dados [&hellip;]<\/p>\n","protected":false},"author":1,"featured_media":0,"parent":438,"menu_order":6,"comment_status":"closed","ping_status":"closed","template":"","meta":{"footnotes":""},"class_list":["post-450","page","type-page","status-publish","hentry"],"jetpack_shortlink":"https:\/\/wp.me\/P8yKGp-7g","jetpack-related-posts":[{"id":442,"url":"https:\/\/efagundes.com\/networking\/sistema-de-telefonia-movel\/tdma\/","url_meta":{"origin":450,"position":0},"title":"TDMA","author":"Eduardo Fagundes","date":"17\/11\/2012","format":false,"excerpt":"O TDMA (IS-136) foi padronizado para a faixa de 800 MHz e 1900 MHz alocada posteriormente para sistemas celulares nos Estados Unidos.\u00a0 Mant\u00e9m toda a estrutura de canaliza\u00e7\u00e3o do AMPS mas permite que um canal seja compartilhado no tempo por v\u00e1rios usu\u00e1rios atrav\u00e9s de m\u00faltiplo acesso por divis\u00e3o no tempo\u2026","rel":"","context":"Post similar","block_context":{"text":"Post similar","link":""},"img":{"alt_text":"","src":"https:\/\/i0.wp.com\/efagundes.com\/networking\/wp-content\/uploads\/sites\/5\/2015\/03\/Slide243.jpg?resize=350%2C200","width":350,"height":200,"srcset":"https:\/\/i0.wp.com\/efagundes.com\/networking\/wp-content\/uploads\/sites\/5\/2015\/03\/Slide243.jpg?resize=350%2C200 1x, https:\/\/i0.wp.com\/efagundes.com\/networking\/wp-content\/uploads\/sites\/5\/2015\/03\/Slide243.jpg?resize=525%2C300 1.5x, https:\/\/i0.wp.com\/efagundes.com\/networking\/wp-content\/uploads\/sites\/5\/2015\/03\/Slide243.jpg?resize=700%2C400 2x"},"classes":[]},{"id":454,"url":"https:\/\/efagundes.com\/networking\/sistema-de-telefonia-movel\/edge\/","url_meta":{"origin":450,"position":1},"title":"EDGE","author":"Eduardo Fagundes","date":"17\/11\/2012","format":false,"excerpt":"O EDGE est\u00e1 relacionado ao aumento da capacidade de transmiss\u00e3o da interface a\u00e9rea no corrente padr\u00e3o GSM. A principal ideia \u00e9 adicionar novas caracter\u00edsticas na rede GSM mantendo compatibilidade com os telefones celulares GSM \/GPRS e com os equipamentos da rede (BSS, BSC, TRAU, MSC, SGSN e GGSN). Todos os\u2026","rel":"","context":"Post similar","block_context":{"text":"Post similar","link":""},"img":{"alt_text":"","src":"https:\/\/i0.wp.com\/efagundes.com\/networking\/wp-content\/uploads\/sites\/5\/2015\/03\/Slide302.jpg?resize=350%2C200","width":350,"height":200,"srcset":"https:\/\/i0.wp.com\/efagundes.com\/networking\/wp-content\/uploads\/sites\/5\/2015\/03\/Slide302.jpg?resize=350%2C200 1x, https:\/\/i0.wp.com\/efagundes.com\/networking\/wp-content\/uploads\/sites\/5\/2015\/03\/Slide302.jpg?resize=525%2C300 1.5x, https:\/\/i0.wp.com\/efagundes.com\/networking\/wp-content\/uploads\/sites\/5\/2015\/03\/Slide302.jpg?resize=700%2C400 2x"},"classes":[]},{"id":444,"url":"https:\/\/efagundes.com\/networking\/sistema-de-telefonia-movel\/gsm\/","url_meta":{"origin":450,"position":2},"title":"GSM (I)","author":"Eduardo Fagundes","date":"17\/11\/2012","format":false,"excerpt":"O GSM (Global System for Mobile Communication) \u00e9 um padr\u00e3o digital de segunda gera\u00e7\u00e3o do celular desenvolvido na Europa e adotado na maior parte do mundo. Desenvolvido inicialmente para a faixa de 900 MHz, o GSM teve posteriormente uma vers\u00e3o adaptada para as faixas de 1800 e 1900 MHz. Cada\u2026","rel":"","context":"Post similar","block_context":{"text":"Post similar","link":""},"img":{"alt_text":"","src":"https:\/\/i0.wp.com\/efagundes.com\/networking\/wp-content\/uploads\/sites\/5\/2015\/03\/Slide253.jpg?resize=350%2C200","width":350,"height":200,"srcset":"https:\/\/i0.wp.com\/efagundes.com\/networking\/wp-content\/uploads\/sites\/5\/2015\/03\/Slide253.jpg?resize=350%2C200 1x, https:\/\/i0.wp.com\/efagundes.com\/networking\/wp-content\/uploads\/sites\/5\/2015\/03\/Slide253.jpg?resize=525%2C300 1.5x, https:\/\/i0.wp.com\/efagundes.com\/networking\/wp-content\/uploads\/sites\/5\/2015\/03\/Slide253.jpg?resize=700%2C400 2x"},"classes":[]},{"id":446,"url":"https:\/\/efagundes.com\/networking\/sistema-de-telefonia-movel\/gsm-2\/","url_meta":{"origin":450,"position":3},"title":"GSM (II)","author":"Eduardo Fagundes","date":"17\/11\/2012","format":false,"excerpt":"Os slots TDM mostrados na figura fazem parte de uma complexa hierarquia de enquadramento. Cada slot TDM tem uma estrutura espec\u00edfica, e grupos de slots TDM formam multiquadros, tamb\u00e9m com uma estrutura espec\u00edfica. Uma vers\u00e3o simplificada dessa hierarquia \u00e9 apresentada na figura. Aqui pode-se ver que cada slot TDM consiste\u2026","rel":"","context":"Post similar","block_context":{"text":"Post similar","link":""},"img":{"alt_text":"","src":"https:\/\/i0.wp.com\/efagundes.com\/networking\/wp-content\/uploads\/sites\/5\/2015\/03\/Slide262.jpg?resize=350%2C200","width":350,"height":200,"srcset":"https:\/\/i0.wp.com\/efagundes.com\/networking\/wp-content\/uploads\/sites\/5\/2015\/03\/Slide262.jpg?resize=350%2C200 1x, https:\/\/i0.wp.com\/efagundes.com\/networking\/wp-content\/uploads\/sites\/5\/2015\/03\/Slide262.jpg?resize=525%2C300 1.5x, https:\/\/i0.wp.com\/efagundes.com\/networking\/wp-content\/uploads\/sites\/5\/2015\/03\/Slide262.jpg?resize=700%2C400 2x"},"classes":[]},{"id":458,"url":"https:\/\/efagundes.com\/networking\/sistema-de-telefonia-movel\/evolucao-da-telefonia-movel\/","url_meta":{"origin":450,"position":4},"title":"Evolu\u00e7\u00e3o da telefonia m\u00f3vel","author":"Eduardo Fagundes","date":"17\/11\/2012","format":false,"excerpt":"A primeira gera\u00e7\u00e3o (1G) de sistemas de comunica\u00e7\u00f5es celulares m\u00f3veis era anal\u00f3gico, como AMPS, TACS e NMT. Principalmente usado para voz, eles foram lan\u00e7ados no final dos anos 70 e inicio dos anos 80. No come\u00e7o dos anos 90, foi lan\u00e7ada a segunda gera\u00e7\u00e3o (2G) sistemas utilizando a codifica\u00e7\u00e3o digital,\u2026","rel":"","context":"Post similar","block_context":{"text":"Post similar","link":""},"img":{"alt_text":"","src":"https:\/\/i0.wp.com\/efagundes.com\/networking\/wp-content\/uploads\/sites\/5\/2015\/03\/Slide322.jpg?resize=350%2C200","width":350,"height":200,"srcset":"https:\/\/i0.wp.com\/efagundes.com\/networking\/wp-content\/uploads\/sites\/5\/2015\/03\/Slide322.jpg?resize=350%2C200 1x, https:\/\/i0.wp.com\/efagundes.com\/networking\/wp-content\/uploads\/sites\/5\/2015\/03\/Slide322.jpg?resize=525%2C300 1.5x, https:\/\/i0.wp.com\/efagundes.com\/networking\/wp-content\/uploads\/sites\/5\/2015\/03\/Slide322.jpg?resize=700%2C400 2x"},"classes":[]},{"id":154,"url":"https:\/\/efagundes.com\/networking\/redes-geograficamente-distribuidas\/redes-x-25\/","url_meta":{"origin":450,"position":5},"title":"Redes X.25","author":"Eduardo Fagundes","date":"16\/11\/2012","format":false,"excerpt":"X.25 \u00e9 um padr\u00e3o de protocolo para comunica\u00e7\u00f5es para redes geograficamente distribu\u00eddas da International Telecommunication Union - setor de padroniza\u00e7\u00e3o de telecomunica\u00e7\u00f5es (ITU-T) que define como devem ser estabelecidas e mantidas as conex\u00f5es entre dispositivos de usu\u00e1rios e os dispositivos de rede. O X.25 foi projetado para operar sistemas de\u2026","rel":"","context":"Post similar","block_context":{"text":"Post similar","link":""},"img":{"alt_text":"Slide7","src":"https:\/\/i0.wp.com\/efagundes.com\/networking\/wp-content\/uploads\/sites\/5\/2015\/03\/Slide71.jpg?resize=350%2C200","width":350,"height":200,"srcset":"https:\/\/i0.wp.com\/efagundes.com\/networking\/wp-content\/uploads\/sites\/5\/2015\/03\/Slide71.jpg?resize=350%2C200 1x, https:\/\/i0.wp.com\/efagundes.com\/networking\/wp-content\/uploads\/sites\/5\/2015\/03\/Slide71.jpg?resize=525%2C300 1.5x, https:\/\/i0.wp.com\/efagundes.com\/networking\/wp-content\/uploads\/sites\/5\/2015\/03\/Slide71.jpg?resize=700%2C400 2x"},"classes":[]}],"jetpack_sharing_enabled":true,"_links":{"self":[{"href":"https:\/\/efagundes.com\/networking\/wp-json\/wp\/v2\/pages\/450","targetHints":{"allow":["GET"]}}],"collection":[{"href":"https:\/\/efagundes.com\/networking\/wp-json\/wp\/v2\/pages"}],"about":[{"href":"https:\/\/efagundes.com\/networking\/wp-json\/wp\/v2\/types\/page"}],"author":[{"embeddable":true,"href":"https:\/\/efagundes.com\/networking\/wp-json\/wp\/v2\/users\/1"}],"replies":[{"embeddable":true,"href":"https:\/\/efagundes.com\/networking\/wp-json\/wp\/v2\/comments?post=450"}],"version-history":[{"count":0,"href":"https:\/\/efagundes.com\/networking\/wp-json\/wp\/v2\/pages\/450\/revisions"}],"up":[{"embeddable":true,"href":"https:\/\/efagundes.com\/networking\/wp-json\/wp\/v2\/pages\/438"}],"wp:attachment":[{"href":"https:\/\/efagundes.com\/networking\/wp-json\/wp\/v2\/media?parent=450"}],"curies":[{"name":"wp","href":"https:\/\/api.w.org\/{rel}","templated":true}]}}