{"id":456,"date":"2012-11-17T11:00:34","date_gmt":"2012-11-17T13:00:34","guid":{"rendered":"http:\/\/efagundes.com\/openclass_networking\/?page_id=456"},"modified":"2022-01-16T17:51:23","modified_gmt":"2022-01-16T20:51:23","slug":"terceira-geracao-de-celulares","status":"publish","type":"page","link":"https:\/\/efagundes.com\/networking\/sistema-de-telefonia-movel\/terceira-geracao-de-celulares\/","title":{"rendered":"Terceira gera\u00e7\u00e3o de celulares"},"content":{"rendered":"<p><img data-recalc-dims=\"1\" loading=\"lazy\" decoding=\"async\" class=\"alignnone\" src=\"https:\/\/i0.wp.com\/efagundes.com\/networking\/wp-content\/uploads\/sites\/5\/2015\/03\/Slide312.jpg?resize=960%2C720\" alt=\"\" width=\"960\" height=\"720\" \/><\/p>\n<p>O IMT-2000 \u00e9 o framework da ITU para a terceira gera\u00e7\u00e3o (3G) de telefonia sem fio mundial para transmiss\u00e3o de dados multim\u00eddia e voz. Anteriormente conhecida como &#8216;Future Public Land Mobile Telecommunication System (FPLMTS), o IMT-2000 suporta v\u00e1rias tecnologias que aumentam taxas de transmiss\u00e3o de dados como WCDMA e CDMA2000. Especifica\u00e7\u00f5es t\u00e9cnicas para IMT-2000 s\u00e3o desenvolvidas pela 3GPP.<\/p>\n<p>&nbsp;<\/p>\n","protected":false},"excerpt":{"rendered":"<p>O IMT-2000 \u00e9 o framework da ITU para a terceira gera\u00e7\u00e3o (3G) de telefonia sem fio mundial para transmiss\u00e3o de dados multim\u00eddia e voz. Anteriormente conhecida como &#8216;Future Public Land Mobile Telecommunication System (FPLMTS), o IMT-2000 suporta v\u00e1rias tecnologias que aumentam taxas de transmiss\u00e3o de dados como WCDMA e CDMA2000. Especifica\u00e7\u00f5es t\u00e9cnicas para IMT-2000 s\u00e3o [&hellip;]<\/p>\n","protected":false},"author":1,"featured_media":0,"parent":438,"menu_order":5,"comment_status":"closed","ping_status":"closed","template":"","meta":{"footnotes":""},"class_list":["post-456","page","type-page","status-publish","hentry"],"jetpack_shortlink":"https:\/\/wp.me\/P8yKGp-7m","jetpack-related-posts":[{"id":458,"url":"https:\/\/efagundes.com\/networking\/sistema-de-telefonia-movel\/evolucao-da-telefonia-movel\/","url_meta":{"origin":456,"position":0},"title":"Evolu\u00e7\u00e3o da telefonia m\u00f3vel","author":"Eduardo Fagundes","date":"17\/11\/2012","format":false,"excerpt":"A primeira gera\u00e7\u00e3o (1G) de sistemas de comunica\u00e7\u00f5es celulares m\u00f3veis era anal\u00f3gico, como AMPS, TACS e NMT. Principalmente usado para voz, eles foram lan\u00e7ados no final dos anos 70 e inicio dos anos 80. No come\u00e7o dos anos 90, foi lan\u00e7ada a segunda gera\u00e7\u00e3o (2G) sistemas utilizando a codifica\u00e7\u00e3o digital,\u2026","rel":"","context":"Post similar","block_context":{"text":"Post similar","link":""},"img":{"alt_text":"","src":"https:\/\/i0.wp.com\/efagundes.com\/networking\/wp-content\/uploads\/sites\/5\/2015\/03\/Slide322.jpg?resize=350%2C200","width":350,"height":200,"srcset":"https:\/\/i0.wp.com\/efagundes.com\/networking\/wp-content\/uploads\/sites\/5\/2015\/03\/Slide322.jpg?resize=350%2C200 1x, https:\/\/i0.wp.com\/efagundes.com\/networking\/wp-content\/uploads\/sites\/5\/2015\/03\/Slide322.jpg?resize=525%2C300 1.5x, https:\/\/i0.wp.com\/efagundes.com\/networking\/wp-content\/uploads\/sites\/5\/2015\/03\/Slide322.jpg?resize=700%2C400 2x"},"classes":[]},{"id":442,"url":"https:\/\/efagundes.com\/networking\/sistema-de-telefonia-movel\/tdma\/","url_meta":{"origin":456,"position":1},"title":"TDMA","author":"Eduardo Fagundes","date":"17\/11\/2012","format":false,"excerpt":"O TDMA (IS-136) foi padronizado para a faixa de 800 MHz e 1900 MHz alocada posteriormente para sistemas celulares nos Estados Unidos.\u00a0 Mant\u00e9m toda a estrutura de canaliza\u00e7\u00e3o do AMPS mas permite que um canal seja compartilhado no tempo por v\u00e1rios usu\u00e1rios atrav\u00e9s de m\u00faltiplo acesso por divis\u00e3o no tempo\u2026","rel":"","context":"Post similar","block_context":{"text":"Post similar","link":""},"img":{"alt_text":"","src":"https:\/\/i0.wp.com\/efagundes.com\/networking\/wp-content\/uploads\/sites\/5\/2015\/03\/Slide243.jpg?resize=350%2C200","width":350,"height":200,"srcset":"https:\/\/i0.wp.com\/efagundes.com\/networking\/wp-content\/uploads\/sites\/5\/2015\/03\/Slide243.jpg?resize=350%2C200 1x, https:\/\/i0.wp.com\/efagundes.com\/networking\/wp-content\/uploads\/sites\/5\/2015\/03\/Slide243.jpg?resize=525%2C300 1.5x, https:\/\/i0.wp.com\/efagundes.com\/networking\/wp-content\/uploads\/sites\/5\/2015\/03\/Slide243.jpg?resize=700%2C400 2x"},"classes":[]},{"id":308,"url":"https:\/\/efagundes.com\/networking\/fibra-optica-2\/estrutura-basica-do-sistema-de-fibra-optica-submarina\/","url_meta":{"origin":456,"position":2},"title":"Estrutura b\u00e1sica do sistema de fibra \u00f3ptica submarina","author":"Eduardo Fagundes","date":"16\/11\/2012","format":false,"excerpt":"\u00a0 A principal caracter\u00edstica dos sistemas de comunica\u00e7\u00f5es de cabos \u00f3pticos submarinos, al\u00e9m da sua alta capacidade de transmiss\u00e3o \u00e9 a dist\u00e2ncia que se pode atingir, chegando a at\u00e9 9.000 km sem necessidade de regenera\u00e7\u00e3o do sinal. Nos sistemas que utilizam fibras \u00f3pticas de terceira gera\u00e7\u00e3o (1300nm) consegue-se atingir espa\u00e7amentos\u2026","rel":"","context":"Post similar","block_context":{"text":"Post similar","link":""},"img":{"alt_text":"Slide34","src":"https:\/\/i0.wp.com\/efagundes.com\/networking\/wp-content\/uploads\/sites\/5\/2015\/03\/Slide34.jpg?resize=350%2C200","width":350,"height":200,"srcset":"https:\/\/i0.wp.com\/efagundes.com\/networking\/wp-content\/uploads\/sites\/5\/2015\/03\/Slide34.jpg?resize=350%2C200 1x, https:\/\/i0.wp.com\/efagundes.com\/networking\/wp-content\/uploads\/sites\/5\/2015\/03\/Slide34.jpg?resize=525%2C300 1.5x, https:\/\/i0.wp.com\/efagundes.com\/networking\/wp-content\/uploads\/sites\/5\/2015\/03\/Slide34.jpg?resize=700%2C400 2x"},"classes":[]},{"id":799,"url":"https:\/\/efagundes.com\/networking\/redes-e-transmissao-de-dados\/","url_meta":{"origin":456,"position":3},"title":"Redes e Transmiss\u00e3o de Dados","author":"Eduardo Fagundes","date":"18\/11\/2012","format":false,"excerpt":"Este curso foi desenvolvido para cursos de gradua\u00e7\u00e3o de tecnologia da informa\u00e7\u00e3o. Aborda os assuntos fundamentais de redes de computadores e transmiss\u00e3o de dados. O curso tem como refer\u00eancia o\u00a0livro Redes de Computadores, quarta edi\u00e7\u00e3o, de Andrew S. Tanenbaum. Tanenbaum\u00a0\u00e9 um dos mais renomados professores de tecnologia da informa\u00e7\u00e3o e\u2026","rel":"","context":"Post similar","block_context":{"text":"Post similar","link":""},"img":{"alt_text":"","src":"","width":0,"height":0},"classes":[]},{"id":412,"url":"https:\/\/efagundes.com\/networking\/sistema-telefonico\/transmissao-do-sinal-digital\/","url_meta":{"origin":456,"position":4},"title":"Transmiss\u00e3o do sinal digital","author":"Eduardo Fagundes","date":"17\/11\/2012","format":false,"excerpt":"Dados digitais s\u00e3o informa\u00e7\u00f5es codificadas sob a forma de d\u00edgitos que podem assumir um certo n\u00famero de estados poss\u00edveis. Quando esses d\u00edgitos podem assumir dois estados, dizemos que s\u00e3o d\u00edgitos bin\u00e1rios ou \u201cbits\u201d ( \u201cBInary digiTS). Importante observar a exist\u00eancia de apenas dois estados poss\u00edveis para o bit, ou o\u2026","rel":"","context":"Post similar","block_context":{"text":"Post similar","link":""},"img":{"alt_text":"Slide10","src":"https:\/\/i0.wp.com\/efagundes.com\/networking\/wp-content\/uploads\/sites\/5\/2015\/03\/Slide104.jpg?resize=350%2C200","width":350,"height":200,"srcset":"https:\/\/i0.wp.com\/efagundes.com\/networking\/wp-content\/uploads\/sites\/5\/2015\/03\/Slide104.jpg?resize=350%2C200 1x, https:\/\/i0.wp.com\/efagundes.com\/networking\/wp-content\/uploads\/sites\/5\/2015\/03\/Slide104.jpg?resize=525%2C300 1.5x, https:\/\/i0.wp.com\/efagundes.com\/networking\/wp-content\/uploads\/sites\/5\/2015\/03\/Slide104.jpg?resize=700%2C400 2x"},"classes":[]},{"id":249,"url":"https:\/\/efagundes.com\/networking\/teoria-da-transmissao-e-meios-magneticos\/relacao-entre-as-taxas-de-dados-e-as-harmonicas\/","url_meta":{"origin":456,"position":5},"title":"Rela\u00e7\u00e3o entre as taxas de dados e as harm\u00f4nicas","author":"Eduardo Fagundes","date":"16\/11\/2012","format":false,"excerpt":"\u00a0 Para certas taxas de dados, os n\u00fameros funcionam de acordo com o padr\u00e3o mostrado na tabela acima. Os n\u00fameros deixam claro que, quando se tenta fazer uma transmiss\u00e3o de 9.600bps usando uma linha telef\u00f4nica com restri\u00e7\u00f5es de largura de banda, modelo sugerido na figura (a) assume a forma mostrada\u2026","rel":"","context":"Post similar","block_context":{"text":"Post similar","link":""},"img":{"alt_text":"Slide6","src":"https:\/\/i0.wp.com\/efagundes.com\/networking\/wp-content\/uploads\/sites\/5\/2015\/03\/Slide62.jpg?resize=350%2C200","width":350,"height":200,"srcset":"https:\/\/i0.wp.com\/efagundes.com\/networking\/wp-content\/uploads\/sites\/5\/2015\/03\/Slide62.jpg?resize=350%2C200 1x, https:\/\/i0.wp.com\/efagundes.com\/networking\/wp-content\/uploads\/sites\/5\/2015\/03\/Slide62.jpg?resize=525%2C300 1.5x, https:\/\/i0.wp.com\/efagundes.com\/networking\/wp-content\/uploads\/sites\/5\/2015\/03\/Slide62.jpg?resize=700%2C400 2x"},"classes":[]}],"jetpack_sharing_enabled":true,"_links":{"self":[{"href":"https:\/\/efagundes.com\/networking\/wp-json\/wp\/v2\/pages\/456","targetHints":{"allow":["GET"]}}],"collection":[{"href":"https:\/\/efagundes.com\/networking\/wp-json\/wp\/v2\/pages"}],"about":[{"href":"https:\/\/efagundes.com\/networking\/wp-json\/wp\/v2\/types\/page"}],"author":[{"embeddable":true,"href":"https:\/\/efagundes.com\/networking\/wp-json\/wp\/v2\/users\/1"}],"replies":[{"embeddable":true,"href":"https:\/\/efagundes.com\/networking\/wp-json\/wp\/v2\/comments?post=456"}],"version-history":[{"count":0,"href":"https:\/\/efagundes.com\/networking\/wp-json\/wp\/v2\/pages\/456\/revisions"}],"up":[{"embeddable":true,"href":"https:\/\/efagundes.com\/networking\/wp-json\/wp\/v2\/pages\/438"}],"wp:attachment":[{"href":"https:\/\/efagundes.com\/networking\/wp-json\/wp\/v2\/media?parent=456"}],"curies":[{"name":"wp","href":"https:\/\/api.w.org\/{rel}","templated":true}]}}