{"id":458,"date":"2012-11-17T11:13:28","date_gmt":"2012-11-17T13:13:28","guid":{"rendered":"http:\/\/efagundes.com\/openclass_networking\/?page_id=458"},"modified":"2022-01-16T17:51:23","modified_gmt":"2022-01-16T20:51:23","slug":"evolucao-da-telefonia-movel","status":"publish","type":"page","link":"https:\/\/efagundes.com\/networking\/sistema-de-telefonia-movel\/evolucao-da-telefonia-movel\/","title":{"rendered":"Evolu\u00e7\u00e3o da telefonia m\u00f3vel"},"content":{"rendered":"<p><img data-recalc-dims=\"1\" loading=\"lazy\" decoding=\"async\" class=\"alignnone\" src=\"https:\/\/i0.wp.com\/efagundes.com\/networking\/wp-content\/uploads\/sites\/5\/2015\/03\/Slide322.jpg?resize=960%2C720\" alt=\"\" width=\"960\" height=\"720\" \/><\/p>\n<p>A primeira gera\u00e7\u00e3o (1G) de sistemas de comunica\u00e7\u00f5es celulares m\u00f3veis era anal\u00f3gico, como AMPS, TACS e NMT. Principalmente usado para voz, eles foram lan\u00e7ados no final dos anos 70 e inicio dos anos 80. No come\u00e7o dos anos 90, foi lan\u00e7ada a segunda gera\u00e7\u00e3o (2G) sistemas utilizando a codifica\u00e7\u00e3o digital, baseadas nas tecnologias GSM, TDMA e CDMA. Com exce\u00e7\u00e3o do SMS (servi\u00e7o de mensagem de texto) os sistemas foram, principalmente, usados para voz.<\/p>\n<p>Uma variante conhecida como 2G+ ou 2.5G, foi desenvolvida para prover e-mail mais r\u00e1pido e acesso de Internet. Isso incluiu melhorias nos pacotes do GSM (GPRS), taxas de dados melhoradas para o GSM e TDMA (EDGE) e melhorou taxas de dados para o CDMA (IS-95B e HDR).<\/p>\n<p>A terceira gera\u00e7\u00e3o (3G) \u00e9 definida pelo ITU sob a estrutura global do IMT-2000 e est\u00e1 sendo implementada regionalmente na Europa (UMTS), Am\u00e9rica do Norte (CDMA2000) e no Jap\u00e3o (NTT DoCoMo). A terceira gera\u00e7\u00e3o (3G) foi projetada para a transmiss\u00e3o de dados multim\u00eddia de alta-velocidade e voz. Tamb\u00e9m \u00e9 possui romming internacional, possibilitando o handoff autom\u00e1tico em qualquer sistema de comunica\u00e7\u00e3o sem fio dispon\u00edvel (sistemas dom\u00e9sticos de telefonia, celular, sat\u00e9lite, etc.)<\/p>\n<p>A quarta gera\u00e7\u00e3o de telefonia m\u00f3vel (4G) fornece banda ultra-larga de acesso \u00e0 Internet para notebooks, smartphones e outros equipamentos. Permite Internet m\u00f3vel, telefonia IP, servi\u00e7os de jogos, TV em alta defini\u00e7\u00e3o, videoconfer\u00eancia e televis\u00e3o 3D. Os novos dispositivos com Android, Windows e iOS da Apple j\u00e1 oferecem servi\u00e7os 4G.<\/p>\n<p>&nbsp;<\/p>\n<p>&nbsp;<\/p>\n","protected":false},"excerpt":{"rendered":"<p>A primeira gera\u00e7\u00e3o (1G) de sistemas de comunica\u00e7\u00f5es celulares m\u00f3veis era anal\u00f3gico, como AMPS, TACS e NMT. Principalmente usado para voz, eles foram lan\u00e7ados no final dos anos 70 e inicio dos anos 80. No come\u00e7o dos anos 90, foi lan\u00e7ada a segunda gera\u00e7\u00e3o (2G) sistemas utilizando a codifica\u00e7\u00e3o digital, baseadas nas tecnologias GSM, TDMA [&hellip;]<\/p>\n","protected":false},"author":1,"featured_media":0,"parent":438,"menu_order":9,"comment_status":"closed","ping_status":"closed","template":"","meta":{"footnotes":""},"class_list":["post-458","page","type-page","status-publish","hentry"],"jetpack_shortlink":"https:\/\/wp.me\/P8yKGp-7o","jetpack-related-posts":[{"id":442,"url":"https:\/\/efagundes.com\/networking\/sistema-de-telefonia-movel\/tdma\/","url_meta":{"origin":458,"position":0},"title":"TDMA","author":"Eduardo Fagundes","date":"17\/11\/2012","format":false,"excerpt":"O TDMA (IS-136) foi padronizado para a faixa de 800 MHz e 1900 MHz alocada posteriormente para sistemas celulares nos Estados Unidos.\u00a0 Mant\u00e9m toda a estrutura de canaliza\u00e7\u00e3o do AMPS mas permite que um canal seja compartilhado no tempo por v\u00e1rios usu\u00e1rios atrav\u00e9s de m\u00faltiplo acesso por divis\u00e3o no tempo\u2026","rel":"","context":"Post similar","block_context":{"text":"Post similar","link":""},"img":{"alt_text":"","src":"https:\/\/i0.wp.com\/efagundes.com\/networking\/wp-content\/uploads\/sites\/5\/2015\/03\/Slide243.jpg?resize=350%2C200","width":350,"height":200,"srcset":"https:\/\/i0.wp.com\/efagundes.com\/networking\/wp-content\/uploads\/sites\/5\/2015\/03\/Slide243.jpg?resize=350%2C200 1x, https:\/\/i0.wp.com\/efagundes.com\/networking\/wp-content\/uploads\/sites\/5\/2015\/03\/Slide243.jpg?resize=525%2C300 1.5x, https:\/\/i0.wp.com\/efagundes.com\/networking\/wp-content\/uploads\/sites\/5\/2015\/03\/Slide243.jpg?resize=700%2C400 2x"},"classes":[]},{"id":440,"url":"https:\/\/efagundes.com\/networking\/sistema-de-telefonia-movel\/amps\/","url_meta":{"origin":458,"position":1},"title":"AMPS","author":"Eduardo Fagundes","date":"17\/11\/2012","format":false,"excerpt":"A primeira Gera\u00e7\u00e3o de Sistemas Celulares, formada por sistemas anal\u00f3gicos, estabeleceu a estrutura e funcionalidades b\u00e1sicas associadas a estes sistemas como roaming e handover entre c\u00e9lulas. O AMPS (Advanced Mobile Phone System) desenvolvido pelo Bell Labs nos Estados Unidos (1979) entrou em opera\u00e7\u00e3o naquele pa\u00eds em 1983 tornando-se o sistema\u2026","rel":"","context":"Post similar","block_context":{"text":"Post similar","link":""},"img":{"alt_text":"Slide23","src":"https:\/\/i0.wp.com\/efagundes.com\/networking\/wp-content\/uploads\/sites\/5\/2015\/03\/Slide233.jpg?resize=350%2C200","width":350,"height":200,"srcset":"https:\/\/i0.wp.com\/efagundes.com\/networking\/wp-content\/uploads\/sites\/5\/2015\/03\/Slide233.jpg?resize=350%2C200 1x, https:\/\/i0.wp.com\/efagundes.com\/networking\/wp-content\/uploads\/sites\/5\/2015\/03\/Slide233.jpg?resize=525%2C300 1.5x, https:\/\/i0.wp.com\/efagundes.com\/networking\/wp-content\/uploads\/sites\/5\/2015\/03\/Slide233.jpg?resize=700%2C400 2x"},"classes":[]},{"id":456,"url":"https:\/\/efagundes.com\/networking\/sistema-de-telefonia-movel\/terceira-geracao-de-celulares\/","url_meta":{"origin":458,"position":2},"title":"Terceira gera\u00e7\u00e3o de celulares","author":"Eduardo Fagundes","date":"17\/11\/2012","format":false,"excerpt":"O IMT-2000 \u00e9 o framework da ITU para a terceira gera\u00e7\u00e3o (3G) de telefonia sem fio mundial para transmiss\u00e3o de dados multim\u00eddia e voz. Anteriormente conhecida como 'Future Public Land Mobile Telecommunication System (FPLMTS), o IMT-2000 suporta v\u00e1rias tecnologias que aumentam taxas de transmiss\u00e3o de dados como WCDMA e CDMA2000.\u2026","rel":"","context":"Post similar","block_context":{"text":"Post similar","link":""},"img":{"alt_text":"","src":"https:\/\/i0.wp.com\/efagundes.com\/networking\/wp-content\/uploads\/sites\/5\/2015\/03\/Slide312.jpg?resize=350%2C200","width":350,"height":200,"srcset":"https:\/\/i0.wp.com\/efagundes.com\/networking\/wp-content\/uploads\/sites\/5\/2015\/03\/Slide312.jpg?resize=350%2C200 1x, https:\/\/i0.wp.com\/efagundes.com\/networking\/wp-content\/uploads\/sites\/5\/2015\/03\/Slide312.jpg?resize=525%2C300 1.5x, https:\/\/i0.wp.com\/efagundes.com\/networking\/wp-content\/uploads\/sites\/5\/2015\/03\/Slide312.jpg?resize=700%2C400 2x"},"classes":[]},{"id":450,"url":"https:\/\/efagundes.com\/networking\/sistema-de-telefonia-movel\/gprs\/","url_meta":{"origin":458,"position":3},"title":"GPRS","author":"Eduardo Fagundes","date":"17\/11\/2012","format":false,"excerpt":"No GSM, cada canal de RF ocupa uma banda de 200 kHz e transmite um sinal digital com taxa de 270,833 kbit\/s com uma estrutura de quadro (frame) com 8 intervalos de tempo (time slots). Nenhum canal ou slots f\u00edsico est\u00e1 designado a priori para uma tarefa em particular. O\u2026","rel":"","context":"Post similar","block_context":{"text":"Post similar","link":""},"img":{"alt_text":"","src":"https:\/\/i0.wp.com\/efagundes.com\/networking\/wp-content\/uploads\/sites\/5\/2015\/03\/Slide282.jpg?resize=350%2C200","width":350,"height":200,"srcset":"https:\/\/i0.wp.com\/efagundes.com\/networking\/wp-content\/uploads\/sites\/5\/2015\/03\/Slide282.jpg?resize=350%2C200 1x, https:\/\/i0.wp.com\/efagundes.com\/networking\/wp-content\/uploads\/sites\/5\/2015\/03\/Slide282.jpg?resize=525%2C300 1.5x, https:\/\/i0.wp.com\/efagundes.com\/networking\/wp-content\/uploads\/sites\/5\/2015\/03\/Slide282.jpg?resize=700%2C400 2x"},"classes":[]},{"id":444,"url":"https:\/\/efagundes.com\/networking\/sistema-de-telefonia-movel\/gsm\/","url_meta":{"origin":458,"position":4},"title":"GSM (I)","author":"Eduardo Fagundes","date":"17\/11\/2012","format":false,"excerpt":"O GSM (Global System for Mobile Communication) \u00e9 um padr\u00e3o digital de segunda gera\u00e7\u00e3o do celular desenvolvido na Europa e adotado na maior parte do mundo. Desenvolvido inicialmente para a faixa de 900 MHz, o GSM teve posteriormente uma vers\u00e3o adaptada para as faixas de 1800 e 1900 MHz. Cada\u2026","rel":"","context":"Post similar","block_context":{"text":"Post similar","link":""},"img":{"alt_text":"","src":"https:\/\/i0.wp.com\/efagundes.com\/networking\/wp-content\/uploads\/sites\/5\/2015\/03\/Slide253.jpg?resize=350%2C200","width":350,"height":200,"srcset":"https:\/\/i0.wp.com\/efagundes.com\/networking\/wp-content\/uploads\/sites\/5\/2015\/03\/Slide253.jpg?resize=350%2C200 1x, https:\/\/i0.wp.com\/efagundes.com\/networking\/wp-content\/uploads\/sites\/5\/2015\/03\/Slide253.jpg?resize=525%2C300 1.5x, https:\/\/i0.wp.com\/efagundes.com\/networking\/wp-content\/uploads\/sites\/5\/2015\/03\/Slide253.jpg?resize=700%2C400 2x"},"classes":[]},{"id":454,"url":"https:\/\/efagundes.com\/networking\/sistema-de-telefonia-movel\/edge\/","url_meta":{"origin":458,"position":5},"title":"EDGE","author":"Eduardo Fagundes","date":"17\/11\/2012","format":false,"excerpt":"O EDGE est\u00e1 relacionado ao aumento da capacidade de transmiss\u00e3o da interface a\u00e9rea no corrente padr\u00e3o GSM. A principal ideia \u00e9 adicionar novas caracter\u00edsticas na rede GSM mantendo compatibilidade com os telefones celulares GSM \/GPRS e com os equipamentos da rede (BSS, BSC, TRAU, MSC, SGSN e GGSN). Todos os\u2026","rel":"","context":"Post similar","block_context":{"text":"Post similar","link":""},"img":{"alt_text":"","src":"https:\/\/i0.wp.com\/efagundes.com\/networking\/wp-content\/uploads\/sites\/5\/2015\/03\/Slide302.jpg?resize=350%2C200","width":350,"height":200,"srcset":"https:\/\/i0.wp.com\/efagundes.com\/networking\/wp-content\/uploads\/sites\/5\/2015\/03\/Slide302.jpg?resize=350%2C200 1x, https:\/\/i0.wp.com\/efagundes.com\/networking\/wp-content\/uploads\/sites\/5\/2015\/03\/Slide302.jpg?resize=525%2C300 1.5x, https:\/\/i0.wp.com\/efagundes.com\/networking\/wp-content\/uploads\/sites\/5\/2015\/03\/Slide302.jpg?resize=700%2C400 2x"},"classes":[]}],"jetpack_sharing_enabled":true,"_links":{"self":[{"href":"https:\/\/efagundes.com\/networking\/wp-json\/wp\/v2\/pages\/458","targetHints":{"allow":["GET"]}}],"collection":[{"href":"https:\/\/efagundes.com\/networking\/wp-json\/wp\/v2\/pages"}],"about":[{"href":"https:\/\/efagundes.com\/networking\/wp-json\/wp\/v2\/types\/page"}],"author":[{"embeddable":true,"href":"https:\/\/efagundes.com\/networking\/wp-json\/wp\/v2\/users\/1"}],"replies":[{"embeddable":true,"href":"https:\/\/efagundes.com\/networking\/wp-json\/wp\/v2\/comments?post=458"}],"version-history":[{"count":0,"href":"https:\/\/efagundes.com\/networking\/wp-json\/wp\/v2\/pages\/458\/revisions"}],"up":[{"embeddable":true,"href":"https:\/\/efagundes.com\/networking\/wp-json\/wp\/v2\/pages\/438"}],"wp:attachment":[{"href":"https:\/\/efagundes.com\/networking\/wp-json\/wp\/v2\/media?parent=458"}],"curies":[{"name":"wp","href":"https:\/\/api.w.org\/{rel}","templated":true}]}}