{"id":486,"date":"2012-11-17T11:25:44","date_gmt":"2012-11-17T13:25:44","guid":{"rendered":"http:\/\/efagundes.com\/openclass_networking\/?page_id=486"},"modified":"2022-01-16T17:51:14","modified_gmt":"2022-01-16T20:51:14","slug":"multiplexacao-por-divisao-de-tempo-2","status":"publish","type":"page","link":"https:\/\/efagundes.com\/networking\/multiplexacao-2\/multiplexacao-por-divisao-de-tempo-2\/","title":{"rendered":"Multiplexa\u00e7\u00e3o por divis\u00e3o de tempo (II)"},"content":{"rendered":"<p><a href=\"https:\/\/i0.wp.com\/efagundes.com\/networking\/wp-content\/uploads\/sites\/5\/2015\/03\/Slide55.jpg\"><img data-recalc-dims=\"1\" loading=\"lazy\" decoding=\"async\" data-attachment-id=\"2491\" data-permalink=\"https:\/\/efagundes.com\/networking\/multiplexacao-2\/slide5-6\/\" data-orig-file=\"https:\/\/i0.wp.com\/efagundes.com\/networking\/wp-content\/uploads\/sites\/5\/2015\/03\/Slide55.jpg?fit=960%2C720&amp;ssl=1\" data-orig-size=\"960,720\" data-comments-opened=\"1\" data-image-meta=\"{&quot;aperture&quot;:&quot;0&quot;,&quot;credit&quot;:&quot;&quot;,&quot;camera&quot;:&quot;&quot;,&quot;caption&quot;:&quot;&quot;,&quot;created_timestamp&quot;:&quot;0&quot;,&quot;copyright&quot;:&quot;&quot;,&quot;focal_length&quot;:&quot;0&quot;,&quot;iso&quot;:&quot;0&quot;,&quot;shutter_speed&quot;:&quot;0&quot;,&quot;title&quot;:&quot;&quot;,&quot;orientation&quot;:&quot;0&quot;}\" data-image-title=\"Slide5\" data-image-description=\"\" data-image-caption=\"\" data-large-file=\"https:\/\/i0.wp.com\/efagundes.com\/networking\/wp-content\/uploads\/sites\/5\/2015\/03\/Slide55.jpg?fit=960%2C720&amp;ssl=1\" class=\"alignnone size-full wp-image-2491\" src=\"https:\/\/i0.wp.com\/efagundes.com\/networking\/wp-content\/uploads\/sites\/5\/2015\/03\/Slide55.jpg?resize=960%2C720\" alt=\"Slide5\" width=\"960\" height=\"720\" srcset=\"https:\/\/i0.wp.com\/efagundes.com\/networking\/wp-content\/uploads\/sites\/5\/2015\/03\/Slide55.jpg?w=960&amp;ssl=1 960w, https:\/\/i0.wp.com\/efagundes.com\/networking\/wp-content\/uploads\/sites\/5\/2015\/03\/Slide55.jpg?resize=300%2C225&amp;ssl=1 300w\" sizes=\"auto, (max-width: 960px) 100vw, 960px\" \/><\/a><\/p>\n<p>Uma vez digitalizado, o sinal de voz tenta usar t\u00e9cnicas estat\u00edsticas para reduzir o n\u00famero de bits necess\u00e1rios por canal. Essas t\u00e9cnicas s\u00e3o apropriadas n\u00e3o apenas para codifica\u00e7\u00e3o de voz, mas tamb\u00e9m para a digitaliza\u00e7\u00e3o de qualquer sinal anal\u00f3gico. Um m\u00e9todo chamado modula\u00e7\u00e3o de c\u00f3digo de pulso diferencial (differential pulse code modulation) ou PCM diferencial consiste em gerar como sa\u00edda n\u00e3o a amplitude digitalizada, mas sim a diferen\u00e7a entre o valor atual e o anterior. Tendo em vista que saltos de mais ou menos 16 em uma escala de 128 s\u00e3o improv\u00e1veis, 5 bits dever\u00e3o ser suficientes em vez de 7. Se ocasionalmente o sinal saltar de forma incontrol\u00e1vel, talvez a l\u00f3gica de codifica\u00e7\u00e3o exija v\u00e1rios per\u00edodos de amostragem para recuperar o tempo perdido. No caso da voz, o erro introduzido pode ser ignorado.<\/p>\n<p>Uma varia\u00e7\u00e3o dess m\u00e9todo de compacta\u00e7\u00e3o exige que cada valor de amostragem seja diferente de seu predecessor por +1 ou -1. Sob essa condi\u00e7\u00f5es, um \u00fanico bit pode ser transmitido, informando se a nova amostra est\u00e1 acima ou abaixo da anterior. Essa t\u00e9cnica, chamada de modula\u00e7\u00e3o delta, \u00e9 apresentada na figura acima. A exemplo de todas as t\u00e9cnicas de compacta\u00e7\u00e3o que pressup\u00f5em pequenas altera\u00e7\u00f5es de n\u00edvel entre amostras consecutivas, a codifica\u00e7\u00e3o delta pode ter problemas se o sinal mudar r\u00e1pido demais, como mostra a figura. Quando isso ocorre, as informa\u00e7\u00f5es s\u00e3o perdidas.<\/p>\n<p>Um aperfei\u00e7oamento da PCM diferencial consiste em extrapolar os valores anteriores para prever o valor seguinte, e depois codificar a diferen\u00e7a entre o sinal real e o sinal previsto.<\/p>\n<p>&nbsp;<\/p>\n","protected":false},"excerpt":{"rendered":"<p>Uma vez digitalizado, o sinal de voz tenta usar t\u00e9cnicas estat\u00edsticas para reduzir o n\u00famero de bits necess\u00e1rios por canal. Essas t\u00e9cnicas s\u00e3o apropriadas n\u00e3o apenas para codifica\u00e7\u00e3o de voz, mas tamb\u00e9m para a digitaliza\u00e7\u00e3o de qualquer sinal anal\u00f3gico. Um m\u00e9todo chamado modula\u00e7\u00e3o de c\u00f3digo de pulso diferencial (differential pulse code modulation) ou PCM diferencial [&hellip;]<\/p>\n","protected":false},"author":1,"featured_media":0,"parent":1333,"menu_order":2,"comment_status":"closed","ping_status":"open","template":"","meta":{"footnotes":""},"class_list":["post-486","page","type-page","status-publish","hentry"],"jetpack_shortlink":"https:\/\/wp.me\/P8yKGp-7Q","jetpack-related-posts":[{"id":414,"url":"https:\/\/efagundes.com\/networking\/sistema-telefonico\/modulacao-digital\/","url_meta":{"origin":486,"position":0},"title":"Modula\u00e7\u00e3o digital","author":"Eduardo Fagundes","date":"17\/11\/2012","format":false,"excerpt":"O sinal (bit) pode ser enviado basicamente de duas formas: digital e anal\u00f3gica. Para cada caso existem t\u00e9cnicas particulares a serem empregadas. A modula\u00e7\u00e3o constitui-se na t\u00e9cnica empregada para modificar um sinal com a finalidade de transportar uma informa\u00e7\u00e3o atrav\u00e9s do canal de comunica\u00e7\u00e3o e recuperar o sinal, na sua\u2026","rel":"","context":"Post similar","block_context":{"text":"Post similar","link":""},"img":{"alt_text":"Slide11","src":"https:\/\/i0.wp.com\/efagundes.com\/networking\/wp-content\/uploads\/sites\/5\/2015\/03\/Slide117.jpg?resize=350%2C200","width":350,"height":200,"srcset":"https:\/\/i0.wp.com\/efagundes.com\/networking\/wp-content\/uploads\/sites\/5\/2015\/03\/Slide117.jpg?resize=350%2C200 1x, https:\/\/i0.wp.com\/efagundes.com\/networking\/wp-content\/uploads\/sites\/5\/2015\/03\/Slide117.jpg?resize=525%2C300 1.5x, https:\/\/i0.wp.com\/efagundes.com\/networking\/wp-content\/uploads\/sites\/5\/2015\/03\/Slide117.jpg?resize=700%2C400 2x"},"classes":[]},{"id":240,"url":"https:\/\/efagundes.com\/networking\/teoria-da-transmissao-e-meios-magneticos\/sinais-limitados-pela-largura-de-banda-i\/","url_meta":{"origin":486,"position":1},"title":"Sinais limitados pela largura de banda (I)","author":"Eduardo Fagundes","date":"16\/11\/2012","format":false,"excerpt":"Nenhum recurso de transmiss\u00e3o \u00e9 capaz de transmitir sinais sem perder parte da energia no processo. Se todos os coeficientes da s\u00e9rie de Fourier fossem igualmente reduzidos, o sinal resultante seria reduzido em amplitude, mas n\u00e3o seria distorcido. Entretanto, todos os meios de transmiss\u00e3o reduzem os componentes de Fourier ocasionando\u2026","rel":"","context":"Post similar","block_context":{"text":"Post similar","link":""},"img":{"alt_text":"Slide3","src":"https:\/\/i0.wp.com\/efagundes.com\/networking\/wp-content\/uploads\/sites\/5\/2015\/03\/Slide32.jpg?resize=350%2C200","width":350,"height":200,"srcset":"https:\/\/i0.wp.com\/efagundes.com\/networking\/wp-content\/uploads\/sites\/5\/2015\/03\/Slide32.jpg?resize=350%2C200 1x, https:\/\/i0.wp.com\/efagundes.com\/networking\/wp-content\/uploads\/sites\/5\/2015\/03\/Slide32.jpg?resize=525%2C300 1.5x, https:\/\/i0.wp.com\/efagundes.com\/networking\/wp-content\/uploads\/sites\/5\/2015\/03\/Slide32.jpg?resize=700%2C400 2x"},"classes":[]},{"id":632,"url":"https:\/\/efagundes.com\/networking\/subcamada-de-acesso-ao-meio\/protocolo-csmacd\/","url_meta":{"origin":486,"position":2},"title":"Protocolo CSMA\/CD","author":"Eduardo Fagundes","date":"17\/11\/2012","format":false,"excerpt":"A Ethernet usa um refinamento do protocolo ALOHA, conhecido como Carrier Sense Multiple Access (CSMA) que melhora desempenho quando houver um tr\u00e1fego alto de dados. Quando um NIC tiver dados para transmitir, o NIC escuta o cabo primeiro (usando um transceptor) para ver se existe portadora (sinal) e inicia a\u2026","rel":"","context":"Post similar","block_context":{"text":"Post similar","link":""},"img":{"alt_text":"","src":"https:\/\/i0.wp.com\/efagundes.com\/networking\/wp-content\/uploads\/sites\/5\/2015\/03\/Slide303.jpg?resize=350%2C200","width":350,"height":200,"srcset":"https:\/\/i0.wp.com\/efagundes.com\/networking\/wp-content\/uploads\/sites\/5\/2015\/03\/Slide303.jpg?resize=350%2C200 1x, https:\/\/i0.wp.com\/efagundes.com\/networking\/wp-content\/uploads\/sites\/5\/2015\/03\/Slide303.jpg?resize=525%2C300 1.5x, https:\/\/i0.wp.com\/efagundes.com\/networking\/wp-content\/uploads\/sites\/5\/2015\/03\/Slide303.jpg?resize=700%2C400 2x"},"classes":[]},{"id":418,"url":"https:\/\/efagundes.com\/networking\/sistema-telefonico\/tipos-de-modulacao-i\/","url_meta":{"origin":486,"position":3},"title":"Tipos de modula\u00e7\u00e3o (I)","author":"Eduardo Fagundes","date":"17\/11\/2012","format":false,"excerpt":"\u00a0 Para facilitar a transmiss\u00e3o do sinal atrav\u00e9s dos meios f\u00edsicos e adequar as frequ\u00eancias aos sistemas de comunica\u00e7\u00e3o se utiliza o que chamamos de onda portadora, sobre a qual \u00e9 transmitido o sinal com a informa\u00e7\u00e3o. A onda portadora \u00e9 um sinal senoidal caracterizado por tr\u00eas vari\u00e1veis: amplitude, freq\u00fc\u00eancia\u2026","rel":"","context":"Post similar","block_context":{"text":"Post similar","link":""},"img":{"alt_text":"Slide12","src":"https:\/\/i0.wp.com\/efagundes.com\/networking\/wp-content\/uploads\/sites\/5\/2015\/03\/Slide124.jpg?resize=350%2C200","width":350,"height":200,"srcset":"https:\/\/i0.wp.com\/efagundes.com\/networking\/wp-content\/uploads\/sites\/5\/2015\/03\/Slide124.jpg?resize=350%2C200 1x, https:\/\/i0.wp.com\/efagundes.com\/networking\/wp-content\/uploads\/sites\/5\/2015\/03\/Slide124.jpg?resize=525%2C300 1.5x, https:\/\/i0.wp.com\/efagundes.com\/networking\/wp-content\/uploads\/sites\/5\/2015\/03\/Slide124.jpg?resize=700%2C400 2x"},"classes":[]},{"id":412,"url":"https:\/\/efagundes.com\/networking\/sistema-telefonico\/transmissao-do-sinal-digital\/","url_meta":{"origin":486,"position":4},"title":"Transmiss\u00e3o do sinal digital","author":"Eduardo Fagundes","date":"17\/11\/2012","format":false,"excerpt":"Dados digitais s\u00e3o informa\u00e7\u00f5es codificadas sob a forma de d\u00edgitos que podem assumir um certo n\u00famero de estados poss\u00edveis. Quando esses d\u00edgitos podem assumir dois estados, dizemos que s\u00e3o d\u00edgitos bin\u00e1rios ou \u201cbits\u201d ( \u201cBInary digiTS). Importante observar a exist\u00eancia de apenas dois estados poss\u00edveis para o bit, ou o\u2026","rel":"","context":"Post similar","block_context":{"text":"Post similar","link":""},"img":{"alt_text":"Slide10","src":"https:\/\/i0.wp.com\/efagundes.com\/networking\/wp-content\/uploads\/sites\/5\/2015\/03\/Slide104.jpg?resize=350%2C200","width":350,"height":200,"srcset":"https:\/\/i0.wp.com\/efagundes.com\/networking\/wp-content\/uploads\/sites\/5\/2015\/03\/Slide104.jpg?resize=350%2C200 1x, https:\/\/i0.wp.com\/efagundes.com\/networking\/wp-content\/uploads\/sites\/5\/2015\/03\/Slide104.jpg?resize=525%2C300 1.5x, https:\/\/i0.wp.com\/efagundes.com\/networking\/wp-content\/uploads\/sites\/5\/2015\/03\/Slide104.jpg?resize=700%2C400 2x"},"classes":[]},{"id":450,"url":"https:\/\/efagundes.com\/networking\/sistema-de-telefonia-movel\/gprs\/","url_meta":{"origin":486,"position":5},"title":"GPRS","author":"Eduardo Fagundes","date":"17\/11\/2012","format":false,"excerpt":"No GSM, cada canal de RF ocupa uma banda de 200 kHz e transmite um sinal digital com taxa de 270,833 kbit\/s com uma estrutura de quadro (frame) com 8 intervalos de tempo (time slots). Nenhum canal ou slots f\u00edsico est\u00e1 designado a priori para uma tarefa em particular. O\u2026","rel":"","context":"Post similar","block_context":{"text":"Post similar","link":""},"img":{"alt_text":"","src":"https:\/\/i0.wp.com\/efagundes.com\/networking\/wp-content\/uploads\/sites\/5\/2015\/03\/Slide282.jpg?resize=350%2C200","width":350,"height":200,"srcset":"https:\/\/i0.wp.com\/efagundes.com\/networking\/wp-content\/uploads\/sites\/5\/2015\/03\/Slide282.jpg?resize=350%2C200 1x, https:\/\/i0.wp.com\/efagundes.com\/networking\/wp-content\/uploads\/sites\/5\/2015\/03\/Slide282.jpg?resize=525%2C300 1.5x, https:\/\/i0.wp.com\/efagundes.com\/networking\/wp-content\/uploads\/sites\/5\/2015\/03\/Slide282.jpg?resize=700%2C400 2x"},"classes":[]}],"jetpack_sharing_enabled":true,"_links":{"self":[{"href":"https:\/\/efagundes.com\/networking\/wp-json\/wp\/v2\/pages\/486","targetHints":{"allow":["GET"]}}],"collection":[{"href":"https:\/\/efagundes.com\/networking\/wp-json\/wp\/v2\/pages"}],"about":[{"href":"https:\/\/efagundes.com\/networking\/wp-json\/wp\/v2\/types\/page"}],"author":[{"embeddable":true,"href":"https:\/\/efagundes.com\/networking\/wp-json\/wp\/v2\/users\/1"}],"replies":[{"embeddable":true,"href":"https:\/\/efagundes.com\/networking\/wp-json\/wp\/v2\/comments?post=486"}],"version-history":[{"count":0,"href":"https:\/\/efagundes.com\/networking\/wp-json\/wp\/v2\/pages\/486\/revisions"}],"up":[{"embeddable":true,"href":"https:\/\/efagundes.com\/networking\/wp-json\/wp\/v2\/pages\/1333"}],"wp:attachment":[{"href":"https:\/\/efagundes.com\/networking\/wp-json\/wp\/v2\/media?parent=486"}],"curies":[{"name":"wp","href":"https:\/\/api.w.org\/{rel}","templated":true}]}}