{"id":49,"date":"2012-11-16T18:08:18","date_gmt":"2012-11-16T20:08:18","guid":{"rendered":"http:\/\/efagundes.com\/openclass_networking\/?page_id=49"},"modified":"2022-01-16T17:49:42","modified_gmt":"2022-01-16T20:49:42","slug":"aplicacoes-pela-internet-2","status":"publish","type":"page","link":"https:\/\/efagundes.com\/networking\/curso-de-redes-de-computadores\/aplicacoes-pela-internet-2\/","title":{"rendered":"Aplica\u00e7\u00f5es pela Internet"},"content":{"rendered":"<p><a href=\"https:\/\/i0.wp.com\/efagundes.com\/networking\/wp-content\/uploads\/sites\/5\/2015\/03\/Slide2.jpg\"><img data-recalc-dims=\"1\" loading=\"lazy\" decoding=\"async\" data-attachment-id=\"2339\" data-permalink=\"https:\/\/efagundes.com\/networking\/curso-de-redes-de-computadores\/aplicacoes-pela-internet-2\/slide2\/\" data-orig-file=\"https:\/\/i0.wp.com\/efagundes.com\/networking\/wp-content\/uploads\/sites\/5\/2015\/03\/Slide2.jpg?fit=960%2C720&amp;ssl=1\" data-orig-size=\"960,720\" data-comments-opened=\"1\" data-image-meta=\"{&quot;aperture&quot;:&quot;0&quot;,&quot;credit&quot;:&quot;&quot;,&quot;camera&quot;:&quot;&quot;,&quot;caption&quot;:&quot;&quot;,&quot;created_timestamp&quot;:&quot;0&quot;,&quot;copyright&quot;:&quot;&quot;,&quot;focal_length&quot;:&quot;0&quot;,&quot;iso&quot;:&quot;0&quot;,&quot;shutter_speed&quot;:&quot;0&quot;,&quot;title&quot;:&quot;&quot;,&quot;orientation&quot;:&quot;0&quot;}\" data-image-title=\"Slide2\" data-image-description=\"\" data-image-caption=\"\" data-large-file=\"https:\/\/i0.wp.com\/efagundes.com\/networking\/wp-content\/uploads\/sites\/5\/2015\/03\/Slide2.jpg?fit=960%2C720&amp;ssl=1\" class=\"alignnone wp-image-2339\" src=\"https:\/\/i0.wp.com\/efagundes.com\/networking\/wp-content\/uploads\/sites\/5\/2015\/03\/Slide2.jpg?resize=600%2C450\" alt=\"Slide2\" width=\"600\" height=\"450\" srcset=\"https:\/\/i0.wp.com\/efagundes.com\/networking\/wp-content\/uploads\/sites\/5\/2015\/03\/Slide2.jpg?resize=300%2C225&amp;ssl=1 300w, https:\/\/i0.wp.com\/efagundes.com\/networking\/wp-content\/uploads\/sites\/5\/2015\/03\/Slide2.jpg?w=960&amp;ssl=1 960w\" sizes=\"auto, (max-width: 600px) 100vw, 600px\" \/><\/a><\/p>\n<p><strong>T\u00f3picos do capitulo<\/strong><br \/>\n\n<!-- Page-list plugin v.5.9 wordpress.org\/plugins\/page-list\/ -->\n<ul class=\"page-list \">\n<li class=\"page_item page-item-49\"><a href=\"https:\/\/efagundes.com\/networking\/curso-de-redes-de-computadores\/aplicacoes-pela-internet-2\/\">Aplica\u00e7\u00f5es pela Internet<\/a><\/li>\n<li class=\"page_item page-item-51\"><a href=\"https:\/\/efagundes.com\/networking\/curso-de-redes-de-computadores\/business-to-business\/\">Business-to-Business<\/a><\/li>\n<li class=\"page_item page-item-54\"><a href=\"https:\/\/efagundes.com\/networking\/curso-de-redes-de-computadores\/business-to-consumer-b2c\/\">Business-to-Consumer (B2C)<\/a><\/li>\n<li class=\"page_item page-item-59\"><a href=\"https:\/\/efagundes.com\/networking\/curso-de-redes-de-computadores\/usuarios-moveis\/\">Usu\u00e1rios M\u00f3veis<\/a><\/li>\n\n<\/ul><\/p>\n","protected":false},"excerpt":{"rendered":"<p>T\u00f3picos do capitulo<\/p>\n","protected":false},"author":1,"featured_media":0,"parent":9,"menu_order":5,"comment_status":"closed","ping_status":"closed","template":"","meta":{"footnotes":""},"class_list":["post-49","page","type-page","status-publish","hentry"],"jetpack_shortlink":"https:\/\/wp.me\/P8yKGp-N","jetpack-related-posts":[{"id":140,"url":"https:\/\/efagundes.com\/networking\/modelos-de-referencia\/","url_meta":{"origin":49,"position":0},"title":"Modelos de Refer\u00eancia","author":"Eduardo Fagundes","date":"16\/11\/2012","format":false,"excerpt":"O modelo OSI (Open System Interconnection) \u00e9 o padr\u00e3o ISO (International Organization for Standardization) para comunica\u00e7\u00f5es tem o prop\u00f3sito de padronizar a comunica\u00e7\u00e3o entre sistemas de processamento heterog\u00eaneos, que vem sendo utilizado em diversas aplica\u00e7\u00f5es, por v\u00e1rios organismos normativos. O modelo OSI define uma estrutura homologada internacionalmente para a implementa\u00e7\u00e3o\u2026","rel":"","context":"Post similar","block_context":{"text":"Post similar","link":""},"img":{"alt_text":"Slide1","src":"https:\/\/i0.wp.com\/efagundes.com\/networking\/wp-content\/uploads\/sites\/5\/2015\/03\/Slide110.jpg?resize=350%2C200","width":350,"height":200,"srcset":"https:\/\/i0.wp.com\/efagundes.com\/networking\/wp-content\/uploads\/sites\/5\/2015\/03\/Slide110.jpg?resize=350%2C200 1x, https:\/\/i0.wp.com\/efagundes.com\/networking\/wp-content\/uploads\/sites\/5\/2015\/03\/Slide110.jpg?resize=525%2C300 1.5x, https:\/\/i0.wp.com\/efagundes.com\/networking\/wp-content\/uploads\/sites\/5\/2015\/03\/Slide110.jpg?resize=700%2C400 2x"},"classes":[]},{"id":9,"url":"https:\/\/efagundes.com\/networking\/curso-de-redes-de-computadores\/","url_meta":{"origin":49,"position":1},"title":"Uso de Redes de Computadores","author":"Eduardo Fagundes","date":"16\/11\/2012","format":false,"excerpt":"Antes de come\u00e7armos o estudo das quest\u00f5es t\u00e9cnicas de redes e transmiss\u00e3o de dados \u00e9 interessante entender a import\u00e2ncia das redes de computadores nas empresas e na vida das pessoas. Muitas empresas t\u00eam um n\u00famero significativo de computadores. Inicialmente, esses computadores funcionavam isoladamente, mas em um determinado momento, a ger\u00eancia\u2026","rel":"","context":"Post similar","block_context":{"text":"Post similar","link":""},"img":{"alt_text":"Slide1","src":"https:\/\/i0.wp.com\/efagundes.com\/networking\/wp-content\/uploads\/sites\/5\/2015\/03\/Slide1.jpg?resize=350%2C200","width":350,"height":200,"srcset":"https:\/\/i0.wp.com\/efagundes.com\/networking\/wp-content\/uploads\/sites\/5\/2015\/03\/Slide1.jpg?resize=350%2C200 1x, https:\/\/i0.wp.com\/efagundes.com\/networking\/wp-content\/uploads\/sites\/5\/2015\/03\/Slide1.jpg?resize=525%2C300 1.5x"},"classes":[]},{"id":1001,"url":"https:\/\/efagundes.com\/networking\/comutacao\/","url_meta":{"origin":49,"position":2},"title":"Comuta\u00e7\u00e3o","author":"Eduardo Fagundes","date":"18\/11\/2012","format":false,"excerpt":"T\u00f3picos do capitulo","rel":"","context":"Post similar","block_context":{"text":"Post similar","link":""},"img":{"alt_text":"Slide1","src":"https:\/\/i0.wp.com\/efagundes.com\/networking\/wp-content\/uploads\/sites\/5\/2015\/03\/Slide118.jpg?resize=350%2C200","width":350,"height":200,"srcset":"https:\/\/i0.wp.com\/efagundes.com\/networking\/wp-content\/uploads\/sites\/5\/2015\/03\/Slide118.jpg?resize=350%2C200 1x, https:\/\/i0.wp.com\/efagundes.com\/networking\/wp-content\/uploads\/sites\/5\/2015\/03\/Slide118.jpg?resize=525%2C300 1.5x, https:\/\/i0.wp.com\/efagundes.com\/networking\/wp-content\/uploads\/sites\/5\/2015\/03\/Slide118.jpg?resize=700%2C400 2x"},"classes":[]},{"id":635,"url":"https:\/\/efagundes.com\/networking\/ethernet-2\/","url_meta":{"origin":49,"position":3},"title":"Ethernet","author":"Eduardo Fagundes","date":"17\/11\/2012","format":false,"excerpt":"T\u00f3picos do capitulo","rel":"","context":"Post similar","block_context":{"text":"Post similar","link":""},"img":{"alt_text":"","src":"https:\/\/i0.wp.com\/efagundes.com\/networking\/wp-content\/uploads\/sites\/5\/2015\/03\/Slide313.jpg?resize=350%2C200","width":350,"height":200,"srcset":"https:\/\/i0.wp.com\/efagundes.com\/networking\/wp-content\/uploads\/sites\/5\/2015\/03\/Slide313.jpg?resize=350%2C200 1x, https:\/\/i0.wp.com\/efagundes.com\/networking\/wp-content\/uploads\/sites\/5\/2015\/03\/Slide313.jpg?resize=525%2C300 1.5x, https:\/\/i0.wp.com\/efagundes.com\/networking\/wp-content\/uploads\/sites\/5\/2015\/03\/Slide313.jpg?resize=700%2C400 2x"},"classes":[]},{"id":1333,"url":"https:\/\/efagundes.com\/networking\/multiplexacao-2\/","url_meta":{"origin":49,"position":4},"title":"Multiplexa\u00e7\u00e3o","author":"Eduardo Fagundes","date":"19\/11\/2012","format":false,"excerpt":"T\u00f3picos do capitulo","rel":"","context":"Post similar","block_context":{"text":"Post similar","link":""},"img":{"alt_text":"Slide1","src":"https:\/\/i0.wp.com\/efagundes.com\/networking\/wp-content\/uploads\/sites\/5\/2015\/03\/Slide118.jpg?resize=350%2C200","width":350,"height":200,"srcset":"https:\/\/i0.wp.com\/efagundes.com\/networking\/wp-content\/uploads\/sites\/5\/2015\/03\/Slide118.jpg?resize=350%2C200 1x, https:\/\/i0.wp.com\/efagundes.com\/networking\/wp-content\/uploads\/sites\/5\/2015\/03\/Slide118.jpg?resize=525%2C300 1.5x, https:\/\/i0.wp.com\/efagundes.com\/networking\/wp-content\/uploads\/sites\/5\/2015\/03\/Slide118.jpg?resize=700%2C400 2x"},"classes":[]},{"id":956,"url":"https:\/\/efagundes.com\/networking\/banda-larga\/","url_meta":{"origin":49,"position":5},"title":"Banda Larga","author":"Eduardo Fagundes","date":"18\/11\/2012","format":false,"excerpt":"T\u00f3picos do capitulo","rel":"","context":"Post similar","block_context":{"text":"Post similar","link":""},"img":{"alt_text":"Slide1","src":"https:\/\/i0.wp.com\/efagundes.com\/networking\/wp-content\/uploads\/sites\/5\/2012\/11\/Slide1.jpg?resize=350%2C200","width":350,"height":200,"srcset":"https:\/\/i0.wp.com\/efagundes.com\/networking\/wp-content\/uploads\/sites\/5\/2012\/11\/Slide1.jpg?resize=350%2C200 1x, https:\/\/i0.wp.com\/efagundes.com\/networking\/wp-content\/uploads\/sites\/5\/2012\/11\/Slide1.jpg?resize=525%2C300 1.5x, https:\/\/i0.wp.com\/efagundes.com\/networking\/wp-content\/uploads\/sites\/5\/2012\/11\/Slide1.jpg?resize=700%2C400 2x"},"classes":[]}],"jetpack_sharing_enabled":true,"_links":{"self":[{"href":"https:\/\/efagundes.com\/networking\/wp-json\/wp\/v2\/pages\/49","targetHints":{"allow":["GET"]}}],"collection":[{"href":"https:\/\/efagundes.com\/networking\/wp-json\/wp\/v2\/pages"}],"about":[{"href":"https:\/\/efagundes.com\/networking\/wp-json\/wp\/v2\/types\/page"}],"author":[{"embeddable":true,"href":"https:\/\/efagundes.com\/networking\/wp-json\/wp\/v2\/users\/1"}],"replies":[{"embeddable":true,"href":"https:\/\/efagundes.com\/networking\/wp-json\/wp\/v2\/comments?post=49"}],"version-history":[{"count":0,"href":"https:\/\/efagundes.com\/networking\/wp-json\/wp\/v2\/pages\/49\/revisions"}],"up":[{"embeddable":true,"href":"https:\/\/efagundes.com\/networking\/wp-json\/wp\/v2\/pages\/9"}],"wp:attachment":[{"href":"https:\/\/efagundes.com\/networking\/wp-json\/wp\/v2\/media?parent=49"}],"curies":[{"name":"wp","href":"https:\/\/api.w.org\/{rel}","templated":true}]}}