{"id":492,"date":"2012-11-17T11:30:38","date_gmt":"2012-11-17T13:30:38","guid":{"rendered":"http:\/\/efagundes.com\/openclass_networking\/?page_id=492"},"modified":"2022-01-16T17:51:16","modified_gmt":"2022-01-16T20:51:16","slug":"sonet","status":"publish","type":"page","link":"https:\/\/efagundes.com\/networking\/multiplexacao-2\/sonet\/","title":{"rendered":"SONET"},"content":{"rendered":"<p><a href=\"https:\/\/i0.wp.com\/efagundes.com\/networking\/wp-content\/uploads\/sites\/5\/2015\/03\/Slide85.jpg\"><img data-recalc-dims=\"1\" loading=\"lazy\" decoding=\"async\" data-attachment-id=\"2494\" data-permalink=\"https:\/\/efagundes.com\/networking\/multiplexacao-2\/sonet\/slide8-6\/\" data-orig-file=\"https:\/\/i0.wp.com\/efagundes.com\/networking\/wp-content\/uploads\/sites\/5\/2015\/03\/Slide85.jpg?fit=960%2C720&amp;ssl=1\" data-orig-size=\"960,720\" data-comments-opened=\"1\" data-image-meta=\"{&quot;aperture&quot;:&quot;0&quot;,&quot;credit&quot;:&quot;&quot;,&quot;camera&quot;:&quot;&quot;,&quot;caption&quot;:&quot;&quot;,&quot;created_timestamp&quot;:&quot;0&quot;,&quot;copyright&quot;:&quot;&quot;,&quot;focal_length&quot;:&quot;0&quot;,&quot;iso&quot;:&quot;0&quot;,&quot;shutter_speed&quot;:&quot;0&quot;,&quot;title&quot;:&quot;&quot;,&quot;orientation&quot;:&quot;0&quot;}\" data-image-title=\"Slide8\" data-image-description=\"\" data-image-caption=\"\" data-large-file=\"https:\/\/i0.wp.com\/efagundes.com\/networking\/wp-content\/uploads\/sites\/5\/2015\/03\/Slide85.jpg?fit=960%2C720&amp;ssl=1\" class=\"alignnone size-full wp-image-2494\" src=\"https:\/\/i0.wp.com\/efagundes.com\/networking\/wp-content\/uploads\/sites\/5\/2015\/03\/Slide85.jpg?resize=960%2C720\" alt=\"Slide8\" width=\"960\" height=\"720\" srcset=\"https:\/\/i0.wp.com\/efagundes.com\/networking\/wp-content\/uploads\/sites\/5\/2015\/03\/Slide85.jpg?w=960&amp;ssl=1 960w, https:\/\/i0.wp.com\/efagundes.com\/networking\/wp-content\/uploads\/sites\/5\/2015\/03\/Slide85.jpg?resize=300%2C225&amp;ssl=1 300w\" sizes=\"auto, (max-width: 960px) 100vw, 960px\" \/><\/a><\/p>\n<p>O projeto SONET tem quadro objetivos principais. O primeiro, a SONET tinha de tornar poss\u00edvel a interliga\u00e7\u00e3o de diferentes concession\u00e1rias em rede. A concretiza\u00e7\u00e3o desse objetivo exigia a defini\u00e7\u00e3o de um padr\u00e3o de sinaliza\u00e7\u00e3o comum relacionado a comprimento de onda, sincroniza\u00e7\u00e3o, estrutura de enquadramento e outras quest\u00f5es.<\/p>\n<p>Em segundo lugar, foram necess\u00e1rios alguns meio para unificar os sistemas digitais dos Estados Unidos, Europa e Jap\u00e3o, todos baseados em canais PCM de 64 kbps, mas todos combinados de formas diferentes (e incompat\u00edveis).<\/p>\n<p>Em terceiro lugar, a SONET teve de proporcionar um modo de multiplexar v\u00e1rios canais digitais. Em quarto lugar, a SONET tinha de oferecer recursos de opera\u00e7\u00e3o, administra\u00e7\u00e3o e manuten\u00e7\u00e3o.<\/p>\n<p>Uma decis\u00e3o inicial foi tornar a SONET um sistema TDM tradicional, com toda a largura de banda da fibra dedicada a um \u00fanico canal contendo slots de tempo para os diversos subcanais. Portanto, a SONET \u00e9 um sistema s\u00edncrono, controlado por um rel\u00f3gio mestre, cuja precis\u00e3o \u00e9 de aproximadamente uma parte em 10<sup>9<\/sup>. Os bits em uma linha SONET s\u00e3o transmitidos a intervalos extremamente precisos, controlados pelo rel\u00f3gio mestre.<\/p>\n<p>O quadro b\u00e1sico da SONET \u00e9 um bloco de 810 bytes, transmitido a cada 125 \u00b5s. Tendo em vista que a SONET \u00e9 s\u00edncrona, os quadros s\u00e3o emitidos independente de haver ou n\u00e3o dados \u00fateis a enviar. A taxa de 8.000 quadros\/s corresponde exatamente \u00e0 taxa de amostragem dos canais PCM utilizados em todos os sistemas de telefonia digital.<\/p>\n<p>&nbsp;<\/p>\n","protected":false},"excerpt":{"rendered":"<p>O projeto SONET tem quadro objetivos principais. O primeiro, a SONET tinha de tornar poss\u00edvel a interliga\u00e7\u00e3o de diferentes concession\u00e1rias em rede. A concretiza\u00e7\u00e3o desse objetivo exigia a defini\u00e7\u00e3o de um padr\u00e3o de sinaliza\u00e7\u00e3o comum relacionado a comprimento de onda, sincroniza\u00e7\u00e3o, estrutura de enquadramento e outras quest\u00f5es. Em segundo lugar, foram necess\u00e1rios alguns meio para [&hellip;]<\/p>\n","protected":false},"author":1,"featured_media":0,"parent":1333,"menu_order":12,"comment_status":"closed","ping_status":"open","template":"","meta":{"footnotes":""},"class_list":["post-492","page","type-page","status-publish","hentry"],"jetpack_shortlink":"https:\/\/wp.me\/P8yKGp-7W","jetpack-related-posts":[{"id":490,"url":"https:\/\/efagundes.com\/networking\/multiplexacao-2\/sdh-sonet\/","url_meta":{"origin":492,"position":0},"title":"SDH-SONET","author":"Eduardo Fagundes","date":"17\/11\/2012","format":false,"excerpt":"No in\u00edcio da utiliza\u00e7\u00e3o da fibra \u00f3ptica, cada companhia telef\u00f4nica tinha seu pr\u00f3prio padr\u00e3o de multiplexa\u00e7\u00e3o TDM patenteado. Depois que a AT&T foi desmembrada em 1984, as companhias telef\u00f4nicas tiveram que padronizar seus sistemas para permitir a interconex\u00e3o para chamadas de longas dist\u00e2ncias. Em 1985, a Bellcore, a unidade de\u2026","rel":"","context":"Post similar","block_context":{"text":"Post similar","link":""},"img":{"alt_text":"Slide7","src":"https:\/\/i0.wp.com\/efagundes.com\/networking\/wp-content\/uploads\/sites\/5\/2015\/03\/Slide75.jpg?resize=350%2C200","width":350,"height":200,"srcset":"https:\/\/i0.wp.com\/efagundes.com\/networking\/wp-content\/uploads\/sites\/5\/2015\/03\/Slide75.jpg?resize=350%2C200 1x, https:\/\/i0.wp.com\/efagundes.com\/networking\/wp-content\/uploads\/sites\/5\/2015\/03\/Slide75.jpg?resize=525%2C300 1.5x, https:\/\/i0.wp.com\/efagundes.com\/networking\/wp-content\/uploads\/sites\/5\/2015\/03\/Slide75.jpg?resize=700%2C400 2x"},"classes":[]},{"id":494,"url":"https:\/\/efagundes.com\/networking\/multiplexacao-2\/sonet-capacidade-de-transporte\/","url_meta":{"origin":492,"position":1},"title":"SONET &#8211; capacidade de transporte","author":"Eduardo Fagundes","date":"17\/11\/2012","format":false,"excerpt":"Os quadros de 810 bytes da SONET s\u00e3o mais bem descritos como um ret\u00e2ngulo de bytes, com 90 colunas de largura por nove linhas de altura. Desse modo, 8 x 810 = 6.480 bits s\u00e3o transmitidos oito mil vezes por segundo, o que resulta em uma taxa de dados bruta\u2026","rel":"","context":"Post similar","block_context":{"text":"Post similar","link":""},"img":{"alt_text":"Slide9","src":"https:\/\/i0.wp.com\/efagundes.com\/networking\/wp-content\/uploads\/sites\/5\/2015\/03\/Slide95.jpg?resize=350%2C200","width":350,"height":200,"srcset":"https:\/\/i0.wp.com\/efagundes.com\/networking\/wp-content\/uploads\/sites\/5\/2015\/03\/Slide95.jpg?resize=350%2C200 1x, https:\/\/i0.wp.com\/efagundes.com\/networking\/wp-content\/uploads\/sites\/5\/2015\/03\/Slide95.jpg?resize=525%2C300 1.5x, https:\/\/i0.wp.com\/efagundes.com\/networking\/wp-content\/uploads\/sites\/5\/2015\/03\/Slide95.jpg?resize=700%2C400 2x"},"classes":[]},{"id":505,"url":"https:\/\/efagundes.com\/networking\/multiplexacao-2\/evolucao-do-transporte-ip-por-fibra-optica\/","url_meta":{"origin":492,"position":2},"title":"Evolu\u00e7\u00e3o do transporte IP por fibra \u00f3ptica","author":"Eduardo Fagundes","date":"17\/11\/2012","format":false,"excerpt":"Transporte IP. Em uma rede geograficamente distribu\u00edda (WAN) ou atrav\u00e9s da Internet, o tr\u00e1fego IP \u00e9 largamente transportado em canais SONET\/SDH, utilizando redes ATM para o gerenciamento da camada ou utilizando SONET diretamente. No futuro \u00e9 esperado que o IP seja transportado diretamente sobre fibras \u00f3pticas utilizando DWDM, como mostra\u2026","rel":"","context":"Post similar","block_context":{"text":"Post similar","link":""},"img":{"alt_text":"Slide13","src":"https:\/\/i0.wp.com\/efagundes.com\/networking\/wp-content\/uploads\/sites\/5\/2015\/03\/Slide135.jpg?resize=350%2C200","width":350,"height":200,"srcset":"https:\/\/i0.wp.com\/efagundes.com\/networking\/wp-content\/uploads\/sites\/5\/2015\/03\/Slide135.jpg?resize=350%2C200 1x, https:\/\/i0.wp.com\/efagundes.com\/networking\/wp-content\/uploads\/sites\/5\/2015\/03\/Slide135.jpg?resize=525%2C300 1.5x, https:\/\/i0.wp.com\/efagundes.com\/networking\/wp-content\/uploads\/sites\/5\/2015\/03\/Slide135.jpg?resize=700%2C400 2x"},"classes":[]},{"id":86,"url":"https:\/\/efagundes.com\/networking\/hardware-de-rede\/redes-metropolitanas\/","url_meta":{"origin":492,"position":3},"title":"Redes metropolitanas","author":"Eduardo Fagundes","date":"16\/11\/2012","format":false,"excerpt":"Uma \"Metropolitan Area Network\" \u00e9 basicamente uma WAN com dimens\u00f5es reduzidas, geralmente faz a interliga\u00e7\u00e3o de redes locais. A \u00e1rea abrangida corresponde no m\u00e1ximo a uma cidade. S\u00e3o usadas por exemplo para interligar v\u00e1rios edif\u00edcios afins espalhados na cidade. As operadoras de telecomunica\u00e7\u00f5es tamb\u00e9m utilizam as MANs para as conex\u00f5es\u2026","rel":"","context":"Post similar","block_context":{"text":"Post similar","link":""},"img":{"alt_text":"Slide17","src":"https:\/\/i0.wp.com\/efagundes.com\/networking\/wp-content\/uploads\/sites\/5\/2015\/03\/Slide17.jpg?resize=350%2C200","width":350,"height":200,"srcset":"https:\/\/i0.wp.com\/efagundes.com\/networking\/wp-content\/uploads\/sites\/5\/2015\/03\/Slide17.jpg?resize=350%2C200 1x, https:\/\/i0.wp.com\/efagundes.com\/networking\/wp-content\/uploads\/sites\/5\/2015\/03\/Slide17.jpg?resize=525%2C300 1.5x, https:\/\/i0.wp.com\/efagundes.com\/networking\/wp-content\/uploads\/sites\/5\/2015\/03\/Slide17.jpg?resize=700%2C400 2x"},"classes":[]},{"id":163,"url":"https:\/\/efagundes.com\/networking\/redes-geograficamente-distribuidas\/asynchronous-transfer-mode-atm\/","url_meta":{"origin":492,"position":4},"title":"Asynchronous Transfer Mode (ATM)","author":"Eduardo Fagundes","date":"16\/11\/2012","format":false,"excerpt":"O ATM (Asynchronous Transfer Mode) \u00e9 uma tecnologia de rede tanto para redes locais como para redes geograficamente distribu\u00eddas (LANs e WANs) que suporta voz em tempo real, bem como v\u00eddeo e dados. A topologia usa comutadores que estabelecem um circuito l\u00f3gico fim-a-fim que garante a qualidade de servi\u00e7o na\u2026","rel":"","context":"Post similar","block_context":{"text":"Post similar","link":""},"img":{"alt_text":"","src":"https:\/\/i0.wp.com\/efagundes.com.br\/networking\/wp-content\/uploads\/sites\/7\/2012\/11\/Slide101.jpg?resize=350%2C200","width":350,"height":200,"srcset":"https:\/\/i0.wp.com\/efagundes.com.br\/networking\/wp-content\/uploads\/sites\/7\/2012\/11\/Slide101.jpg?resize=350%2C200 1x, https:\/\/i0.wp.com\/efagundes.com.br\/networking\/wp-content\/uploads\/sites\/7\/2012\/11\/Slide101.jpg?resize=525%2C300 1.5x"},"classes":[]},{"id":172,"url":"https:\/\/efagundes.com\/networking\/redes-geograficamente-distribuidas\/a-internet-2\/","url_meta":{"origin":492,"position":5},"title":"A Internet 2","author":"Eduardo Fagundes","date":"16\/11\/2012","format":false,"excerpt":"O projeto da Internet2 \u00e9 um esfor\u00e7o conjunto de mais de 200 universidades norte-americanas, agencias federais americanas e empresas do setor privado para desenvolver uma nova gera\u00e7\u00e3o de Internet para pesquisas e educa\u00e7\u00e3o, incluindo tanto servi\u00e7os de redes melhorados como aplica\u00e7\u00f5es multim\u00eddia que ser\u00e3o ativadas por estes servi\u00e7os. O trabalho\u2026","rel":"","context":"Post similar","block_context":{"text":"Post similar","link":""},"img":{"alt_text":"Slide13","src":"https:\/\/i0.wp.com\/efagundes.com\/networking\/wp-content\/uploads\/sites\/5\/2015\/03\/Slide131.jpg?resize=350%2C200","width":350,"height":200,"srcset":"https:\/\/i0.wp.com\/efagundes.com\/networking\/wp-content\/uploads\/sites\/5\/2015\/03\/Slide131.jpg?resize=350%2C200 1x, https:\/\/i0.wp.com\/efagundes.com\/networking\/wp-content\/uploads\/sites\/5\/2015\/03\/Slide131.jpg?resize=525%2C300 1.5x, https:\/\/i0.wp.com\/efagundes.com\/networking\/wp-content\/uploads\/sites\/5\/2015\/03\/Slide131.jpg?resize=700%2C400 2x"},"classes":[]}],"jetpack_sharing_enabled":true,"_links":{"self":[{"href":"https:\/\/efagundes.com\/networking\/wp-json\/wp\/v2\/pages\/492","targetHints":{"allow":["GET"]}}],"collection":[{"href":"https:\/\/efagundes.com\/networking\/wp-json\/wp\/v2\/pages"}],"about":[{"href":"https:\/\/efagundes.com\/networking\/wp-json\/wp\/v2\/types\/page"}],"author":[{"embeddable":true,"href":"https:\/\/efagundes.com\/networking\/wp-json\/wp\/v2\/users\/1"}],"replies":[{"embeddable":true,"href":"https:\/\/efagundes.com\/networking\/wp-json\/wp\/v2\/comments?post=492"}],"version-history":[{"count":0,"href":"https:\/\/efagundes.com\/networking\/wp-json\/wp\/v2\/pages\/492\/revisions"}],"up":[{"embeddable":true,"href":"https:\/\/efagundes.com\/networking\/wp-json\/wp\/v2\/pages\/1333"}],"wp:attachment":[{"href":"https:\/\/efagundes.com\/networking\/wp-json\/wp\/v2\/media?parent=492"}],"curies":[{"name":"wp","href":"https:\/\/api.w.org\/{rel}","templated":true}]}}