{"id":507,"date":"2012-11-17T11:46:22","date_gmt":"2012-11-17T13:46:22","guid":{"rendered":"http:\/\/efagundes.com\/openclass_networking\/?page_id=507"},"modified":"2022-01-16T17:51:18","modified_gmt":"2022-01-16T20:51:18","slug":"comutacao-de-circuitos","status":"publish","type":"page","link":"https:\/\/efagundes.com\/networking\/comutacao\/comutacao-de-circuitos\/","title":{"rendered":"Comuta\u00e7\u00e3o de circuitos"},"content":{"rendered":"<p>&nbsp;<\/p>\n<p><a href=\"https:\/\/i0.wp.com\/efagundes.com\/networking\/wp-content\/uploads\/sites\/5\/2015\/03\/Slide145.jpg\"><img data-recalc-dims=\"1\" loading=\"lazy\" decoding=\"async\" data-attachment-id=\"2500\" data-permalink=\"https:\/\/efagundes.com\/networking\/comutacao\/comutacao-de-circuitos\/slide14-6\/\" data-orig-file=\"https:\/\/i0.wp.com\/efagundes.com\/networking\/wp-content\/uploads\/sites\/5\/2015\/03\/Slide145.jpg?fit=960%2C720&amp;ssl=1\" data-orig-size=\"960,720\" data-comments-opened=\"1\" data-image-meta=\"{&quot;aperture&quot;:&quot;0&quot;,&quot;credit&quot;:&quot;&quot;,&quot;camera&quot;:&quot;&quot;,&quot;caption&quot;:&quot;&quot;,&quot;created_timestamp&quot;:&quot;0&quot;,&quot;copyright&quot;:&quot;&quot;,&quot;focal_length&quot;:&quot;0&quot;,&quot;iso&quot;:&quot;0&quot;,&quot;shutter_speed&quot;:&quot;0&quot;,&quot;title&quot;:&quot;&quot;,&quot;orientation&quot;:&quot;0&quot;}\" data-image-title=\"Slide14\" data-image-description=\"\" data-image-caption=\"\" data-large-file=\"https:\/\/i0.wp.com\/efagundes.com\/networking\/wp-content\/uploads\/sites\/5\/2015\/03\/Slide145.jpg?fit=960%2C720&amp;ssl=1\" class=\"alignnone size-full wp-image-2500\" src=\"https:\/\/i0.wp.com\/efagundes.com\/networking\/wp-content\/uploads\/sites\/5\/2015\/03\/Slide145.jpg?resize=960%2C720\" alt=\"Slide14\" width=\"960\" height=\"720\" srcset=\"https:\/\/i0.wp.com\/efagundes.com\/networking\/wp-content\/uploads\/sites\/5\/2015\/03\/Slide145.jpg?w=960&amp;ssl=1 960w, https:\/\/i0.wp.com\/efagundes.com\/networking\/wp-content\/uploads\/sites\/5\/2015\/03\/Slide145.jpg?resize=300%2C225&amp;ssl=1 300w\" sizes=\"auto, (max-width: 960px) 100vw, 960px\" \/><\/a><\/p>\n<p>Quando voc\u00ea ou seu computador efetua uma chamada telef\u00f4nica, o equipamento de comuta\u00e7\u00e3o do sistema telef\u00f4nico procura um caminha f\u00edsico desde o seu telefone at\u00e9 o telefone do receptor. Essa t\u00e9cnica, chamada comuta\u00e7\u00e3o de circuitos, \u00e9 apresentada na figura (a).<\/p>\n<p>Esse dispositivo foi inventado por um agente funer\u00e1rio do s\u00e9culo XIX, Almon B. Strowger. Logo depois que o telefone foi inventado, quando uma pessoa morria, algu\u00e9m ligava para a telefonista e dizia: \u201cPor favor, ligue-me com um agente funer\u00e1rio\u201d. Infelizmente para Strowger, havia dois agentes funer\u00e1rios em sua cidade, e a esposa do outro agente era a telefonista da cidade. Ele percebeu rapidamente que teria que inventar um equipamento autom\u00e1tico de comuta\u00e7\u00e3o telef\u00f4nica ou seu neg\u00f3cio iria \u00e0 fal\u00eancia.<\/p>\n<p>A alternativa para a comuta\u00e7\u00e3o de circuitos \u00e9 a comuta\u00e7\u00e3o de pacotes, mostrada na figura (b). Com essa tecnologia, pacotes individuais s\u00e3o enviados conforme necess\u00e1rio, sem a configura\u00e7\u00e3o com anteced\u00eancia de qualquer caminho dedicado. Cabe a cada pacote descobrir sozinho seu caminho at\u00e9 o destino.<\/p>\n<p>As redes de comuta\u00e7\u00e3o de pacotes imp\u00f5em um limite m\u00e1ximo restrito sobre o tamanho do bloco, permitindo que os pacotes sejam armazenados temporariamente na mem\u00f3ria principal do roteador e n\u00e3o em um disco. Assegurando que nenhum usu\u00e1rio poder\u00e1 monopolizar uma linha de transmiss\u00e3o muito tempo, as redes de comuta\u00e7\u00e3o de pacotes se adequam bem \u00e0 manipula\u00e7\u00e3o de tr\u00e1fego interativo.<\/p>\n<p>&nbsp;<\/p>\n","protected":false},"excerpt":{"rendered":"<p>&nbsp; Quando voc\u00ea ou seu computador efetua uma chamada telef\u00f4nica, o equipamento de comuta\u00e7\u00e3o do sistema telef\u00f4nico procura um caminha f\u00edsico desde o seu telefone at\u00e9 o telefone do receptor. Essa t\u00e9cnica, chamada comuta\u00e7\u00e3o de circuitos, \u00e9 apresentada na figura (a). Esse dispositivo foi inventado por um agente funer\u00e1rio do s\u00e9culo XIX, Almon B. Strowger. [&hellip;]<\/p>\n","protected":false},"author":1,"featured_media":0,"parent":1001,"menu_order":139,"comment_status":"closed","ping_status":"open","template":"","meta":{"footnotes":""},"class_list":["post-507","page","type-page","status-publish","hentry"],"jetpack_shortlink":"https:\/\/wp.me\/P8yKGp-8b","jetpack-related-posts":[{"id":404,"url":"https:\/\/efagundes.com\/networking\/sistema-telefonico\/estrutura-do-sistema-telefonico-i\/","url_meta":{"origin":507,"position":0},"title":"Estrutura do sistema telef\u00f4nico (I)","author":"Eduardo Fagundes","date":"17\/11\/2012","format":false,"excerpt":"\u00a0 Quando Alexander Graham Bell patenteou o telefone em 1876 existia uma grande demanda por novas inven\u00e7\u00f5es. Inicialmente, os telefones eram comercializados aos pares, ou seja, o cliente comprava um par de telefones e tamb\u00e9m o cabo para conecta-los. Utilizava-se apenas um fio e o retorno dos el\u00e9trons era feito\u2026","rel":"","context":"Post similar","block_context":{"text":"Post similar","link":""},"img":{"alt_text":"Slide6","src":"https:\/\/i0.wp.com\/efagundes.com\/networking\/wp-content\/uploads\/sites\/5\/2015\/03\/Slide64.jpg?resize=350%2C200","width":350,"height":200,"srcset":"https:\/\/i0.wp.com\/efagundes.com\/networking\/wp-content\/uploads\/sites\/5\/2015\/03\/Slide64.jpg?resize=350%2C200 1x, https:\/\/i0.wp.com\/efagundes.com\/networking\/wp-content\/uploads\/sites\/5\/2015\/03\/Slide64.jpg?resize=525%2C300 1.5x, https:\/\/i0.wp.com\/efagundes.com\/networking\/wp-content\/uploads\/sites\/5\/2015\/03\/Slide64.jpg?resize=700%2C400 2x"},"classes":[]},{"id":509,"url":"https:\/\/efagundes.com\/networking\/comutacao\/comutacao-de-mensagens\/","url_meta":{"origin":507,"position":1},"title":"Comuta\u00e7\u00e3o de mensagens","author":"Eduardo Fagundes","date":"17\/11\/2012","format":false,"excerpt":"Uma estrat\u00e9gia alternativa de comuta\u00e7\u00e3o \u00e9 a comuta\u00e7\u00e3o de mensagens, mostrada na figura ( c) acima. Quando essa forma de comuta\u00e7\u00e3o \u00e9 usada, nenhum caminho f\u00edsico \u00e9 estabelecido com anteced\u00eancia entre o transmissor e o receptor. Em vez disso, quando o transmissor tem um bloco de dados a ser enviado,\u2026","rel":"","context":"Post similar","block_context":{"text":"Post similar","link":""},"img":{"alt_text":"Slide15","src":"https:\/\/i0.wp.com\/efagundes.com\/networking\/wp-content\/uploads\/sites\/5\/2015\/03\/Slide154.jpg?resize=350%2C200","width":350,"height":200,"srcset":"https:\/\/i0.wp.com\/efagundes.com\/networking\/wp-content\/uploads\/sites\/5\/2015\/03\/Slide154.jpg?resize=350%2C200 1x, https:\/\/i0.wp.com\/efagundes.com\/networking\/wp-content\/uploads\/sites\/5\/2015\/03\/Slide154.jpg?resize=525%2C300 1.5x, https:\/\/i0.wp.com\/efagundes.com\/networking\/wp-content\/uploads\/sites\/5\/2015\/03\/Slide154.jpg?resize=700%2C400 2x"},"classes":[]},{"id":406,"url":"https:\/\/efagundes.com\/networking\/sistema-telefonico\/estrutura-do-sistema-telefonico-ii\/","url_meta":{"origin":507,"position":2},"title":"Estrutura do sistema telef\u00f4nico (II)","author":"Eduardo Fagundes","date":"17\/11\/2012","format":false,"excerpt":"Em 1890, era poss\u00edvel notar a presen\u00e7a das tr\u00eas principais partes do sistema telef\u00f4nico: as esta\u00e7\u00f5es de comuta\u00e7\u00e3o, os fios que ligavam os usu\u00e1rios \u00e0s esta\u00e7\u00f5es de comuta\u00e7\u00e3o (agora j\u00e1 operando com cabos de pares tran\u00e7ados, isolados e balanceados em vez de cabos abertos com retorno por terra) e as\u2026","rel":"","context":"Post similar","block_context":{"text":"Post similar","link":""},"img":{"alt_text":"Slide7","src":"https:\/\/i0.wp.com\/efagundes.com\/networking\/wp-content\/uploads\/sites\/5\/2015\/03\/Slide74.jpg?resize=350%2C200","width":350,"height":200,"srcset":"https:\/\/i0.wp.com\/efagundes.com\/networking\/wp-content\/uploads\/sites\/5\/2015\/03\/Slide74.jpg?resize=350%2C200 1x, https:\/\/i0.wp.com\/efagundes.com\/networking\/wp-content\/uploads\/sites\/5\/2015\/03\/Slide74.jpg?resize=525%2C300 1.5x, https:\/\/i0.wp.com\/efagundes.com\/networking\/wp-content\/uploads\/sites\/5\/2015\/03\/Slide74.jpg?resize=700%2C400 2x"},"classes":[]},{"id":511,"url":"https:\/\/efagundes.com\/networking\/comutacao\/comutacao-por-circuitos-versus-por-pacotes\/","url_meta":{"origin":507,"position":3},"title":"Comuta\u00e7\u00e3o por circuitos versus por pacotes","author":"Eduardo Fagundes","date":"17\/11\/2012","format":false,"excerpt":"","rel":"","context":"Post similar","block_context":{"text":"Post similar","link":""},"img":{"alt_text":"Slide16","src":"https:\/\/i0.wp.com\/efagundes.com\/networking\/wp-content\/uploads\/sites\/5\/2015\/03\/Slide164.jpg?resize=350%2C200","width":350,"height":200,"srcset":"https:\/\/i0.wp.com\/efagundes.com\/networking\/wp-content\/uploads\/sites\/5\/2015\/03\/Slide164.jpg?resize=350%2C200 1x, https:\/\/i0.wp.com\/efagundes.com\/networking\/wp-content\/uploads\/sites\/5\/2015\/03\/Slide164.jpg?resize=525%2C300 1.5x, https:\/\/i0.wp.com\/efagundes.com\/networking\/wp-content\/uploads\/sites\/5\/2015\/03\/Slide164.jpg?resize=700%2C400 2x"},"classes":[]},{"id":731,"url":"https:\/\/efagundes.com\/networking\/a-camada-de-rede\/comutacao-de-pacotes-store-and-forward\/","url_meta":{"origin":507,"position":4},"title":"Comuta\u00e7\u00e3o de pacotes store-and-forward","author":"Eduardo Fagundes","date":"18\/11\/2012","format":false,"excerpt":"Dentro do contexto em que operam os protocolos da camada rede, os principais componentes s\u00e3o o equipamento do provedor de telecomunica\u00e7\u00f5es (roteadores conectados por linhas de transmiss\u00e3o), apresentados na elipse sombreada da figura, e o equipamento dos clientes mostrados fora da elipse. O host H1 est\u00e1 diretamente conectado a um\u2026","rel":"","context":"Post similar","block_context":{"text":"Post similar","link":""},"img":{"alt_text":"","src":"https:\/\/i0.wp.com\/efagundes.com\/networking\/wp-content\/uploads\/sites\/5\/2015\/03\/Slide67.jpg?resize=350%2C200","width":350,"height":200,"srcset":"https:\/\/i0.wp.com\/efagundes.com\/networking\/wp-content\/uploads\/sites\/5\/2015\/03\/Slide67.jpg?resize=350%2C200 1x, https:\/\/i0.wp.com\/efagundes.com\/networking\/wp-content\/uploads\/sites\/5\/2015\/03\/Slide67.jpg?resize=525%2C300 1.5x, https:\/\/i0.wp.com\/efagundes.com\/networking\/wp-content\/uploads\/sites\/5\/2015\/03\/Slide67.jpg?resize=700%2C400 2x"},"classes":[]},{"id":454,"url":"https:\/\/efagundes.com\/networking\/sistema-de-telefonia-movel\/edge\/","url_meta":{"origin":507,"position":5},"title":"EDGE","author":"Eduardo Fagundes","date":"17\/11\/2012","format":false,"excerpt":"O EDGE est\u00e1 relacionado ao aumento da capacidade de transmiss\u00e3o da interface a\u00e9rea no corrente padr\u00e3o GSM. A principal ideia \u00e9 adicionar novas caracter\u00edsticas na rede GSM mantendo compatibilidade com os telefones celulares GSM \/GPRS e com os equipamentos da rede (BSS, BSC, TRAU, MSC, SGSN e GGSN). Todos os\u2026","rel":"","context":"Post similar","block_context":{"text":"Post similar","link":""},"img":{"alt_text":"","src":"https:\/\/i0.wp.com\/efagundes.com\/networking\/wp-content\/uploads\/sites\/5\/2015\/03\/Slide302.jpg?resize=350%2C200","width":350,"height":200,"srcset":"https:\/\/i0.wp.com\/efagundes.com\/networking\/wp-content\/uploads\/sites\/5\/2015\/03\/Slide302.jpg?resize=350%2C200 1x, https:\/\/i0.wp.com\/efagundes.com\/networking\/wp-content\/uploads\/sites\/5\/2015\/03\/Slide302.jpg?resize=525%2C300 1.5x, https:\/\/i0.wp.com\/efagundes.com\/networking\/wp-content\/uploads\/sites\/5\/2015\/03\/Slide302.jpg?resize=700%2C400 2x"},"classes":[]}],"jetpack_sharing_enabled":true,"_links":{"self":[{"href":"https:\/\/efagundes.com\/networking\/wp-json\/wp\/v2\/pages\/507","targetHints":{"allow":["GET"]}}],"collection":[{"href":"https:\/\/efagundes.com\/networking\/wp-json\/wp\/v2\/pages"}],"about":[{"href":"https:\/\/efagundes.com\/networking\/wp-json\/wp\/v2\/types\/page"}],"author":[{"embeddable":true,"href":"https:\/\/efagundes.com\/networking\/wp-json\/wp\/v2\/users\/1"}],"replies":[{"embeddable":true,"href":"https:\/\/efagundes.com\/networking\/wp-json\/wp\/v2\/comments?post=507"}],"version-history":[{"count":0,"href":"https:\/\/efagundes.com\/networking\/wp-json\/wp\/v2\/pages\/507\/revisions"}],"up":[{"embeddable":true,"href":"https:\/\/efagundes.com\/networking\/wp-json\/wp\/v2\/pages\/1001"}],"wp:attachment":[{"href":"https:\/\/efagundes.com\/networking\/wp-json\/wp\/v2\/media?parent=507"}],"curies":[{"name":"wp","href":"https:\/\/api.w.org\/{rel}","templated":true}]}}