{"id":533,"date":"2012-11-16T21:39:48","date_gmt":"2012-11-16T23:39:48","guid":{"rendered":"http:\/\/efagundes.com\/openclass_networking\/?page_id=236"},"modified":"2022-01-16T17:50:06","modified_gmt":"2022-01-16T20:50:06","slug":"teoria-da-transmissao-e-meios-magneticos","status":"publish","type":"page","link":"https:\/\/efagundes.com\/networking\/teoria-da-transmissao-e-meios-magneticos\/","title":{"rendered":"Teoria da transmiss\u00e3o e meios magn\u00e9ticos"},"content":{"rendered":"<p><a href=\"https:\/\/i0.wp.com\/efagundes.com\/networking\/wp-content\/uploads\/sites\/5\/2015\/03\/Slide112.jpg\"><img data-recalc-dims=\"1\" loading=\"lazy\" decoding=\"async\" data-attachment-id=\"2388\" data-permalink=\"https:\/\/efagundes.com\/networking\/teoria-da-transmissao-e-meios-magneticos\/slide1-3\/\" data-orig-file=\"https:\/\/i0.wp.com\/efagundes.com\/networking\/wp-content\/uploads\/sites\/5\/2015\/03\/Slide112.jpg?fit=960%2C720&amp;ssl=1\" data-orig-size=\"960,720\" data-comments-opened=\"1\" data-image-meta=\"{&quot;aperture&quot;:&quot;0&quot;,&quot;credit&quot;:&quot;&quot;,&quot;camera&quot;:&quot;&quot;,&quot;caption&quot;:&quot;&quot;,&quot;created_timestamp&quot;:&quot;0&quot;,&quot;copyright&quot;:&quot;&quot;,&quot;focal_length&quot;:&quot;0&quot;,&quot;iso&quot;:&quot;0&quot;,&quot;shutter_speed&quot;:&quot;0&quot;,&quot;title&quot;:&quot;&quot;,&quot;orientation&quot;:&quot;0&quot;}\" data-image-title=\"Slide1\" data-image-description=\"\" data-image-caption=\"\" data-large-file=\"https:\/\/i0.wp.com\/efagundes.com\/networking\/wp-content\/uploads\/sites\/5\/2015\/03\/Slide112.jpg?fit=960%2C720&amp;ssl=1\" class=\"alignnone size-full wp-image-2388\" src=\"https:\/\/i0.wp.com\/efagundes.com\/networking\/wp-content\/uploads\/sites\/5\/2015\/03\/Slide112.jpg?resize=960%2C720\" alt=\"Slide1\" width=\"960\" height=\"720\" srcset=\"https:\/\/i0.wp.com\/efagundes.com\/networking\/wp-content\/uploads\/sites\/5\/2015\/03\/Slide112.jpg?w=960&amp;ssl=1 960w, https:\/\/i0.wp.com\/efagundes.com\/networking\/wp-content\/uploads\/sites\/5\/2015\/03\/Slide112.jpg?resize=300%2C225&amp;ssl=1 300w\" sizes=\"auto, (max-width: 960px) 100vw, 960px\" \/><\/a><\/p>\n<p><strong>T\u00f3picos do capitulo<\/strong><br \/>\n\n<!-- Page-list plugin v.5.9 wordpress.org\/plugins\/page-list\/ -->\n<ul class=\"page-list subpages-page-list \">\n<li class=\"page_item page-item-244\"><a href=\"https:\/\/efagundes.com\/networking\/teoria-da-transmissao-e-meios-magneticos\/simulacao-de-uma-serie-de-fourier\/\">Simula\u00e7\u00e3o de uma s\u00e9rie de Fourier<\/a><\/li>\n<li class=\"page_item page-item-240\"><a href=\"https:\/\/efagundes.com\/networking\/teoria-da-transmissao-e-meios-magneticos\/sinais-limitados-pela-largura-de-banda-i\/\">Sinais limitados pela largura de banda (I)<\/a><\/li>\n<li class=\"page_item page-item-242\"><a href=\"https:\/\/efagundes.com\/networking\/teoria-da-transmissao-e-meios-magneticos\/sinais-limitados-pela-largura-de-banda-ii\/\">Sinais limitados pela largura de banda (II)<\/a><\/li>\n<li class=\"page_item page-item-253\"><a href=\"https:\/\/efagundes.com\/networking\/teoria-da-transmissao-e-meios-magneticos\/frequencias-de-amostragem\/\">Frequ\u00eancias de amostragem<\/a><\/li>\n<li class=\"page_item page-item-238\"><a href=\"https:\/\/efagundes.com\/networking\/teoria-da-transmissao-e-meios-magneticos\/analise-de-fourier\/\">An\u00e1lise de Fourier<\/a><\/li>\n<li class=\"page_item page-item-249\"><a href=\"https:\/\/efagundes.com\/networking\/teoria-da-transmissao-e-meios-magneticos\/relacao-entre-as-taxas-de-dados-e-as-harmonicas\/\">Rela\u00e7\u00e3o entre as taxas de dados e as harm\u00f4nicas<\/a><\/li>\n<li class=\"page_item page-item-251\"><a href=\"https:\/\/efagundes.com\/networking\/teoria-da-transmissao-e-meios-magneticos\/taxa-de-dados-maxima-de-um-canal-i\/\">Taxa de dados m\u00e1xima de um canal (I)<\/a><\/li>\n<li class=\"page_item page-item-255\"><a href=\"https:\/\/efagundes.com\/networking\/teoria-da-transmissao-e-meios-magneticos\/taxa-de-dados-maxima-de-um-canal-ii\/\">Taxa de dados m\u00e1xima de um canal (II)<\/a><\/li>\n\n<\/ul><\/p>\n","protected":false},"excerpt":{"rendered":"<p>T\u00f3picos do capitulo<\/p>\n","protected":false},"author":1,"featured_media":0,"parent":0,"menu_order":11,"comment_status":"closed","ping_status":"closed","template":"","meta":{"footnotes":""},"class_list":["post-533","page","type-page","status-publish","hentry"],"jetpack_shortlink":"https:\/\/wp.me\/P8yKGp-8B","jetpack-related-posts":[{"id":259,"url":"https:\/\/efagundes.com\/networking\/meios-magneticos\/","url_meta":{"origin":533,"position":0},"title":"Meios magn\u00e9ticos","author":"Eduardo Fagundes","date":"16\/11\/2012","format":false,"excerpt":"T\u00f3picos do capitulo","rel":"","context":"Post similar","block_context":{"text":"Post similar","link":""},"img":{"alt_text":"Slide10","src":"https:\/\/i0.wp.com\/efagundes.com\/networking\/wp-content\/uploads\/sites\/5\/2015\/03\/Slide102.jpg?resize=350%2C200","width":350,"height":200,"srcset":"https:\/\/i0.wp.com\/efagundes.com\/networking\/wp-content\/uploads\/sites\/5\/2015\/03\/Slide102.jpg?resize=350%2C200 1x, https:\/\/i0.wp.com\/efagundes.com\/networking\/wp-content\/uploads\/sites\/5\/2015\/03\/Slide102.jpg?resize=525%2C300 1.5x, https:\/\/i0.wp.com\/efagundes.com\/networking\/wp-content\/uploads\/sites\/5\/2015\/03\/Slide102.jpg?resize=700%2C400 2x"},"classes":[]},{"id":238,"url":"https:\/\/efagundes.com\/networking\/teoria-da-transmissao-e-meios-magneticos\/analise-de-fourier\/","url_meta":{"origin":533,"position":1},"title":"An\u00e1lise de Fourier","author":"Eduardo Fagundes","date":"16\/11\/2012","format":false,"excerpt":"","rel":"","context":"Post similar","block_context":{"text":"Post similar","link":""},"img":{"alt_text":"Slide2","src":"https:\/\/i0.wp.com\/efagundes.com\/networking\/wp-content\/uploads\/sites\/5\/2015\/03\/Slide212.jpg?resize=350%2C200","width":350,"height":200,"srcset":"https:\/\/i0.wp.com\/efagundes.com\/networking\/wp-content\/uploads\/sites\/5\/2015\/03\/Slide212.jpg?resize=350%2C200 1x, https:\/\/i0.wp.com\/efagundes.com\/networking\/wp-content\/uploads\/sites\/5\/2015\/03\/Slide212.jpg?resize=525%2C300 1.5x, https:\/\/i0.wp.com\/efagundes.com\/networking\/wp-content\/uploads\/sites\/5\/2015\/03\/Slide212.jpg?resize=700%2C400 2x"},"classes":[]},{"id":244,"url":"https:\/\/efagundes.com\/networking\/teoria-da-transmissao-e-meios-magneticos\/simulacao-de-uma-serie-de-fourier\/","url_meta":{"origin":533,"position":2},"title":"Simula\u00e7\u00e3o de uma s\u00e9rie de Fourier","author":"Eduardo Fagundes","date":"16\/11\/2012","format":false,"excerpt":"\u00a0","rel":"","context":"Post similar","block_context":{"text":"Post similar","link":""},"img":{"alt_text":"Slide2","src":"https:\/\/i0.wp.com\/efagundes.com\/networking\/wp-content\/uploads\/sites\/5\/2015\/03\/Slide212.jpg?resize=350%2C200","width":350,"height":200,"srcset":"https:\/\/i0.wp.com\/efagundes.com\/networking\/wp-content\/uploads\/sites\/5\/2015\/03\/Slide212.jpg?resize=350%2C200 1x, https:\/\/i0.wp.com\/efagundes.com\/networking\/wp-content\/uploads\/sites\/5\/2015\/03\/Slide212.jpg?resize=525%2C300 1.5x, https:\/\/i0.wp.com\/efagundes.com\/networking\/wp-content\/uploads\/sites\/5\/2015\/03\/Slide212.jpg?resize=700%2C400 2x"},"classes":[]},{"id":242,"url":"https:\/\/efagundes.com\/networking\/teoria-da-transmissao-e-meios-magneticos\/sinais-limitados-pela-largura-de-banda-ii\/","url_meta":{"origin":533,"position":3},"title":"Sinais limitados pela largura de banda (II)","author":"Eduardo Fagundes","date":"16\/11\/2012","format":false,"excerpt":"","rel":"","context":"Post similar","block_context":{"text":"Post similar","link":""},"img":{"alt_text":"Slide4","src":"https:\/\/i0.wp.com\/efagundes.com\/networking\/wp-content\/uploads\/sites\/5\/2015\/03\/Slide42.jpg?resize=350%2C200","width":350,"height":200,"srcset":"https:\/\/i0.wp.com\/efagundes.com\/networking\/wp-content\/uploads\/sites\/5\/2015\/03\/Slide42.jpg?resize=350%2C200 1x, https:\/\/i0.wp.com\/efagundes.com\/networking\/wp-content\/uploads\/sites\/5\/2015\/03\/Slide42.jpg?resize=525%2C300 1.5x, https:\/\/i0.wp.com\/efagundes.com\/networking\/wp-content\/uploads\/sites\/5\/2015\/03\/Slide42.jpg?resize=700%2C400 2x"},"classes":[]},{"id":249,"url":"https:\/\/efagundes.com\/networking\/teoria-da-transmissao-e-meios-magneticos\/relacao-entre-as-taxas-de-dados-e-as-harmonicas\/","url_meta":{"origin":533,"position":4},"title":"Rela\u00e7\u00e3o entre as taxas de dados e as harm\u00f4nicas","author":"Eduardo Fagundes","date":"16\/11\/2012","format":false,"excerpt":"\u00a0 Para certas taxas de dados, os n\u00fameros funcionam de acordo com o padr\u00e3o mostrado na tabela acima. Os n\u00fameros deixam claro que, quando se tenta fazer uma transmiss\u00e3o de 9.600bps usando uma linha telef\u00f4nica com restri\u00e7\u00f5es de largura de banda, modelo sugerido na figura (a) assume a forma mostrada\u2026","rel":"","context":"Post similar","block_context":{"text":"Post similar","link":""},"img":{"alt_text":"Slide6","src":"https:\/\/i0.wp.com\/efagundes.com\/networking\/wp-content\/uploads\/sites\/5\/2015\/03\/Slide62.jpg?resize=350%2C200","width":350,"height":200,"srcset":"https:\/\/i0.wp.com\/efagundes.com\/networking\/wp-content\/uploads\/sites\/5\/2015\/03\/Slide62.jpg?resize=350%2C200 1x, https:\/\/i0.wp.com\/efagundes.com\/networking\/wp-content\/uploads\/sites\/5\/2015\/03\/Slide62.jpg?resize=525%2C300 1.5x, https:\/\/i0.wp.com\/efagundes.com\/networking\/wp-content\/uploads\/sites\/5\/2015\/03\/Slide62.jpg?resize=700%2C400 2x"},"classes":[]},{"id":329,"url":"https:\/\/efagundes.com\/networking\/transmissao-sem-fio\/","url_meta":{"origin":533,"position":5},"title":"Transmiss\u00e3o sem fio","author":"Eduardo Fagundes","date":"16\/11\/2012","format":false,"excerpt":"T\u00f3picos do capitulo","rel":"","context":"Post similar","block_context":{"text":"Post similar","link":""},"img":{"alt_text":"Slide1","src":"https:\/\/i0.wp.com\/efagundes.com\/networking\/wp-content\/uploads\/sites\/5\/2015\/03\/Slide114.jpg?resize=350%2C200","width":350,"height":200,"srcset":"https:\/\/i0.wp.com\/efagundes.com\/networking\/wp-content\/uploads\/sites\/5\/2015\/03\/Slide114.jpg?resize=350%2C200 1x, https:\/\/i0.wp.com\/efagundes.com\/networking\/wp-content\/uploads\/sites\/5\/2015\/03\/Slide114.jpg?resize=525%2C300 1.5x, https:\/\/i0.wp.com\/efagundes.com\/networking\/wp-content\/uploads\/sites\/5\/2015\/03\/Slide114.jpg?resize=700%2C400 2x"},"classes":[]}],"jetpack_sharing_enabled":true,"_links":{"self":[{"href":"https:\/\/efagundes.com\/networking\/wp-json\/wp\/v2\/pages\/533","targetHints":{"allow":["GET"]}}],"collection":[{"href":"https:\/\/efagundes.com\/networking\/wp-json\/wp\/v2\/pages"}],"about":[{"href":"https:\/\/efagundes.com\/networking\/wp-json\/wp\/v2\/types\/page"}],"author":[{"embeddable":true,"href":"https:\/\/efagundes.com\/networking\/wp-json\/wp\/v2\/users\/1"}],"replies":[{"embeddable":true,"href":"https:\/\/efagundes.com\/networking\/wp-json\/wp\/v2\/comments?post=533"}],"version-history":[{"count":0,"href":"https:\/\/efagundes.com\/networking\/wp-json\/wp\/v2\/pages\/533\/revisions"}],"wp:attachment":[{"href":"https:\/\/efagundes.com\/networking\/wp-json\/wp\/v2\/media?parent=533"}],"curies":[{"name":"wp","href":"https:\/\/api.w.org\/{rel}","templated":true}]}}