{"id":570,"date":"2012-11-17T13:05:37","date_gmt":"2012-11-17T15:05:37","guid":{"rendered":"http:\/\/efagundes.com\/openclass_networking\/?page_id=570"},"modified":"2022-01-16T17:51:25","modified_gmt":"2022-01-16T20:51:25","slug":"a-camada-de-enlace-de-dados","status":"publish","type":"page","link":"https:\/\/efagundes.com\/networking\/camada-de-enlace-de-dados\/a-camada-de-enlace-de-dados\/","title":{"rendered":"A camada de enlace de dados"},"content":{"rendered":"<p><a href=\"https:\/\/i0.wp.com\/efagundes.com.br\/networking\/wp-content\/uploads\/sites\/7\/2012\/11\/Slide217.jpg\"><img data-recalc-dims=\"1\" loading=\"lazy\" decoding=\"async\" class=\"alignnone  wp-image-515\" title=\"A camada de enlace de dados\" src=\"https:\/\/i0.wp.com\/efagundes.com.br\/networking\/wp-content\/uploads\/sites\/7\/2012\/11\/Slide217.jpg?resize=576%2C432\" alt=\"\" width=\"576\" height=\"432\" \/><\/a><\/p>\n<p>O problema b\u00e1sico que esta camada deve resolver \u00e9 a de prover uma linha de comunica\u00e7\u00e3o entre dois nodos que necessitam trocar informa\u00e7\u00f5es entre si. Estes nodos podem tanto ser elementos integrantes de uma rede, como apenas dois elementos de computa\u00e7\u00e3o que se comunicam. A linha f\u00edsica de transmiss\u00e3o que interconecta os nodos est\u00e1 sujeita a diversos tipos de interfer\u00eancias e mal funcionamento que resultam em erros de transmiss\u00e3o. Exemplos de erros incluem altera\u00e7\u00e3o, perda e duplica\u00e7\u00e3o de informa\u00e7\u00e3o.<\/p>\n<p>O servi\u00e7o da camada de enlace \u00e9 prover uma linha de comunica\u00e7\u00e3o que se apresente livre de erros, a despeito da linha f\u00edsica existente introduzir ou n\u00e3o erros na transmiss\u00e3o. Assim, a camada superior que usa este servi\u00e7o disp\u00f5e de um canal virtual capaz de transmitir suas unidade de informa\u00e7\u00f5es de forma confi\u00e1vel e correta.<\/p>\n<p>\u00c9 importante ressaltar que a topologia de interliga\u00e7\u00e3o de nodos n\u00e3o pode descaracterizar a comunica\u00e7\u00e3o em forma de enlace entre dois elementos. Portanto, nos casos em que a comunica\u00e7\u00e3o entre nodos envolva meios f\u00edsicos com nodos intermedi\u00e1rios ou barramento comum, o n\u00edvel de enlace deve continuar fornecendo um canal virtual livre de erros. Pra tal, a camada deve exercer o controle de acesso ao meio, gerenciando os conflitos de acesso que surgem nestes casos.<\/p>\n<p>&nbsp;<\/p>\n","protected":false},"excerpt":{"rendered":"<p>O problema b\u00e1sico que esta camada deve resolver \u00e9 a de prover uma linha de comunica\u00e7\u00e3o entre dois nodos que necessitam trocar informa\u00e7\u00f5es entre si. Estes nodos podem tanto ser elementos integrantes de uma rede, como apenas dois elementos de computa\u00e7\u00e3o que se comunicam. A linha f\u00edsica de transmiss\u00e3o que interconecta os nodos est\u00e1 sujeita [&hellip;]<\/p>\n","protected":false},"author":1,"featured_media":0,"parent":568,"menu_order":0,"comment_status":"closed","ping_status":"closed","template":"","meta":{"footnotes":""},"class_list":["post-570","page","type-page","status-publish","hentry"],"jetpack_shortlink":"https:\/\/wp.me\/P8yKGp-9c","jetpack-related-posts":[{"id":574,"url":"https:\/\/efagundes.com\/networking\/camada-de-enlace-de-dados\/enquadramento\/","url_meta":{"origin":570,"position":0},"title":"Enquadramento","author":"Eduardo Fagundes","date":"17\/11\/2012","format":false,"excerpt":"Para oferecer servi\u00e7os \u00e0 camada de rede, a camada de enlace deve usar o servi\u00e7o fornecido a ela pela camada f\u00edsica. O que a camada f\u00edsica faz \u00e9 aceitar um fluxo de bits brutos e tentar entreg\u00e1-lo ao destino. N\u00e3o h\u00e1 uma garantia de que esse fluxo de bits seja\u2026","rel":"","context":"Post similar","block_context":{"text":"Post similar","link":""},"img":{"alt_text":"","src":"https:\/\/i0.wp.com\/efagundes.com\/networking\/wp-content\/uploads\/sites\/5\/2015\/03\/Slide46.jpg?resize=350%2C200","width":350,"height":200,"srcset":"https:\/\/i0.wp.com\/efagundes.com\/networking\/wp-content\/uploads\/sites\/5\/2015\/03\/Slide46.jpg?resize=350%2C200 1x, https:\/\/i0.wp.com\/efagundes.com\/networking\/wp-content\/uploads\/sites\/5\/2015\/03\/Slide46.jpg?resize=525%2C300 1.5x, https:\/\/i0.wp.com\/efagundes.com\/networking\/wp-content\/uploads\/sites\/5\/2015\/03\/Slide46.jpg?resize=700%2C400 2x"},"classes":[]},{"id":588,"url":"https:\/\/efagundes.com\/networking\/protocolos-elementares-de-enlace-de-dados\/um-protocolo-simplex-sem-restricoes\/","url_meta":{"origin":570,"position":1},"title":"Um protocolo simplex sem restri\u00e7\u00f5es","author":"Eduardo Fagundes","date":"17\/11\/2012","format":false,"excerpt":"O caso ideal sup\u00f5e a exist\u00eancia de uma linha f\u00edsica isenta de erros, uma taxa de transmiss\u00e3o infinita e aus\u00eancia de erros. O elemento que recebe dados \u00e9 capaz de consumi-los instantaneamente e disp\u00f5e de uma mem\u00f3ria ilimitada para o armazenamento destes dados. \u00a0","rel":"","context":"Post similar","block_context":{"text":"Post similar","link":""},"img":{"alt_text":"","src":"https:\/\/i0.wp.com\/efagundes.com\/networking\/wp-content\/uploads\/sites\/5\/2015\/03\/Slide1110.jpg?resize=350%2C200","width":350,"height":200,"srcset":"https:\/\/i0.wp.com\/efagundes.com\/networking\/wp-content\/uploads\/sites\/5\/2015\/03\/Slide1110.jpg?resize=350%2C200 1x, https:\/\/i0.wp.com\/efagundes.com\/networking\/wp-content\/uploads\/sites\/5\/2015\/03\/Slide1110.jpg?resize=525%2C300 1.5x, https:\/\/i0.wp.com\/efagundes.com\/networking\/wp-content\/uploads\/sites\/5\/2015\/03\/Slide1110.jpg?resize=700%2C400 2x"},"classes":[]},{"id":156,"url":"https:\/\/efagundes.com\/networking\/redes-geograficamente-distribuidas\/protocolos-do-x-25\/","url_meta":{"origin":570,"position":2},"title":"Protocolos do X.25","author":"Eduardo Fagundes","date":"16\/11\/2012","format":false,"excerpt":"O conjunto de protocolos X.25 especifica as tr\u00eas camadas inferiores do modelo OSI. Os seguintes protocolos s\u00e3o tipicamente usados numa implementa\u00e7\u00e3o X.25: Packet-Layer Protocol (PLP), Link Access Procedure Balanced (LAPB), e outras interfaces seriais da camada f\u00edsica (como EIA\/TIA-232, EIA\/TIA-449, EIA-530 e G.703). Figura mostra os protocolos X.25 fundamentais para\u2026","rel":"","context":"Post similar","block_context":{"text":"Post similar","link":""},"img":{"alt_text":"Slide8","src":"https:\/\/i0.wp.com\/efagundes.com\/networking\/wp-content\/uploads\/sites\/5\/2015\/03\/Slide81.jpg?resize=350%2C200","width":350,"height":200,"srcset":"https:\/\/i0.wp.com\/efagundes.com\/networking\/wp-content\/uploads\/sites\/5\/2015\/03\/Slide81.jpg?resize=350%2C200 1x, https:\/\/i0.wp.com\/efagundes.com\/networking\/wp-content\/uploads\/sites\/5\/2015\/03\/Slide81.jpg?resize=525%2C300 1.5x, https:\/\/i0.wp.com\/efagundes.com\/networking\/wp-content\/uploads\/sites\/5\/2015\/03\/Slide81.jpg?resize=700%2C400 2x"},"classes":[]},{"id":723,"url":"https:\/\/efagundes.com\/networking\/a-camada-de-rede\/a-camada-de-rede-2\/","url_meta":{"origin":570,"position":3},"title":"A Camada de Rede (I)","author":"Eduardo Fagundes","date":"18\/11\/2012","format":false,"excerpt":"O servi\u00e7o de rede prov\u00ea a transfer\u00eancia transparente de dados entre usu\u00e1rios da camada de rede. Ele torna invis\u00edvel a estes usu\u00e1rios quaisquer aspectos inerentes ao modo como os recursos de comunica\u00e7\u00e3o dispon\u00edveis s\u00e3o utilizados para conseguir esta transpar\u00eancia. O servi\u00e7o de rede pode ser provido mediante o uso de\u2026","rel":"","context":"Post similar","block_context":{"text":"Post similar","link":""},"img":{"alt_text":"","src":"https:\/\/i0.wp.com\/efagundes.com\/networking\/wp-content\/uploads\/sites\/5\/2015\/03\/Slide220.jpg?resize=350%2C200","width":350,"height":200,"srcset":"https:\/\/i0.wp.com\/efagundes.com\/networking\/wp-content\/uploads\/sites\/5\/2015\/03\/Slide220.jpg?resize=350%2C200 1x, https:\/\/i0.wp.com\/efagundes.com\/networking\/wp-content\/uploads\/sites\/5\/2015\/03\/Slide220.jpg?resize=525%2C300 1.5x, https:\/\/i0.wp.com\/efagundes.com\/networking\/wp-content\/uploads\/sites\/5\/2015\/03\/Slide220.jpg?resize=700%2C400 2x"},"classes":[]},{"id":163,"url":"https:\/\/efagundes.com\/networking\/redes-geograficamente-distribuidas\/asynchronous-transfer-mode-atm\/","url_meta":{"origin":570,"position":4},"title":"Asynchronous Transfer Mode (ATM)","author":"Eduardo Fagundes","date":"16\/11\/2012","format":false,"excerpt":"O ATM (Asynchronous Transfer Mode) \u00e9 uma tecnologia de rede tanto para redes locais como para redes geograficamente distribu\u00eddas (LANs e WANs) que suporta voz em tempo real, bem como v\u00eddeo e dados. A topologia usa comutadores que estabelecem um circuito l\u00f3gico fim-a-fim que garante a qualidade de servi\u00e7o na\u2026","rel":"","context":"Post similar","block_context":{"text":"Post similar","link":""},"img":{"alt_text":"","src":"https:\/\/i0.wp.com\/efagundes.com.br\/networking\/wp-content\/uploads\/sites\/7\/2012\/11\/Slide101.jpg?resize=350%2C200","width":350,"height":200,"srcset":"https:\/\/i0.wp.com\/efagundes.com.br\/networking\/wp-content\/uploads\/sites\/7\/2012\/11\/Slide101.jpg?resize=350%2C200 1x, https:\/\/i0.wp.com\/efagundes.com.br\/networking\/wp-content\/uploads\/sites\/7\/2012\/11\/Slide101.jpg?resize=525%2C300 1.5x"},"classes":[]},{"id":182,"url":"https:\/\/efagundes.com\/networking\/redes-locais\/ethernet\/","url_meta":{"origin":570,"position":5},"title":"Ethernet","author":"Eduardo Fagundes","date":"16\/11\/2012","format":false,"excerpt":"O padr\u00e3o Ethernet \u00e9 o m\u00e9todo de acesso mais utilizado em redes locais de computadores (LAN), definido pelo IEEE como padr\u00e3o 802.3. A maioria dos PCs v\u00eam com uma interface Ethernet 10\/100 para uso de casa, n\u00e3o s\u00f3 criar uma rede dom\u00e9stica, mas conectar \u00e0 Internet atrav\u00e9s de uma conex\u00e3o\u2026","rel":"","context":"Post similar","block_context":{"text":"Post similar","link":""},"img":{"alt_text":"Slide18","src":"https:\/\/i0.wp.com\/efagundes.com\/networking\/wp-content\/uploads\/sites\/5\/2015\/03\/Slide181.jpg?resize=350%2C200","width":350,"height":200,"srcset":"https:\/\/i0.wp.com\/efagundes.com\/networking\/wp-content\/uploads\/sites\/5\/2015\/03\/Slide181.jpg?resize=350%2C200 1x, https:\/\/i0.wp.com\/efagundes.com\/networking\/wp-content\/uploads\/sites\/5\/2015\/03\/Slide181.jpg?resize=525%2C300 1.5x, https:\/\/i0.wp.com\/efagundes.com\/networking\/wp-content\/uploads\/sites\/5\/2015\/03\/Slide181.jpg?resize=700%2C400 2x"},"classes":[]}],"jetpack_sharing_enabled":true,"_links":{"self":[{"href":"https:\/\/efagundes.com\/networking\/wp-json\/wp\/v2\/pages\/570","targetHints":{"allow":["GET"]}}],"collection":[{"href":"https:\/\/efagundes.com\/networking\/wp-json\/wp\/v2\/pages"}],"about":[{"href":"https:\/\/efagundes.com\/networking\/wp-json\/wp\/v2\/types\/page"}],"author":[{"embeddable":true,"href":"https:\/\/efagundes.com\/networking\/wp-json\/wp\/v2\/users\/1"}],"replies":[{"embeddable":true,"href":"https:\/\/efagundes.com\/networking\/wp-json\/wp\/v2\/comments?post=570"}],"version-history":[{"count":0,"href":"https:\/\/efagundes.com\/networking\/wp-json\/wp\/v2\/pages\/570\/revisions"}],"up":[{"embeddable":true,"href":"https:\/\/efagundes.com\/networking\/wp-json\/wp\/v2\/pages\/568"}],"wp:attachment":[{"href":"https:\/\/efagundes.com\/networking\/wp-json\/wp\/v2\/media?parent=570"}],"curies":[{"name":"wp","href":"https:\/\/api.w.org\/{rel}","templated":true}]}}