{"id":572,"date":"2012-11-17T13:08:40","date_gmt":"2012-11-17T15:08:40","guid":{"rendered":"http:\/\/efagundes.com\/openclass_networking\/?page_id=572"},"modified":"2022-01-16T17:51:25","modified_gmt":"2022-01-16T20:51:25","slug":"servicos-oferecidos-a-camada-de-rede","status":"publish","type":"page","link":"https:\/\/efagundes.com\/networking\/camada-de-enlace-de-dados\/servicos-oferecidos-a-camada-de-rede\/","title":{"rendered":"Servi\u00e7os oferecidos \u00e0 camada de rede"},"content":{"rendered":"<p><img data-recalc-dims=\"1\" loading=\"lazy\" decoding=\"async\" class=\"alignnone\" src=\"https:\/\/i0.wp.com\/efagundes.com\/networking\/wp-content\/uploads\/sites\/5\/2015\/03\/Slide310.jpg?resize=960%2C720\" alt=\"\" width=\"960\" height=\"720\" \/><\/p>\n<p>A fun\u00e7\u00e3o da camada de enlace de dados \u00e9 fornece servi\u00e7os \u00e0 camada de rede. O principal servi\u00e7o \u00e9 transferir dados da camada de rede da m\u00e1quina de origem para a camada de rede da m\u00e1quina de destino. Na camada de rede da m\u00e1quina de origem, h\u00e1 uma entidade chamada processo que entre alguns bits \u00e0 camada de enlace de dados para transmiss\u00e3o ao destino. A tarefa da camada de enlace de dados \u00e9 transmitir os bits \u00e0 m\u00e1quina de destino, de forma que eles possam ser entregues \u00e0 camada de rede dessa m\u00e1quina, como mostra a figura do lado esquerdo. A transmiss\u00e3o segue o trajeto descrito na figura do lado direito; no entanto, \u00e9 mais f\u00e1cil pensar em termos de dois processo da camada de enlace de dados que se comunicam por interm\u00e9dio de um protocolo de enlace de dados.<\/p>\n<p>A camada de enlace de dados pode ser projeta de modo a oferece diversos servi\u00e7os, que podem variar de sistema para sistema. Tr\u00eas possibilidades razo\u00e1veis oferecidas com freq\u00fc\u00eancia s\u00e3o:<\/p>\n<ol>\n<li>Servi\u00e7o sem conex\u00e3o e sem confirma\u00e7\u00e3o;<\/li>\n<li>Servi\u00e7o sem conex\u00e3o com confirma\u00e7\u00e3o;<\/li>\n<li>Servi\u00e7o orientado a conex\u00f5es com confirma\u00e7\u00e3o.<\/li>\n<\/ol>\n<p>O servi\u00e7o sem conex\u00e3o e sem confirma\u00e7\u00e3o consiste em fazer a m\u00e1quina de origem enviar quadros independentes \u00e0 m\u00e1quina de destino, sem que a m\u00e1quina de destino confirme o recebimento desses quadros. Nenhuma conex\u00e3o l\u00f3gica \u00e9 estabelecida antes ou liberada depois do processo. Se um quadro for perdido n\u00e3o haver\u00e1 tentativa de detectar a perda ou de recuper\u00e1-lo na camada de enlace de dados. A maior parte das LANs utiliza servi\u00e7os sem conex\u00e3o e sem confirma\u00e7\u00e3o na camada de enlace de dados.<\/p>\n<p>O servi\u00e7o sem conex\u00e3o com confirma\u00e7\u00e3o n\u00e3o prove conex\u00e3o l\u00f3gica entre os processos, mas cada quadro enviado \u00e9 individualmente confirmado. Dessa forma, o transmissor sabe se um quadro chegou corretamente ou n\u00e3o. Esse servi\u00e7o \u00e9 \u00fatil em canais n\u00e3o-confi\u00e1veis, como os sistemas sem fio.<\/p>\n<p>O servi\u00e7o orientado a conex\u00f5es com confirma\u00e7\u00e3o \u00e9 o mais sofisticado que camada de enlace de dados pode oferecer. Com ele, as m\u00e1quinas de origem e destino estabelecem um conex\u00e3o antes de os dados serem transferidos. Cada quadro enviado pela conex\u00e3o \u00e9 numerado e a camada de enlace de dados garante que cada quadro ser\u00e1 de fato recebido. Um exemplo: uma sub-rede de uma WAN que consiste em roteadores conectados por linhas telef\u00f4nicas privadas ponto a ponto.<\/p>\n<p>&nbsp;<\/p>\n","protected":false},"excerpt":{"rendered":"<p>A fun\u00e7\u00e3o da camada de enlace de dados \u00e9 fornece servi\u00e7os \u00e0 camada de rede. O principal servi\u00e7o \u00e9 transferir dados da camada de rede da m\u00e1quina de origem para a camada de rede da m\u00e1quina de destino. Na camada de rede da m\u00e1quina de origem, h\u00e1 uma entidade chamada processo que entre alguns bits [&hellip;]<\/p>\n","protected":false},"author":1,"featured_media":0,"parent":568,"menu_order":1,"comment_status":"closed","ping_status":"closed","template":"","meta":{"footnotes":""},"class_list":["post-572","page","type-page","status-publish","hentry"],"jetpack_shortlink":"https:\/\/wp.me\/P8yKGp-9e","jetpack-related-posts":[{"id":675,"url":"https:\/\/efagundes.com\/networking\/comutacao-na-camada-de-enlace-de-dados\/repetidores-hubs-bridges-switches-e-gateways\/","url_meta":{"origin":572,"position":0},"title":"Repetidores, hubs, bridges, switches e gateways (I)","author":"Eduardo Fagundes","date":"17\/11\/2012","format":false,"excerpt":"Existem diferentes equipamentos que operam em diferentes camadas do modelo OSI, como mostra a figura acima a esquerda. A camada \u00e9 importante, porque diferentes dispositivos utilizam fragmentos de informa\u00e7\u00f5es diferentes para decidir como realizar a comuta\u00e7\u00e3o. Em um cen\u00e1rio t\u00edpico, o usu\u00e1rio gera alguns dados a serem enviados para um\u2026","rel":"","context":"Post similar","block_context":{"text":"Post similar","link":""},"img":{"alt_text":"","src":"https:\/\/i0.wp.com\/efagundes.com\/networking\/wp-content\/uploads\/sites\/5\/2015\/03\/Slide49.jpg?resize=350%2C200","width":350,"height":200,"srcset":"https:\/\/i0.wp.com\/efagundes.com\/networking\/wp-content\/uploads\/sites\/5\/2015\/03\/Slide49.jpg?resize=350%2C200 1x, https:\/\/i0.wp.com\/efagundes.com\/networking\/wp-content\/uploads\/sites\/5\/2015\/03\/Slide49.jpg?resize=525%2C300 1.5x, https:\/\/i0.wp.com\/efagundes.com\/networking\/wp-content\/uploads\/sites\/5\/2015\/03\/Slide49.jpg?resize=700%2C400 2x"},"classes":[]},{"id":574,"url":"https:\/\/efagundes.com\/networking\/camada-de-enlace-de-dados\/enquadramento\/","url_meta":{"origin":572,"position":1},"title":"Enquadramento","author":"Eduardo Fagundes","date":"17\/11\/2012","format":false,"excerpt":"Para oferecer servi\u00e7os \u00e0 camada de rede, a camada de enlace deve usar o servi\u00e7o fornecido a ela pela camada f\u00edsica. O que a camada f\u00edsica faz \u00e9 aceitar um fluxo de bits brutos e tentar entreg\u00e1-lo ao destino. N\u00e3o h\u00e1 uma garantia de que esse fluxo de bits seja\u2026","rel":"","context":"Post similar","block_context":{"text":"Post similar","link":""},"img":{"alt_text":"","src":"https:\/\/i0.wp.com\/efagundes.com\/networking\/wp-content\/uploads\/sites\/5\/2015\/03\/Slide46.jpg?resize=350%2C200","width":350,"height":200,"srcset":"https:\/\/i0.wp.com\/efagundes.com\/networking\/wp-content\/uploads\/sites\/5\/2015\/03\/Slide46.jpg?resize=350%2C200 1x, https:\/\/i0.wp.com\/efagundes.com\/networking\/wp-content\/uploads\/sites\/5\/2015\/03\/Slide46.jpg?resize=525%2C300 1.5x, https:\/\/i0.wp.com\/efagundes.com\/networking\/wp-content\/uploads\/sites\/5\/2015\/03\/Slide46.jpg?resize=700%2C400 2x"},"classes":[]},{"id":146,"url":"https:\/\/efagundes.com\/networking\/modelos-de-referencia\/modelo-osi\/","url_meta":{"origin":572,"position":2},"title":"Modelo OSI","author":"Eduardo Fagundes","date":"16\/11\/2012","format":false,"excerpt":"As camadas 3, 2 e 1 s\u00e3o respons\u00e1veis por mover os pacotes de dados da esta\u00e7\u00e3o de origem para a esta\u00e7\u00e3o de destino. Camada Rede (3) A camada de rede estabelece a rota entre o transmissor e o receptor atrav\u00e9s dos pontos de roteamento existentes na rede. O exemplo mais\u2026","rel":"","context":"Post similar","block_context":{"text":"Post similar","link":""},"img":{"alt_text":"Slide2","src":"https:\/\/i0.wp.com\/efagundes.com\/networking\/wp-content\/uploads\/sites\/5\/2015\/03\/Slide210.jpg?resize=350%2C200","width":350,"height":200,"srcset":"https:\/\/i0.wp.com\/efagundes.com\/networking\/wp-content\/uploads\/sites\/5\/2015\/03\/Slide210.jpg?resize=350%2C200 1x, https:\/\/i0.wp.com\/efagundes.com\/networking\/wp-content\/uploads\/sites\/5\/2015\/03\/Slide210.jpg?resize=525%2C300 1.5x, https:\/\/i0.wp.com\/efagundes.com\/networking\/wp-content\/uploads\/sites\/5\/2015\/03\/Slide210.jpg?resize=700%2C400 2x"},"classes":[]},{"id":161,"url":"https:\/\/efagundes.com\/networking\/redes-geograficamente-distribuidas\/frame-relay\/","url_meta":{"origin":572,"position":3},"title":"Frame Relay","author":"Eduardo Fagundes","date":"16\/11\/2012","format":false,"excerpt":"O Frame Relay \u00e9 um protocolo de WAN de alto-desempenho que opera nas camadas f\u00edsica e de enlace de dados do modelo OSI. O Frame Relay foi projetado originalmente para uso nas Redes Digitais de Servi\u00e7os Integrados (RDSI). Por\u00e9m, atualmente \u00e9 usado por uma variedade de outras interfaces de rede.\u2026","rel":"","context":"Post similar","block_context":{"text":"Post similar","link":""},"img":{"alt_text":"Slide9","src":"https:\/\/i0.wp.com\/efagundes.com\/networking\/wp-content\/uploads\/sites\/5\/2015\/03\/Slide91.jpg?resize=350%2C200","width":350,"height":200,"srcset":"https:\/\/i0.wp.com\/efagundes.com\/networking\/wp-content\/uploads\/sites\/5\/2015\/03\/Slide91.jpg?resize=350%2C200 1x, https:\/\/i0.wp.com\/efagundes.com\/networking\/wp-content\/uploads\/sites\/5\/2015\/03\/Slide91.jpg?resize=525%2C300 1.5x, https:\/\/i0.wp.com\/efagundes.com\/networking\/wp-content\/uploads\/sites\/5\/2015\/03\/Slide91.jpg?resize=700%2C400 2x"},"classes":[]},{"id":570,"url":"https:\/\/efagundes.com\/networking\/camada-de-enlace-de-dados\/a-camada-de-enlace-de-dados\/","url_meta":{"origin":572,"position":4},"title":"A camada de enlace de dados","author":"Eduardo Fagundes","date":"17\/11\/2012","format":false,"excerpt":"O problema b\u00e1sico que esta camada deve resolver \u00e9 a de prover uma linha de comunica\u00e7\u00e3o entre dois nodos que necessitam trocar informa\u00e7\u00f5es entre si. Estes nodos podem tanto ser elementos integrantes de uma rede, como apenas dois elementos de computa\u00e7\u00e3o que se comunicam. A linha f\u00edsica de transmiss\u00e3o que\u2026","rel":"","context":"Post similar","block_context":{"text":"Post similar","link":""},"img":{"alt_text":"","src":"https:\/\/i0.wp.com\/efagundes.com.br\/networking\/wp-content\/uploads\/sites\/7\/2012\/11\/Slide217.jpg?resize=350%2C200","width":350,"height":200,"srcset":"https:\/\/i0.wp.com\/efagundes.com.br\/networking\/wp-content\/uploads\/sites\/7\/2012\/11\/Slide217.jpg?resize=350%2C200 1x, https:\/\/i0.wp.com\/efagundes.com.br\/networking\/wp-content\/uploads\/sites\/7\/2012\/11\/Slide217.jpg?resize=525%2C300 1.5x"},"classes":[]},{"id":725,"url":"https:\/\/efagundes.com\/networking\/a-camada-de-rede\/a-camada-de-rede-3\/","url_meta":{"origin":572,"position":5},"title":"A Camada de Rede (II)","author":"Eduardo Fagundes","date":"18\/11\/2012","format":false,"excerpt":"Para atingir os objetivos de entrega dos dados fim a fim, os elementos da camada de rede devem conhecer a topologia das sub-redes de comunica\u00e7\u00f5es e escolher com efici\u00eancia os caminhos mais apropriados para encaminhar os pacotes. Os roteadores s\u00e3o os principais elementos dessa camada. A camada de rede deve\u2026","rel":"","context":"Post similar","block_context":{"text":"Post similar","link":""},"img":{"alt_text":"","src":"https:\/\/i0.wp.com\/efagundes.com\/networking\/wp-content\/uploads\/sites\/5\/2015\/03\/Slide314.jpg?resize=350%2C200","width":350,"height":200,"srcset":"https:\/\/i0.wp.com\/efagundes.com\/networking\/wp-content\/uploads\/sites\/5\/2015\/03\/Slide314.jpg?resize=350%2C200 1x, https:\/\/i0.wp.com\/efagundes.com\/networking\/wp-content\/uploads\/sites\/5\/2015\/03\/Slide314.jpg?resize=525%2C300 1.5x, https:\/\/i0.wp.com\/efagundes.com\/networking\/wp-content\/uploads\/sites\/5\/2015\/03\/Slide314.jpg?resize=700%2C400 2x"},"classes":[]}],"jetpack_sharing_enabled":true,"_links":{"self":[{"href":"https:\/\/efagundes.com\/networking\/wp-json\/wp\/v2\/pages\/572","targetHints":{"allow":["GET"]}}],"collection":[{"href":"https:\/\/efagundes.com\/networking\/wp-json\/wp\/v2\/pages"}],"about":[{"href":"https:\/\/efagundes.com\/networking\/wp-json\/wp\/v2\/types\/page"}],"author":[{"embeddable":true,"href":"https:\/\/efagundes.com\/networking\/wp-json\/wp\/v2\/users\/1"}],"replies":[{"embeddable":true,"href":"https:\/\/efagundes.com\/networking\/wp-json\/wp\/v2\/comments?post=572"}],"version-history":[{"count":0,"href":"https:\/\/efagundes.com\/networking\/wp-json\/wp\/v2\/pages\/572\/revisions"}],"up":[{"embeddable":true,"href":"https:\/\/efagundes.com\/networking\/wp-json\/wp\/v2\/pages\/568"}],"wp:attachment":[{"href":"https:\/\/efagundes.com\/networking\/wp-json\/wp\/v2\/media?parent=572"}],"curies":[{"name":"wp","href":"https:\/\/api.w.org\/{rel}","templated":true}]}}