{"id":574,"date":"2012-11-17T13:10:27","date_gmt":"2012-11-17T15:10:27","guid":{"rendered":"http:\/\/efagundes.com\/openclass_networking\/?page_id=574"},"modified":"2022-01-16T17:51:25","modified_gmt":"2022-01-16T20:51:25","slug":"enquadramento","status":"publish","type":"page","link":"https:\/\/efagundes.com\/networking\/camada-de-enlace-de-dados\/enquadramento\/","title":{"rendered":"Enquadramento"},"content":{"rendered":"<p><img data-recalc-dims=\"1\" loading=\"lazy\" decoding=\"async\" class=\"alignnone\" src=\"https:\/\/i0.wp.com\/efagundes.com\/networking\/wp-content\/uploads\/sites\/5\/2015\/03\/Slide46.jpg?resize=960%2C720\" alt=\"\" width=\"960\" height=\"720\" \/><\/p>\n<p>Para oferecer servi\u00e7os \u00e0 camada de rede, a camada de enlace deve usar o servi\u00e7o fornecido a ela pela camada f\u00edsica. O que a camada f\u00edsica faz \u00e9 aceitar um fluxo de bits brutos e tentar entreg\u00e1-lo ao destino. N\u00e3o h\u00e1 uma garantia de que esse fluxo de bits seja livre de erros. O n\u00famero de bits recebidos pode ser menor, igual ou maior que o n\u00famero de bits transmitidos, e eles podem ter valores diferentes dos bits originalmente transmitidos. A camada de enlace de dados \u00e9 respons\u00e1vel por detectar e, se necess\u00e1rio, corrigir erros.<\/p>\n<p>&nbsp;<\/p>\n","protected":false},"excerpt":{"rendered":"<p>Para oferecer servi\u00e7os \u00e0 camada de rede, a camada de enlace deve usar o servi\u00e7o fornecido a ela pela camada f\u00edsica. O que a camada f\u00edsica faz \u00e9 aceitar um fluxo de bits brutos e tentar entreg\u00e1-lo ao destino. N\u00e3o h\u00e1 uma garantia de que esse fluxo de bits seja livre de erros. O n\u00famero [&hellip;]<\/p>\n","protected":false},"author":1,"featured_media":0,"parent":568,"menu_order":2,"comment_status":"closed","ping_status":"closed","template":"","meta":{"footnotes":""},"class_list":["post-574","page","type-page","status-publish","hentry"],"jetpack_shortlink":"https:\/\/wp.me\/P8yKGp-9g","jetpack-related-posts":[{"id":580,"url":"https:\/\/efagundes.com\/networking\/camada-de-enlace-de-dados\/enquadramento-flags-iniciais-e-finais-com-insercao-de-bits\/","url_meta":{"origin":574,"position":0},"title":"Enquadramento: flags iniciais e finais com inser\u00e7\u00e3o de bits","author":"Eduardo Fagundes","date":"17\/11\/2012","format":false,"excerpt":"Essa t\u00e9cnica de enquadramento permite que os quadros de dados contenham um n\u00famero arbitr\u00e1rio de bits e possibilita a utiliza\u00e7\u00e3o de c\u00f3digos de caracteres com um n\u00famero arbitr\u00e1rio de bits por caractere. De acordo com essa t\u00e9cnica, cada quadro come\u00e7a e termina com um padr\u00e3o de bits, 01111110. Sempre que\u2026","rel":"","context":"Post similar","block_context":{"text":"Post similar","link":""},"img":{"alt_text":"","src":"https:\/\/i0.wp.com\/efagundes.com\/networking\/wp-content\/uploads\/sites\/5\/2015\/03\/Slide76.jpg?resize=350%2C200","width":350,"height":200,"srcset":"https:\/\/i0.wp.com\/efagundes.com\/networking\/wp-content\/uploads\/sites\/5\/2015\/03\/Slide76.jpg?resize=350%2C200 1x, https:\/\/i0.wp.com\/efagundes.com\/networking\/wp-content\/uploads\/sites\/5\/2015\/03\/Slide76.jpg?resize=525%2C300 1.5x, https:\/\/i0.wp.com\/efagundes.com\/networking\/wp-content\/uploads\/sites\/5\/2015\/03\/Slide76.jpg?resize=700%2C400 2x"},"classes":[]},{"id":146,"url":"https:\/\/efagundes.com\/networking\/modelos-de-referencia\/modelo-osi\/","url_meta":{"origin":574,"position":1},"title":"Modelo OSI","author":"Eduardo Fagundes","date":"16\/11\/2012","format":false,"excerpt":"As camadas 3, 2 e 1 s\u00e3o respons\u00e1veis por mover os pacotes de dados da esta\u00e7\u00e3o de origem para a esta\u00e7\u00e3o de destino. Camada Rede (3) A camada de rede estabelece a rota entre o transmissor e o receptor atrav\u00e9s dos pontos de roteamento existentes na rede. O exemplo mais\u2026","rel":"","context":"Post similar","block_context":{"text":"Post similar","link":""},"img":{"alt_text":"Slide2","src":"https:\/\/i0.wp.com\/efagundes.com\/networking\/wp-content\/uploads\/sites\/5\/2015\/03\/Slide210.jpg?resize=350%2C200","width":350,"height":200,"srcset":"https:\/\/i0.wp.com\/efagundes.com\/networking\/wp-content\/uploads\/sites\/5\/2015\/03\/Slide210.jpg?resize=350%2C200 1x, https:\/\/i0.wp.com\/efagundes.com\/networking\/wp-content\/uploads\/sites\/5\/2015\/03\/Slide210.jpg?resize=525%2C300 1.5x, https:\/\/i0.wp.com\/efagundes.com\/networking\/wp-content\/uploads\/sites\/5\/2015\/03\/Slide210.jpg?resize=700%2C400 2x"},"classes":[]},{"id":578,"url":"https:\/\/efagundes.com\/networking\/camada-de-enlace-de-dados\/enquadramento-bytes-de-flags-com-insercao-de-bytes\/","url_meta":{"origin":574,"position":2},"title":"Enquadramento: bytes de flags com inser\u00e7\u00e3o de bytes","author":"Eduardo Fagundes","date":"17\/11\/2012","format":false,"excerpt":"Esse m\u00e9todo contorna o problema de ressincroniza\u00e7\u00e3o ap\u00f3s um erro, fazendo cada quadro come\u00e7ar e terminar com bytes especiais. No passado, os bytes iniciais e finais eram diferentes mas, nos \u00faltimos anos, a maioria dos protocolos tem utilizado o mesmo byte, chamado byte de flag, como delimitador de in\u00edcio e\u2026","rel":"","context":"Post similar","block_context":{"text":"Post similar","link":""},"img":{"alt_text":"","src":"https:\/\/i0.wp.com\/efagundes.com\/networking\/wp-content\/uploads\/sites\/5\/2015\/03\/Slide66.jpg?resize=350%2C200","width":350,"height":200,"srcset":"https:\/\/i0.wp.com\/efagundes.com\/networking\/wp-content\/uploads\/sites\/5\/2015\/03\/Slide66.jpg?resize=350%2C200 1x, https:\/\/i0.wp.com\/efagundes.com\/networking\/wp-content\/uploads\/sites\/5\/2015\/03\/Slide66.jpg?resize=525%2C300 1.5x, https:\/\/i0.wp.com\/efagundes.com\/networking\/wp-content\/uploads\/sites\/5\/2015\/03\/Slide66.jpg?resize=700%2C400 2x"},"classes":[]},{"id":570,"url":"https:\/\/efagundes.com\/networking\/camada-de-enlace-de-dados\/a-camada-de-enlace-de-dados\/","url_meta":{"origin":574,"position":3},"title":"A camada de enlace de dados","author":"Eduardo Fagundes","date":"17\/11\/2012","format":false,"excerpt":"O problema b\u00e1sico que esta camada deve resolver \u00e9 a de prover uma linha de comunica\u00e7\u00e3o entre dois nodos que necessitam trocar informa\u00e7\u00f5es entre si. Estes nodos podem tanto ser elementos integrantes de uma rede, como apenas dois elementos de computa\u00e7\u00e3o que se comunicam. A linha f\u00edsica de transmiss\u00e3o que\u2026","rel":"","context":"Post similar","block_context":{"text":"Post similar","link":""},"img":{"alt_text":"","src":"https:\/\/i0.wp.com\/efagundes.com.br\/networking\/wp-content\/uploads\/sites\/7\/2012\/11\/Slide217.jpg?resize=350%2C200","width":350,"height":200,"srcset":"https:\/\/i0.wp.com\/efagundes.com.br\/networking\/wp-content\/uploads\/sites\/7\/2012\/11\/Slide217.jpg?resize=350%2C200 1x, https:\/\/i0.wp.com\/efagundes.com.br\/networking\/wp-content\/uploads\/sites\/7\/2012\/11\/Slide217.jpg?resize=525%2C300 1.5x"},"classes":[]},{"id":582,"url":"https:\/\/efagundes.com\/networking\/camada-de-enlace-de-dados\/crc-cyclic-redundance-checking\/","url_meta":{"origin":574,"position":4},"title":"CRC &#8211; Cyclic Redundance Checking (I)","author":"Eduardo Fagundes","date":"17\/11\/2012","format":false,"excerpt":"Os c\u00f3digos de corre\u00e7\u00e3o de erros s\u00e3o muito utilizados em enlaces sem fio, conhecidos por serem ruidosos e propensos a erros em compara\u00e7\u00e3o com os fio de cobre ou a fibra \u00f3ptica. Sem c\u00f3digos de corre\u00e7\u00e3o erros, seria dif\u00edcil conseguir transmitir dados com garantia de entrega correta dos dados. Por\u2026","rel":"","context":"Post similar","block_context":{"text":"Post similar","link":""},"img":{"alt_text":"","src":"https:\/\/i0.wp.com\/efagundes.com\/networking\/wp-content\/uploads\/sites\/5\/2015\/03\/Slide86.jpg?resize=350%2C200","width":350,"height":200,"srcset":"https:\/\/i0.wp.com\/efagundes.com\/networking\/wp-content\/uploads\/sites\/5\/2015\/03\/Slide86.jpg?resize=350%2C200 1x, https:\/\/i0.wp.com\/efagundes.com\/networking\/wp-content\/uploads\/sites\/5\/2015\/03\/Slide86.jpg?resize=525%2C300 1.5x, https:\/\/i0.wp.com\/efagundes.com\/networking\/wp-content\/uploads\/sites\/5\/2015\/03\/Slide86.jpg?resize=700%2C400 2x"},"classes":[]},{"id":650,"url":"https:\/\/efagundes.com\/networking\/lans-sem-fio\/802-11-a-camada-fisica\/","url_meta":{"origin":574,"position":5},"title":"802.11: a camada f\u00edsica","author":"Eduardo Fagundes","date":"17\/11\/2012","format":false,"excerpt":"A OFDM (Orthogonal Frequency Division Multiplexing) \u00e9 uma varia\u00e7\u00e3o da multiplexa\u00e7\u00e3o por divis\u00e3o de freq\u00fc\u00eancia (FDM) usada nos sistemas de telefonia e nas tecnologias de redes de acesso como o ADSL e VDSL, e mais recentemente nas redes wireless. A id\u00e9ia b\u00e1sica \u00e9 dividir um fluxo digital de alta taxa\u2026","rel":"","context":"Post similar","block_context":{"text":"Post similar","link":""},"img":{"alt_text":"Slide179","src":"https:\/\/i0.wp.com\/efagundes.com\/networking\/wp-content\/uploads\/sites\/5\/2012\/11\/Slide179.png?resize=350%2C200","width":350,"height":200,"srcset":"https:\/\/i0.wp.com\/efagundes.com\/networking\/wp-content\/uploads\/sites\/5\/2012\/11\/Slide179.png?resize=350%2C200 1x, https:\/\/i0.wp.com\/efagundes.com\/networking\/wp-content\/uploads\/sites\/5\/2012\/11\/Slide179.png?resize=525%2C300 1.5x, https:\/\/i0.wp.com\/efagundes.com\/networking\/wp-content\/uploads\/sites\/5\/2012\/11\/Slide179.png?resize=700%2C400 2x"},"classes":[]}],"jetpack_sharing_enabled":true,"_links":{"self":[{"href":"https:\/\/efagundes.com\/networking\/wp-json\/wp\/v2\/pages\/574","targetHints":{"allow":["GET"]}}],"collection":[{"href":"https:\/\/efagundes.com\/networking\/wp-json\/wp\/v2\/pages"}],"about":[{"href":"https:\/\/efagundes.com\/networking\/wp-json\/wp\/v2\/types\/page"}],"author":[{"embeddable":true,"href":"https:\/\/efagundes.com\/networking\/wp-json\/wp\/v2\/users\/1"}],"replies":[{"embeddable":true,"href":"https:\/\/efagundes.com\/networking\/wp-json\/wp\/v2\/comments?post=574"}],"version-history":[{"count":0,"href":"https:\/\/efagundes.com\/networking\/wp-json\/wp\/v2\/pages\/574\/revisions"}],"up":[{"embeddable":true,"href":"https:\/\/efagundes.com\/networking\/wp-json\/wp\/v2\/pages\/568"}],"wp:attachment":[{"href":"https:\/\/efagundes.com\/networking\/wp-json\/wp\/v2\/media?parent=574"}],"curies":[{"name":"wp","href":"https:\/\/api.w.org\/{rel}","templated":true}]}}