{"id":580,"date":"2012-11-17T13:16:05","date_gmt":"2012-11-17T15:16:05","guid":{"rendered":"http:\/\/efagundes.com\/openclass_networking\/?page_id=580"},"modified":"2022-01-16T17:51:25","modified_gmt":"2022-01-16T20:51:25","slug":"enquadramento-flags-iniciais-e-finais-com-insercao-de-bits","status":"publish","type":"page","link":"https:\/\/efagundes.com\/networking\/camada-de-enlace-de-dados\/enquadramento-flags-iniciais-e-finais-com-insercao-de-bits\/","title":{"rendered":"Enquadramento: flags iniciais e finais com inser\u00e7\u00e3o de bits"},"content":{"rendered":"<p><img data-recalc-dims=\"1\" loading=\"lazy\" decoding=\"async\" class=\"alignnone\" src=\"https:\/\/i0.wp.com\/efagundes.com\/networking\/wp-content\/uploads\/sites\/5\/2015\/03\/Slide76.jpg?resize=960%2C720\" alt=\"\" width=\"960\" height=\"720\" \/><\/p>\n<p>Essa t\u00e9cnica de enquadramento permite que os quadros de dados contenham um n\u00famero arbitr\u00e1rio de bits e possibilita a utiliza\u00e7\u00e3o de c\u00f3digos de caracteres com um n\u00famero arbitr\u00e1rio de bits por caractere. De acordo com essa t\u00e9cnica, cada quadro come\u00e7a e termina com um padr\u00e3o de bits, 01111110. Sempre que encontra cinco valores 1 consecutivos nos dados, a camada de enlace de dados do transmissor insere um bit 0 no fluxo de bits que est\u00e1 sendo enviado. O receptor ao perceber cinco bits 1 consecutivos seguido por um bit 0, ele remove automaticamente o bit 0.<\/p>\n<p>&nbsp;<\/p>\n","protected":false},"excerpt":{"rendered":"<p>Essa t\u00e9cnica de enquadramento permite que os quadros de dados contenham um n\u00famero arbitr\u00e1rio de bits e possibilita a utiliza\u00e7\u00e3o de c\u00f3digos de caracteres com um n\u00famero arbitr\u00e1rio de bits por caractere. De acordo com essa t\u00e9cnica, cada quadro come\u00e7a e termina com um padr\u00e3o de bits, 01111110. Sempre que encontra cinco valores 1 consecutivos [&hellip;]<\/p>\n","protected":false},"author":1,"featured_media":0,"parent":568,"menu_order":5,"comment_status":"closed","ping_status":"closed","template":"","meta":{"footnotes":""},"class_list":["post-580","page","type-page","status-publish","hentry"],"jetpack_shortlink":"https:\/\/wp.me\/P8yKGp-9m","jetpack-related-posts":[{"id":574,"url":"https:\/\/efagundes.com\/networking\/camada-de-enlace-de-dados\/enquadramento\/","url_meta":{"origin":580,"position":0},"title":"Enquadramento","author":"Eduardo Fagundes","date":"17\/11\/2012","format":false,"excerpt":"Para oferecer servi\u00e7os \u00e0 camada de rede, a camada de enlace deve usar o servi\u00e7o fornecido a ela pela camada f\u00edsica. O que a camada f\u00edsica faz \u00e9 aceitar um fluxo de bits brutos e tentar entreg\u00e1-lo ao destino. N\u00e3o h\u00e1 uma garantia de que esse fluxo de bits seja\u2026","rel":"","context":"Post similar","block_context":{"text":"Post similar","link":""},"img":{"alt_text":"","src":"https:\/\/i0.wp.com\/efagundes.com\/networking\/wp-content\/uploads\/sites\/5\/2015\/03\/Slide46.jpg?resize=350%2C200","width":350,"height":200,"srcset":"https:\/\/i0.wp.com\/efagundes.com\/networking\/wp-content\/uploads\/sites\/5\/2015\/03\/Slide46.jpg?resize=350%2C200 1x, https:\/\/i0.wp.com\/efagundes.com\/networking\/wp-content\/uploads\/sites\/5\/2015\/03\/Slide46.jpg?resize=525%2C300 1.5x, https:\/\/i0.wp.com\/efagundes.com\/networking\/wp-content\/uploads\/sites\/5\/2015\/03\/Slide46.jpg?resize=700%2C400 2x"},"classes":[]},{"id":578,"url":"https:\/\/efagundes.com\/networking\/camada-de-enlace-de-dados\/enquadramento-bytes-de-flags-com-insercao-de-bytes\/","url_meta":{"origin":580,"position":1},"title":"Enquadramento: bytes de flags com inser\u00e7\u00e3o de bytes","author":"Eduardo Fagundes","date":"17\/11\/2012","format":false,"excerpt":"Esse m\u00e9todo contorna o problema de ressincroniza\u00e7\u00e3o ap\u00f3s um erro, fazendo cada quadro come\u00e7ar e terminar com bytes especiais. No passado, os bytes iniciais e finais eram diferentes mas, nos \u00faltimos anos, a maioria dos protocolos tem utilizado o mesmo byte, chamado byte de flag, como delimitador de in\u00edcio e\u2026","rel":"","context":"Post similar","block_context":{"text":"Post similar","link":""},"img":{"alt_text":"","src":"https:\/\/i0.wp.com\/efagundes.com\/networking\/wp-content\/uploads\/sites\/5\/2015\/03\/Slide66.jpg?resize=350%2C200","width":350,"height":200,"srcset":"https:\/\/i0.wp.com\/efagundes.com\/networking\/wp-content\/uploads\/sites\/5\/2015\/03\/Slide66.jpg?resize=350%2C200 1x, https:\/\/i0.wp.com\/efagundes.com\/networking\/wp-content\/uploads\/sites\/5\/2015\/03\/Slide66.jpg?resize=525%2C300 1.5x, https:\/\/i0.wp.com\/efagundes.com\/networking\/wp-content\/uploads\/sites\/5\/2015\/03\/Slide66.jpg?resize=700%2C400 2x"},"classes":[]},{"id":484,"url":"https:\/\/efagundes.com\/networking\/multiplexacao-2\/multiplexacao-por-divisao-de-tempo\/","url_meta":{"origin":580,"position":2},"title":"Multiplexa\u00e7\u00e3o por divis\u00e3o de tempo (I)","author":"Eduardo Fagundes","date":"17\/11\/2012","format":false,"excerpt":"A multiplexa\u00e7\u00e3o por divis\u00e3o de tempo (TDM) pode ser inteiramente manipulada por circuitos eletr\u00f4nicos digitais; portanto, ela se tornou muito mais difundida nos \u00faltimos anos. Ela s\u00f3 pode ser utilizada para dados digitais. Como os loops locais s\u00e3o anal\u00f3gicos, uma convers\u00e3o de anal\u00f3gico para digital \u00e9 necess\u00e1ria na esta\u00e7\u00e3o final,\u2026","rel":"","context":"Post similar","block_context":{"text":"Post similar","link":""},"img":{"alt_text":"Slide4","src":"https:\/\/i0.wp.com\/efagundes.com\/networking\/wp-content\/uploads\/sites\/5\/2015\/03\/Slide45.jpg?resize=350%2C200","width":350,"height":200,"srcset":"https:\/\/i0.wp.com\/efagundes.com\/networking\/wp-content\/uploads\/sites\/5\/2015\/03\/Slide45.jpg?resize=350%2C200 1x, https:\/\/i0.wp.com\/efagundes.com\/networking\/wp-content\/uploads\/sites\/5\/2015\/03\/Slide45.jpg?resize=525%2C300 1.5x, https:\/\/i0.wp.com\/efagundes.com\/networking\/wp-content\/uploads\/sites\/5\/2015\/03\/Slide45.jpg?resize=700%2C400 2x"},"classes":[]},{"id":446,"url":"https:\/\/efagundes.com\/networking\/sistema-de-telefonia-movel\/gsm-2\/","url_meta":{"origin":580,"position":3},"title":"GSM (II)","author":"Eduardo Fagundes","date":"17\/11\/2012","format":false,"excerpt":"Os slots TDM mostrados na figura fazem parte de uma complexa hierarquia de enquadramento. Cada slot TDM tem uma estrutura espec\u00edfica, e grupos de slots TDM formam multiquadros, tamb\u00e9m com uma estrutura espec\u00edfica. Uma vers\u00e3o simplificada dessa hierarquia \u00e9 apresentada na figura. Aqui pode-se ver que cada slot TDM consiste\u2026","rel":"","context":"Post similar","block_context":{"text":"Post similar","link":""},"img":{"alt_text":"","src":"https:\/\/i0.wp.com\/efagundes.com\/networking\/wp-content\/uploads\/sites\/5\/2015\/03\/Slide262.jpg?resize=350%2C200","width":350,"height":200,"srcset":"https:\/\/i0.wp.com\/efagundes.com\/networking\/wp-content\/uploads\/sites\/5\/2015\/03\/Slide262.jpg?resize=350%2C200 1x, https:\/\/i0.wp.com\/efagundes.com\/networking\/wp-content\/uploads\/sites\/5\/2015\/03\/Slide262.jpg?resize=525%2C300 1.5x, https:\/\/i0.wp.com\/efagundes.com\/networking\/wp-content\/uploads\/sites\/5\/2015\/03\/Slide262.jpg?resize=700%2C400 2x"},"classes":[]},{"id":604,"url":"https:\/\/efagundes.com\/networking\/exemplos-de-protocolos\/high-level-data-link-control\/","url_meta":{"origin":580,"position":4},"title":"High-level Data Link Control (I)","author":"Eduardo Fagundes","date":"17\/11\/2012","format":false,"excerpt":"O HDLC (Higher Level Data Link Control) pertence a uma classe de protocolos que diferem muito pouco entre si, como o protocolo SDLC (Synchronous Data Link Control) da IBM em sua rede SNA (System Network Architecture). O HDLC \u00e9 orientado a bit, em contraposi\u00e7\u00e3o aos protocolos orientados a caracteres. Estes\u2026","rel":"","context":"Post similar","block_context":{"text":"Post similar","link":""},"img":{"alt_text":"","src":"https:\/\/i0.wp.com\/efagundes.com\/networking\/wp-content\/uploads\/sites\/5\/2015\/03\/Slide184.jpg?resize=350%2C200","width":350,"height":200,"srcset":"https:\/\/i0.wp.com\/efagundes.com\/networking\/wp-content\/uploads\/sites\/5\/2015\/03\/Slide184.jpg?resize=350%2C200 1x, https:\/\/i0.wp.com\/efagundes.com\/networking\/wp-content\/uploads\/sites\/5\/2015\/03\/Slide184.jpg?resize=525%2C300 1.5x, https:\/\/i0.wp.com\/efagundes.com\/networking\/wp-content\/uploads\/sites\/5\/2015\/03\/Slide184.jpg?resize=700%2C400 2x"},"classes":[]},{"id":412,"url":"https:\/\/efagundes.com\/networking\/sistema-telefonico\/transmissao-do-sinal-digital\/","url_meta":{"origin":580,"position":5},"title":"Transmiss\u00e3o do sinal digital","author":"Eduardo Fagundes","date":"17\/11\/2012","format":false,"excerpt":"Dados digitais s\u00e3o informa\u00e7\u00f5es codificadas sob a forma de d\u00edgitos que podem assumir um certo n\u00famero de estados poss\u00edveis. Quando esses d\u00edgitos podem assumir dois estados, dizemos que s\u00e3o d\u00edgitos bin\u00e1rios ou \u201cbits\u201d ( \u201cBInary digiTS). Importante observar a exist\u00eancia de apenas dois estados poss\u00edveis para o bit, ou o\u2026","rel":"","context":"Post similar","block_context":{"text":"Post similar","link":""},"img":{"alt_text":"Slide10","src":"https:\/\/i0.wp.com\/efagundes.com\/networking\/wp-content\/uploads\/sites\/5\/2015\/03\/Slide104.jpg?resize=350%2C200","width":350,"height":200,"srcset":"https:\/\/i0.wp.com\/efagundes.com\/networking\/wp-content\/uploads\/sites\/5\/2015\/03\/Slide104.jpg?resize=350%2C200 1x, https:\/\/i0.wp.com\/efagundes.com\/networking\/wp-content\/uploads\/sites\/5\/2015\/03\/Slide104.jpg?resize=525%2C300 1.5x, https:\/\/i0.wp.com\/efagundes.com\/networking\/wp-content\/uploads\/sites\/5\/2015\/03\/Slide104.jpg?resize=700%2C400 2x"},"classes":[]}],"jetpack_sharing_enabled":true,"_links":{"self":[{"href":"https:\/\/efagundes.com\/networking\/wp-json\/wp\/v2\/pages\/580","targetHints":{"allow":["GET"]}}],"collection":[{"href":"https:\/\/efagundes.com\/networking\/wp-json\/wp\/v2\/pages"}],"about":[{"href":"https:\/\/efagundes.com\/networking\/wp-json\/wp\/v2\/types\/page"}],"author":[{"embeddable":true,"href":"https:\/\/efagundes.com\/networking\/wp-json\/wp\/v2\/users\/1"}],"replies":[{"embeddable":true,"href":"https:\/\/efagundes.com\/networking\/wp-json\/wp\/v2\/comments?post=580"}],"version-history":[{"count":0,"href":"https:\/\/efagundes.com\/networking\/wp-json\/wp\/v2\/pages\/580\/revisions"}],"up":[{"embeddable":true,"href":"https:\/\/efagundes.com\/networking\/wp-json\/wp\/v2\/pages\/568"}],"wp:attachment":[{"href":"https:\/\/efagundes.com\/networking\/wp-json\/wp\/v2\/media?parent=580"}],"curies":[{"name":"wp","href":"https:\/\/api.w.org\/{rel}","templated":true}]}}