{"id":586,"date":"2012-11-17T13:21:46","date_gmt":"2012-11-17T15:21:46","guid":{"rendered":"http:\/\/efagundes.com\/openclass_networking\/?page_id=586"},"modified":"2022-01-16T17:51:25","modified_gmt":"2022-01-16T20:51:25","slug":"protocolos-elementares-de-enlace-de-dados","status":"publish","type":"page","link":"https:\/\/efagundes.com\/networking\/protocolos-elementares-de-enlace-de-dados\/","title":{"rendered":"Protocolos elementares de enlace de dados"},"content":{"rendered":"<p><img data-recalc-dims=\"1\" loading=\"lazy\" decoding=\"async\" class=\"alignnone\" src=\"https:\/\/i0.wp.com\/efagundes.com\/networking\/wp-content\/uploads\/sites\/5\/2015\/03\/Slide106.jpg?resize=960%2C720\" alt=\"\" width=\"960\" height=\"720\" \/><\/p>\n<p><strong>T\u00f3picos do capitulo<\/strong><br \/>\n\n<!-- Page-list plugin v.5.9 wordpress.org\/plugins\/page-list\/ -->\n<ul class=\"page-list subpages-page-list \">\n<li class=\"page_item page-item-588\"><a href=\"https:\/\/efagundes.com\/networking\/protocolos-elementares-de-enlace-de-dados\/um-protocolo-simplex-sem-restricoes\/\">Um protocolo simplex sem restri\u00e7\u00f5es<\/a><\/li>\n<li class=\"page_item page-item-590\"><a href=\"https:\/\/efagundes.com\/networking\/protocolos-elementares-de-enlace-de-dados\/um-protocolo-simplex-stop-and-wait\/\">Um protocolo simplex stop-and-wait<\/a><\/li>\n<li class=\"page_item page-item-593\"><a href=\"https:\/\/efagundes.com\/networking\/protocolos-elementares-de-enlace-de-dados\/um-protocolo-simplex-para-um-canal-com-ruido\/\">Um protocolo simplex para um canal com ru\u00eddo<\/a><\/li>\n<li class=\"page_item page-item-595\"><a href=\"https:\/\/efagundes.com\/networking\/protocolos-elementares-de-enlace-de-dados\/protocolos-de-janela-deslizante\/\">Protocolos de janela deslizante<\/a><\/li>\n<li class=\"page_item page-item-597\"><a href=\"https:\/\/efagundes.com\/networking\/protocolos-elementares-de-enlace-de-dados\/um-protocolo-de-janela-deslizante-de-um-bit\/\">Um protocolo de janela deslizante de um bit<\/a><\/li>\n<li class=\"page_item page-item-599\"><a href=\"https:\/\/efagundes.com\/networking\/protocolos-elementares-de-enlace-de-dados\/protocolo-usando-go-back-n\/\">Protocolo usando Go Back N<\/a><\/li>\n\n<\/ul><\/p>\n","protected":false},"excerpt":{"rendered":"<p>T\u00f3picos do capitulo<\/p>\n","protected":false},"author":1,"featured_media":0,"parent":0,"menu_order":22,"comment_status":"closed","ping_status":"closed","template":"","meta":{"footnotes":""},"class_list":["post-586","page","type-page","status-publish","hentry"],"jetpack_shortlink":"https:\/\/wp.me\/P8yKGp-9s","jetpack-related-posts":[{"id":568,"url":"https:\/\/efagundes.com\/networking\/camada-de-enlace-de-dados\/","url_meta":{"origin":586,"position":0},"title":"Camada de enlace de dados","author":"Eduardo Fagundes","date":"17\/11\/2012","format":false,"excerpt":"T\u00f3picos do capitulo","rel":"","context":"Post similar","block_context":{"text":"Post similar","link":""},"img":{"alt_text":"","src":"https:\/\/i0.wp.com\/efagundes.com\/networking\/wp-content\/uploads\/sites\/5\/2015\/03\/Slide120.jpg?resize=350%2C200","width":350,"height":200,"srcset":"https:\/\/i0.wp.com\/efagundes.com\/networking\/wp-content\/uploads\/sites\/5\/2015\/03\/Slide120.jpg?resize=350%2C200 1x, https:\/\/i0.wp.com\/efagundes.com\/networking\/wp-content\/uploads\/sites\/5\/2015\/03\/Slide120.jpg?resize=525%2C300 1.5x, https:\/\/i0.wp.com\/efagundes.com\/networking\/wp-content\/uploads\/sites\/5\/2015\/03\/Slide120.jpg?resize=700%2C400 2x"},"classes":[]},{"id":673,"url":"https:\/\/efagundes.com\/networking\/comutacao-na-camada-de-enlace-de-dados\/","url_meta":{"origin":586,"position":1},"title":"Comuta\u00e7\u00e3o na camada de enlace de dados","author":"Eduardo Fagundes","date":"17\/11\/2012","format":false,"excerpt":"T\u00f3picos do capitulo","rel":"","context":"Post similar","block_context":{"text":"Post similar","link":""},"img":{"alt_text":"","src":"https:\/\/i0.wp.com\/efagundes.com\/networking\/wp-content\/uploads\/sites\/5\/2015\/03\/Slide48.jpg?resize=350%2C200","width":350,"height":200,"srcset":"https:\/\/i0.wp.com\/efagundes.com\/networking\/wp-content\/uploads\/sites\/5\/2015\/03\/Slide48.jpg?resize=350%2C200 1x, https:\/\/i0.wp.com\/efagundes.com\/networking\/wp-content\/uploads\/sites\/5\/2015\/03\/Slide48.jpg?resize=525%2C300 1.5x, https:\/\/i0.wp.com\/efagundes.com\/networking\/wp-content\/uploads\/sites\/5\/2015\/03\/Slide48.jpg?resize=700%2C400 2x"},"classes":[]},{"id":602,"url":"https:\/\/efagundes.com\/networking\/exemplos-de-protocolos\/","url_meta":{"origin":586,"position":2},"title":"Exemplos de Protocolos","author":"Eduardo Fagundes","date":"17\/11\/2012","format":false,"excerpt":"T\u00f3picos do capitulo","rel":"","context":"Post similar","block_context":{"text":"Post similar","link":""},"img":{"alt_text":"","src":"https:\/\/i0.wp.com\/efagundes.com\/networking\/wp-content\/uploads\/sites\/5\/2015\/03\/Slide174.jpg?resize=350%2C200","width":350,"height":200,"srcset":"https:\/\/i0.wp.com\/efagundes.com\/networking\/wp-content\/uploads\/sites\/5\/2015\/03\/Slide174.jpg?resize=350%2C200 1x, https:\/\/i0.wp.com\/efagundes.com\/networking\/wp-content\/uploads\/sites\/5\/2015\/03\/Slide174.jpg?resize=525%2C300 1.5x, https:\/\/i0.wp.com\/efagundes.com\/networking\/wp-content\/uploads\/sites\/5\/2015\/03\/Slide174.jpg?resize=700%2C400 2x"},"classes":[]},{"id":588,"url":"https:\/\/efagundes.com\/networking\/protocolos-elementares-de-enlace-de-dados\/um-protocolo-simplex-sem-restricoes\/","url_meta":{"origin":586,"position":3},"title":"Um protocolo simplex sem restri\u00e7\u00f5es","author":"Eduardo Fagundes","date":"17\/11\/2012","format":false,"excerpt":"O caso ideal sup\u00f5e a exist\u00eancia de uma linha f\u00edsica isenta de erros, uma taxa de transmiss\u00e3o infinita e aus\u00eancia de erros. O elemento que recebe dados \u00e9 capaz de consumi-los instantaneamente e disp\u00f5e de uma mem\u00f3ria ilimitada para o armazenamento destes dados. \u00a0","rel":"","context":"Post similar","block_context":{"text":"Post similar","link":""},"img":{"alt_text":"","src":"https:\/\/i0.wp.com\/efagundes.com\/networking\/wp-content\/uploads\/sites\/5\/2015\/03\/Slide1110.jpg?resize=350%2C200","width":350,"height":200,"srcset":"https:\/\/i0.wp.com\/efagundes.com\/networking\/wp-content\/uploads\/sites\/5\/2015\/03\/Slide1110.jpg?resize=350%2C200 1x, https:\/\/i0.wp.com\/efagundes.com\/networking\/wp-content\/uploads\/sites\/5\/2015\/03\/Slide1110.jpg?resize=525%2C300 1.5x, https:\/\/i0.wp.com\/efagundes.com\/networking\/wp-content\/uploads\/sites\/5\/2015\/03\/Slide1110.jpg?resize=700%2C400 2x"},"classes":[]},{"id":1138,"url":"https:\/\/efagundes.com\/networking\/protocolos-tcpip\/","url_meta":{"origin":586,"position":4},"title":"Protocolos TCP\/IP","author":"Eduardo Fagundes","date":"19\/11\/2012","format":false,"excerpt":"T\u00f3picos do capitulo","rel":"","context":"Post similar","block_context":{"text":"Post similar","link":""},"img":{"alt_text":"Slide232","src":"https:\/\/i0.wp.com\/efagundes.com\/networking\/wp-content\/uploads\/sites\/5\/2012\/11\/Slide232.png?resize=350%2C200","width":350,"height":200,"srcset":"https:\/\/i0.wp.com\/efagundes.com\/networking\/wp-content\/uploads\/sites\/5\/2012\/11\/Slide232.png?resize=350%2C200 1x, https:\/\/i0.wp.com\/efagundes.com\/networking\/wp-content\/uploads\/sites\/5\/2012\/11\/Slide232.png?resize=525%2C300 1.5x, https:\/\/i0.wp.com\/efagundes.com\/networking\/wp-content\/uploads\/sites\/5\/2012\/11\/Slide232.png?resize=700%2C400 2x"},"classes":[]},{"id":597,"url":"https:\/\/efagundes.com\/networking\/protocolos-elementares-de-enlace-de-dados\/um-protocolo-de-janela-deslizante-de-um-bit\/","url_meta":{"origin":586,"position":5},"title":"Um protocolo de janela deslizante de um bit","author":"Eduardo Fagundes","date":"17\/11\/2012","format":false,"excerpt":"A figura mostra a sequ\u00eancia de dados, confirma\u00e7\u00e3o e n\u00famero dos pacotes da janela deslizante de tamanho 1 e seq\u00fc\u00eancia variando de 0 a 1. Ademais, o protocolo \u00e9 bidirecional para transmiss\u00e3o de dados e usa a t\u00e9cnica de carona para a confirma\u00e7\u00e3o. A t\u00e9cnica de carona permite a transmiss\u00e3o\u2026","rel":"","context":"Post similar","block_context":{"text":"Post similar","link":""},"img":{"alt_text":"","src":"https:\/\/i0.wp.com\/efagundes.com\/networking\/wp-content\/uploads\/sites\/5\/2015\/03\/Slide155.jpg?resize=350%2C200","width":350,"height":200,"srcset":"https:\/\/i0.wp.com\/efagundes.com\/networking\/wp-content\/uploads\/sites\/5\/2015\/03\/Slide155.jpg?resize=350%2C200 1x, https:\/\/i0.wp.com\/efagundes.com\/networking\/wp-content\/uploads\/sites\/5\/2015\/03\/Slide155.jpg?resize=525%2C300 1.5x, https:\/\/i0.wp.com\/efagundes.com\/networking\/wp-content\/uploads\/sites\/5\/2015\/03\/Slide155.jpg?resize=700%2C400 2x"},"classes":[]}],"jetpack_sharing_enabled":true,"_links":{"self":[{"href":"https:\/\/efagundes.com\/networking\/wp-json\/wp\/v2\/pages\/586","targetHints":{"allow":["GET"]}}],"collection":[{"href":"https:\/\/efagundes.com\/networking\/wp-json\/wp\/v2\/pages"}],"about":[{"href":"https:\/\/efagundes.com\/networking\/wp-json\/wp\/v2\/types\/page"}],"author":[{"embeddable":true,"href":"https:\/\/efagundes.com\/networking\/wp-json\/wp\/v2\/users\/1"}],"replies":[{"embeddable":true,"href":"https:\/\/efagundes.com\/networking\/wp-json\/wp\/v2\/comments?post=586"}],"version-history":[{"count":0,"href":"https:\/\/efagundes.com\/networking\/wp-json\/wp\/v2\/pages\/586\/revisions"}],"wp:attachment":[{"href":"https:\/\/efagundes.com\/networking\/wp-json\/wp\/v2\/media?parent=586"}],"curies":[{"name":"wp","href":"https:\/\/api.w.org\/{rel}","templated":true}]}}