{"id":590,"date":"2012-11-17T13:25:53","date_gmt":"2012-11-17T15:25:53","guid":{"rendered":"http:\/\/efagundes.com\/openclass_networking\/?page_id=590"},"modified":"2022-01-16T17:51:27","modified_gmt":"2022-01-16T20:51:27","slug":"um-protocolo-simplex-stop-and-wait","status":"publish","type":"page","link":"https:\/\/efagundes.com\/networking\/protocolos-elementares-de-enlace-de-dados\/um-protocolo-simplex-stop-and-wait\/","title":{"rendered":"Um protocolo simplex stop-and-wait"},"content":{"rendered":"<p><img data-recalc-dims=\"1\" loading=\"lazy\" decoding=\"async\" class=\"alignnone\" src=\"https:\/\/i0.wp.com\/efagundes.com\/networking\/wp-content\/uploads\/sites\/5\/2015\/03\/Slide126.jpg?resize=960%2C720\" alt=\"\" width=\"960\" height=\"720\" \/><\/p>\n<p>Esse protocolo de comunica\u00e7\u00e3o ainda livre de erros mas, agora, o receptor tem uma capacidade de consumo limitada. Este fato se deve a uma capacidade de armazenamento limitada e uma velocidade de processamento finita.<\/p>\n<p>O emissor deve ent\u00e3o se precaver para n\u00e3o transmitir quadros a uma taxa maior que o receptor \u00e9 capaz de consumi-los. Para isso, o emissor ap\u00f3s enviar um quadro, s\u00f3 dever\u00e1 enviar pr\u00f3ximo depois de receber um \u201csinal verde\u201d do receptor.<\/p>\n<p>Protocolo stop-and-wait:<\/p>\n<table cellspacing=\"0\" cellpadding=\"0\">\n<tbody>\n<tr>\n<td width=\"297\" height=\"308\">\n<div>\n<p>Constante masmsg = &#8230;.<\/p>\n<p>&nbsp;<\/p>\n<p>tipo\u00a0\u00a0 bit \u00a0\u00a0 \u00a0\u00a0\u00a0\u00a0\u00a0\u00a0 = 0&#8230;1<\/p>\n<p>mensagem \u00a0\u00a0\u00a0 = vetor [0..maxmsg] de bit;<\/p>\n<p>quadro\u00a0\u00a0\u00a0\u00a0\u00a0\u00a0 = registro<\/p>\n<p>prefixo:\u00a0\u00a0\u00a0\u00a0 byte;<\/p>\n<p>info: \u00a0\u00a0\u00a0\u00a0\u00a0\u00a0 mensagem;<\/p>\n<p>sufixo:\u00a0\u00a0\u00a0\u00a0\u00a0 byte<\/p>\n<p>fim;<\/p>\n<p>tipo_evento\u00a0 = (chegou_quadro);<\/p>\n<p>&nbsp;<\/p>\n<p>procedimento envia;<\/p>\n<p>&nbsp;<\/p>\n<p>var\u00a0\u00a0\u00a0 q:\u00a0\u00a0\u00a0\u00a0 \u00a0\u00a0\u00a0\u00a0\u00a0\u00a0 quadro;<\/p>\n<p>buffer: \u00a0\u00a0\u00a0\u00a0 mensagem<\/p>\n<p>evento: \u00a0\u00a0\u00a0\u00a0 tipo_evento;<\/p>\n<p>&nbsp;<\/p>\n<p>in\u00edcio<\/p>\n<p>repita<\/p>\n<p>de_cima (buffer)<\/p>\n<p>q.info: buffer;<\/p>\n<p>envia_quadro(q);<\/p>\n<p>espera(evento);<\/p>\n<p>at\u00e9 falso;<\/p>\n<p>fim<\/p>\n<p>&nbsp;<\/p>\n<\/div>\n<\/td>\n<\/tr>\n<\/tbody>\n<\/table>\n","protected":false},"excerpt":{"rendered":"<p>Esse protocolo de comunica\u00e7\u00e3o ainda livre de erros mas, agora, o receptor tem uma capacidade de consumo limitada. Este fato se deve a uma capacidade de armazenamento limitada e uma velocidade de processamento finita. O emissor deve ent\u00e3o se precaver para n\u00e3o transmitir quadros a uma taxa maior que o receptor \u00e9 capaz de consumi-los. [&hellip;]<\/p>\n","protected":false},"author":1,"featured_media":0,"parent":586,"menu_order":40,"comment_status":"closed","ping_status":"closed","template":"","meta":{"footnotes":""},"class_list":["post-590","page","type-page","status-publish","hentry"],"jetpack_shortlink":"https:\/\/wp.me\/P8yKGp-9w","jetpack-related-posts":[{"id":593,"url":"https:\/\/efagundes.com\/networking\/protocolos-elementares-de-enlace-de-dados\/um-protocolo-simplex-para-um-canal-com-ruido\/","url_meta":{"origin":590,"position":0},"title":"Um protocolo simplex para um canal com ru\u00eddo","author":"Eduardo Fagundes","date":"17\/11\/2012","format":false,"excerpt":"Os protocolos simples e stop-and-wait consideram uma linha livre de erros. Entretanto, a realidade mostra que as linhas sempre podem apresentar erros que causam altera\u00e7\u00e3o nos quadros transmitidos ou mesmo perda completa desses quadros. A primeira conseq\u00fc\u00eancia desta realidade \u00e9 a necessidade de sinalizar o nodo emissor que o quadro\u2026","rel":"","context":"Post similar","block_context":{"text":"Post similar","link":""},"img":{"alt_text":"","src":"https:\/\/i0.wp.com\/efagundes.com\/networking\/wp-content\/uploads\/sites\/5\/2015\/03\/Slide136.jpg?resize=350%2C200","width":350,"height":200,"srcset":"https:\/\/i0.wp.com\/efagundes.com\/networking\/wp-content\/uploads\/sites\/5\/2015\/03\/Slide136.jpg?resize=350%2C200 1x, https:\/\/i0.wp.com\/efagundes.com\/networking\/wp-content\/uploads\/sites\/5\/2015\/03\/Slide136.jpg?resize=525%2C300 1.5x, https:\/\/i0.wp.com\/efagundes.com\/networking\/wp-content\/uploads\/sites\/5\/2015\/03\/Slide136.jpg?resize=700%2C400 2x"},"classes":[]},{"id":653,"url":"https:\/\/efagundes.com\/networking\/lans-sem-fio\/802-11-o-protocolo-da-subcamada-mac\/","url_meta":{"origin":590,"position":1},"title":"802.11: o protocolo da subcamada MAC (I)","author":"Eduardo Fagundes","date":"17\/11\/2012","format":false,"excerpt":"\u00a0 O protocolo da subcamada MAC do 802.11 \u00e9 bastante diferente do protocolo da Ethernet, devido \u00e0 complexidade inerente do ambiente sem fio, em compara\u00e7\u00e3o com o de um sistema fisicamente conectado. O protocolo come\u00e7a quando A decide transmitir dados para B. O emissor pode emitir um RTS (request to\u2026","rel":"","context":"Post similar","block_context":{"text":"Post similar","link":""},"img":{"alt_text":"Slide180","src":"https:\/\/i0.wp.com\/efagundes.com\/networking\/wp-content\/uploads\/sites\/5\/2012\/11\/Slide180.png?resize=350%2C200","width":350,"height":200,"srcset":"https:\/\/i0.wp.com\/efagundes.com\/networking\/wp-content\/uploads\/sites\/5\/2012\/11\/Slide180.png?resize=350%2C200 1x, https:\/\/i0.wp.com\/efagundes.com\/networking\/wp-content\/uploads\/sites\/5\/2012\/11\/Slide180.png?resize=525%2C300 1.5x, https:\/\/i0.wp.com\/efagundes.com\/networking\/wp-content\/uploads\/sites\/5\/2012\/11\/Slide180.png?resize=700%2C400 2x"},"classes":[]},{"id":1086,"url":"https:\/\/efagundes.com\/networking\/lans-sem-fio\/802-11-o-protocolo-da-subcamada-mac-2-2\/","url_meta":{"origin":590,"position":2},"title":"802.11: o protocolo da subcamada MAC (II)","author":"Eduardo Fagundes","date":"19\/11\/2012","format":false,"excerpt":"\u00a0 A taxa de erro de transmiss\u00e3o em Redes sem Fio \u00e9 geralmente muito maior que em redes de fibra \u00f3ptica, por exemplo. Uma maneira de diminuir a probabilidade de erro dos quadros \u00e9 utilizar quadros pequenos. Nesse caso, a taxa de erros na transmiss\u00e3o \u00e9 a mesma, mas somente\u2026","rel":"","context":"Post similar","block_context":{"text":"Post similar","link":""},"img":{"alt_text":"Slide181","src":"https:\/\/i0.wp.com\/efagundes.com\/networking\/wp-content\/uploads\/sites\/5\/2012\/11\/Slide181.png?resize=350%2C200","width":350,"height":200,"srcset":"https:\/\/i0.wp.com\/efagundes.com\/networking\/wp-content\/uploads\/sites\/5\/2012\/11\/Slide181.png?resize=350%2C200 1x, https:\/\/i0.wp.com\/efagundes.com\/networking\/wp-content\/uploads\/sites\/5\/2012\/11\/Slide181.png?resize=525%2C300 1.5x, https:\/\/i0.wp.com\/efagundes.com\/networking\/wp-content\/uploads\/sites\/5\/2012\/11\/Slide181.png?resize=700%2C400 2x"},"classes":[]},{"id":599,"url":"https:\/\/efagundes.com\/networking\/protocolos-elementares-de-enlace-de-dados\/protocolo-usando-go-back-n\/","url_meta":{"origin":590,"position":3},"title":"Protocolo usando Go Back N","author":"Eduardo Fagundes","date":"17\/11\/2012","format":false,"excerpt":"Os protocolos vistos at\u00e9 aqui tinham uma janela de transmiss\u00e3o igual a 1, ou seja, s\u00f3 enviavam um quadro ap\u00f3s receberem confirma\u00e7\u00e3o da recep\u00e7\u00e3o do quadro enviado anteriormente. Como o tempo de transmiss\u00e3o de quadros n\u00e3o \u00e9 desprez\u00edvel, a ado\u00e7\u00e3o dessa t\u00e9cnica resulta, normalmente, em inefici\u00eancia. Se \u00e9 permitido ao\u2026","rel":"","context":"Post similar","block_context":{"text":"Post similar","link":""},"img":{"alt_text":"","src":"https:\/\/i0.wp.com\/efagundes.com\/networking\/wp-content\/uploads\/sites\/5\/2015\/03\/Slide165.jpg?resize=350%2C200","width":350,"height":200,"srcset":"https:\/\/i0.wp.com\/efagundes.com\/networking\/wp-content\/uploads\/sites\/5\/2015\/03\/Slide165.jpg?resize=350%2C200 1x, https:\/\/i0.wp.com\/efagundes.com\/networking\/wp-content\/uploads\/sites\/5\/2015\/03\/Slide165.jpg?resize=525%2C300 1.5x, https:\/\/i0.wp.com\/efagundes.com\/networking\/wp-content\/uploads\/sites\/5\/2015\/03\/Slide165.jpg?resize=700%2C400 2x"},"classes":[]},{"id":595,"url":"https:\/\/efagundes.com\/networking\/protocolos-elementares-de-enlace-de-dados\/protocolos-de-janela-deslizante\/","url_meta":{"origin":590,"position":4},"title":"Protocolos de janela deslizante","author":"Eduardo Fagundes","date":"17\/11\/2012","format":false,"excerpt":"Uma janela de transmiss\u00e3o \u00e9, para o emissor, o conjunto de quadro que podem ser enviados independentemente de ter recebido suas confirma\u00e7\u00f5es. Por exemplo, um emissor com janela tamanho N pode enviar desde o quadro 0 at\u00e9 o quadro N-1 sem que tenha recebido confirma\u00e7\u00e3o, no entanto, para enviar o\u2026","rel":"","context":"Com 1 coment\u00e1rio","block_context":{"text":"Com 1 coment\u00e1rio","link":"https:\/\/efagundes.com\/networking\/protocolos-elementares-de-enlace-de-dados\/protocolos-de-janela-deslizante\/#comments"},"img":{"alt_text":"","src":"https:\/\/i0.wp.com\/efagundes.com\/networking\/wp-content\/uploads\/sites\/5\/2015\/03\/Slide146.jpg?resize=350%2C200","width":350,"height":200,"srcset":"https:\/\/i0.wp.com\/efagundes.com\/networking\/wp-content\/uploads\/sites\/5\/2015\/03\/Slide146.jpg?resize=350%2C200 1x, https:\/\/i0.wp.com\/efagundes.com\/networking\/wp-content\/uploads\/sites\/5\/2015\/03\/Slide146.jpg?resize=525%2C300 1.5x, https:\/\/i0.wp.com\/efagundes.com\/networking\/wp-content\/uploads\/sites\/5\/2015\/03\/Slide146.jpg?resize=700%2C400 2x"},"classes":[]},{"id":597,"url":"https:\/\/efagundes.com\/networking\/protocolos-elementares-de-enlace-de-dados\/um-protocolo-de-janela-deslizante-de-um-bit\/","url_meta":{"origin":590,"position":5},"title":"Um protocolo de janela deslizante de um bit","author":"Eduardo Fagundes","date":"17\/11\/2012","format":false,"excerpt":"A figura mostra a sequ\u00eancia de dados, confirma\u00e7\u00e3o e n\u00famero dos pacotes da janela deslizante de tamanho 1 e seq\u00fc\u00eancia variando de 0 a 1. Ademais, o protocolo \u00e9 bidirecional para transmiss\u00e3o de dados e usa a t\u00e9cnica de carona para a confirma\u00e7\u00e3o. A t\u00e9cnica de carona permite a transmiss\u00e3o\u2026","rel":"","context":"Post similar","block_context":{"text":"Post similar","link":""},"img":{"alt_text":"","src":"https:\/\/i0.wp.com\/efagundes.com\/networking\/wp-content\/uploads\/sites\/5\/2015\/03\/Slide155.jpg?resize=350%2C200","width":350,"height":200,"srcset":"https:\/\/i0.wp.com\/efagundes.com\/networking\/wp-content\/uploads\/sites\/5\/2015\/03\/Slide155.jpg?resize=350%2C200 1x, https:\/\/i0.wp.com\/efagundes.com\/networking\/wp-content\/uploads\/sites\/5\/2015\/03\/Slide155.jpg?resize=525%2C300 1.5x, https:\/\/i0.wp.com\/efagundes.com\/networking\/wp-content\/uploads\/sites\/5\/2015\/03\/Slide155.jpg?resize=700%2C400 2x"},"classes":[]}],"jetpack_sharing_enabled":true,"_links":{"self":[{"href":"https:\/\/efagundes.com\/networking\/wp-json\/wp\/v2\/pages\/590","targetHints":{"allow":["GET"]}}],"collection":[{"href":"https:\/\/efagundes.com\/networking\/wp-json\/wp\/v2\/pages"}],"about":[{"href":"https:\/\/efagundes.com\/networking\/wp-json\/wp\/v2\/types\/page"}],"author":[{"embeddable":true,"href":"https:\/\/efagundes.com\/networking\/wp-json\/wp\/v2\/users\/1"}],"replies":[{"embeddable":true,"href":"https:\/\/efagundes.com\/networking\/wp-json\/wp\/v2\/comments?post=590"}],"version-history":[{"count":0,"href":"https:\/\/efagundes.com\/networking\/wp-json\/wp\/v2\/pages\/590\/revisions"}],"up":[{"embeddable":true,"href":"https:\/\/efagundes.com\/networking\/wp-json\/wp\/v2\/pages\/586"}],"wp:attachment":[{"href":"https:\/\/efagundes.com\/networking\/wp-json\/wp\/v2\/media?parent=590"}],"curies":[{"name":"wp","href":"https:\/\/api.w.org\/{rel}","templated":true}]}}