{"id":595,"date":"2012-11-17T13:32:19","date_gmt":"2012-11-17T15:32:19","guid":{"rendered":"http:\/\/efagundes.com\/openclass_networking\/?page_id=595"},"modified":"2022-01-16T17:51:27","modified_gmt":"2022-01-16T20:51:27","slug":"protocolos-de-janela-deslizante","status":"publish","type":"page","link":"https:\/\/efagundes.com\/networking\/protocolos-elementares-de-enlace-de-dados\/protocolos-de-janela-deslizante\/","title":{"rendered":"Protocolos de janela deslizante"},"content":{"rendered":"<p><img data-recalc-dims=\"1\" loading=\"lazy\" decoding=\"async\" class=\"alignnone\" src=\"https:\/\/i0.wp.com\/efagundes.com\/networking\/wp-content\/uploads\/sites\/5\/2015\/03\/Slide146.jpg?resize=960%2C720\" alt=\"\" width=\"960\" height=\"720\" \/><\/p>\n<p>Uma janela de transmiss\u00e3o \u00e9, para o emissor, o conjunto de quadro que podem ser enviados independentemente de ter recebido suas confirma\u00e7\u00f5es. Por exemplo, um emissor com janela tamanho N pode enviar desde o quadro 0 at\u00e9 o quadro N-1 sem que tenha recebido confirma\u00e7\u00e3o, no entanto, para enviar o quadro N \u00e9 necess\u00e1rio que o primeiro quadro enviado (o) seja confirmado. Quando a confirma\u00e7\u00e3o ocorre, a janela passa a incluir os quadros numerados de 1 at\u00e9 N, mantendo portanto o tamanho N. Da mesma forma, quando o quadro 1 \u00e9 confirmado, a janela passa a incluir os quadros de 2 a N+1. Esse fato caracteriza o termo janela deslizante. Normalmente, a numera\u00e7\u00e3o de seq\u00fc\u00eancia \u00e9 calculado sempre m\u00f3dulo M, onde M \u00e9 o n\u00famero m\u00e1ximo de seq\u00fc\u00eancia utilizado.<\/p>\n<p>Uma janela de recep\u00e7\u00e3o \u00e9, para o receptor, o conjunto de quadros recebidos e que n\u00e3o foram entregues ainda para a camada superior. Isso ocorre porque os quadros devem ser entregues ao n\u00edvel superior na sua ordem de seq\u00fc\u00eancia. Toda vez que um quadro pertencente \u00e0 janela e que tenha o menor n\u00famero de seq\u00fc\u00eancia \u00e9 recebido, o emissor passa-o para o n\u00edvel superior e desloca a janela para cima de uma unidade.<\/p>\n<p>&nbsp;<\/p>\n","protected":false},"excerpt":{"rendered":"<p>Uma janela de transmiss\u00e3o \u00e9, para o emissor, o conjunto de quadro que podem ser enviados independentemente de ter recebido suas confirma\u00e7\u00f5es. Por exemplo, um emissor com janela tamanho N pode enviar desde o quadro 0 at\u00e9 o quadro N-1 sem que tenha recebido confirma\u00e7\u00e3o, no entanto, para enviar o quadro N \u00e9 necess\u00e1rio que [&hellip;]<\/p>\n","protected":false},"author":1,"featured_media":0,"parent":586,"menu_order":43,"comment_status":"closed","ping_status":"closed","template":"","meta":{"footnotes":""},"class_list":["post-595","page","type-page","status-publish","hentry"],"jetpack_shortlink":"https:\/\/wp.me\/P8yKGp-9B","jetpack-related-posts":[{"id":597,"url":"https:\/\/efagundes.com\/networking\/protocolos-elementares-de-enlace-de-dados\/um-protocolo-de-janela-deslizante-de-um-bit\/","url_meta":{"origin":595,"position":0},"title":"Um protocolo de janela deslizante de um bit","author":"Eduardo Fagundes","date":"17\/11\/2012","format":false,"excerpt":"A figura mostra a sequ\u00eancia de dados, confirma\u00e7\u00e3o e n\u00famero dos pacotes da janela deslizante de tamanho 1 e seq\u00fc\u00eancia variando de 0 a 1. Ademais, o protocolo \u00e9 bidirecional para transmiss\u00e3o de dados e usa a t\u00e9cnica de carona para a confirma\u00e7\u00e3o. A t\u00e9cnica de carona permite a transmiss\u00e3o\u2026","rel":"","context":"Post similar","block_context":{"text":"Post similar","link":""},"img":{"alt_text":"","src":"https:\/\/i0.wp.com\/efagundes.com\/networking\/wp-content\/uploads\/sites\/5\/2015\/03\/Slide155.jpg?resize=350%2C200","width":350,"height":200,"srcset":"https:\/\/i0.wp.com\/efagundes.com\/networking\/wp-content\/uploads\/sites\/5\/2015\/03\/Slide155.jpg?resize=350%2C200 1x, https:\/\/i0.wp.com\/efagundes.com\/networking\/wp-content\/uploads\/sites\/5\/2015\/03\/Slide155.jpg?resize=525%2C300 1.5x, https:\/\/i0.wp.com\/efagundes.com\/networking\/wp-content\/uploads\/sites\/5\/2015\/03\/Slide155.jpg?resize=700%2C400 2x"},"classes":[]},{"id":599,"url":"https:\/\/efagundes.com\/networking\/protocolos-elementares-de-enlace-de-dados\/protocolo-usando-go-back-n\/","url_meta":{"origin":595,"position":1},"title":"Protocolo usando Go Back N","author":"Eduardo Fagundes","date":"17\/11\/2012","format":false,"excerpt":"Os protocolos vistos at\u00e9 aqui tinham uma janela de transmiss\u00e3o igual a 1, ou seja, s\u00f3 enviavam um quadro ap\u00f3s receberem confirma\u00e7\u00e3o da recep\u00e7\u00e3o do quadro enviado anteriormente. Como o tempo de transmiss\u00e3o de quadros n\u00e3o \u00e9 desprez\u00edvel, a ado\u00e7\u00e3o dessa t\u00e9cnica resulta, normalmente, em inefici\u00eancia. Se \u00e9 permitido ao\u2026","rel":"","context":"Post similar","block_context":{"text":"Post similar","link":""},"img":{"alt_text":"","src":"https:\/\/i0.wp.com\/efagundes.com\/networking\/wp-content\/uploads\/sites\/5\/2015\/03\/Slide165.jpg?resize=350%2C200","width":350,"height":200,"srcset":"https:\/\/i0.wp.com\/efagundes.com\/networking\/wp-content\/uploads\/sites\/5\/2015\/03\/Slide165.jpg?resize=350%2C200 1x, https:\/\/i0.wp.com\/efagundes.com\/networking\/wp-content\/uploads\/sites\/5\/2015\/03\/Slide165.jpg?resize=525%2C300 1.5x, https:\/\/i0.wp.com\/efagundes.com\/networking\/wp-content\/uploads\/sites\/5\/2015\/03\/Slide165.jpg?resize=700%2C400 2x"},"classes":[]},{"id":593,"url":"https:\/\/efagundes.com\/networking\/protocolos-elementares-de-enlace-de-dados\/um-protocolo-simplex-para-um-canal-com-ruido\/","url_meta":{"origin":595,"position":2},"title":"Um protocolo simplex para um canal com ru\u00eddo","author":"Eduardo Fagundes","date":"17\/11\/2012","format":false,"excerpt":"Os protocolos simples e stop-and-wait consideram uma linha livre de erros. Entretanto, a realidade mostra que as linhas sempre podem apresentar erros que causam altera\u00e7\u00e3o nos quadros transmitidos ou mesmo perda completa desses quadros. A primeira conseq\u00fc\u00eancia desta realidade \u00e9 a necessidade de sinalizar o nodo emissor que o quadro\u2026","rel":"","context":"Post similar","block_context":{"text":"Post similar","link":""},"img":{"alt_text":"","src":"https:\/\/i0.wp.com\/efagundes.com\/networking\/wp-content\/uploads\/sites\/5\/2015\/03\/Slide136.jpg?resize=350%2C200","width":350,"height":200,"srcset":"https:\/\/i0.wp.com\/efagundes.com\/networking\/wp-content\/uploads\/sites\/5\/2015\/03\/Slide136.jpg?resize=350%2C200 1x, https:\/\/i0.wp.com\/efagundes.com\/networking\/wp-content\/uploads\/sites\/5\/2015\/03\/Slide136.jpg?resize=525%2C300 1.5x, https:\/\/i0.wp.com\/efagundes.com\/networking\/wp-content\/uploads\/sites\/5\/2015\/03\/Slide136.jpg?resize=700%2C400 2x"},"classes":[]},{"id":1086,"url":"https:\/\/efagundes.com\/networking\/lans-sem-fio\/802-11-o-protocolo-da-subcamada-mac-2-2\/","url_meta":{"origin":595,"position":3},"title":"802.11: o protocolo da subcamada MAC (II)","author":"Eduardo Fagundes","date":"19\/11\/2012","format":false,"excerpt":"\u00a0 A taxa de erro de transmiss\u00e3o em Redes sem Fio \u00e9 geralmente muito maior que em redes de fibra \u00f3ptica, por exemplo. Uma maneira de diminuir a probabilidade de erro dos quadros \u00e9 utilizar quadros pequenos. Nesse caso, a taxa de erros na transmiss\u00e3o \u00e9 a mesma, mas somente\u2026","rel":"","context":"Post similar","block_context":{"text":"Post similar","link":""},"img":{"alt_text":"Slide181","src":"https:\/\/i0.wp.com\/efagundes.com\/networking\/wp-content\/uploads\/sites\/5\/2012\/11\/Slide181.png?resize=350%2C200","width":350,"height":200,"srcset":"https:\/\/i0.wp.com\/efagundes.com\/networking\/wp-content\/uploads\/sites\/5\/2012\/11\/Slide181.png?resize=350%2C200 1x, https:\/\/i0.wp.com\/efagundes.com\/networking\/wp-content\/uploads\/sites\/5\/2012\/11\/Slide181.png?resize=525%2C300 1.5x, https:\/\/i0.wp.com\/efagundes.com\/networking\/wp-content\/uploads\/sites\/5\/2012\/11\/Slide181.png?resize=700%2C400 2x"},"classes":[]},{"id":590,"url":"https:\/\/efagundes.com\/networking\/protocolos-elementares-de-enlace-de-dados\/um-protocolo-simplex-stop-and-wait\/","url_meta":{"origin":595,"position":4},"title":"Um protocolo simplex stop-and-wait","author":"Eduardo Fagundes","date":"17\/11\/2012","format":false,"excerpt":"Esse protocolo de comunica\u00e7\u00e3o ainda livre de erros mas, agora, o receptor tem uma capacidade de consumo limitada. Este fato se deve a uma capacidade de armazenamento limitada e uma velocidade de processamento finita. O emissor deve ent\u00e3o se precaver para n\u00e3o transmitir quadros a uma taxa maior que o\u2026","rel":"","context":"Post similar","block_context":{"text":"Post similar","link":""},"img":{"alt_text":"","src":"https:\/\/i0.wp.com\/efagundes.com\/networking\/wp-content\/uploads\/sites\/5\/2015\/03\/Slide126.jpg?resize=350%2C200","width":350,"height":200,"srcset":"https:\/\/i0.wp.com\/efagundes.com\/networking\/wp-content\/uploads\/sites\/5\/2015\/03\/Slide126.jpg?resize=350%2C200 1x, https:\/\/i0.wp.com\/efagundes.com\/networking\/wp-content\/uploads\/sites\/5\/2015\/03\/Slide126.jpg?resize=525%2C300 1.5x, https:\/\/i0.wp.com\/efagundes.com\/networking\/wp-content\/uploads\/sites\/5\/2015\/03\/Slide126.jpg?resize=700%2C400 2x"},"classes":[]},{"id":606,"url":"https:\/\/efagundes.com\/networking\/exemplos-de-protocolos\/high-level-data-link-control-2\/","url_meta":{"origin":595,"position":5},"title":"High-level Data Link Control (II)","author":"Eduardo Fagundes","date":"17\/11\/2012","format":false,"excerpt":"O protocolo utiliza tr\u00eas tipos de quadros: de informa\u00e7\u00e3o, de supervis\u00e3o e n\u00e3o-numerado. O conte\u00fado do campo de controle para os tr\u00eas tipos s\u00e3o mostrados na figura acima. O quadro (a) \u201cinforma\u00e7\u00e3o\u201d tem seu bit 1 sempre em \u201c0\u201d. Os bits 2, 3 e 4 servem para indicar o n\u00famero\u2026","rel":"","context":"Post similar","block_context":{"text":"Post similar","link":""},"img":{"alt_text":"","src":"https:\/\/i0.wp.com\/efagundes.com\/networking\/wp-content\/uploads\/sites\/5\/2015\/03\/Slide194.jpg?resize=350%2C200","width":350,"height":200,"srcset":"https:\/\/i0.wp.com\/efagundes.com\/networking\/wp-content\/uploads\/sites\/5\/2015\/03\/Slide194.jpg?resize=350%2C200 1x, https:\/\/i0.wp.com\/efagundes.com\/networking\/wp-content\/uploads\/sites\/5\/2015\/03\/Slide194.jpg?resize=525%2C300 1.5x, https:\/\/i0.wp.com\/efagundes.com\/networking\/wp-content\/uploads\/sites\/5\/2015\/03\/Slide194.jpg?resize=700%2C400 2x"},"classes":[]}],"jetpack_sharing_enabled":true,"_links":{"self":[{"href":"https:\/\/efagundes.com\/networking\/wp-json\/wp\/v2\/pages\/595","targetHints":{"allow":["GET"]}}],"collection":[{"href":"https:\/\/efagundes.com\/networking\/wp-json\/wp\/v2\/pages"}],"about":[{"href":"https:\/\/efagundes.com\/networking\/wp-json\/wp\/v2\/types\/page"}],"author":[{"embeddable":true,"href":"https:\/\/efagundes.com\/networking\/wp-json\/wp\/v2\/users\/1"}],"replies":[{"embeddable":true,"href":"https:\/\/efagundes.com\/networking\/wp-json\/wp\/v2\/comments?post=595"}],"version-history":[{"count":0,"href":"https:\/\/efagundes.com\/networking\/wp-json\/wp\/v2\/pages\/595\/revisions"}],"up":[{"embeddable":true,"href":"https:\/\/efagundes.com\/networking\/wp-json\/wp\/v2\/pages\/586"}],"wp:attachment":[{"href":"https:\/\/efagundes.com\/networking\/wp-json\/wp\/v2\/media?parent=595"}],"curies":[{"name":"wp","href":"https:\/\/api.w.org\/{rel}","templated":true}]}}