{"id":597,"date":"2012-11-17T13:34:28","date_gmt":"2012-11-17T15:34:28","guid":{"rendered":"http:\/\/efagundes.com\/openclass_networking\/?page_id=597"},"modified":"2022-01-16T17:51:27","modified_gmt":"2022-01-16T20:51:27","slug":"um-protocolo-de-janela-deslizante-de-um-bit","status":"publish","type":"page","link":"https:\/\/efagundes.com\/networking\/protocolos-elementares-de-enlace-de-dados\/um-protocolo-de-janela-deslizante-de-um-bit\/","title":{"rendered":"Um protocolo de janela deslizante de um bit"},"content":{"rendered":"<p><img data-recalc-dims=\"1\" loading=\"lazy\" decoding=\"async\" class=\"alignnone\" src=\"https:\/\/i0.wp.com\/efagundes.com\/networking\/wp-content\/uploads\/sites\/5\/2015\/03\/Slide155.jpg?resize=960%2C720\" alt=\"\" width=\"960\" height=\"720\" \/><\/p>\n<p>A figura mostra a sequ\u00eancia de dados, confirma\u00e7\u00e3o e n\u00famero dos pacotes da janela deslizante de tamanho 1 e seq\u00fc\u00eancia variando de 0 a 1. Ademais, o protocolo \u00e9 bidirecional para transmiss\u00e3o de dados e usa a t\u00e9cnica de carona para a confirma\u00e7\u00e3o. A t\u00e9cnica de carona permite a transmiss\u00e3o de dados no modo \u201cfull-duplex\u201d, ou seja, nos dois sentidos. Com isso, um receptor, quando necessita confirmar a chegada de um quadro, aproveita a exist\u00eancia de quadros de dados a serem enviados no sentido contr\u00e1rio e preenche o campo de confirma\u00e7\u00e3o adequadamente. Essa t\u00e9cnica \u00e9 conhecida como \u201cconfirma\u00e7\u00e3o atrav\u00e9s de carona\u201d (piggy backing).<\/p>\n<p>O quadro de confirma\u00e7\u00e3o cont\u00e9m o n\u00famero do \u00faltimo quadro recebido sem erro. Se esse n\u00famero estiver de acordo com o n\u00famero de seq\u00fc\u00eancia do quadro que o transmissor est\u00e1 tentando enviar, o transmissor saber\u00e1 que j\u00e1 cuidou do quadro armazenado em buffer e poder\u00e1 buscar o pacote seguinte em sua camada de rede. Se o n\u00famero de seq\u00fc\u00eancia for discordante, o transmissor deve continuar tentando enviar o mesmo quadro. Sempre que um quadro \u00e9 recebido, um outro quadro tamb\u00e9m \u00e9 enviado de volta.<\/p>\n<p>&nbsp;<\/p>\n","protected":false},"excerpt":{"rendered":"<p>A figura mostra a sequ\u00eancia de dados, confirma\u00e7\u00e3o e n\u00famero dos pacotes da janela deslizante de tamanho 1 e seq\u00fc\u00eancia variando de 0 a 1. Ademais, o protocolo \u00e9 bidirecional para transmiss\u00e3o de dados e usa a t\u00e9cnica de carona para a confirma\u00e7\u00e3o. A t\u00e9cnica de carona permite a transmiss\u00e3o de dados no modo \u201cfull-duplex\u201d, [&hellip;]<\/p>\n","protected":false},"author":1,"featured_media":0,"parent":586,"menu_order":44,"comment_status":"closed","ping_status":"closed","template":"","meta":{"footnotes":""},"class_list":["post-597","page","type-page","status-publish","hentry"],"jetpack_shortlink":"https:\/\/wp.me\/P8yKGp-9D","jetpack-related-posts":[{"id":595,"url":"https:\/\/efagundes.com\/networking\/protocolos-elementares-de-enlace-de-dados\/protocolos-de-janela-deslizante\/","url_meta":{"origin":597,"position":0},"title":"Protocolos de janela deslizante","author":"Eduardo Fagundes","date":"17\/11\/2012","format":false,"excerpt":"Uma janela de transmiss\u00e3o \u00e9, para o emissor, o conjunto de quadro que podem ser enviados independentemente de ter recebido suas confirma\u00e7\u00f5es. Por exemplo, um emissor com janela tamanho N pode enviar desde o quadro 0 at\u00e9 o quadro N-1 sem que tenha recebido confirma\u00e7\u00e3o, no entanto, para enviar o\u2026","rel":"","context":"Com 1 coment\u00e1rio","block_context":{"text":"Com 1 coment\u00e1rio","link":"https:\/\/efagundes.com\/networking\/protocolos-elementares-de-enlace-de-dados\/protocolos-de-janela-deslizante\/#comments"},"img":{"alt_text":"","src":"https:\/\/i0.wp.com\/efagundes.com\/networking\/wp-content\/uploads\/sites\/5\/2015\/03\/Slide146.jpg?resize=350%2C200","width":350,"height":200,"srcset":"https:\/\/i0.wp.com\/efagundes.com\/networking\/wp-content\/uploads\/sites\/5\/2015\/03\/Slide146.jpg?resize=350%2C200 1x, https:\/\/i0.wp.com\/efagundes.com\/networking\/wp-content\/uploads\/sites\/5\/2015\/03\/Slide146.jpg?resize=525%2C300 1.5x, https:\/\/i0.wp.com\/efagundes.com\/networking\/wp-content\/uploads\/sites\/5\/2015\/03\/Slide146.jpg?resize=700%2C400 2x"},"classes":[]},{"id":606,"url":"https:\/\/efagundes.com\/networking\/exemplos-de-protocolos\/high-level-data-link-control-2\/","url_meta":{"origin":597,"position":1},"title":"High-level Data Link Control (II)","author":"Eduardo Fagundes","date":"17\/11\/2012","format":false,"excerpt":"O protocolo utiliza tr\u00eas tipos de quadros: de informa\u00e7\u00e3o, de supervis\u00e3o e n\u00e3o-numerado. O conte\u00fado do campo de controle para os tr\u00eas tipos s\u00e3o mostrados na figura acima. O quadro (a) \u201cinforma\u00e7\u00e3o\u201d tem seu bit 1 sempre em \u201c0\u201d. Os bits 2, 3 e 4 servem para indicar o n\u00famero\u2026","rel":"","context":"Post similar","block_context":{"text":"Post similar","link":""},"img":{"alt_text":"","src":"https:\/\/i0.wp.com\/efagundes.com\/networking\/wp-content\/uploads\/sites\/5\/2015\/03\/Slide194.jpg?resize=350%2C200","width":350,"height":200,"srcset":"https:\/\/i0.wp.com\/efagundes.com\/networking\/wp-content\/uploads\/sites\/5\/2015\/03\/Slide194.jpg?resize=350%2C200 1x, https:\/\/i0.wp.com\/efagundes.com\/networking\/wp-content\/uploads\/sites\/5\/2015\/03\/Slide194.jpg?resize=525%2C300 1.5x, https:\/\/i0.wp.com\/efagundes.com\/networking\/wp-content\/uploads\/sites\/5\/2015\/03\/Slide194.jpg?resize=700%2C400 2x"},"classes":[]},{"id":599,"url":"https:\/\/efagundes.com\/networking\/protocolos-elementares-de-enlace-de-dados\/protocolo-usando-go-back-n\/","url_meta":{"origin":597,"position":2},"title":"Protocolo usando Go Back N","author":"Eduardo Fagundes","date":"17\/11\/2012","format":false,"excerpt":"Os protocolos vistos at\u00e9 aqui tinham uma janela de transmiss\u00e3o igual a 1, ou seja, s\u00f3 enviavam um quadro ap\u00f3s receberem confirma\u00e7\u00e3o da recep\u00e7\u00e3o do quadro enviado anteriormente. Como o tempo de transmiss\u00e3o de quadros n\u00e3o \u00e9 desprez\u00edvel, a ado\u00e7\u00e3o dessa t\u00e9cnica resulta, normalmente, em inefici\u00eancia. Se \u00e9 permitido ao\u2026","rel":"","context":"Post similar","block_context":{"text":"Post similar","link":""},"img":{"alt_text":"","src":"https:\/\/i0.wp.com\/efagundes.com\/networking\/wp-content\/uploads\/sites\/5\/2015\/03\/Slide165.jpg?resize=350%2C200","width":350,"height":200,"srcset":"https:\/\/i0.wp.com\/efagundes.com\/networking\/wp-content\/uploads\/sites\/5\/2015\/03\/Slide165.jpg?resize=350%2C200 1x, https:\/\/i0.wp.com\/efagundes.com\/networking\/wp-content\/uploads\/sites\/5\/2015\/03\/Slide165.jpg?resize=525%2C300 1.5x, https:\/\/i0.wp.com\/efagundes.com\/networking\/wp-content\/uploads\/sites\/5\/2015\/03\/Slide165.jpg?resize=700%2C400 2x"},"classes":[]},{"id":593,"url":"https:\/\/efagundes.com\/networking\/protocolos-elementares-de-enlace-de-dados\/um-protocolo-simplex-para-um-canal-com-ruido\/","url_meta":{"origin":597,"position":3},"title":"Um protocolo simplex para um canal com ru\u00eddo","author":"Eduardo Fagundes","date":"17\/11\/2012","format":false,"excerpt":"Os protocolos simples e stop-and-wait consideram uma linha livre de erros. Entretanto, a realidade mostra que as linhas sempre podem apresentar erros que causam altera\u00e7\u00e3o nos quadros transmitidos ou mesmo perda completa desses quadros. A primeira conseq\u00fc\u00eancia desta realidade \u00e9 a necessidade de sinalizar o nodo emissor que o quadro\u2026","rel":"","context":"Post similar","block_context":{"text":"Post similar","link":""},"img":{"alt_text":"","src":"https:\/\/i0.wp.com\/efagundes.com\/networking\/wp-content\/uploads\/sites\/5\/2015\/03\/Slide136.jpg?resize=350%2C200","width":350,"height":200,"srcset":"https:\/\/i0.wp.com\/efagundes.com\/networking\/wp-content\/uploads\/sites\/5\/2015\/03\/Slide136.jpg?resize=350%2C200 1x, https:\/\/i0.wp.com\/efagundes.com\/networking\/wp-content\/uploads\/sites\/5\/2015\/03\/Slide136.jpg?resize=525%2C300 1.5x, https:\/\/i0.wp.com\/efagundes.com\/networking\/wp-content\/uploads\/sites\/5\/2015\/03\/Slide136.jpg?resize=700%2C400 2x"},"classes":[]},{"id":604,"url":"https:\/\/efagundes.com\/networking\/exemplos-de-protocolos\/high-level-data-link-control\/","url_meta":{"origin":597,"position":4},"title":"High-level Data Link Control (I)","author":"Eduardo Fagundes","date":"17\/11\/2012","format":false,"excerpt":"O HDLC (Higher Level Data Link Control) pertence a uma classe de protocolos que diferem muito pouco entre si, como o protocolo SDLC (Synchronous Data Link Control) da IBM em sua rede SNA (System Network Architecture). O HDLC \u00e9 orientado a bit, em contraposi\u00e7\u00e3o aos protocolos orientados a caracteres. Estes\u2026","rel":"","context":"Post similar","block_context":{"text":"Post similar","link":""},"img":{"alt_text":"","src":"https:\/\/i0.wp.com\/efagundes.com\/networking\/wp-content\/uploads\/sites\/5\/2015\/03\/Slide184.jpg?resize=350%2C200","width":350,"height":200,"srcset":"https:\/\/i0.wp.com\/efagundes.com\/networking\/wp-content\/uploads\/sites\/5\/2015\/03\/Slide184.jpg?resize=350%2C200 1x, https:\/\/i0.wp.com\/efagundes.com\/networking\/wp-content\/uploads\/sites\/5\/2015\/03\/Slide184.jpg?resize=525%2C300 1.5x, https:\/\/i0.wp.com\/efagundes.com\/networking\/wp-content\/uploads\/sites\/5\/2015\/03\/Slide184.jpg?resize=700%2C400 2x"},"classes":[]},{"id":572,"url":"https:\/\/efagundes.com\/networking\/camada-de-enlace-de-dados\/servicos-oferecidos-a-camada-de-rede\/","url_meta":{"origin":597,"position":5},"title":"Servi\u00e7os oferecidos \u00e0 camada de rede","author":"Eduardo Fagundes","date":"17\/11\/2012","format":false,"excerpt":"A fun\u00e7\u00e3o da camada de enlace de dados \u00e9 fornece servi\u00e7os \u00e0 camada de rede. O principal servi\u00e7o \u00e9 transferir dados da camada de rede da m\u00e1quina de origem para a camada de rede da m\u00e1quina de destino. Na camada de rede da m\u00e1quina de origem, h\u00e1 uma entidade chamada\u2026","rel":"","context":"Post similar","block_context":{"text":"Post similar","link":""},"img":{"alt_text":"","src":"https:\/\/i0.wp.com\/efagundes.com\/networking\/wp-content\/uploads\/sites\/5\/2015\/03\/Slide310.jpg?resize=350%2C200","width":350,"height":200,"srcset":"https:\/\/i0.wp.com\/efagundes.com\/networking\/wp-content\/uploads\/sites\/5\/2015\/03\/Slide310.jpg?resize=350%2C200 1x, https:\/\/i0.wp.com\/efagundes.com\/networking\/wp-content\/uploads\/sites\/5\/2015\/03\/Slide310.jpg?resize=525%2C300 1.5x, https:\/\/i0.wp.com\/efagundes.com\/networking\/wp-content\/uploads\/sites\/5\/2015\/03\/Slide310.jpg?resize=700%2C400 2x"},"classes":[]}],"jetpack_sharing_enabled":true,"_links":{"self":[{"href":"https:\/\/efagundes.com\/networking\/wp-json\/wp\/v2\/pages\/597","targetHints":{"allow":["GET"]}}],"collection":[{"href":"https:\/\/efagundes.com\/networking\/wp-json\/wp\/v2\/pages"}],"about":[{"href":"https:\/\/efagundes.com\/networking\/wp-json\/wp\/v2\/types\/page"}],"author":[{"embeddable":true,"href":"https:\/\/efagundes.com\/networking\/wp-json\/wp\/v2\/users\/1"}],"replies":[{"embeddable":true,"href":"https:\/\/efagundes.com\/networking\/wp-json\/wp\/v2\/comments?post=597"}],"version-history":[{"count":0,"href":"https:\/\/efagundes.com\/networking\/wp-json\/wp\/v2\/pages\/597\/revisions"}],"up":[{"embeddable":true,"href":"https:\/\/efagundes.com\/networking\/wp-json\/wp\/v2\/pages\/586"}],"wp:attachment":[{"href":"https:\/\/efagundes.com\/networking\/wp-json\/wp\/v2\/media?parent=597"}],"curies":[{"name":"wp","href":"https:\/\/api.w.org\/{rel}","templated":true}]}}