{"id":602,"date":"2012-11-17T13:41:39","date_gmt":"2012-11-17T15:41:39","guid":{"rendered":"http:\/\/efagundes.com\/openclass_networking\/?page_id=602"},"modified":"2022-01-16T17:52:11","modified_gmt":"2022-01-16T20:52:11","slug":"exemplos-de-protocolos","status":"publish","type":"page","link":"https:\/\/efagundes.com\/networking\/exemplos-de-protocolos\/","title":{"rendered":"Exemplos de Protocolos"},"content":{"rendered":"<p><img data-recalc-dims=\"1\" loading=\"lazy\" decoding=\"async\" class=\"alignnone\" src=\"https:\/\/i0.wp.com\/efagundes.com\/networking\/wp-content\/uploads\/sites\/5\/2015\/03\/Slide174.jpg?resize=960%2C720\" alt=\"\" width=\"960\" height=\"720\" \/><\/p>\n<p><strong>T\u00f3picos do capitulo<\/strong><br \/>\n\n<!-- Page-list plugin v.5.9 wordpress.org\/plugins\/page-list\/ -->\n<ul class=\"page-list subpages-page-list \">\n<li class=\"page_item page-item-604\"><a href=\"https:\/\/efagundes.com\/networking\/exemplos-de-protocolos\/high-level-data-link-control\/\">High-level Data Link Control (I)<\/a><\/li>\n<li class=\"page_item page-item-606\"><a href=\"https:\/\/efagundes.com\/networking\/exemplos-de-protocolos\/high-level-data-link-control-2\/\">High-level Data Link Control (II)<\/a><\/li>\n<li class=\"page_item page-item-608\"><a href=\"https:\/\/efagundes.com\/networking\/exemplos-de-protocolos\/a-camada-de-enlace-de-dados-na-internet\/\">A camada de enlace de dados na Internet<\/a><\/li>\n<li class=\"page_item page-item-610\"><a href=\"https:\/\/efagundes.com\/networking\/exemplos-de-protocolos\/ppp-point-to-point-protocol\/\">PPP &#8211; Point-to-Point Protocol (I)<\/a><\/li>\n<li class=\"page_item page-item-612\"><a href=\"https:\/\/efagundes.com\/networking\/exemplos-de-protocolos\/ppp-point-to-point-protocol-1\/\">PPP &#8211; Point-to-Point Protocol (II)<\/a><\/li>\n<li class=\"page_item page-item-615\"><a href=\"https:\/\/efagundes.com\/networking\/exemplos-de-protocolos\/ppp-point-to-point-protocol-2\/\">PPP &#8211; Point-to-Point Protocol (III)<\/a><\/li>\n\n<\/ul><\/p>\n","protected":false},"excerpt":{"rendered":"<p>T\u00f3picos do capitulo<\/p>\n","protected":false},"author":1,"featured_media":0,"parent":0,"menu_order":23,"comment_status":"closed","ping_status":"closed","template":"","meta":{"footnotes":""},"class_list":["post-602","page","type-page","status-publish","hentry"],"jetpack_shortlink":"https:\/\/wp.me\/P8yKGp-9I","jetpack-related-posts":[{"id":586,"url":"https:\/\/efagundes.com\/networking\/protocolos-elementares-de-enlace-de-dados\/","url_meta":{"origin":602,"position":0},"title":"Protocolos elementares de enlace de dados","author":"Eduardo Fagundes","date":"17\/11\/2012","format":false,"excerpt":"T\u00f3picos do capitulo","rel":"","context":"Post similar","block_context":{"text":"Post similar","link":""},"img":{"alt_text":"","src":"https:\/\/i0.wp.com\/efagundes.com\/networking\/wp-content\/uploads\/sites\/5\/2015\/03\/Slide106.jpg?resize=350%2C200","width":350,"height":200,"srcset":"https:\/\/i0.wp.com\/efagundes.com\/networking\/wp-content\/uploads\/sites\/5\/2015\/03\/Slide106.jpg?resize=350%2C200 1x, https:\/\/i0.wp.com\/efagundes.com\/networking\/wp-content\/uploads\/sites\/5\/2015\/03\/Slide106.jpg?resize=525%2C300 1.5x, https:\/\/i0.wp.com\/efagundes.com\/networking\/wp-content\/uploads\/sites\/5\/2015\/03\/Slide106.jpg?resize=700%2C400 2x"},"classes":[]},{"id":1138,"url":"https:\/\/efagundes.com\/networking\/protocolos-tcpip\/","url_meta":{"origin":602,"position":1},"title":"Protocolos TCP\/IP","author":"Eduardo Fagundes","date":"19\/11\/2012","format":false,"excerpt":"T\u00f3picos do capitulo","rel":"","context":"Post similar","block_context":{"text":"Post similar","link":""},"img":{"alt_text":"Slide232","src":"https:\/\/i0.wp.com\/efagundes.com\/networking\/wp-content\/uploads\/sites\/5\/2012\/11\/Slide232.png?resize=350%2C200","width":350,"height":200,"srcset":"https:\/\/i0.wp.com\/efagundes.com\/networking\/wp-content\/uploads\/sites\/5\/2012\/11\/Slide232.png?resize=350%2C200 1x, https:\/\/i0.wp.com\/efagundes.com\/networking\/wp-content\/uploads\/sites\/5\/2012\/11\/Slide232.png?resize=525%2C300 1.5x, https:\/\/i0.wp.com\/efagundes.com\/networking\/wp-content\/uploads\/sites\/5\/2012\/11\/Slide232.png?resize=700%2C400 2x"},"classes":[]},{"id":721,"url":"https:\/\/efagundes.com\/networking\/a-camada-de-rede\/","url_meta":{"origin":602,"position":2},"title":"A camada de rede","author":"Eduardo Fagundes","date":"18\/11\/2012","format":false,"excerpt":"T\u00f3picos do capitulo","rel":"","context":"Post similar","block_context":{"text":"Post similar","link":""},"img":{"alt_text":"","src":"https:\/\/i0.wp.com\/efagundes.com\/networking\/wp-content\/uploads\/sites\/5\/2015\/03\/Slide127.jpg?resize=350%2C200","width":350,"height":200,"srcset":"https:\/\/i0.wp.com\/efagundes.com\/networking\/wp-content\/uploads\/sites\/5\/2015\/03\/Slide127.jpg?resize=350%2C200 1x, https:\/\/i0.wp.com\/efagundes.com\/networking\/wp-content\/uploads\/sites\/5\/2015\/03\/Slide127.jpg?resize=525%2C300 1.5x, https:\/\/i0.wp.com\/efagundes.com\/networking\/wp-content\/uploads\/sites\/5\/2015\/03\/Slide127.jpg?resize=700%2C400 2x"},"classes":[]},{"id":741,"url":"https:\/\/efagundes.com\/networking\/algoritmos-de-roteamento\/","url_meta":{"origin":602,"position":3},"title":"Algoritmos de Roteamento","author":"Eduardo Fagundes","date":"18\/11\/2012","format":false,"excerpt":"T\u00f3picos do capitulo","rel":"","context":"Post similar","block_context":{"text":"Post similar","link":""},"img":{"alt_text":"","src":"https:\/\/i0.wp.com\/efagundes.com\/networking\/wp-content\/uploads\/sites\/5\/2015\/03\/Slide1111.jpg?resize=350%2C200","width":350,"height":200,"srcset":"https:\/\/i0.wp.com\/efagundes.com\/networking\/wp-content\/uploads\/sites\/5\/2015\/03\/Slide1111.jpg?resize=350%2C200 1x, https:\/\/i0.wp.com\/efagundes.com\/networking\/wp-content\/uploads\/sites\/5\/2015\/03\/Slide1111.jpg?resize=525%2C300 1.5x, https:\/\/i0.wp.com\/efagundes.com\/networking\/wp-content\/uploads\/sites\/5\/2015\/03\/Slide1111.jpg?resize=700%2C400 2x"},"classes":[]},{"id":906,"url":"https:\/\/efagundes.com\/networking\/satelites-de-comunicacao\/","url_meta":{"origin":602,"position":4},"title":"Sat\u00e9lites de Comunica\u00e7\u00e3o","author":"Eduardo Fagundes","date":"18\/11\/2012","format":false,"excerpt":"T\u00f3picos do capitulo","rel":"","context":"Post similar","block_context":{"text":"Post similar","link":""},"img":{"alt_text":"Slide81","src":"https:\/\/i0.wp.com\/efagundes.com\/networking\/wp-content\/uploads\/sites\/5\/2012\/11\/Slide81.png?resize=350%2C200","width":350,"height":200,"srcset":"https:\/\/i0.wp.com\/efagundes.com\/networking\/wp-content\/uploads\/sites\/5\/2012\/11\/Slide81.png?resize=350%2C200 1x, https:\/\/i0.wp.com\/efagundes.com\/networking\/wp-content\/uploads\/sites\/5\/2012\/11\/Slide81.png?resize=525%2C300 1.5x, https:\/\/i0.wp.com\/efagundes.com\/networking\/wp-content\/uploads\/sites\/5\/2012\/11\/Slide81.png?resize=700%2C400 2x"},"classes":[]},{"id":61,"url":"https:\/\/efagundes.com\/networking\/hardware-de-rede\/","url_meta":{"origin":602,"position":5},"title":"Hardware de Rede","author":"Eduardo Fagundes","date":"16\/11\/2012","format":false,"excerpt":"T\u00f3picos do capitulo","rel":"","context":"Post similar","block_context":{"text":"Post similar","link":""},"img":{"alt_text":"","src":"https:\/\/i0.wp.com\/efagundes.com\/networking\/wp-content\/uploads\/sites\/5\/2015\/03\/Slide6.jpg?resize=350%2C200&ssl=1","width":350,"height":200,"srcset":"https:\/\/i0.wp.com\/efagundes.com\/networking\/wp-content\/uploads\/sites\/5\/2015\/03\/Slide6.jpg?resize=350%2C200&ssl=1 1x, https:\/\/i0.wp.com\/efagundes.com\/networking\/wp-content\/uploads\/sites\/5\/2015\/03\/Slide6.jpg?resize=525%2C300&ssl=1 1.5x, https:\/\/i0.wp.com\/efagundes.com\/networking\/wp-content\/uploads\/sites\/5\/2015\/03\/Slide6.jpg?resize=700%2C400&ssl=1 2x"},"classes":[]}],"jetpack_sharing_enabled":true,"_links":{"self":[{"href":"https:\/\/efagundes.com\/networking\/wp-json\/wp\/v2\/pages\/602","targetHints":{"allow":["GET"]}}],"collection":[{"href":"https:\/\/efagundes.com\/networking\/wp-json\/wp\/v2\/pages"}],"about":[{"href":"https:\/\/efagundes.com\/networking\/wp-json\/wp\/v2\/types\/page"}],"author":[{"embeddable":true,"href":"https:\/\/efagundes.com\/networking\/wp-json\/wp\/v2\/users\/1"}],"replies":[{"embeddable":true,"href":"https:\/\/efagundes.com\/networking\/wp-json\/wp\/v2\/comments?post=602"}],"version-history":[{"count":0,"href":"https:\/\/efagundes.com\/networking\/wp-json\/wp\/v2\/pages\/602\/revisions"}],"wp:attachment":[{"href":"https:\/\/efagundes.com\/networking\/wp-json\/wp\/v2\/media?parent=602"}],"curies":[{"name":"wp","href":"https:\/\/api.w.org\/{rel}","templated":true}]}}