{"id":606,"date":"2012-11-17T13:45:50","date_gmt":"2012-11-17T15:45:50","guid":{"rendered":"http:\/\/efagundes.com\/openclass_networking\/?page_id=606"},"modified":"2022-01-16T17:51:30","modified_gmt":"2022-01-16T20:51:30","slug":"high-level-data-link-control-2","status":"publish","type":"page","link":"https:\/\/efagundes.com\/networking\/exemplos-de-protocolos\/high-level-data-link-control-2\/","title":{"rendered":"High-level Data Link Control (II)"},"content":{"rendered":"<p><img data-recalc-dims=\"1\" loading=\"lazy\" decoding=\"async\" class=\"alignnone\" src=\"https:\/\/i0.wp.com\/efagundes.com\/networking\/wp-content\/uploads\/sites\/5\/2015\/03\/Slide194.jpg?resize=960%2C720\" alt=\"\" width=\"960\" height=\"720\" \/><\/p>\n<p>O protocolo utiliza tr\u00eas tipos de quadros: de informa\u00e7\u00e3o, de supervis\u00e3o e n\u00e3o-numerado. O conte\u00fado do campo de controle para os tr\u00eas tipos s\u00e3o mostrados na figura acima. O quadro (a) \u201cinforma\u00e7\u00e3o\u201d tem seu bit 1 sempre em \u201c0\u201d. Os bits 2, 3 e 4 servem para indicar o n\u00famero de seq\u00fc\u00eancia (m\u00f3dulo 8) do quadro corrente. O bit P\/F representa Poll\/Final. Ele \u00e9 utilizado quando um computador (ou concentrador) est\u00e1 consultando um grupo de terminais. Quando utilizado P, o computador est\u00e1 convidando o terminal a enviar os dados. Todos os quadros enviados pelo terminal, com exce\u00e7\u00e3o do quadro final, tem o bit P\/F definido como P. O quadro final \u00e9 definido como F. Os bits 6, 7 e 8 servem para indicar o n\u00famero de seq\u00fc\u00eancia do pr\u00f3ximo quadro esperado.<\/p>\n<p>O quadro de supervis\u00e3o (b) \u00e9 usado para fun\u00e7\u00f5es de controle supervis\u00f3rio tais como confirma\u00e7\u00f5es, requisi\u00e7\u00f5es de transmiss\u00e3o de quadros de informa\u00e7\u00e3o e requisi\u00e7\u00f5es para suspens\u00e3o tempor\u00e1ria de transmiss\u00e3o. Normalmente, utilizam-se apenas quadros de informa\u00e7\u00e3o e supervis\u00e3o numa comunica\u00e7\u00e3o. O quadro de supervis\u00e3o ode ser utilizado para mandar confirma\u00e7\u00e3o de recep\u00e7\u00e3o sem ter que esperar por um tr\u00e1fego reverso para \u201ccarona\u201d.<\/p>\n<p>O quadro n\u00e3o-numerado (c) \u00e9 usado para prover fun\u00e7\u00f5es adicionais de controle de enlace e n\u00e3o cont\u00e9m qualquer n\u00famero de seq\u00fc\u00eancia.<\/p>\n<p>&nbsp;<\/p>\n","protected":false},"excerpt":{"rendered":"<p>O protocolo utiliza tr\u00eas tipos de quadros: de informa\u00e7\u00e3o, de supervis\u00e3o e n\u00e3o-numerado. O conte\u00fado do campo de controle para os tr\u00eas tipos s\u00e3o mostrados na figura acima. O quadro (a) \u201cinforma\u00e7\u00e3o\u201d tem seu bit 1 sempre em \u201c0\u201d. Os bits 2, 3 e 4 servem para indicar o n\u00famero de seq\u00fc\u00eancia (m\u00f3dulo 8) do [&hellip;]<\/p>\n","protected":false},"author":1,"featured_media":0,"parent":602,"menu_order":48,"comment_status":"closed","ping_status":"closed","template":"","meta":{"footnotes":""},"class_list":["post-606","page","type-page","status-publish","hentry"],"jetpack_shortlink":"https:\/\/wp.me\/P8yKGp-9M","jetpack-related-posts":[{"id":604,"url":"https:\/\/efagundes.com\/networking\/exemplos-de-protocolos\/high-level-data-link-control\/","url_meta":{"origin":606,"position":0},"title":"High-level Data Link Control (I)","author":"Eduardo Fagundes","date":"17\/11\/2012","format":false,"excerpt":"O HDLC (Higher Level Data Link Control) pertence a uma classe de protocolos que diferem muito pouco entre si, como o protocolo SDLC (Synchronous Data Link Control) da IBM em sua rede SNA (System Network Architecture). O HDLC \u00e9 orientado a bit, em contraposi\u00e7\u00e3o aos protocolos orientados a caracteres. Estes\u2026","rel":"","context":"Post similar","block_context":{"text":"Post similar","link":""},"img":{"alt_text":"","src":"https:\/\/i0.wp.com\/efagundes.com\/networking\/wp-content\/uploads\/sites\/5\/2015\/03\/Slide184.jpg?resize=350%2C200","width":350,"height":200,"srcset":"https:\/\/i0.wp.com\/efagundes.com\/networking\/wp-content\/uploads\/sites\/5\/2015\/03\/Slide184.jpg?resize=350%2C200 1x, https:\/\/i0.wp.com\/efagundes.com\/networking\/wp-content\/uploads\/sites\/5\/2015\/03\/Slide184.jpg?resize=525%2C300 1.5x, https:\/\/i0.wp.com\/efagundes.com\/networking\/wp-content\/uploads\/sites\/5\/2015\/03\/Slide184.jpg?resize=700%2C400 2x"},"classes":[]},{"id":595,"url":"https:\/\/efagundes.com\/networking\/protocolos-elementares-de-enlace-de-dados\/protocolos-de-janela-deslizante\/","url_meta":{"origin":606,"position":1},"title":"Protocolos de janela deslizante","author":"Eduardo Fagundes","date":"17\/11\/2012","format":false,"excerpt":"Uma janela de transmiss\u00e3o \u00e9, para o emissor, o conjunto de quadro que podem ser enviados independentemente de ter recebido suas confirma\u00e7\u00f5es. Por exemplo, um emissor com janela tamanho N pode enviar desde o quadro 0 at\u00e9 o quadro N-1 sem que tenha recebido confirma\u00e7\u00e3o, no entanto, para enviar o\u2026","rel":"","context":"Com 1 coment\u00e1rio","block_context":{"text":"Com 1 coment\u00e1rio","link":"https:\/\/efagundes.com\/networking\/protocolos-elementares-de-enlace-de-dados\/protocolos-de-janela-deslizante\/#comments"},"img":{"alt_text":"","src":"https:\/\/i0.wp.com\/efagundes.com\/networking\/wp-content\/uploads\/sites\/5\/2015\/03\/Slide146.jpg?resize=350%2C200","width":350,"height":200,"srcset":"https:\/\/i0.wp.com\/efagundes.com\/networking\/wp-content\/uploads\/sites\/5\/2015\/03\/Slide146.jpg?resize=350%2C200 1x, https:\/\/i0.wp.com\/efagundes.com\/networking\/wp-content\/uploads\/sites\/5\/2015\/03\/Slide146.jpg?resize=525%2C300 1.5x, https:\/\/i0.wp.com\/efagundes.com\/networking\/wp-content\/uploads\/sites\/5\/2015\/03\/Slide146.jpg?resize=700%2C400 2x"},"classes":[]},{"id":612,"url":"https:\/\/efagundes.com\/networking\/exemplos-de-protocolos\/ppp-point-to-point-protocol-1\/","url_meta":{"origin":606,"position":2},"title":"PPP &#8211; Point-to-Point Protocol (II)","author":"Eduardo Fagundes","date":"17\/11\/2012","format":false,"excerpt":"\u00a0 O formato de quadro PPP foi definido de modo a ter uma apar\u00eancia semelhante ao formato de quadro HDLC. A principal diferen\u00e7a entre o PPP e o HDLC \u00e9 que o primeiro \u00e9 orientado a caracteres, e n\u00e3o a bits. Especificamente, o PPP utiliza a t\u00e9cnica de inser\u00e7\u00e3o de\u2026","rel":"","context":"Post similar","block_context":{"text":"Post similar","link":""},"img":{"alt_text":"","src":"https:\/\/i0.wp.com\/efagundes.com\/networking\/wp-content\/uploads\/sites\/5\/2015\/03\/Slide224.jpg?resize=350%2C200","width":350,"height":200,"srcset":"https:\/\/i0.wp.com\/efagundes.com\/networking\/wp-content\/uploads\/sites\/5\/2015\/03\/Slide224.jpg?resize=350%2C200 1x, https:\/\/i0.wp.com\/efagundes.com\/networking\/wp-content\/uploads\/sites\/5\/2015\/03\/Slide224.jpg?resize=525%2C300 1.5x, https:\/\/i0.wp.com\/efagundes.com\/networking\/wp-content\/uploads\/sites\/5\/2015\/03\/Slide224.jpg?resize=700%2C400 2x"},"classes":[]},{"id":597,"url":"https:\/\/efagundes.com\/networking\/protocolos-elementares-de-enlace-de-dados\/um-protocolo-de-janela-deslizante-de-um-bit\/","url_meta":{"origin":606,"position":3},"title":"Um protocolo de janela deslizante de um bit","author":"Eduardo Fagundes","date":"17\/11\/2012","format":false,"excerpt":"A figura mostra a sequ\u00eancia de dados, confirma\u00e7\u00e3o e n\u00famero dos pacotes da janela deslizante de tamanho 1 e seq\u00fc\u00eancia variando de 0 a 1. Ademais, o protocolo \u00e9 bidirecional para transmiss\u00e3o de dados e usa a t\u00e9cnica de carona para a confirma\u00e7\u00e3o. A t\u00e9cnica de carona permite a transmiss\u00e3o\u2026","rel":"","context":"Post similar","block_context":{"text":"Post similar","link":""},"img":{"alt_text":"","src":"https:\/\/i0.wp.com\/efagundes.com\/networking\/wp-content\/uploads\/sites\/5\/2015\/03\/Slide155.jpg?resize=350%2C200","width":350,"height":200,"srcset":"https:\/\/i0.wp.com\/efagundes.com\/networking\/wp-content\/uploads\/sites\/5\/2015\/03\/Slide155.jpg?resize=350%2C200 1x, https:\/\/i0.wp.com\/efagundes.com\/networking\/wp-content\/uploads\/sites\/5\/2015\/03\/Slide155.jpg?resize=525%2C300 1.5x, https:\/\/i0.wp.com\/efagundes.com\/networking\/wp-content\/uploads\/sites\/5\/2015\/03\/Slide155.jpg?resize=700%2C400 2x"},"classes":[]},{"id":593,"url":"https:\/\/efagundes.com\/networking\/protocolos-elementares-de-enlace-de-dados\/um-protocolo-simplex-para-um-canal-com-ruido\/","url_meta":{"origin":606,"position":4},"title":"Um protocolo simplex para um canal com ru\u00eddo","author":"Eduardo Fagundes","date":"17\/11\/2012","format":false,"excerpt":"Os protocolos simples e stop-and-wait consideram uma linha livre de erros. Entretanto, a realidade mostra que as linhas sempre podem apresentar erros que causam altera\u00e7\u00e3o nos quadros transmitidos ou mesmo perda completa desses quadros. A primeira conseq\u00fc\u00eancia desta realidade \u00e9 a necessidade de sinalizar o nodo emissor que o quadro\u2026","rel":"","context":"Post similar","block_context":{"text":"Post similar","link":""},"img":{"alt_text":"","src":"https:\/\/i0.wp.com\/efagundes.com\/networking\/wp-content\/uploads\/sites\/5\/2015\/03\/Slide136.jpg?resize=350%2C200","width":350,"height":200,"srcset":"https:\/\/i0.wp.com\/efagundes.com\/networking\/wp-content\/uploads\/sites\/5\/2015\/03\/Slide136.jpg?resize=350%2C200 1x, https:\/\/i0.wp.com\/efagundes.com\/networking\/wp-content\/uploads\/sites\/5\/2015\/03\/Slide136.jpg?resize=525%2C300 1.5x, https:\/\/i0.wp.com\/efagundes.com\/networking\/wp-content\/uploads\/sites\/5\/2015\/03\/Slide136.jpg?resize=700%2C400 2x"},"classes":[]},{"id":446,"url":"https:\/\/efagundes.com\/networking\/sistema-de-telefonia-movel\/gsm-2\/","url_meta":{"origin":606,"position":5},"title":"GSM (II)","author":"Eduardo Fagundes","date":"17\/11\/2012","format":false,"excerpt":"Os slots TDM mostrados na figura fazem parte de uma complexa hierarquia de enquadramento. Cada slot TDM tem uma estrutura espec\u00edfica, e grupos de slots TDM formam multiquadros, tamb\u00e9m com uma estrutura espec\u00edfica. Uma vers\u00e3o simplificada dessa hierarquia \u00e9 apresentada na figura. Aqui pode-se ver que cada slot TDM consiste\u2026","rel":"","context":"Post similar","block_context":{"text":"Post similar","link":""},"img":{"alt_text":"","src":"https:\/\/i0.wp.com\/efagundes.com\/networking\/wp-content\/uploads\/sites\/5\/2015\/03\/Slide262.jpg?resize=350%2C200","width":350,"height":200,"srcset":"https:\/\/i0.wp.com\/efagundes.com\/networking\/wp-content\/uploads\/sites\/5\/2015\/03\/Slide262.jpg?resize=350%2C200 1x, https:\/\/i0.wp.com\/efagundes.com\/networking\/wp-content\/uploads\/sites\/5\/2015\/03\/Slide262.jpg?resize=525%2C300 1.5x, https:\/\/i0.wp.com\/efagundes.com\/networking\/wp-content\/uploads\/sites\/5\/2015\/03\/Slide262.jpg?resize=700%2C400 2x"},"classes":[]}],"jetpack_sharing_enabled":true,"_links":{"self":[{"href":"https:\/\/efagundes.com\/networking\/wp-json\/wp\/v2\/pages\/606","targetHints":{"allow":["GET"]}}],"collection":[{"href":"https:\/\/efagundes.com\/networking\/wp-json\/wp\/v2\/pages"}],"about":[{"href":"https:\/\/efagundes.com\/networking\/wp-json\/wp\/v2\/types\/page"}],"author":[{"embeddable":true,"href":"https:\/\/efagundes.com\/networking\/wp-json\/wp\/v2\/users\/1"}],"replies":[{"embeddable":true,"href":"https:\/\/efagundes.com\/networking\/wp-json\/wp\/v2\/comments?post=606"}],"version-history":[{"count":0,"href":"https:\/\/efagundes.com\/networking\/wp-json\/wp\/v2\/pages\/606\/revisions"}],"up":[{"embeddable":true,"href":"https:\/\/efagundes.com\/networking\/wp-json\/wp\/v2\/pages\/602"}],"wp:attachment":[{"href":"https:\/\/efagundes.com\/networking\/wp-json\/wp\/v2\/media?parent=606"}],"curies":[{"name":"wp","href":"https:\/\/api.w.org\/{rel}","templated":true}]}}