{"id":61,"date":"2012-11-16T18:32:30","date_gmt":"2012-11-16T20:32:30","guid":{"rendered":"http:\/\/efagundes.com\/openclass_networking\/?page_id=61"},"modified":"2023-09-16T08:52:58","modified_gmt":"2023-09-16T11:52:58","slug":"hardware-de-rede","status":"publish","type":"page","link":"https:\/\/efagundes.com\/networking\/hardware-de-rede\/","title":{"rendered":"Hardware de Rede"},"content":{"rendered":"\n<figure class=\"wp-block-image\"><a href=\"https:\/\/i0.wp.com\/efagundes.com\/networking\/wp-content\/uploads\/sites\/5\/2015\/03\/Slide6.jpg\"><img data-recalc-dims=\"1\" loading=\"lazy\" decoding=\"async\" width=\"960\" height=\"720\" data-attachment-id=\"2343\" data-permalink=\"https:\/\/efagundes.com\/networking\/hardware-de-rede\/slide6\/\" data-orig-file=\"https:\/\/i0.wp.com\/efagundes.com\/networking\/wp-content\/uploads\/sites\/5\/2015\/03\/Slide6.jpg?fit=960%2C720&amp;ssl=1\" data-orig-size=\"960,720\" data-comments-opened=\"1\" data-image-meta=\"{&quot;aperture&quot;:&quot;0&quot;,&quot;credit&quot;:&quot;&quot;,&quot;camera&quot;:&quot;&quot;,&quot;caption&quot;:&quot;&quot;,&quot;created_timestamp&quot;:&quot;0&quot;,&quot;copyright&quot;:&quot;&quot;,&quot;focal_length&quot;:&quot;0&quot;,&quot;iso&quot;:&quot;0&quot;,&quot;shutter_speed&quot;:&quot;0&quot;,&quot;title&quot;:&quot;&quot;,&quot;orientation&quot;:&quot;0&quot;}\" data-image-title=\"Slide6\" data-image-description=\"\" data-image-caption=\"\" data-large-file=\"https:\/\/i0.wp.com\/efagundes.com\/networking\/wp-content\/uploads\/sites\/5\/2015\/03\/Slide6.jpg?fit=960%2C720&amp;ssl=1\" src=\"https:\/\/i0.wp.com\/efagundes.com\/networking\/wp-content\/uploads\/sites\/5\/2015\/03\/Slide6.jpg?resize=960%2C720\" alt=\"Slide6\" class=\"wp-image-2343\" srcset=\"https:\/\/i0.wp.com\/efagundes.com\/networking\/wp-content\/uploads\/sites\/5\/2015\/03\/Slide6.jpg?w=960&amp;ssl=1 960w, https:\/\/i0.wp.com\/efagundes.com\/networking\/wp-content\/uploads\/sites\/5\/2015\/03\/Slide6.jpg?resize=300%2C225&amp;ssl=1 300w\" sizes=\"auto, (max-width: 960px) 100vw, 960px\" \/><\/a><\/figure>\n\n\n\n<p><strong>T\u00f3picos do capitulo<\/strong><br>\n<\/p>\n\n\n\n<!-- Page-list plugin v.5.9 wordpress.org\/plugins\/page-list\/ -->\n<ul class=\"page-list subpages-page-list \">\n<li class=\"page_item page-item-75\"><a href=\"https:\/\/efagundes.com\/networking\/hardware-de-rede\/ethernet-em-par-trancado\/\">Ethernet em par-tran\u00e7ado<\/a><\/li>\n<li class=\"page_item page-item-71\"><a href=\"https:\/\/efagundes.com\/networking\/hardware-de-rede\/fibra-optica\/\">Fibra \u00f3ptica<\/a><\/li>\n<li class=\"page_item page-item-92\"><a href=\"https:\/\/efagundes.com\/networking\/hardware-de-rede\/interconexao-de-sistemas\/\">Interconex\u00e3o de sistemas<\/a><\/li>\n<li class=\"page_item page-item-73\"><a href=\"https:\/\/efagundes.com\/networking\/hardware-de-rede\/internet-em-cabo-coaxial\/\">Internet em cabo coaxial<\/a><\/li>\n<li class=\"page_item page-item-68\"><a href=\"https:\/\/efagundes.com\/networking\/hardware-de-rede\/redes-locais-e-distribuidas\/\">Redes Locais e Distribu\u00eddas<\/a><\/li>\n<li class=\"page_item page-item-77\"><a href=\"https:\/\/efagundes.com\/networking\/hardware-de-rede\/roteador-dedicado\/\">Roteador dedicado<\/a><\/li>\n<li class=\"page_item page-item-79\"><a href=\"https:\/\/efagundes.com\/networking\/hardware-de-rede\/servidor-multihomed\/\">Servidor multihomed<\/a><\/li>\n<li class=\"page_item page-item-88\"><a href=\"https:\/\/efagundes.com\/networking\/hardware-de-rede\/wireless-lan\/\">Wireless LAN<\/a><\/li>\n<li class=\"page_item page-item-63\"><a href=\"https:\/\/efagundes.com\/networking\/hardware-de-rede\/classificacao-das-redes\/\">Classifica\u00e7\u00e3o das Redes<\/a><\/li>\n<li class=\"page_item page-item-65\"><a href=\"https:\/\/efagundes.com\/networking\/hardware-de-rede\/hardware-de-rede-2\/\">Defini\u00e7\u00e3o de Hardware de Rede<\/a><\/li>\n<li class=\"page_item page-item-83\"><a href=\"https:\/\/efagundes.com\/networking\/hardware-de-rede\/rede-local-em-anel\/\">Rede local em anel<\/a><\/li>\n<li class=\"page_item page-item-86\"><a href=\"https:\/\/efagundes.com\/networking\/hardware-de-rede\/redes-metropolitanas\/\">Redes metropolitanas<\/a><\/li>\n<li class=\"page_item page-item-824\"><a href=\"https:\/\/efagundes.com\/networking\/hardware-de-rede\/tipos-de-redes-sem-fio\/\">Tipos de redes sem fio<\/a><\/li>\n<li class=\"page_item page-item-94\"><a href=\"https:\/\/efagundes.com\/networking\/hardware-de-rede\/redes-domesticas\/\">Redes dom\u00e9sticas<\/a><\/li>\n<li class=\"page_item page-item-96\"><a href=\"https:\/\/efagundes.com\/networking\/hardware-de-rede\/inter-redes\/\">Inter-redes<\/a><\/li>\n\n<\/ul>\n","protected":false},"excerpt":{"rendered":"<p>T\u00f3picos do capitulo<\/p>\n","protected":false},"author":1,"featured_media":0,"parent":0,"menu_order":5,"comment_status":"closed","ping_status":"closed","template":"","meta":{"footnotes":""},"class_list":["post-61","page","type-page","status-publish","hentry"],"jetpack_shortlink":"https:\/\/wp.me\/P8yKGp-Z","jetpack-related-posts":[{"id":721,"url":"https:\/\/efagundes.com\/networking\/a-camada-de-rede\/","url_meta":{"origin":61,"position":0},"title":"A camada de rede","author":"Eduardo Fagundes","date":"18\/11\/2012","format":false,"excerpt":"T\u00f3picos do capitulo","rel":"","context":"Post similar","block_context":{"text":"Post similar","link":""},"img":{"alt_text":"","src":"https:\/\/i0.wp.com\/efagundes.com\/networking\/wp-content\/uploads\/sites\/5\/2015\/03\/Slide127.jpg?resize=350%2C200","width":350,"height":200,"srcset":"https:\/\/i0.wp.com\/efagundes.com\/networking\/wp-content\/uploads\/sites\/5\/2015\/03\/Slide127.jpg?resize=350%2C200 1x, https:\/\/i0.wp.com\/efagundes.com\/networking\/wp-content\/uploads\/sites\/5\/2015\/03\/Slide127.jpg?resize=525%2C300 1.5x, https:\/\/i0.wp.com\/efagundes.com\/networking\/wp-content\/uploads\/sites\/5\/2015\/03\/Slide127.jpg?resize=700%2C400 2x"},"classes":[]},{"id":99,"url":"https:\/\/efagundes.com\/networking\/software-de-rede\/","url_meta":{"origin":61,"position":1},"title":"Software de rede","author":"Eduardo Fagundes","date":"16\/11\/2012","format":false,"excerpt":"T\u00f3picos do capitulo","rel":"","context":"Post similar","block_context":{"text":"Post similar","link":""},"img":{"alt_text":"Slide24","src":"https:\/\/i0.wp.com\/efagundes.com\/networking\/wp-content\/uploads\/sites\/5\/2015\/03\/Slide24.jpg?resize=350%2C200","width":350,"height":200,"srcset":"https:\/\/i0.wp.com\/efagundes.com\/networking\/wp-content\/uploads\/sites\/5\/2015\/03\/Slide24.jpg?resize=350%2C200 1x, https:\/\/i0.wp.com\/efagundes.com\/networking\/wp-content\/uploads\/sites\/5\/2015\/03\/Slide24.jpg?resize=525%2C300 1.5x, https:\/\/i0.wp.com\/efagundes.com\/networking\/wp-content\/uploads\/sites\/5\/2015\/03\/Slide24.jpg?resize=700%2C400 2x"},"classes":[]},{"id":602,"url":"https:\/\/efagundes.com\/networking\/exemplos-de-protocolos\/","url_meta":{"origin":61,"position":2},"title":"Exemplos de Protocolos","author":"Eduardo Fagundes","date":"17\/11\/2012","format":false,"excerpt":"T\u00f3picos do capitulo","rel":"","context":"Post similar","block_context":{"text":"Post similar","link":""},"img":{"alt_text":"","src":"https:\/\/i0.wp.com\/efagundes.com\/networking\/wp-content\/uploads\/sites\/5\/2015\/03\/Slide174.jpg?resize=350%2C200","width":350,"height":200,"srcset":"https:\/\/i0.wp.com\/efagundes.com\/networking\/wp-content\/uploads\/sites\/5\/2015\/03\/Slide174.jpg?resize=350%2C200 1x, https:\/\/i0.wp.com\/efagundes.com\/networking\/wp-content\/uploads\/sites\/5\/2015\/03\/Slide174.jpg?resize=525%2C300 1.5x, https:\/\/i0.wp.com\/efagundes.com\/networking\/wp-content\/uploads\/sites\/5\/2015\/03\/Slide174.jpg?resize=700%2C400 2x"},"classes":[]},{"id":741,"url":"https:\/\/efagundes.com\/networking\/algoritmos-de-roteamento\/","url_meta":{"origin":61,"position":3},"title":"Algoritmos de Roteamento","author":"Eduardo Fagundes","date":"18\/11\/2012","format":false,"excerpt":"T\u00f3picos do capitulo","rel":"","context":"Post similar","block_context":{"text":"Post similar","link":""},"img":{"alt_text":"","src":"https:\/\/i0.wp.com\/efagundes.com\/networking\/wp-content\/uploads\/sites\/5\/2015\/03\/Slide1111.jpg?resize=350%2C200","width":350,"height":200,"srcset":"https:\/\/i0.wp.com\/efagundes.com\/networking\/wp-content\/uploads\/sites\/5\/2015\/03\/Slide1111.jpg?resize=350%2C200 1x, https:\/\/i0.wp.com\/efagundes.com\/networking\/wp-content\/uploads\/sites\/5\/2015\/03\/Slide1111.jpg?resize=525%2C300 1.5x, https:\/\/i0.wp.com\/efagundes.com\/networking\/wp-content\/uploads\/sites\/5\/2015\/03\/Slide1111.jpg?resize=700%2C400 2x"},"classes":[]},{"id":906,"url":"https:\/\/efagundes.com\/networking\/satelites-de-comunicacao\/","url_meta":{"origin":61,"position":4},"title":"Sat\u00e9lites de Comunica\u00e7\u00e3o","author":"Eduardo Fagundes","date":"18\/11\/2012","format":false,"excerpt":"T\u00f3picos do capitulo","rel":"","context":"Post similar","block_context":{"text":"Post similar","link":""},"img":{"alt_text":"Slide81","src":"https:\/\/i0.wp.com\/efagundes.com\/networking\/wp-content\/uploads\/sites\/5\/2012\/11\/Slide81.png?resize=350%2C200","width":350,"height":200,"srcset":"https:\/\/i0.wp.com\/efagundes.com\/networking\/wp-content\/uploads\/sites\/5\/2012\/11\/Slide81.png?resize=350%2C200 1x, https:\/\/i0.wp.com\/efagundes.com\/networking\/wp-content\/uploads\/sites\/5\/2012\/11\/Slide81.png?resize=525%2C300 1.5x, https:\/\/i0.wp.com\/efagundes.com\/networking\/wp-content\/uploads\/sites\/5\/2012\/11\/Slide81.png?resize=700%2C400 2x"},"classes":[]},{"id":1205,"url":"https:\/\/efagundes.com\/networking\/seguranca-de-redes\/","url_meta":{"origin":61,"position":5},"title":"Seguran\u00e7a de Redes","author":"Eduardo Fagundes","date":"19\/11\/2012","format":false,"excerpt":"T\u00f3picos do capitulo","rel":"","context":"Post similar","block_context":{"text":"Post similar","link":""},"img":{"alt_text":"Slide256","src":"https:\/\/i0.wp.com\/efagundes.com\/networking\/wp-content\/uploads\/sites\/5\/2012\/11\/Slide256.png?resize=350%2C200","width":350,"height":200,"srcset":"https:\/\/i0.wp.com\/efagundes.com\/networking\/wp-content\/uploads\/sites\/5\/2012\/11\/Slide256.png?resize=350%2C200 1x, https:\/\/i0.wp.com\/efagundes.com\/networking\/wp-content\/uploads\/sites\/5\/2012\/11\/Slide256.png?resize=525%2C300 1.5x, https:\/\/i0.wp.com\/efagundes.com\/networking\/wp-content\/uploads\/sites\/5\/2012\/11\/Slide256.png?resize=700%2C400 2x"},"classes":[]}],"jetpack_sharing_enabled":true,"_links":{"self":[{"href":"https:\/\/efagundes.com\/networking\/wp-json\/wp\/v2\/pages\/61","targetHints":{"allow":["GET"]}}],"collection":[{"href":"https:\/\/efagundes.com\/networking\/wp-json\/wp\/v2\/pages"}],"about":[{"href":"https:\/\/efagundes.com\/networking\/wp-json\/wp\/v2\/types\/page"}],"author":[{"embeddable":true,"href":"https:\/\/efagundes.com\/networking\/wp-json\/wp\/v2\/users\/1"}],"replies":[{"embeddable":true,"href":"https:\/\/efagundes.com\/networking\/wp-json\/wp\/v2\/comments?post=61"}],"version-history":[{"count":1,"href":"https:\/\/efagundes.com\/networking\/wp-json\/wp\/v2\/pages\/61\/revisions"}],"predecessor-version":[{"id":3685,"href":"https:\/\/efagundes.com\/networking\/wp-json\/wp\/v2\/pages\/61\/revisions\/3685"}],"wp:attachment":[{"href":"https:\/\/efagundes.com\/networking\/wp-json\/wp\/v2\/media?parent=61"}],"curies":[{"name":"wp","href":"https:\/\/api.w.org\/{rel}","templated":true}]}}