{"id":610,"date":"2012-11-17T13:50:10","date_gmt":"2012-11-17T15:50:10","guid":{"rendered":"http:\/\/efagundes.com\/openclass_networking\/?page_id=610"},"modified":"2022-01-16T17:51:30","modified_gmt":"2022-01-16T20:51:30","slug":"ppp-point-to-point-protocol","status":"publish","type":"page","link":"https:\/\/efagundes.com\/networking\/exemplos-de-protocolos\/ppp-point-to-point-protocol\/","title":{"rendered":"PPP &#8211; Point-to-Point Protocol (I)"},"content":{"rendered":"<p><img data-recalc-dims=\"1\" loading=\"lazy\" decoding=\"async\" class=\"alignnone\" src=\"https:\/\/i0.wp.com\/efagundes.com\/networking\/wp-content\/uploads\/sites\/5\/2015\/03\/Slide219.jpg?resize=960%2C720\" alt=\"\" width=\"960\" height=\"720\" \/><\/p>\n<p>O Point-to-Point Protocol (PPP) \u00e9 um protocolo para transmiss\u00e3o de pacotes atrav\u00e9s de linhas seriais. O protocolo PPP suporta linhas s\u00edncronas e ass\u00edncronas. Normalmente ele tem sido utilizado para a transmiss\u00e3o de pacotes IP na Internet. O PPP \u00e9 projetado para transportar pacotes atrav\u00e9s de uma conex\u00e3o entre dois pontos. A conex\u00e3o entre os pontos deve prover opera\u00e7\u00e3o full-duplex sendo assumido que os pacotes s\u00e3o entregues em ordem. Estas caracter\u00edsticas s\u00e3o desejadas para que o PPP proporcione uma solu\u00e7\u00e3o comum para a conex\u00e3o de uma grande variedade de hosts e roteadores.<\/p>\n<p>O PPP \u00e9 composto basicamente de tr\u00eas partes, sendo que a intera\u00e7\u00e3o entre elas obedece a um diagrama de fases:<\/p>\n<ol>\n<li>Encapsulamento de datagramas<\/li>\n<li>Link Control Protocol( LCP )<\/li>\n<li>Network Control Protocols( NCPs )<\/li>\n<\/ol>\n<p>O encapsulamento do PPP prov\u00ea multiplexa\u00e7\u00e3o de diferentes protocolos da camada de rede simultaneamente atrav\u00e9s do mesmo link. Este encapsulamento foi cuidadosamente projetado para manter compatibilidade com os suportes de hardware mais utilizados. Somente 8 octetos adicionais s\u00e3o necess\u00e1rios para formar o encapsulamento do PPP se o compararmos ao encapsulamento padr\u00e3o do frame HDLC. Em ocasi\u00f5es em que a largura de banda \u00e9 cr\u00edtica o encapsulamento e o frame podem ser encurtados para 2 ou 4 octetos. Para suportar implementa\u00e7\u00f5es de alta velocidade, o encapsulamento padr\u00e3o usa somente campos simples, desta forma o exame do campo para a demultiplexa\u00e7\u00e3o se torna mais r\u00e1pida.<\/p>\n<p>O Link Control Protocol (LCP) \u00e9 usado para automaticamente concordar sobre as op\u00e7\u00f5es de formato de encapsulamento, lidar com varia\u00e7\u00f5es nos limites de tamanho dos pacotes, detectar loops infinitos, detectar erros de configura\u00e7\u00e3o, iniciar e terminar a conex\u00e3o. Opcionalmente, o LCP pode prover facilidades de autentica\u00e7\u00e3o de identifica\u00e7\u00e3o e determina\u00e7\u00e3o de quando o link est\u00e1 funcionando apropriadamente ou quando est\u00e1 falhando.<\/p>\n<p>O Network Control Protocols (NCP) \u00e9 composto por uma fam\u00edlia de protocolos de rede. Ele estabelece e configura os diferentes protocolos na camada de rede que ser\u00e3o utilizados pelo PPP. Links ponto-a-ponto tendem a agravar alguns problemas comuns a diversas fam\u00edlias de protocolos de rede. Por exemplo, atribui\u00e7\u00e3o e gerenciamento de endere\u00e7os IP \u00e9 especialmente dif\u00edcil sobre circuitos comutados com links ponto-a-ponto. Estes problemas s\u00e3o tratados pela fam\u00edlia de NCPs\u00a0 onde \u00e9 necess\u00e1rio um gerenciamento espec\u00edfico para cada problema.<\/p>\n<p>&nbsp;<\/p>\n","protected":false},"excerpt":{"rendered":"<p>O Point-to-Point Protocol (PPP) \u00e9 um protocolo para transmiss\u00e3o de pacotes atrav\u00e9s de linhas seriais. O protocolo PPP suporta linhas s\u00edncronas e ass\u00edncronas. Normalmente ele tem sido utilizado para a transmiss\u00e3o de pacotes IP na Internet. O PPP \u00e9 projetado para transportar pacotes atrav\u00e9s de uma conex\u00e3o entre dois pontos. A conex\u00e3o entre os pontos [&hellip;]<\/p>\n","protected":false},"author":1,"featured_media":0,"parent":602,"menu_order":50,"comment_status":"closed","ping_status":"open","template":"","meta":{"footnotes":""},"class_list":["post-610","page","type-page","status-publish","hentry"],"jetpack_shortlink":"https:\/\/wp.me\/P8yKGp-9Q","jetpack-related-posts":[{"id":612,"url":"https:\/\/efagundes.com\/networking\/exemplos-de-protocolos\/ppp-point-to-point-protocol-1\/","url_meta":{"origin":610,"position":0},"title":"PPP &#8211; Point-to-Point Protocol (II)","author":"Eduardo Fagundes","date":"17\/11\/2012","format":false,"excerpt":"\u00a0 O formato de quadro PPP foi definido de modo a ter uma apar\u00eancia semelhante ao formato de quadro HDLC. A principal diferen\u00e7a entre o PPP e o HDLC \u00e9 que o primeiro \u00e9 orientado a caracteres, e n\u00e3o a bits. Especificamente, o PPP utiliza a t\u00e9cnica de inser\u00e7\u00e3o de\u2026","rel":"","context":"Post similar","block_context":{"text":"Post similar","link":""},"img":{"alt_text":"","src":"https:\/\/i0.wp.com\/efagundes.com\/networking\/wp-content\/uploads\/sites\/5\/2015\/03\/Slide224.jpg?resize=350%2C200","width":350,"height":200,"srcset":"https:\/\/i0.wp.com\/efagundes.com\/networking\/wp-content\/uploads\/sites\/5\/2015\/03\/Slide224.jpg?resize=350%2C200 1x, https:\/\/i0.wp.com\/efagundes.com\/networking\/wp-content\/uploads\/sites\/5\/2015\/03\/Slide224.jpg?resize=525%2C300 1.5x, https:\/\/i0.wp.com\/efagundes.com\/networking\/wp-content\/uploads\/sites\/5\/2015\/03\/Slide224.jpg?resize=700%2C400 2x"},"classes":[]},{"id":615,"url":"https:\/\/efagundes.com\/networking\/exemplos-de-protocolos\/ppp-point-to-point-protocol-2\/","url_meta":{"origin":610,"position":1},"title":"PPP &#8211; Point-to-Point Protocol (III)","author":"Eduardo Fagundes","date":"17\/11\/2012","format":false,"excerpt":"O diagrama acima mostra as fases pelas quais uma linha passa ao ser ativada, utilizada e desativada novamente. Essa seq\u00fc\u00eancia se aplica tanto \u00e0s conex\u00f5es de modem quanto \u00e0s conex\u00f5es entre roteadores. O protocolo come\u00e7a com a linha no estado DEAD, o que significa que n\u00e3o h\u00e1 nenhuma portadora da\u2026","rel":"","context":"Post similar","block_context":{"text":"Post similar","link":""},"img":{"alt_text":"","src":"https:\/\/i0.wp.com\/efagundes.com\/networking\/wp-content\/uploads\/sites\/5\/2015\/03\/Slide234.jpg?resize=350%2C200","width":350,"height":200,"srcset":"https:\/\/i0.wp.com\/efagundes.com\/networking\/wp-content\/uploads\/sites\/5\/2015\/03\/Slide234.jpg?resize=350%2C200 1x, https:\/\/i0.wp.com\/efagundes.com\/networking\/wp-content\/uploads\/sites\/5\/2015\/03\/Slide234.jpg?resize=525%2C300 1.5x, https:\/\/i0.wp.com\/efagundes.com\/networking\/wp-content\/uploads\/sites\/5\/2015\/03\/Slide234.jpg?resize=700%2C400 2x"},"classes":[]},{"id":608,"url":"https:\/\/efagundes.com\/networking\/exemplos-de-protocolos\/a-camada-de-enlace-de-dados-na-internet\/","url_meta":{"origin":610,"position":2},"title":"A camada de enlace de dados na Internet","author":"Eduardo Fagundes","date":"17\/11\/2012","format":false,"excerpt":"A Internet consiste em m\u00e1quinas individuais (hosts e roteadores) e na infra-estrutura de comunica\u00e7\u00e3o que as conecta. Dentro de um \u00fanico pr\u00e9dio, as LANs s\u00e3o bastante utilizadas para interconex\u00f5es, mas grande parte da infra-estrutura geograficamente distribu\u00edda \u00e9 constru\u00edda a partir de linhas privadas ponto-a-ponto. Geralmente, o PC dom\u00e9stico do usu\u00e1rio\u2026","rel":"","context":"Post similar","block_context":{"text":"Post similar","link":""},"img":{"alt_text":"","src":"https:\/\/i0.wp.com\/efagundes.com\/networking\/wp-content\/uploads\/sites\/5\/2015\/03\/Slide204.jpg?resize=350%2C200","width":350,"height":200,"srcset":"https:\/\/i0.wp.com\/efagundes.com\/networking\/wp-content\/uploads\/sites\/5\/2015\/03\/Slide204.jpg?resize=350%2C200 1x, https:\/\/i0.wp.com\/efagundes.com\/networking\/wp-content\/uploads\/sites\/5\/2015\/03\/Slide204.jpg?resize=525%2C300 1.5x, https:\/\/i0.wp.com\/efagundes.com\/networking\/wp-content\/uploads\/sites\/5\/2015\/03\/Slide204.jpg?resize=700%2C400 2x"},"classes":[]},{"id":797,"url":"https:\/\/efagundes.com\/networking\/algoritmos-de-roteamento\/troca-de-rotulos-e-mpls\/","url_meta":{"origin":610,"position":3},"title":"Troca de r\u00f3tulos e MPLS","author":"Eduardo Fagundes","date":"18\/11\/2012","format":false,"excerpt":"O primeiro problema do MPLS \u00e9 onde p\u00f4r o r\u00f3tulo. Tendo em vista que os pacotes IP n\u00e3o foram projetados para circuitos virtuais, n\u00e3o existe nenhum campo dispon\u00edvel para n\u00fameros de circuitos virtuais dentro do cabe\u00e7alho IP. Por essa raz\u00e3o, surgiu a necessidade de adicionar um novo cabe\u00e7alho MPLS antes\u2026","rel":"","context":"Post similar","block_context":{"text":"Post similar","link":""},"img":{"alt_text":"","src":"https:\/\/i0.wp.com\/efagundes.com\/networking\/wp-content\/uploads\/sites\/5\/2015\/03\/Slide392.jpg?resize=350%2C200","width":350,"height":200,"srcset":"https:\/\/i0.wp.com\/efagundes.com\/networking\/wp-content\/uploads\/sites\/5\/2015\/03\/Slide392.jpg?resize=350%2C200 1x, https:\/\/i0.wp.com\/efagundes.com\/networking\/wp-content\/uploads\/sites\/5\/2015\/03\/Slide392.jpg?resize=525%2C300 1.5x, https:\/\/i0.wp.com\/efagundes.com\/networking\/wp-content\/uploads\/sites\/5\/2015\/03\/Slide392.jpg?resize=700%2C400 2x"},"classes":[]},{"id":168,"url":"https:\/\/efagundes.com\/networking\/redes-geograficamente-distribuidas\/arquitetura-da-internet\/","url_meta":{"origin":610,"position":4},"title":"Arquitetura da Internet","author":"Eduardo Fagundes","date":"16\/11\/2012","format":false,"excerpt":"A Internet \u00e9 uma rede de computadores mundial de acesso de p\u00fablico ilimitado que utiliza uma infra-estrutura de telecomunica\u00e7\u00f5es homog\u00eanea. Atualmente qualquer pessoa f\u00edsica ou jur\u00eddica pode participar da Internet, incluindo empresas privadas, governos, escolas e organiza\u00e7\u00f5es n\u00e3o-governamentais. Os requisitos s\u00e3o possuir um computador, um software compat\u00edvel com a Internet\u2026","rel":"","context":"Post similar","block_context":{"text":"Post similar","link":""},"img":{"alt_text":"Slide11","src":"https:\/\/i0.wp.com\/efagundes.com\/networking\/wp-content\/uploads\/sites\/5\/2015\/03\/Slide111.jpg?resize=350%2C200","width":350,"height":200,"srcset":"https:\/\/i0.wp.com\/efagundes.com\/networking\/wp-content\/uploads\/sites\/5\/2015\/03\/Slide111.jpg?resize=350%2C200 1x, https:\/\/i0.wp.com\/efagundes.com\/networking\/wp-content\/uploads\/sites\/5\/2015\/03\/Slide111.jpg?resize=525%2C300 1.5x, https:\/\/i0.wp.com\/efagundes.com\/networking\/wp-content\/uploads\/sites\/5\/2015\/03\/Slide111.jpg?resize=700%2C400 2x"},"classes":[]},{"id":154,"url":"https:\/\/efagundes.com\/networking\/redes-geograficamente-distribuidas\/redes-x-25\/","url_meta":{"origin":610,"position":5},"title":"Redes X.25","author":"Eduardo Fagundes","date":"16\/11\/2012","format":false,"excerpt":"X.25 \u00e9 um padr\u00e3o de protocolo para comunica\u00e7\u00f5es para redes geograficamente distribu\u00eddas da International Telecommunication Union - setor de padroniza\u00e7\u00e3o de telecomunica\u00e7\u00f5es (ITU-T) que define como devem ser estabelecidas e mantidas as conex\u00f5es entre dispositivos de usu\u00e1rios e os dispositivos de rede. O X.25 foi projetado para operar sistemas de\u2026","rel":"","context":"Post similar","block_context":{"text":"Post similar","link":""},"img":{"alt_text":"Slide7","src":"https:\/\/i0.wp.com\/efagundes.com\/networking\/wp-content\/uploads\/sites\/5\/2015\/03\/Slide71.jpg?resize=350%2C200","width":350,"height":200,"srcset":"https:\/\/i0.wp.com\/efagundes.com\/networking\/wp-content\/uploads\/sites\/5\/2015\/03\/Slide71.jpg?resize=350%2C200 1x, https:\/\/i0.wp.com\/efagundes.com\/networking\/wp-content\/uploads\/sites\/5\/2015\/03\/Slide71.jpg?resize=525%2C300 1.5x, https:\/\/i0.wp.com\/efagundes.com\/networking\/wp-content\/uploads\/sites\/5\/2015\/03\/Slide71.jpg?resize=700%2C400 2x"},"classes":[]}],"jetpack_sharing_enabled":true,"_links":{"self":[{"href":"https:\/\/efagundes.com\/networking\/wp-json\/wp\/v2\/pages\/610","targetHints":{"allow":["GET"]}}],"collection":[{"href":"https:\/\/efagundes.com\/networking\/wp-json\/wp\/v2\/pages"}],"about":[{"href":"https:\/\/efagundes.com\/networking\/wp-json\/wp\/v2\/types\/page"}],"author":[{"embeddable":true,"href":"https:\/\/efagundes.com\/networking\/wp-json\/wp\/v2\/users\/1"}],"replies":[{"embeddable":true,"href":"https:\/\/efagundes.com\/networking\/wp-json\/wp\/v2\/comments?post=610"}],"version-history":[{"count":0,"href":"https:\/\/efagundes.com\/networking\/wp-json\/wp\/v2\/pages\/610\/revisions"}],"up":[{"embeddable":true,"href":"https:\/\/efagundes.com\/networking\/wp-json\/wp\/v2\/pages\/602"}],"wp:attachment":[{"href":"https:\/\/efagundes.com\/networking\/wp-json\/wp\/v2\/media?parent=610"}],"curies":[{"name":"wp","href":"https:\/\/api.w.org\/{rel}","templated":true}]}}