{"id":615,"date":"2012-11-17T13:55:01","date_gmt":"2012-11-17T15:55:01","guid":{"rendered":"http:\/\/efagundes.com\/openclass_networking\/?page_id=615"},"modified":"2022-01-16T17:52:11","modified_gmt":"2022-01-16T20:52:11","slug":"ppp-point-to-point-protocol-2","status":"publish","type":"page","link":"https:\/\/efagundes.com\/networking\/exemplos-de-protocolos\/ppp-point-to-point-protocol-2\/","title":{"rendered":"PPP &#8211; Point-to-Point Protocol (III)"},"content":{"rendered":"<p><img data-recalc-dims=\"1\" loading=\"lazy\" decoding=\"async\" class=\"alignnone\" src=\"https:\/\/i0.wp.com\/efagundes.com\/networking\/wp-content\/uploads\/sites\/5\/2015\/03\/Slide234.jpg?resize=960%2C720\" alt=\"\" width=\"960\" height=\"720\" \/><\/p>\n<p>O diagrama acima mostra as fases pelas quais uma linha passa ao ser ativada, utilizada e desativada novamente. Essa seq\u00fc\u00eancia se aplica tanto \u00e0s conex\u00f5es de modem quanto \u00e0s conex\u00f5es entre roteadores.<\/p>\n<p>O protocolo come\u00e7a com a linha no estado DEAD, o que significa que n\u00e3o h\u00e1 nenhuma portadora da camada f\u00edsica presente e n\u00e3o existe qualquer conex\u00e3o da camada f\u00edsica. Depois de estabelecida a conex\u00e3o f\u00edsica, a linha passa para a fase ESTABISH. Nesse ponto, come\u00e7a a negocia\u00e7\u00e3o de op\u00e7\u00f5es do LCP que, se for bem-sucedida, levar\u00e1 fase AUTHENTICATE. Agora, as duas pares poder\u00e3o verificar suas identidades mutuamente, se desejarem. Quando a fase NETWORK \u00e9 alcan\u00e7ada, o protocolo NCP apropriado \u00e9 invocado para configurar a camada de rede. Se a configura\u00e7\u00e3o for bem-sucedida, a fase OPEN \u00e9 alcan\u00e7ada e o transporte de dados pode ser feito. Quando o transporte de dados \u00e9 conclu\u00eddo, a linha entra na fase TERMINATE e, de l\u00e1, volta a DEAD quando a portadora \u00e9 desativada.<\/p>\n<p>&nbsp;<\/p>\n","protected":false},"excerpt":{"rendered":"<p>O diagrama acima mostra as fases pelas quais uma linha passa ao ser ativada, utilizada e desativada novamente. Essa seq\u00fc\u00eancia se aplica tanto \u00e0s conex\u00f5es de modem quanto \u00e0s conex\u00f5es entre roteadores. O protocolo come\u00e7a com a linha no estado DEAD, o que significa que n\u00e3o h\u00e1 nenhuma portadora da camada f\u00edsica presente e n\u00e3o [&hellip;]<\/p>\n","protected":false},"author":1,"featured_media":0,"parent":602,"menu_order":52,"comment_status":"closed","ping_status":"open","template":"","meta":{"footnotes":""},"class_list":["post-615","page","type-page","status-publish","hentry"],"jetpack_shortlink":"https:\/\/wp.me\/P8yKGp-9V","jetpack-related-posts":[{"id":608,"url":"https:\/\/efagundes.com\/networking\/exemplos-de-protocolos\/a-camada-de-enlace-de-dados-na-internet\/","url_meta":{"origin":615,"position":0},"title":"A camada de enlace de dados na Internet","author":"Eduardo Fagundes","date":"17\/11\/2012","format":false,"excerpt":"A Internet consiste em m\u00e1quinas individuais (hosts e roteadores) e na infra-estrutura de comunica\u00e7\u00e3o que as conecta. Dentro de um \u00fanico pr\u00e9dio, as LANs s\u00e3o bastante utilizadas para interconex\u00f5es, mas grande parte da infra-estrutura geograficamente distribu\u00edda \u00e9 constru\u00edda a partir de linhas privadas ponto-a-ponto. Geralmente, o PC dom\u00e9stico do usu\u00e1rio\u2026","rel":"","context":"Post similar","block_context":{"text":"Post similar","link":""},"img":{"alt_text":"","src":"https:\/\/i0.wp.com\/efagundes.com\/networking\/wp-content\/uploads\/sites\/5\/2015\/03\/Slide204.jpg?resize=350%2C200","width":350,"height":200,"srcset":"https:\/\/i0.wp.com\/efagundes.com\/networking\/wp-content\/uploads\/sites\/5\/2015\/03\/Slide204.jpg?resize=350%2C200 1x, https:\/\/i0.wp.com\/efagundes.com\/networking\/wp-content\/uploads\/sites\/5\/2015\/03\/Slide204.jpg?resize=525%2C300 1.5x, https:\/\/i0.wp.com\/efagundes.com\/networking\/wp-content\/uploads\/sites\/5\/2015\/03\/Slide204.jpg?resize=700%2C400 2x"},"classes":[]},{"id":572,"url":"https:\/\/efagundes.com\/networking\/camada-de-enlace-de-dados\/servicos-oferecidos-a-camada-de-rede\/","url_meta":{"origin":615,"position":1},"title":"Servi\u00e7os oferecidos \u00e0 camada de rede","author":"Eduardo Fagundes","date":"17\/11\/2012","format":false,"excerpt":"A fun\u00e7\u00e3o da camada de enlace de dados \u00e9 fornece servi\u00e7os \u00e0 camada de rede. O principal servi\u00e7o \u00e9 transferir dados da camada de rede da m\u00e1quina de origem para a camada de rede da m\u00e1quina de destino. Na camada de rede da m\u00e1quina de origem, h\u00e1 uma entidade chamada\u2026","rel":"","context":"Post similar","block_context":{"text":"Post similar","link":""},"img":{"alt_text":"","src":"https:\/\/i0.wp.com\/efagundes.com\/networking\/wp-content\/uploads\/sites\/5\/2015\/03\/Slide310.jpg?resize=350%2C200","width":350,"height":200,"srcset":"https:\/\/i0.wp.com\/efagundes.com\/networking\/wp-content\/uploads\/sites\/5\/2015\/03\/Slide310.jpg?resize=350%2C200 1x, https:\/\/i0.wp.com\/efagundes.com\/networking\/wp-content\/uploads\/sites\/5\/2015\/03\/Slide310.jpg?resize=525%2C300 1.5x, https:\/\/i0.wp.com\/efagundes.com\/networking\/wp-content\/uploads\/sites\/5\/2015\/03\/Slide310.jpg?resize=700%2C400 2x"},"classes":[]},{"id":570,"url":"https:\/\/efagundes.com\/networking\/camada-de-enlace-de-dados\/a-camada-de-enlace-de-dados\/","url_meta":{"origin":615,"position":2},"title":"A camada de enlace de dados","author":"Eduardo Fagundes","date":"17\/11\/2012","format":false,"excerpt":"O problema b\u00e1sico que esta camada deve resolver \u00e9 a de prover uma linha de comunica\u00e7\u00e3o entre dois nodos que necessitam trocar informa\u00e7\u00f5es entre si. Estes nodos podem tanto ser elementos integrantes de uma rede, como apenas dois elementos de computa\u00e7\u00e3o que se comunicam. A linha f\u00edsica de transmiss\u00e3o que\u2026","rel":"","context":"Post similar","block_context":{"text":"Post similar","link":""},"img":{"alt_text":"","src":"https:\/\/i0.wp.com\/efagundes.com.br\/networking\/wp-content\/uploads\/sites\/7\/2012\/11\/Slide217.jpg?resize=350%2C200","width":350,"height":200,"srcset":"https:\/\/i0.wp.com\/efagundes.com.br\/networking\/wp-content\/uploads\/sites\/7\/2012\/11\/Slide217.jpg?resize=350%2C200 1x, https:\/\/i0.wp.com\/efagundes.com.br\/networking\/wp-content\/uploads\/sites\/7\/2012\/11\/Slide217.jpg?resize=525%2C300 1.5x"},"classes":[]},{"id":146,"url":"https:\/\/efagundes.com\/networking\/modelos-de-referencia\/modelo-osi\/","url_meta":{"origin":615,"position":3},"title":"Modelo OSI","author":"Eduardo Fagundes","date":"16\/11\/2012","format":false,"excerpt":"As camadas 3, 2 e 1 s\u00e3o respons\u00e1veis por mover os pacotes de dados da esta\u00e7\u00e3o de origem para a esta\u00e7\u00e3o de destino. Camada Rede (3) A camada de rede estabelece a rota entre o transmissor e o receptor atrav\u00e9s dos pontos de roteamento existentes na rede. O exemplo mais\u2026","rel":"","context":"Post similar","block_context":{"text":"Post similar","link":""},"img":{"alt_text":"Slide2","src":"https:\/\/i0.wp.com\/efagundes.com\/networking\/wp-content\/uploads\/sites\/5\/2015\/03\/Slide210.jpg?resize=350%2C200","width":350,"height":200,"srcset":"https:\/\/i0.wp.com\/efagundes.com\/networking\/wp-content\/uploads\/sites\/5\/2015\/03\/Slide210.jpg?resize=350%2C200 1x, https:\/\/i0.wp.com\/efagundes.com\/networking\/wp-content\/uploads\/sites\/5\/2015\/03\/Slide210.jpg?resize=525%2C300 1.5x, https:\/\/i0.wp.com\/efagundes.com\/networking\/wp-content\/uploads\/sites\/5\/2015\/03\/Slide210.jpg?resize=700%2C400 2x"},"classes":[]},{"id":737,"url":"https:\/\/efagundes.com\/networking\/a-camada-de-rede\/implementacao-do-servico-orientado-a-conexoes\/","url_meta":{"origin":615,"position":4},"title":"Implementa\u00e7\u00e3o do servi\u00e7o orientado a conex\u00f5es","author":"Eduardo Fagundes","date":"18\/11\/2012","format":false,"excerpt":"A ideia por tr\u00e1s dos circuitos virtuais \u00e9 evitar a necessidade de escolher uma nova rota para cada pacote enviado, como nas conex\u00f5es sem conex\u00f5es. Nesse caso, quando uma conex\u00e3o \u00e9 estabelecida, escolhe-se uma rota desde a m\u00e1quina de origem at\u00e9 a m\u00e1quina de destino, como parte da configura\u00e7\u00e3o da\u2026","rel":"","context":"Post similar","block_context":{"text":"Post similar","link":""},"img":{"alt_text":"","src":"https:\/\/i0.wp.com\/efagundes.com\/networking\/wp-content\/uploads\/sites\/5\/2015\/03\/Slide87.jpg?resize=350%2C200","width":350,"height":200,"srcset":"https:\/\/i0.wp.com\/efagundes.com\/networking\/wp-content\/uploads\/sites\/5\/2015\/03\/Slide87.jpg?resize=350%2C200 1x, https:\/\/i0.wp.com\/efagundes.com\/networking\/wp-content\/uploads\/sites\/5\/2015\/03\/Slide87.jpg?resize=525%2C300 1.5x, https:\/\/i0.wp.com\/efagundes.com\/networking\/wp-content\/uploads\/sites\/5\/2015\/03\/Slide87.jpg?resize=700%2C400 2x"},"classes":[]},{"id":156,"url":"https:\/\/efagundes.com\/networking\/redes-geograficamente-distribuidas\/protocolos-do-x-25\/","url_meta":{"origin":615,"position":5},"title":"Protocolos do X.25","author":"Eduardo Fagundes","date":"16\/11\/2012","format":false,"excerpt":"O conjunto de protocolos X.25 especifica as tr\u00eas camadas inferiores do modelo OSI. Os seguintes protocolos s\u00e3o tipicamente usados numa implementa\u00e7\u00e3o X.25: Packet-Layer Protocol (PLP), Link Access Procedure Balanced (LAPB), e outras interfaces seriais da camada f\u00edsica (como EIA\/TIA-232, EIA\/TIA-449, EIA-530 e G.703). Figura mostra os protocolos X.25 fundamentais para\u2026","rel":"","context":"Post similar","block_context":{"text":"Post similar","link":""},"img":{"alt_text":"Slide8","src":"https:\/\/i0.wp.com\/efagundes.com\/networking\/wp-content\/uploads\/sites\/5\/2015\/03\/Slide81.jpg?resize=350%2C200","width":350,"height":200,"srcset":"https:\/\/i0.wp.com\/efagundes.com\/networking\/wp-content\/uploads\/sites\/5\/2015\/03\/Slide81.jpg?resize=350%2C200 1x, https:\/\/i0.wp.com\/efagundes.com\/networking\/wp-content\/uploads\/sites\/5\/2015\/03\/Slide81.jpg?resize=525%2C300 1.5x, https:\/\/i0.wp.com\/efagundes.com\/networking\/wp-content\/uploads\/sites\/5\/2015\/03\/Slide81.jpg?resize=700%2C400 2x"},"classes":[]}],"jetpack_sharing_enabled":true,"_links":{"self":[{"href":"https:\/\/efagundes.com\/networking\/wp-json\/wp\/v2\/pages\/615","targetHints":{"allow":["GET"]}}],"collection":[{"href":"https:\/\/efagundes.com\/networking\/wp-json\/wp\/v2\/pages"}],"about":[{"href":"https:\/\/efagundes.com\/networking\/wp-json\/wp\/v2\/types\/page"}],"author":[{"embeddable":true,"href":"https:\/\/efagundes.com\/networking\/wp-json\/wp\/v2\/users\/1"}],"replies":[{"embeddable":true,"href":"https:\/\/efagundes.com\/networking\/wp-json\/wp\/v2\/comments?post=615"}],"version-history":[{"count":0,"href":"https:\/\/efagundes.com\/networking\/wp-json\/wp\/v2\/pages\/615\/revisions"}],"up":[{"embeddable":true,"href":"https:\/\/efagundes.com\/networking\/wp-json\/wp\/v2\/pages\/602"}],"wp:attachment":[{"href":"https:\/\/efagundes.com\/networking\/wp-json\/wp\/v2\/media?parent=615"}],"curies":[{"name":"wp","href":"https:\/\/api.w.org\/{rel}","templated":true}]}}