{"id":622,"date":"2012-11-17T14:02:12","date_gmt":"2012-11-17T16:02:12","guid":{"rendered":"http:\/\/efagundes.com\/openclass_networking\/?page_id=622"},"modified":"2022-01-16T17:52:13","modified_gmt":"2022-01-16T20:52:13","slug":"camada-mac","status":"publish","type":"page","link":"https:\/\/efagundes.com\/networking\/subcamada-de-acesso-ao-meio\/camada-mac\/","title":{"rendered":"Camada MAC"},"content":{"rendered":"<p><img data-recalc-dims=\"1\" loading=\"lazy\" decoding=\"async\" class=\"alignnone\" src=\"https:\/\/i0.wp.com\/efagundes.com\/networking\/wp-content\/uploads\/sites\/5\/2015\/03\/Slide254.jpg?resize=960%2C720\" alt=\"\" width=\"960\" height=\"720\" \/><\/p>\n<p>Em qualquer rede de difus\u00e3o, a quest\u00e3o fundamental \u00e9 determinar quem tem direito de usar o canal quando h\u00e1 um disputa por ele. Para tornar essa quest\u00e3o mais clara, considere uma chamada de teleconfer\u00eancia, na qual seis pessoas em seis diferentes telefones est\u00e3o todas conectadas entre si, de forma que cada uma pode ouvir e falar com todas as outras. \u00c9 muito prov\u00e1vel que, quando uma delas para de falar, duas ou mais comecem a falar ao mesmo tempo, levando ao caos. Em uma reuni\u00e3o face a face, a confus\u00e3o \u00e9 evitada por meios externos. Por exemplo, em uma reuni\u00e3o, as pessoas levantam as m\u00e3os para pedir permiss\u00e3o para falar. Quando apenas um \u00fanico canal est\u00e1 dispon\u00edvel, a determina\u00e7\u00e3o de quem deve ser o pr\u00f3ximo a falar \u00e9 muito mais dif\u00edcil.<\/p>\n<p>Os protocolos usados para determinar quem ser\u00e1 o pr\u00f3ximo em um canal de multiacesso pertencem a uma subcamada da camada de enlace de dados, chamada subcamada MAC (Medium Access Control). A subcamada MAC \u00e9 especialmente importante em LANs que, em sua maioria, utilizam um canal de multiacesso como base de sua comunica\u00e7\u00e3o. Em contrapartida, as WANs utilizam enlaces ponto a ponto, com exce\u00e7\u00e3o das redes de sat\u00e9lites.<\/p>\n<p>&nbsp;<\/p>\n","protected":false},"excerpt":{"rendered":"<p>Em qualquer rede de difus\u00e3o, a quest\u00e3o fundamental \u00e9 determinar quem tem direito de usar o canal quando h\u00e1 um disputa por ele. Para tornar essa quest\u00e3o mais clara, considere uma chamada de teleconfer\u00eancia, na qual seis pessoas em seis diferentes telefones est\u00e3o todas conectadas entre si, de forma que cada uma pode ouvir e [&hellip;]<\/p>\n","protected":false},"author":1,"featured_media":0,"parent":620,"menu_order":55,"comment_status":"closed","ping_status":"closed","template":"","meta":{"footnotes":""},"class_list":["post-622","page","type-page","status-publish","hentry"],"jetpack_shortlink":"https:\/\/wp.me\/P8yKGp-a2","jetpack-related-posts":[{"id":648,"url":"https:\/\/efagundes.com\/networking\/lans-sem-fio\/802-11-a-pilha-de-protocolos\/","url_meta":{"origin":622,"position":0},"title":"802.11: a pilha de protocolos","author":"Eduardo Fagundes","date":"17\/11\/2012","format":false,"excerpt":"Os protocolos usados por todas as variantes do 802, inclusive a Ethernet, t\u00eam certas caracter\u00edstica comuns em sua estrutura. Uma vis\u00e3o parcial da pilha de protocolos 802.11 \u00e9 a mostrada na figura acima. A camada f\u00edsica corresponde muito bem \u00e0 camada f\u00edsica do modelo OSI, mas a camada de enlace\u2026","rel":"","context":"Post similar","block_context":{"text":"Post similar","link":""},"img":{"alt_text":"Slide178","src":"https:\/\/i0.wp.com\/efagundes.com\/networking\/wp-content\/uploads\/sites\/5\/2012\/11\/Slide178.png?resize=350%2C200","width":350,"height":200,"srcset":"https:\/\/i0.wp.com\/efagundes.com\/networking\/wp-content\/uploads\/sites\/5\/2012\/11\/Slide178.png?resize=350%2C200 1x, https:\/\/i0.wp.com\/efagundes.com\/networking\/wp-content\/uploads\/sites\/5\/2012\/11\/Slide178.png?resize=525%2C300 1.5x, https:\/\/i0.wp.com\/efagundes.com\/networking\/wp-content\/uploads\/sites\/5\/2012\/11\/Slide178.png?resize=700%2C400 2x"},"classes":[]},{"id":570,"url":"https:\/\/efagundes.com\/networking\/camada-de-enlace-de-dados\/a-camada-de-enlace-de-dados\/","url_meta":{"origin":622,"position":1},"title":"A camada de enlace de dados","author":"Eduardo Fagundes","date":"17\/11\/2012","format":false,"excerpt":"O problema b\u00e1sico que esta camada deve resolver \u00e9 a de prover uma linha de comunica\u00e7\u00e3o entre dois nodos que necessitam trocar informa\u00e7\u00f5es entre si. Estes nodos podem tanto ser elementos integrantes de uma rede, como apenas dois elementos de computa\u00e7\u00e3o que se comunicam. A linha f\u00edsica de transmiss\u00e3o que\u2026","rel":"","context":"Post similar","block_context":{"text":"Post similar","link":""},"img":{"alt_text":"","src":"https:\/\/i0.wp.com\/efagundes.com.br\/networking\/wp-content\/uploads\/sites\/7\/2012\/11\/Slide217.jpg?resize=350%2C200","width":350,"height":200,"srcset":"https:\/\/i0.wp.com\/efagundes.com.br\/networking\/wp-content\/uploads\/sites\/7\/2012\/11\/Slide217.jpg?resize=350%2C200 1x, https:\/\/i0.wp.com\/efagundes.com.br\/networking\/wp-content\/uploads\/sites\/7\/2012\/11\/Slide217.jpg?resize=525%2C300 1.5x"},"classes":[]},{"id":678,"url":"https:\/\/efagundes.com\/networking\/comutacao-na-camada-de-enlace-de-dados\/repetidores-hubs-bridges-switches-e-gateways-2\/","url_meta":{"origin":622,"position":2},"title":"Repetidores, hubs, bridges, switches e gateways (II)","author":"Eduardo Fagundes","date":"17\/11\/2012","format":false,"excerpt":"Examinando os dispositivos de comuta\u00e7\u00e3o e ver como eles se relacionam aos pacote e quadros. Na parte inferior, na camada f\u00edsica, encontramos os repetidores. Em seguida temos os hubs. Um hub tem v\u00e1rias linhas de entrada que ele conecta eletricamente. Os quadros que chegam em quaisquer dessas linhas s\u00e3o enviados\u2026","rel":"","context":"Post similar","block_context":{"text":"Post similar","link":""},"img":{"alt_text":"","src":"https:\/\/i0.wp.com\/efagundes.com\/networking\/wp-content\/uploads\/sites\/5\/2015\/03\/Slide50.jpg?resize=350%2C200","width":350,"height":200,"srcset":"https:\/\/i0.wp.com\/efagundes.com\/networking\/wp-content\/uploads\/sites\/5\/2015\/03\/Slide50.jpg?resize=350%2C200 1x, https:\/\/i0.wp.com\/efagundes.com\/networking\/wp-content\/uploads\/sites\/5\/2015\/03\/Slide50.jpg?resize=525%2C300 1.5x, https:\/\/i0.wp.com\/efagundes.com\/networking\/wp-content\/uploads\/sites\/5\/2015\/03\/Slide50.jpg?resize=700%2C400 2x"},"classes":[]},{"id":628,"url":"https:\/\/efagundes.com\/networking\/subcamada-de-acesso-ao-meio\/protocolo-aloha\/","url_meta":{"origin":622,"position":3},"title":"Protocolo ALOHA","author":"Eduardo Fagundes","date":"17\/11\/2012","format":false,"excerpt":"O Protocolo que deu origem ao 802.3 \u00e9 conhecido como ALOHA (palavra havaiana que significa \"hello\"). O ALOHA permite que qualquer computador transmita em um dado momento, mas estabelece que cada computador deve adicionar um checksum no fim de sua transmiss\u00e3o para permitir que o(s) receptores(s) identifiquem se o frame\u2026","rel":"","context":"Post similar","block_context":{"text":"Post similar","link":""},"img":{"alt_text":"","src":"https:\/\/i0.wp.com\/efagundes.com\/networking\/wp-content\/uploads\/sites\/5\/2015\/03\/Slide283.jpg?resize=350%2C200","width":350,"height":200,"srcset":"https:\/\/i0.wp.com\/efagundes.com\/networking\/wp-content\/uploads\/sites\/5\/2015\/03\/Slide283.jpg?resize=350%2C200 1x, https:\/\/i0.wp.com\/efagundes.com\/networking\/wp-content\/uploads\/sites\/5\/2015\/03\/Slide283.jpg?resize=525%2C300 1.5x, https:\/\/i0.wp.com\/efagundes.com\/networking\/wp-content\/uploads\/sites\/5\/2015\/03\/Slide283.jpg?resize=700%2C400 2x"},"classes":[]},{"id":637,"url":"https:\/\/efagundes.com\/networking\/ethernet-2\/o-padrao-ieee-802-2-llc\/","url_meta":{"origin":622,"position":4},"title":"O padr\u00e3o IEEE 802.2: LLC","author":"Eduardo Fagundes","date":"17\/11\/2012","format":false,"excerpt":"O padr\u00e3o ANSI\/IEEE 802.2 (ISO 8802-2) descreve as fun\u00e7\u00f5es da camada de controle l\u00f3gico de enlace (LLC) do padr\u00e3o IEEE 802 (ISO 8802-2), comum aos v\u00e1rios m\u00e9todos de acesso definidos na fam\u00edlia de padr\u00f5es IEEE 802, bem como a interface oferecida pela camada LLC para o n\u00edvel de rede e\u2026","rel":"","context":"Post similar","block_context":{"text":"Post similar","link":""},"img":{"alt_text":"","src":"https:\/\/i0.wp.com\/efagundes.com\/networking\/wp-content\/uploads\/sites\/5\/2015\/03\/Slide323.jpg?resize=350%2C200","width":350,"height":200,"srcset":"https:\/\/i0.wp.com\/efagundes.com\/networking\/wp-content\/uploads\/sites\/5\/2015\/03\/Slide323.jpg?resize=350%2C200 1x, https:\/\/i0.wp.com\/efagundes.com\/networking\/wp-content\/uploads\/sites\/5\/2015\/03\/Slide323.jpg?resize=525%2C300 1.5x, https:\/\/i0.wp.com\/efagundes.com\/networking\/wp-content\/uploads\/sites\/5\/2015\/03\/Slide323.jpg?resize=700%2C400 2x"},"classes":[]},{"id":630,"url":"https:\/\/efagundes.com\/networking\/subcamada-de-acesso-ao-meio\/slotted-aloha\/","url_meta":{"origin":622,"position":5},"title":"Slotted ALOHA","author":"Eduardo Fagundes","date":"17\/11\/2012","format":false,"excerpt":"O protocolo Slloted Aloha \u00e9 um protocolo de conten\u00e7\u00e3o onde a largura de faixa do canal \u00e9 uma stream cont\u00ednua dos slots cujo o comprimento \u00e9 o tempo necess\u00e1rio transmitir um pacote. Uma esta\u00e7\u00e3o transmissora transmitir\u00e1 um pacote no limite dispon\u00edvel do slot. Caso ocorra uma colis\u00e3o, cada esta\u00e7\u00e3o envolvida\u2026","rel":"","context":"Post similar","block_context":{"text":"Post similar","link":""},"img":{"alt_text":"","src":"https:\/\/i0.wp.com\/efagundes.com\/networking\/wp-content\/uploads\/sites\/5\/2015\/03\/Slide293.jpg?resize=350%2C200","width":350,"height":200,"srcset":"https:\/\/i0.wp.com\/efagundes.com\/networking\/wp-content\/uploads\/sites\/5\/2015\/03\/Slide293.jpg?resize=350%2C200 1x, https:\/\/i0.wp.com\/efagundes.com\/networking\/wp-content\/uploads\/sites\/5\/2015\/03\/Slide293.jpg?resize=525%2C300 1.5x, https:\/\/i0.wp.com\/efagundes.com\/networking\/wp-content\/uploads\/sites\/5\/2015\/03\/Slide293.jpg?resize=700%2C400 2x"},"classes":[]}],"jetpack_sharing_enabled":true,"_links":{"self":[{"href":"https:\/\/efagundes.com\/networking\/wp-json\/wp\/v2\/pages\/622","targetHints":{"allow":["GET"]}}],"collection":[{"href":"https:\/\/efagundes.com\/networking\/wp-json\/wp\/v2\/pages"}],"about":[{"href":"https:\/\/efagundes.com\/networking\/wp-json\/wp\/v2\/types\/page"}],"author":[{"embeddable":true,"href":"https:\/\/efagundes.com\/networking\/wp-json\/wp\/v2\/users\/1"}],"replies":[{"embeddable":true,"href":"https:\/\/efagundes.com\/networking\/wp-json\/wp\/v2\/comments?post=622"}],"version-history":[{"count":0,"href":"https:\/\/efagundes.com\/networking\/wp-json\/wp\/v2\/pages\/622\/revisions"}],"up":[{"embeddable":true,"href":"https:\/\/efagundes.com\/networking\/wp-json\/wp\/v2\/pages\/620"}],"wp:attachment":[{"href":"https:\/\/efagundes.com\/networking\/wp-json\/wp\/v2\/media?parent=622"}],"curies":[{"name":"wp","href":"https:\/\/api.w.org\/{rel}","templated":true}]}}