{"id":624,"date":"2012-11-17T14:03:56","date_gmt":"2012-11-17T16:03:56","guid":{"rendered":"http:\/\/efagundes.com\/openclass_networking\/?page_id=624"},"modified":"2022-01-16T17:52:13","modified_gmt":"2022-01-16T20:52:13","slug":"alocacao-estatica-de-canais-em-lans-e-mans","status":"publish","type":"page","link":"https:\/\/efagundes.com\/networking\/subcamada-de-acesso-ao-meio\/alocacao-estatica-de-canais-em-lans-e-mans\/","title":{"rendered":"Aloca\u00e7\u00e3o est\u00e1tica de canais em LANs e MANs"},"content":{"rendered":"<p><img data-recalc-dims=\"1\" loading=\"lazy\" decoding=\"async\" class=\"alignnone\" src=\"https:\/\/i0.wp.com\/efagundes.com\/networking\/wp-content\/uploads\/sites\/5\/2015\/03\/Slide263.jpg?resize=960%2C720\" alt=\"\" width=\"960\" height=\"720\" \/><\/p>\n<p>A maneira tradicional de alocar um \u00fanico canal, tal como um tronco telef\u00f4nico, entre v\u00e1rios usu\u00e1rios concorrentes \u00e9 usar a FDM (Frequency Division Multiplexing). Se existem N usu\u00e1rios, a largura de banda \u00e9 dividida em N partes do mesmo tamanho, conforme a figura acima. Para cada usu\u00e1rio ser\u00e1 atribu\u00edda uma frequ\u00eancia especifica. Quando existe apenas um n\u00famero pequeno e constante de usu\u00e1rios a FDM \u00e9 um mecanismo de aloca\u00e7\u00e3o simples e eficiente.<\/p>\n<p>No entanto, quando o n\u00famero de transmissores \u00e9 grande e continuamente vari\u00e1vel ou quando o tr\u00e1fego ocorre em rajadas, FDM, apresenta alguns problemas. Se o espectro for dividido em N \u00e1reas, e menos de N usu\u00e1rios estiverem interessados em estabelecer comunica\u00e7\u00e3o no momento, uma grande parte do espectro ser\u00e1 desperdi\u00e7ada. Se mais de N usu\u00e1rios quiserem se comunicar, alguns deles ter\u00e3o o acesso negado por falta de largura de banda, mesmo que alguns dos usu\u00e1rios aos quais foi alocada um banda de freq\u00fc\u00eancia raramente transmitam ou recebam dados.<\/p>\n<p>&nbsp;<\/p>\n","protected":false},"excerpt":{"rendered":"<p>A maneira tradicional de alocar um \u00fanico canal, tal como um tronco telef\u00f4nico, entre v\u00e1rios usu\u00e1rios concorrentes \u00e9 usar a FDM (Frequency Division Multiplexing). Se existem N usu\u00e1rios, a largura de banda \u00e9 dividida em N partes do mesmo tamanho, conforme a figura acima. Para cada usu\u00e1rio ser\u00e1 atribu\u00edda uma frequ\u00eancia especifica. Quando existe apenas [&hellip;]<\/p>\n","protected":false},"author":1,"featured_media":0,"parent":620,"menu_order":56,"comment_status":"closed","ping_status":"closed","template":"","meta":{"footnotes":""},"class_list":["post-624","page","type-page","status-publish","hentry"],"jetpack_shortlink":"https:\/\/wp.me\/P8yKGp-a4","jetpack-related-posts":[{"id":480,"url":"https:\/\/efagundes.com\/networking\/multiplexacao-2\/multiplexacao-por-divisao-de-frequencia\/","url_meta":{"origin":624,"position":0},"title":"Multiplexa\u00e7\u00e3o por divis\u00e3o de frequ\u00eancia","author":"Eduardo Fagundes","date":"17\/11\/2012","format":false,"excerpt":"A figura mostra como tr\u00eas canais telef\u00f4nicos de n\u00edvel de voz s\u00e3o multiplexados com o uso da FDM. Os filtros limitam a largura de banda utiliz\u00e1vel a cerca de 3.100 Hz por canal de qualidade de voz. Quando muitos canais s\u00e3o multiplexados ao mesmo tempo, s\u00e3o alocados 4.000 Hz para\u2026","rel":"","context":"Post similar","block_context":{"text":"Post similar","link":""},"img":{"alt_text":"Slide2","src":"https:\/\/i0.wp.com\/efagundes.com\/networking\/wp-content\/uploads\/sites\/5\/2015\/03\/Slide217.jpg?resize=350%2C200","width":350,"height":200,"srcset":"https:\/\/i0.wp.com\/efagundes.com\/networking\/wp-content\/uploads\/sites\/5\/2015\/03\/Slide217.jpg?resize=350%2C200 1x, https:\/\/i0.wp.com\/efagundes.com\/networking\/wp-content\/uploads\/sites\/5\/2015\/03\/Slide217.jpg?resize=525%2C300 1.5x, https:\/\/i0.wp.com\/efagundes.com\/networking\/wp-content\/uploads\/sites\/5\/2015\/03\/Slide217.jpg?resize=700%2C400 2x"},"classes":[]},{"id":650,"url":"https:\/\/efagundes.com\/networking\/lans-sem-fio\/802-11-a-camada-fisica\/","url_meta":{"origin":624,"position":1},"title":"802.11: a camada f\u00edsica","author":"Eduardo Fagundes","date":"17\/11\/2012","format":false,"excerpt":"A OFDM (Orthogonal Frequency Division Multiplexing) \u00e9 uma varia\u00e7\u00e3o da multiplexa\u00e7\u00e3o por divis\u00e3o de freq\u00fc\u00eancia (FDM) usada nos sistemas de telefonia e nas tecnologias de redes de acesso como o ADSL e VDSL, e mais recentemente nas redes wireless. A id\u00e9ia b\u00e1sica \u00e9 dividir um fluxo digital de alta taxa\u2026","rel":"","context":"Post similar","block_context":{"text":"Post similar","link":""},"img":{"alt_text":"Slide179","src":"https:\/\/i0.wp.com\/efagundes.com\/networking\/wp-content\/uploads\/sites\/5\/2012\/11\/Slide179.png?resize=350%2C200","width":350,"height":200,"srcset":"https:\/\/i0.wp.com\/efagundes.com\/networking\/wp-content\/uploads\/sites\/5\/2012\/11\/Slide179.png?resize=350%2C200 1x, https:\/\/i0.wp.com\/efagundes.com\/networking\/wp-content\/uploads\/sites\/5\/2012\/11\/Slide179.png?resize=525%2C300 1.5x, https:\/\/i0.wp.com\/efagundes.com\/networking\/wp-content\/uploads\/sites\/5\/2012\/11\/Slide179.png?resize=700%2C400 2x"},"classes":[]},{"id":626,"url":"https:\/\/efagundes.com\/networking\/subcamada-de-acesso-ao-meio\/alocacao-dinamica-de-canais-em-lans-e-mans\/","url_meta":{"origin":624,"position":2},"title":"Aloca\u00e7\u00e3o din\u00e2mica de canais em LANs e MANs","author":"Eduardo Fagundes","date":"17\/11\/2012","format":false,"excerpt":"Existem cinco premissas fundamentais na discuss\u00e3o sobre a aloca\u00e7\u00e3o din\u00e2mica de canais em LANs e MANs. 1. Modelo da esta\u00e7\u00e3o. O modelo consiste em N esta\u00e7\u00f5es independentes (computadores, telefones, comunicadores pessoais, etc.), cada qual com um programa ou usu\u00e1rios que gera quadros para transmiss\u00e3o. Algumas vezes, as esta\u00e7\u00f5es s\u00e3o chamadas\u2026","rel":"","context":"Post similar","block_context":{"text":"Post similar","link":""},"img":{"alt_text":"","src":"https:\/\/i0.wp.com\/efagundes.com\/networking\/wp-content\/uploads\/sites\/5\/2015\/03\/Slide273.jpg?resize=350%2C200","width":350,"height":200,"srcset":"https:\/\/i0.wp.com\/efagundes.com\/networking\/wp-content\/uploads\/sites\/5\/2015\/03\/Slide273.jpg?resize=350%2C200 1x, https:\/\/i0.wp.com\/efagundes.com\/networking\/wp-content\/uploads\/sites\/5\/2015\/03\/Slide273.jpg?resize=525%2C300 1.5x, https:\/\/i0.wp.com\/efagundes.com\/networking\/wp-content\/uploads\/sites\/5\/2015\/03\/Slide273.jpg?resize=700%2C400 2x"},"classes":[]},{"id":335,"url":"https:\/\/efagundes.com\/networking\/transmissao-sem-fio\/o-espectro-eletromagnetico-ii\/","url_meta":{"origin":624,"position":3},"title":"O espectro eletromagn\u00e9tico (II)","author":"Eduardo Fagundes","date":"16\/11\/2012","format":false,"excerpt":"\u00a0 A quantidade de informa\u00e7\u00e3o que uma onda eletromagn\u00e9tica pode transportar \u00e9 relacionada \u00e0 sua largura de banda. Com a tecnologia atual, \u00e9 poss\u00edvel codificar alguns bits por Hz em frequ\u00eancias baixas, mas em altas frequ\u00eancias pode-se codificar cerca de 40 bits, assim, um cabo de 500MHz transporta v\u00e1rios gigabits\/s.\u2026","rel":"","context":"Post similar","block_context":{"text":"Post similar","link":""},"img":{"alt_text":"Slide4","src":"https:\/\/i0.wp.com\/efagundes.com\/networking\/wp-content\/uploads\/sites\/5\/2015\/03\/Slide43.jpg?resize=350%2C200","width":350,"height":200,"srcset":"https:\/\/i0.wp.com\/efagundes.com\/networking\/wp-content\/uploads\/sites\/5\/2015\/03\/Slide43.jpg?resize=350%2C200 1x, https:\/\/i0.wp.com\/efagundes.com\/networking\/wp-content\/uploads\/sites\/5\/2015\/03\/Slide43.jpg?resize=525%2C300 1.5x, https:\/\/i0.wp.com\/efagundes.com\/networking\/wp-content\/uploads\/sites\/5\/2015\/03\/Slide43.jpg?resize=700%2C400 2x"},"classes":[]},{"id":333,"url":"https:\/\/efagundes.com\/networking\/transmissao-sem-fio\/espectro-eletromagnetico-i\/","url_meta":{"origin":624,"position":4},"title":"Espectro eletromagn\u00e9tico (I)","author":"Eduardo Fagundes","date":"16\/11\/2012","format":false,"excerpt":"\u00a0 \u00a0 Quando el\u00e9trons se movem, eles criam ondas eletromagn\u00e9ticas que podem propagar-se atrav\u00e9s do espa\u00e7o livre, mesmo do v\u00e1cuo. Essas ondas foram inicialmente previstas pelo f\u00edsico brit\u00e2nico James Clerk Maxwell em 1865 e pela primeira vez produzidas pelo f\u00edsico alem\u00e3o Heinrich Hertz em 1887. O n\u00famero de oscila\u00e7\u00f5es por\u2026","rel":"","context":"Post similar","block_context":{"text":"Post similar","link":""},"img":{"alt_text":"Slide3","src":"https:\/\/i0.wp.com\/efagundes.com\/networking\/wp-content\/uploads\/sites\/5\/2015\/03\/Slide37.jpg?resize=350%2C200","width":350,"height":200,"srcset":"https:\/\/i0.wp.com\/efagundes.com\/networking\/wp-content\/uploads\/sites\/5\/2015\/03\/Slide37.jpg?resize=350%2C200 1x, https:\/\/i0.wp.com\/efagundes.com\/networking\/wp-content\/uploads\/sites\/5\/2015\/03\/Slide37.jpg?resize=525%2C300 1.5x, https:\/\/i0.wp.com\/efagundes.com\/networking\/wp-content\/uploads\/sites\/5\/2015\/03\/Slide37.jpg?resize=700%2C400 2x"},"classes":[]},{"id":595,"url":"https:\/\/efagundes.com\/networking\/protocolos-elementares-de-enlace-de-dados\/protocolos-de-janela-deslizante\/","url_meta":{"origin":624,"position":5},"title":"Protocolos de janela deslizante","author":"Eduardo Fagundes","date":"17\/11\/2012","format":false,"excerpt":"Uma janela de transmiss\u00e3o \u00e9, para o emissor, o conjunto de quadro que podem ser enviados independentemente de ter recebido suas confirma\u00e7\u00f5es. Por exemplo, um emissor com janela tamanho N pode enviar desde o quadro 0 at\u00e9 o quadro N-1 sem que tenha recebido confirma\u00e7\u00e3o, no entanto, para enviar o\u2026","rel":"","context":"Com 1 coment\u00e1rio","block_context":{"text":"Com 1 coment\u00e1rio","link":"https:\/\/efagundes.com\/networking\/protocolos-elementares-de-enlace-de-dados\/protocolos-de-janela-deslizante\/#comments"},"img":{"alt_text":"","src":"https:\/\/i0.wp.com\/efagundes.com\/networking\/wp-content\/uploads\/sites\/5\/2015\/03\/Slide146.jpg?resize=350%2C200","width":350,"height":200,"srcset":"https:\/\/i0.wp.com\/efagundes.com\/networking\/wp-content\/uploads\/sites\/5\/2015\/03\/Slide146.jpg?resize=350%2C200 1x, https:\/\/i0.wp.com\/efagundes.com\/networking\/wp-content\/uploads\/sites\/5\/2015\/03\/Slide146.jpg?resize=525%2C300 1.5x, https:\/\/i0.wp.com\/efagundes.com\/networking\/wp-content\/uploads\/sites\/5\/2015\/03\/Slide146.jpg?resize=700%2C400 2x"},"classes":[]}],"jetpack_sharing_enabled":true,"_links":{"self":[{"href":"https:\/\/efagundes.com\/networking\/wp-json\/wp\/v2\/pages\/624","targetHints":{"allow":["GET"]}}],"collection":[{"href":"https:\/\/efagundes.com\/networking\/wp-json\/wp\/v2\/pages"}],"about":[{"href":"https:\/\/efagundes.com\/networking\/wp-json\/wp\/v2\/types\/page"}],"author":[{"embeddable":true,"href":"https:\/\/efagundes.com\/networking\/wp-json\/wp\/v2\/users\/1"}],"replies":[{"embeddable":true,"href":"https:\/\/efagundes.com\/networking\/wp-json\/wp\/v2\/comments?post=624"}],"version-history":[{"count":0,"href":"https:\/\/efagundes.com\/networking\/wp-json\/wp\/v2\/pages\/624\/revisions"}],"up":[{"embeddable":true,"href":"https:\/\/efagundes.com\/networking\/wp-json\/wp\/v2\/pages\/620"}],"wp:attachment":[{"href":"https:\/\/efagundes.com\/networking\/wp-json\/wp\/v2\/media?parent=624"}],"curies":[{"name":"wp","href":"https:\/\/api.w.org\/{rel}","templated":true}]}}