{"id":626,"date":"2012-11-17T14:05:51","date_gmt":"2012-11-17T16:05:51","guid":{"rendered":"http:\/\/efagundes.com\/openclass_networking\/?page_id=626"},"modified":"2022-01-16T17:52:13","modified_gmt":"2022-01-16T20:52:13","slug":"alocacao-dinamica-de-canais-em-lans-e-mans","status":"publish","type":"page","link":"https:\/\/efagundes.com\/networking\/subcamada-de-acesso-ao-meio\/alocacao-dinamica-de-canais-em-lans-e-mans\/","title":{"rendered":"Aloca\u00e7\u00e3o din\u00e2mica de canais em LANs e MANs"},"content":{"rendered":"<p><img data-recalc-dims=\"1\" loading=\"lazy\" decoding=\"async\" class=\"alignnone\" src=\"https:\/\/i0.wp.com\/efagundes.com\/networking\/wp-content\/uploads\/sites\/5\/2015\/03\/Slide273.jpg?resize=960%2C720\" alt=\"\" width=\"960\" height=\"720\" \/><\/p>\n<p>Existem cinco premissas fundamentais na discuss\u00e3o sobre a aloca\u00e7\u00e3o din\u00e2mica de canais em LANs e MANs.<\/p>\n<p>1. Modelo da esta\u00e7\u00e3o. O modelo consiste em N esta\u00e7\u00f5es independentes (computadores, telefones, comunicadores pessoais, etc.), cada qual com um programa ou usu\u00e1rios que gera quadros para transmiss\u00e3o. Algumas vezes, as esta\u00e7\u00f5es s\u00e3o chamadas terminais.<\/p>\n<p>2. Premissa de canal \u00fanico. Um \u00fanico canal est\u00e1 dispon\u00edvel para todas as comunica\u00e7\u00f5es. Todas as esta\u00e7\u00f5es podem transmitir e receber por ele. No que se refere ao hardware, todas as esta\u00e7\u00f5es s\u00e3o equivalentes, embora um software de protocolo possa atribuir prioridades a elas.<\/p>\n<p>3. Premissa de colis\u00e3o. Se dois quadros s\u00e3o transmitidos simultaneamente, eles se sobrep\u00f5em no tempo, e o sinal resultante \u00e9 adulterado Esse evento \u00e9 denominado colis\u00e3o. Todas as esta\u00e7\u00f5es podem detectar colis\u00f5es. Um quadro que tenha sofrido colis\u00e3o ter\u00e1 de ser retransmitido posteriormente. N\u00e3o h\u00e1 outros erros al\u00e9m dos gerados por colis\u00f5es.<\/p>\n<p>4a. Tempo cont\u00ednuo. A transmiss\u00e3o por quadro pode come\u00e7ar a qualquer instante. N\u00e3o h\u00e1 um rel\u00f3gio-mestre dividindo o tempo em intervalos discretos.<\/p>\n<p>4b. Tempo segmentado (slotted). O tempo \u00e9 dividido em intervalos discretos (slots). As transmiss\u00f5es de quadros sempre come\u00e7am no in\u00edcio de um slot. O slot pode conter 0, 1 ou mais quadros, correspondentes a um slot ocioso, uma transmiss\u00e3o bem-sucedida ou uma colis\u00e3o, respectivamente.<\/p>\n<p>5a. Detec\u00e7\u00e3o de portadora (carrier sense). As esta\u00e7\u00f5es conseguem detectar se o canal est\u00e1 sendo usado antes de tentarem utiliz\u00e1-lo. Se for detectado que o canal est\u00e1 ocupado, nenhuma esta\u00e7\u00e3o tentar\u00e1 us\u00e1-lo at\u00e9 que ele fique livre.<\/p>\n<p>5b. N\u00e3o h\u00e1 detec\u00e7\u00e3o de portadora. As esta\u00e7\u00f5es n\u00e3o conseguem detectar o canal antes de tentar utiliz\u00e1-lo. Elas simplesmente v\u00e3o em frente e transmitem. Somente mais tarde conseguem determinar se a transmiss\u00e3o foi ou n\u00e3o bem-sucedida.<\/p>\n<p>&nbsp;<\/p>\n","protected":false},"excerpt":{"rendered":"<p>Existem cinco premissas fundamentais na discuss\u00e3o sobre a aloca\u00e7\u00e3o din\u00e2mica de canais em LANs e MANs. 1. Modelo da esta\u00e7\u00e3o. O modelo consiste em N esta\u00e7\u00f5es independentes (computadores, telefones, comunicadores pessoais, etc.), cada qual com um programa ou usu\u00e1rios que gera quadros para transmiss\u00e3o. Algumas vezes, as esta\u00e7\u00f5es s\u00e3o chamadas terminais. 2. Premissa de canal [&hellip;]<\/p>\n","protected":false},"author":1,"featured_media":0,"parent":620,"menu_order":57,"comment_status":"closed","ping_status":"closed","template":"","meta":{"footnotes":""},"class_list":["post-626","page","type-page","status-publish","hentry"],"jetpack_shortlink":"https:\/\/wp.me\/P8yKGp-a6","jetpack-related-posts":[{"id":661,"url":"https:\/\/efagundes.com\/networking\/lans-sem-fio\/servicos-das-lans-sem-fio\/","url_meta":{"origin":626,"position":0},"title":"Servi\u00e7os das LANs sem fio","author":"Eduardo Fagundes","date":"17\/11\/2012","format":false,"excerpt":"Autentica\u00e7\u00e3o, Associa\u00e7\u00e3o e Reassocia\u00e7\u00e3o: permitem que esta\u00e7\u00f5es continuem conectadas \u00e0 infra-estrutura mesmo quando movimentam-se de uma BSA para outra. As esta\u00e7\u00f5es utilizam procedimentos de varredura para determinar qual \u00e9 o melhor AP (a pot\u00eancia do sinal e a qualidade da recep\u00e7\u00e3o dos quadros enviados pelos APs s\u00e3o considerados na classifica\u00e7\u00e3o)\u2026","rel":"","context":"Post similar","block_context":{"text":"Post similar","link":""},"img":{"alt_text":"","src":"https:\/\/i0.wp.com\/efagundes.com\/networking\/wp-content\/uploads\/sites\/5\/2015\/03\/Slide431.jpg?resize=350%2C200","width":350,"height":200,"srcset":"https:\/\/i0.wp.com\/efagundes.com\/networking\/wp-content\/uploads\/sites\/5\/2015\/03\/Slide431.jpg?resize=350%2C200 1x, https:\/\/i0.wp.com\/efagundes.com\/networking\/wp-content\/uploads\/sites\/5\/2015\/03\/Slide431.jpg?resize=525%2C300 1.5x, https:\/\/i0.wp.com\/efagundes.com\/networking\/wp-content\/uploads\/sites\/5\/2015\/03\/Slide431.jpg?resize=700%2C400 2x"},"classes":[]},{"id":624,"url":"https:\/\/efagundes.com\/networking\/subcamada-de-acesso-ao-meio\/alocacao-estatica-de-canais-em-lans-e-mans\/","url_meta":{"origin":626,"position":1},"title":"Aloca\u00e7\u00e3o est\u00e1tica de canais em LANs e MANs","author":"Eduardo Fagundes","date":"17\/11\/2012","format":false,"excerpt":"A maneira tradicional de alocar um \u00fanico canal, tal como um tronco telef\u00f4nico, entre v\u00e1rios usu\u00e1rios concorrentes \u00e9 usar a FDM (Frequency Division Multiplexing). Se existem N usu\u00e1rios, a largura de banda \u00e9 dividida em N partes do mesmo tamanho, conforme a figura acima. Para cada usu\u00e1rio ser\u00e1 atribu\u00edda uma\u2026","rel":"","context":"Post similar","block_context":{"text":"Post similar","link":""},"img":{"alt_text":"","src":"https:\/\/i0.wp.com\/efagundes.com\/networking\/wp-content\/uploads\/sites\/5\/2015\/03\/Slide263.jpg?resize=350%2C200","width":350,"height":200,"srcset":"https:\/\/i0.wp.com\/efagundes.com\/networking\/wp-content\/uploads\/sites\/5\/2015\/03\/Slide263.jpg?resize=350%2C200 1x, https:\/\/i0.wp.com\/efagundes.com\/networking\/wp-content\/uploads\/sites\/5\/2015\/03\/Slide263.jpg?resize=525%2C300 1.5x, https:\/\/i0.wp.com\/efagundes.com\/networking\/wp-content\/uploads\/sites\/5\/2015\/03\/Slide263.jpg?resize=700%2C400 2x"},"classes":[]},{"id":653,"url":"https:\/\/efagundes.com\/networking\/lans-sem-fio\/802-11-o-protocolo-da-subcamada-mac\/","url_meta":{"origin":626,"position":2},"title":"802.11: o protocolo da subcamada MAC (I)","author":"Eduardo Fagundes","date":"17\/11\/2012","format":false,"excerpt":"\u00a0 O protocolo da subcamada MAC do 802.11 \u00e9 bastante diferente do protocolo da Ethernet, devido \u00e0 complexidade inerente do ambiente sem fio, em compara\u00e7\u00e3o com o de um sistema fisicamente conectado. O protocolo come\u00e7a quando A decide transmitir dados para B. O emissor pode emitir um RTS (request to\u2026","rel":"","context":"Post similar","block_context":{"text":"Post similar","link":""},"img":{"alt_text":"Slide180","src":"https:\/\/i0.wp.com\/efagundes.com\/networking\/wp-content\/uploads\/sites\/5\/2012\/11\/Slide180.png?resize=350%2C200","width":350,"height":200,"srcset":"https:\/\/i0.wp.com\/efagundes.com\/networking\/wp-content\/uploads\/sites\/5\/2012\/11\/Slide180.png?resize=350%2C200 1x, https:\/\/i0.wp.com\/efagundes.com\/networking\/wp-content\/uploads\/sites\/5\/2012\/11\/Slide180.png?resize=525%2C300 1.5x, https:\/\/i0.wp.com\/efagundes.com\/networking\/wp-content\/uploads\/sites\/5\/2012\/11\/Slide180.png?resize=700%2C400 2x"},"classes":[]},{"id":1086,"url":"https:\/\/efagundes.com\/networking\/lans-sem-fio\/802-11-o-protocolo-da-subcamada-mac-2-2\/","url_meta":{"origin":626,"position":3},"title":"802.11: o protocolo da subcamada MAC (II)","author":"Eduardo Fagundes","date":"19\/11\/2012","format":false,"excerpt":"\u00a0 A taxa de erro de transmiss\u00e3o em Redes sem Fio \u00e9 geralmente muito maior que em redes de fibra \u00f3ptica, por exemplo. Uma maneira de diminuir a probabilidade de erro dos quadros \u00e9 utilizar quadros pequenos. Nesse caso, a taxa de erros na transmiss\u00e3o \u00e9 a mesma, mas somente\u2026","rel":"","context":"Post similar","block_context":{"text":"Post similar","link":""},"img":{"alt_text":"Slide181","src":"https:\/\/i0.wp.com\/efagundes.com\/networking\/wp-content\/uploads\/sites\/5\/2012\/11\/Slide181.png?resize=350%2C200","width":350,"height":200,"srcset":"https:\/\/i0.wp.com\/efagundes.com\/networking\/wp-content\/uploads\/sites\/5\/2012\/11\/Slide181.png?resize=350%2C200 1x, https:\/\/i0.wp.com\/efagundes.com\/networking\/wp-content\/uploads\/sites\/5\/2012\/11\/Slide181.png?resize=525%2C300 1.5x, https:\/\/i0.wp.com\/efagundes.com\/networking\/wp-content\/uploads\/sites\/5\/2012\/11\/Slide181.png?resize=700%2C400 2x"},"classes":[]},{"id":644,"url":"https:\/\/efagundes.com\/networking\/ethernet-2\/switched-ethernet\/","url_meta":{"origin":626,"position":4},"title":"Switched Ethernet","author":"Eduardo Fagundes","date":"17\/11\/2012","format":false,"excerpt":"Importante notar que o funcionamento da topologia em estrela depende do perif\u00e9rico concentrador utilizado, se for um hub ou um switch. No caso da utiliza\u00e7\u00e3o de um hub, a topologia fisicamente ser\u00e1 em estrela, como mostrada na figura no lado direito, por\u00e9m logicamente ela continua sendo uma rede de topologia\u2026","rel":"","context":"Post similar","block_context":{"text":"Post similar","link":""},"img":{"alt_text":"","src":"https:\/\/i0.wp.com\/efagundes.com\/networking\/wp-content\/uploads\/sites\/5\/2015\/03\/Slide351.jpg?resize=350%2C200","width":350,"height":200,"srcset":"https:\/\/i0.wp.com\/efagundes.com\/networking\/wp-content\/uploads\/sites\/5\/2015\/03\/Slide351.jpg?resize=350%2C200 1x, https:\/\/i0.wp.com\/efagundes.com\/networking\/wp-content\/uploads\/sites\/5\/2015\/03\/Slide351.jpg?resize=525%2C300 1.5x, https:\/\/i0.wp.com\/efagundes.com\/networking\/wp-content\/uploads\/sites\/5\/2015\/03\/Slide351.jpg?resize=700%2C400 2x"},"classes":[]},{"id":91,"url":"https:\/\/efagundes.com\/networking\/lans-sem-fio\/bluetooth\/","url_meta":{"origin":626,"position":5},"title":"Bluetooth (I)","author":"Eduardo Fagundes","date":"16\/11\/2012","format":false,"excerpt":"Diferentemente dos objetivos das WLANs que s\u00e3o desenhadas para serem extens\u00e3o das redes locais, o Bluetooth tem o objetivo de substituir os cabos que conectam os perif\u00e9ricos das esta\u00e7\u00f5es de trabalho.\u00a0 O Bluetooth prov\u00ea as seguintes funcionalidades: Ponto de acesso para voz e dados Redes pessoais Substitui\u00e7\u00e3o de cabos entre\u2026","rel":"","context":"Post similar","block_context":{"text":"Post similar","link":""},"img":{"alt_text":"","src":"https:\/\/i0.wp.com\/efagundes.com\/networking\/wp-content\/uploads\/sites\/5\/2015\/03\/Slide451.jpg?resize=350%2C200","width":350,"height":200,"srcset":"https:\/\/i0.wp.com\/efagundes.com\/networking\/wp-content\/uploads\/sites\/5\/2015\/03\/Slide451.jpg?resize=350%2C200 1x, https:\/\/i0.wp.com\/efagundes.com\/networking\/wp-content\/uploads\/sites\/5\/2015\/03\/Slide451.jpg?resize=525%2C300 1.5x, https:\/\/i0.wp.com\/efagundes.com\/networking\/wp-content\/uploads\/sites\/5\/2015\/03\/Slide451.jpg?resize=700%2C400 2x"},"classes":[]}],"jetpack_sharing_enabled":true,"_links":{"self":[{"href":"https:\/\/efagundes.com\/networking\/wp-json\/wp\/v2\/pages\/626","targetHints":{"allow":["GET"]}}],"collection":[{"href":"https:\/\/efagundes.com\/networking\/wp-json\/wp\/v2\/pages"}],"about":[{"href":"https:\/\/efagundes.com\/networking\/wp-json\/wp\/v2\/types\/page"}],"author":[{"embeddable":true,"href":"https:\/\/efagundes.com\/networking\/wp-json\/wp\/v2\/users\/1"}],"replies":[{"embeddable":true,"href":"https:\/\/efagundes.com\/networking\/wp-json\/wp\/v2\/comments?post=626"}],"version-history":[{"count":0,"href":"https:\/\/efagundes.com\/networking\/wp-json\/wp\/v2\/pages\/626\/revisions"}],"up":[{"embeddable":true,"href":"https:\/\/efagundes.com\/networking\/wp-json\/wp\/v2\/pages\/620"}],"wp:attachment":[{"href":"https:\/\/efagundes.com\/networking\/wp-json\/wp\/v2\/media?parent=626"}],"curies":[{"name":"wp","href":"https:\/\/api.w.org\/{rel}","templated":true}]}}