{"id":630,"date":"2012-11-17T14:09:18","date_gmt":"2012-11-17T16:09:18","guid":{"rendered":"http:\/\/efagundes.com\/openclass_networking\/?page_id=630"},"modified":"2022-01-16T17:52:13","modified_gmt":"2022-01-16T20:52:13","slug":"slotted-aloha","status":"publish","type":"page","link":"https:\/\/efagundes.com\/networking\/subcamada-de-acesso-ao-meio\/slotted-aloha\/","title":{"rendered":"Slotted ALOHA"},"content":{"rendered":"<p><img data-recalc-dims=\"1\" loading=\"lazy\" decoding=\"async\" class=\"alignnone\" src=\"https:\/\/i0.wp.com\/efagundes.com\/networking\/wp-content\/uploads\/sites\/5\/2015\/03\/Slide293.jpg?resize=960%2C720\" alt=\"\" width=\"960\" height=\"720\" \/><\/p>\n<p>O protocolo Slloted Aloha \u00e9 um protocolo de conten\u00e7\u00e3o onde a largura de faixa do canal \u00e9 uma stream cont\u00ednua dos slots cujo o comprimento \u00e9 o tempo necess\u00e1rio transmitir um pacote. Uma esta\u00e7\u00e3o transmissora transmitir\u00e1 um pacote no limite dispon\u00edvel do slot. Caso ocorra uma colis\u00e3o, cada esta\u00e7\u00e3o envolvida na colis\u00e3o retransmite ap\u00f3s algum tempo aleat\u00f3rio a fim reduzir a possibilidade de nova colis\u00e3o. Se o limite imposto na retransmiss\u00e3o aleat\u00f3ria do pacote for muito curto, a probabilidade de nova colis\u00e3o\u00a0 \u00e9 elevada, por\u00e9m se o limite for muito longo, existir\u00e1 um alto atraso na retransmiss\u00e3o.<\/p>\n<p>Outras importantes caracter\u00edsticas do protocolo Slotted Aloha s\u00e3o os m\u00e9todos para transmiss\u00e3o do pacote. Os m\u00e9todos incluem a obstru\u00e7\u00e3o (proibindo a gera\u00e7\u00e3o do pacote) at\u00e9 que a verifica\u00e7\u00e3o da transmiss\u00e3o bem sucedida ocorra.\u00a0 Um outro m\u00e9todo permite a transmiss\u00e3o cont\u00ednua de pacotes enfileirados. Entretanto\u00a0 quando ao ocorrer uma colis\u00e3o retransmite todos os pacotes do ponto da colis\u00e3o. Isto \u00e9 feito para preservar a ordem dos pacotes.<\/p>\n<p>&nbsp;<\/p>\n","protected":false},"excerpt":{"rendered":"<p>O protocolo Slloted Aloha \u00e9 um protocolo de conten\u00e7\u00e3o onde a largura de faixa do canal \u00e9 uma stream cont\u00ednua dos slots cujo o comprimento \u00e9 o tempo necess\u00e1rio transmitir um pacote. Uma esta\u00e7\u00e3o transmissora transmitir\u00e1 um pacote no limite dispon\u00edvel do slot. Caso ocorra uma colis\u00e3o, cada esta\u00e7\u00e3o envolvida na colis\u00e3o retransmite ap\u00f3s algum [&hellip;]<\/p>\n","protected":false},"author":1,"featured_media":0,"parent":620,"menu_order":59,"comment_status":"closed","ping_status":"closed","template":"","meta":{"footnotes":""},"class_list":["post-630","page","type-page","status-publish","hentry"],"jetpack_shortlink":"https:\/\/wp.me\/P8yKGp-aa","jetpack-related-posts":[{"id":628,"url":"https:\/\/efagundes.com\/networking\/subcamada-de-acesso-ao-meio\/protocolo-aloha\/","url_meta":{"origin":630,"position":0},"title":"Protocolo ALOHA","author":"Eduardo Fagundes","date":"17\/11\/2012","format":false,"excerpt":"O Protocolo que deu origem ao 802.3 \u00e9 conhecido como ALOHA (palavra havaiana que significa \"hello\"). O ALOHA permite que qualquer computador transmita em um dado momento, mas estabelece que cada computador deve adicionar um checksum no fim de sua transmiss\u00e3o para permitir que o(s) receptores(s) identifiquem se o frame\u2026","rel":"","context":"Post similar","block_context":{"text":"Post similar","link":""},"img":{"alt_text":"","src":"https:\/\/i0.wp.com\/efagundes.com\/networking\/wp-content\/uploads\/sites\/5\/2015\/03\/Slide283.jpg?resize=350%2C200","width":350,"height":200,"srcset":"https:\/\/i0.wp.com\/efagundes.com\/networking\/wp-content\/uploads\/sites\/5\/2015\/03\/Slide283.jpg?resize=350%2C200 1x, https:\/\/i0.wp.com\/efagundes.com\/networking\/wp-content\/uploads\/sites\/5\/2015\/03\/Slide283.jpg?resize=525%2C300 1.5x, https:\/\/i0.wp.com\/efagundes.com\/networking\/wp-content\/uploads\/sites\/5\/2015\/03\/Slide283.jpg?resize=700%2C400 2x"},"classes":[]},{"id":626,"url":"https:\/\/efagundes.com\/networking\/subcamada-de-acesso-ao-meio\/alocacao-dinamica-de-canais-em-lans-e-mans\/","url_meta":{"origin":630,"position":1},"title":"Aloca\u00e7\u00e3o din\u00e2mica de canais em LANs e MANs","author":"Eduardo Fagundes","date":"17\/11\/2012","format":false,"excerpt":"Existem cinco premissas fundamentais na discuss\u00e3o sobre a aloca\u00e7\u00e3o din\u00e2mica de canais em LANs e MANs. 1. Modelo da esta\u00e7\u00e3o. O modelo consiste em N esta\u00e7\u00f5es independentes (computadores, telefones, comunicadores pessoais, etc.), cada qual com um programa ou usu\u00e1rios que gera quadros para transmiss\u00e3o. Algumas vezes, as esta\u00e7\u00f5es s\u00e3o chamadas\u2026","rel":"","context":"Post similar","block_context":{"text":"Post similar","link":""},"img":{"alt_text":"","src":"https:\/\/i0.wp.com\/efagundes.com\/networking\/wp-content\/uploads\/sites\/5\/2015\/03\/Slide273.jpg?resize=350%2C200","width":350,"height":200,"srcset":"https:\/\/i0.wp.com\/efagundes.com\/networking\/wp-content\/uploads\/sites\/5\/2015\/03\/Slide273.jpg?resize=350%2C200 1x, https:\/\/i0.wp.com\/efagundes.com\/networking\/wp-content\/uploads\/sites\/5\/2015\/03\/Slide273.jpg?resize=525%2C300 1.5x, https:\/\/i0.wp.com\/efagundes.com\/networking\/wp-content\/uploads\/sites\/5\/2015\/03\/Slide273.jpg?resize=700%2C400 2x"},"classes":[]},{"id":632,"url":"https:\/\/efagundes.com\/networking\/subcamada-de-acesso-ao-meio\/protocolo-csmacd\/","url_meta":{"origin":630,"position":2},"title":"Protocolo CSMA\/CD","author":"Eduardo Fagundes","date":"17\/11\/2012","format":false,"excerpt":"A Ethernet usa um refinamento do protocolo ALOHA, conhecido como Carrier Sense Multiple Access (CSMA) que melhora desempenho quando houver um tr\u00e1fego alto de dados. Quando um NIC tiver dados para transmitir, o NIC escuta o cabo primeiro (usando um transceptor) para ver se existe portadora (sinal) e inicia a\u2026","rel":"","context":"Post similar","block_context":{"text":"Post similar","link":""},"img":{"alt_text":"","src":"https:\/\/i0.wp.com\/efagundes.com\/networking\/wp-content\/uploads\/sites\/5\/2015\/03\/Slide303.jpg?resize=350%2C200","width":350,"height":200,"srcset":"https:\/\/i0.wp.com\/efagundes.com\/networking\/wp-content\/uploads\/sites\/5\/2015\/03\/Slide303.jpg?resize=350%2C200 1x, https:\/\/i0.wp.com\/efagundes.com\/networking\/wp-content\/uploads\/sites\/5\/2015\/03\/Slide303.jpg?resize=525%2C300 1.5x, https:\/\/i0.wp.com\/efagundes.com\/networking\/wp-content\/uploads\/sites\/5\/2015\/03\/Slide303.jpg?resize=700%2C400 2x"},"classes":[]},{"id":644,"url":"https:\/\/efagundes.com\/networking\/ethernet-2\/switched-ethernet\/","url_meta":{"origin":630,"position":3},"title":"Switched Ethernet","author":"Eduardo Fagundes","date":"17\/11\/2012","format":false,"excerpt":"Importante notar que o funcionamento da topologia em estrela depende do perif\u00e9rico concentrador utilizado, se for um hub ou um switch. No caso da utiliza\u00e7\u00e3o de um hub, a topologia fisicamente ser\u00e1 em estrela, como mostrada na figura no lado direito, por\u00e9m logicamente ela continua sendo uma rede de topologia\u2026","rel":"","context":"Post similar","block_context":{"text":"Post similar","link":""},"img":{"alt_text":"","src":"https:\/\/i0.wp.com\/efagundes.com\/networking\/wp-content\/uploads\/sites\/5\/2015\/03\/Slide351.jpg?resize=350%2C200","width":350,"height":200,"srcset":"https:\/\/i0.wp.com\/efagundes.com\/networking\/wp-content\/uploads\/sites\/5\/2015\/03\/Slide351.jpg?resize=350%2C200 1x, https:\/\/i0.wp.com\/efagundes.com\/networking\/wp-content\/uploads\/sites\/5\/2015\/03\/Slide351.jpg?resize=525%2C300 1.5x, https:\/\/i0.wp.com\/efagundes.com\/networking\/wp-content\/uploads\/sites\/5\/2015\/03\/Slide351.jpg?resize=700%2C400 2x"},"classes":[]},{"id":653,"url":"https:\/\/efagundes.com\/networking\/lans-sem-fio\/802-11-o-protocolo-da-subcamada-mac\/","url_meta":{"origin":630,"position":4},"title":"802.11: o protocolo da subcamada MAC (I)","author":"Eduardo Fagundes","date":"17\/11\/2012","format":false,"excerpt":"\u00a0 O protocolo da subcamada MAC do 802.11 \u00e9 bastante diferente do protocolo da Ethernet, devido \u00e0 complexidade inerente do ambiente sem fio, em compara\u00e7\u00e3o com o de um sistema fisicamente conectado. O protocolo come\u00e7a quando A decide transmitir dados para B. O emissor pode emitir um RTS (request to\u2026","rel":"","context":"Post similar","block_context":{"text":"Post similar","link":""},"img":{"alt_text":"Slide180","src":"https:\/\/i0.wp.com\/efagundes.com\/networking\/wp-content\/uploads\/sites\/5\/2012\/11\/Slide180.png?resize=350%2C200","width":350,"height":200,"srcset":"https:\/\/i0.wp.com\/efagundes.com\/networking\/wp-content\/uploads\/sites\/5\/2012\/11\/Slide180.png?resize=350%2C200 1x, https:\/\/i0.wp.com\/efagundes.com\/networking\/wp-content\/uploads\/sites\/5\/2012\/11\/Slide180.png?resize=525%2C300 1.5x, https:\/\/i0.wp.com\/efagundes.com\/networking\/wp-content\/uploads\/sites\/5\/2012\/11\/Slide180.png?resize=700%2C400 2x"},"classes":[]},{"id":599,"url":"https:\/\/efagundes.com\/networking\/protocolos-elementares-de-enlace-de-dados\/protocolo-usando-go-back-n\/","url_meta":{"origin":630,"position":5},"title":"Protocolo usando Go Back N","author":"Eduardo Fagundes","date":"17\/11\/2012","format":false,"excerpt":"Os protocolos vistos at\u00e9 aqui tinham uma janela de transmiss\u00e3o igual a 1, ou seja, s\u00f3 enviavam um quadro ap\u00f3s receberem confirma\u00e7\u00e3o da recep\u00e7\u00e3o do quadro enviado anteriormente. Como o tempo de transmiss\u00e3o de quadros n\u00e3o \u00e9 desprez\u00edvel, a ado\u00e7\u00e3o dessa t\u00e9cnica resulta, normalmente, em inefici\u00eancia. Se \u00e9 permitido ao\u2026","rel":"","context":"Post similar","block_context":{"text":"Post similar","link":""},"img":{"alt_text":"","src":"https:\/\/i0.wp.com\/efagundes.com\/networking\/wp-content\/uploads\/sites\/5\/2015\/03\/Slide165.jpg?resize=350%2C200","width":350,"height":200,"srcset":"https:\/\/i0.wp.com\/efagundes.com\/networking\/wp-content\/uploads\/sites\/5\/2015\/03\/Slide165.jpg?resize=350%2C200 1x, https:\/\/i0.wp.com\/efagundes.com\/networking\/wp-content\/uploads\/sites\/5\/2015\/03\/Slide165.jpg?resize=525%2C300 1.5x, https:\/\/i0.wp.com\/efagundes.com\/networking\/wp-content\/uploads\/sites\/5\/2015\/03\/Slide165.jpg?resize=700%2C400 2x"},"classes":[]}],"jetpack_sharing_enabled":true,"_links":{"self":[{"href":"https:\/\/efagundes.com\/networking\/wp-json\/wp\/v2\/pages\/630","targetHints":{"allow":["GET"]}}],"collection":[{"href":"https:\/\/efagundes.com\/networking\/wp-json\/wp\/v2\/pages"}],"about":[{"href":"https:\/\/efagundes.com\/networking\/wp-json\/wp\/v2\/types\/page"}],"author":[{"embeddable":true,"href":"https:\/\/efagundes.com\/networking\/wp-json\/wp\/v2\/users\/1"}],"replies":[{"embeddable":true,"href":"https:\/\/efagundes.com\/networking\/wp-json\/wp\/v2\/comments?post=630"}],"version-history":[{"count":0,"href":"https:\/\/efagundes.com\/networking\/wp-json\/wp\/v2\/pages\/630\/revisions"}],"up":[{"embeddable":true,"href":"https:\/\/efagundes.com\/networking\/wp-json\/wp\/v2\/pages\/620"}],"wp:attachment":[{"href":"https:\/\/efagundes.com\/networking\/wp-json\/wp\/v2\/media?parent=630"}],"curies":[{"name":"wp","href":"https:\/\/api.w.org\/{rel}","templated":true}]}}