{"id":632,"date":"2012-11-17T14:11:04","date_gmt":"2012-11-17T16:11:04","guid":{"rendered":"http:\/\/efagundes.com\/openclass_networking\/?page_id=632"},"modified":"2022-01-16T17:52:13","modified_gmt":"2022-01-16T20:52:13","slug":"protocolo-csmacd","status":"publish","type":"page","link":"https:\/\/efagundes.com\/networking\/subcamada-de-acesso-ao-meio\/protocolo-csmacd\/","title":{"rendered":"Protocolo CSMA\/CD"},"content":{"rendered":"<p><img data-recalc-dims=\"1\" loading=\"lazy\" decoding=\"async\" class=\"alignnone\" src=\"https:\/\/i0.wp.com\/efagundes.com\/networking\/wp-content\/uploads\/sites\/5\/2015\/03\/Slide303.jpg?resize=960%2C720\" alt=\"\" width=\"960\" height=\"720\" \/><\/p>\n<p>A Ethernet usa um refinamento do protocolo ALOHA, conhecido como Carrier Sense Multiple Access (CSMA) que melhora desempenho quando houver um tr\u00e1fego alto de dados. Quando um NIC tiver dados para transmitir, o NIC escuta o cabo primeiro (usando um transceptor) para ver se existe portadora (sinal) e inicia a transmiss\u00e3o para outra esta\u00e7\u00e3o. Isto pode ser feito monitorando se existe corrente no cabo (cada bit corresponde a 18-20 milliAmps (mA)). Cada bit individual \u00e9 enviado codificado com 10 (ou 100 MHz para Fast Ethernet) atrav\u00e9s de uma codifica\u00e7\u00e3o de Manchester. Os dados s\u00f3 \u00e9 enviado quando nenhuma portadora \u00e9 observada no meio f\u00edsico. Qualquer NIC que n\u00e3o precisa transmitir, escuta para ver se outro NICs come\u00e7a a transmitir alguma informa\u00e7\u00e3o.<\/p>\n<p>Por\u00e9m, isto s\u00f3 n\u00e3o pode prevenir dois NICs que transmitirem ao mesmo tempo. Se dois NICs tentam simultaneamente transmitir, ent\u00e3o ambos poderiam ver um m\u00e9dio f\u00edsico inativo (i.e. nenhum\u00a0 ver\u00e1 o sinal de portadora), e ambos concluir\u00e3o que nenhum outro NIC est\u00e1 usando o m\u00e9dio atualmente. Neste caso, decidir\u00e3o transmitir e ent\u00e3o haver\u00e1 uma colis\u00e3o. A colis\u00e3o resultar\u00e1 na corrup\u00e7\u00e3o do frame enviado que ser\u00e1 descartado subseq\u00fcentemente pelo receptor ap\u00f3s n\u00e3o ter validado o CRC.<\/p>\n<p>&nbsp;<\/p>\n","protected":false},"excerpt":{"rendered":"<p>A Ethernet usa um refinamento do protocolo ALOHA, conhecido como Carrier Sense Multiple Access (CSMA) que melhora desempenho quando houver um tr\u00e1fego alto de dados. Quando um NIC tiver dados para transmitir, o NIC escuta o cabo primeiro (usando um transceptor) para ver se existe portadora (sinal) e inicia a transmiss\u00e3o para outra esta\u00e7\u00e3o. Isto [&hellip;]<\/p>\n","protected":false},"author":1,"featured_media":0,"parent":620,"menu_order":60,"comment_status":"closed","ping_status":"open","template":"","meta":{"footnotes":""},"class_list":["post-632","page","type-page","status-publish","hentry"],"jetpack_shortlink":"https:\/\/wp.me\/P8yKGp-ac","jetpack-related-posts":[{"id":182,"url":"https:\/\/efagundes.com\/networking\/redes-locais\/ethernet\/","url_meta":{"origin":632,"position":0},"title":"Ethernet","author":"Eduardo Fagundes","date":"16\/11\/2012","format":false,"excerpt":"O padr\u00e3o Ethernet \u00e9 o m\u00e9todo de acesso mais utilizado em redes locais de computadores (LAN), definido pelo IEEE como padr\u00e3o 802.3. A maioria dos PCs v\u00eam com uma interface Ethernet 10\/100 para uso de casa, n\u00e3o s\u00f3 criar uma rede dom\u00e9stica, mas conectar \u00e0 Internet atrav\u00e9s de uma conex\u00e3o\u2026","rel":"","context":"Post similar","block_context":{"text":"Post similar","link":""},"img":{"alt_text":"Slide18","src":"https:\/\/i0.wp.com\/efagundes.com\/networking\/wp-content\/uploads\/sites\/5\/2015\/03\/Slide181.jpg?resize=350%2C200","width":350,"height":200,"srcset":"https:\/\/i0.wp.com\/efagundes.com\/networking\/wp-content\/uploads\/sites\/5\/2015\/03\/Slide181.jpg?resize=350%2C200 1x, https:\/\/i0.wp.com\/efagundes.com\/networking\/wp-content\/uploads\/sites\/5\/2015\/03\/Slide181.jpg?resize=525%2C300 1.5x, https:\/\/i0.wp.com\/efagundes.com\/networking\/wp-content\/uploads\/sites\/5\/2015\/03\/Slide181.jpg?resize=700%2C400 2x"},"classes":[]},{"id":653,"url":"https:\/\/efagundes.com\/networking\/lans-sem-fio\/802-11-o-protocolo-da-subcamada-mac\/","url_meta":{"origin":632,"position":1},"title":"802.11: o protocolo da subcamada MAC (I)","author":"Eduardo Fagundes","date":"17\/11\/2012","format":false,"excerpt":"\u00a0 O protocolo da subcamada MAC do 802.11 \u00e9 bastante diferente do protocolo da Ethernet, devido \u00e0 complexidade inerente do ambiente sem fio, em compara\u00e7\u00e3o com o de um sistema fisicamente conectado. O protocolo come\u00e7a quando A decide transmitir dados para B. O emissor pode emitir um RTS (request to\u2026","rel":"","context":"Post similar","block_context":{"text":"Post similar","link":""},"img":{"alt_text":"Slide180","src":"https:\/\/i0.wp.com\/efagundes.com\/networking\/wp-content\/uploads\/sites\/5\/2012\/11\/Slide180.png?resize=350%2C200","width":350,"height":200,"srcset":"https:\/\/i0.wp.com\/efagundes.com\/networking\/wp-content\/uploads\/sites\/5\/2012\/11\/Slide180.png?resize=350%2C200 1x, https:\/\/i0.wp.com\/efagundes.com\/networking\/wp-content\/uploads\/sites\/5\/2012\/11\/Slide180.png?resize=525%2C300 1.5x, https:\/\/i0.wp.com\/efagundes.com\/networking\/wp-content\/uploads\/sites\/5\/2012\/11\/Slide180.png?resize=700%2C400 2x"},"classes":[]},{"id":615,"url":"https:\/\/efagundes.com\/networking\/exemplos-de-protocolos\/ppp-point-to-point-protocol-2\/","url_meta":{"origin":632,"position":2},"title":"PPP &#8211; Point-to-Point Protocol (III)","author":"Eduardo Fagundes","date":"17\/11\/2012","format":false,"excerpt":"O diagrama acima mostra as fases pelas quais uma linha passa ao ser ativada, utilizada e desativada novamente. Essa seq\u00fc\u00eancia se aplica tanto \u00e0s conex\u00f5es de modem quanto \u00e0s conex\u00f5es entre roteadores. O protocolo come\u00e7a com a linha no estado DEAD, o que significa que n\u00e3o h\u00e1 nenhuma portadora da\u2026","rel":"","context":"Post similar","block_context":{"text":"Post similar","link":""},"img":{"alt_text":"","src":"https:\/\/i0.wp.com\/efagundes.com\/networking\/wp-content\/uploads\/sites\/5\/2015\/03\/Slide234.jpg?resize=350%2C200","width":350,"height":200,"srcset":"https:\/\/i0.wp.com\/efagundes.com\/networking\/wp-content\/uploads\/sites\/5\/2015\/03\/Slide234.jpg?resize=350%2C200 1x, https:\/\/i0.wp.com\/efagundes.com\/networking\/wp-content\/uploads\/sites\/5\/2015\/03\/Slide234.jpg?resize=525%2C300 1.5x, https:\/\/i0.wp.com\/efagundes.com\/networking\/wp-content\/uploads\/sites\/5\/2015\/03\/Slide234.jpg?resize=700%2C400 2x"},"classes":[]},{"id":639,"url":"https:\/\/efagundes.com\/networking\/ethernet-2\/cabeamento-ethernet\/","url_meta":{"origin":632,"position":3},"title":"Cabeamento Ethernet (II)","author":"Eduardo Fagundes","date":"17\/11\/2012","format":false,"excerpt":"A figura mostra tr\u00eas esquemas de fia\u00e7\u00e3o. Para o 10Base5, um transceptor \u00e9 preso firmemente ao cabo para que seu conector de press\u00e3o fa\u00e7a contato com o n\u00facleo interno do cabo. O transceptor cont\u00e9m circuitos eletr\u00f4nicos que tratam da detec\u00e7\u00e3o da portadora e da detec\u00e7\u00e3o de colis\u00f5es. Quando \u00e9 detectada\u2026","rel":"","context":"Post similar","block_context":{"text":"Post similar","link":""},"img":{"alt_text":"","src":"https:\/\/i0.wp.com\/efagundes.com\/networking\/wp-content\/uploads\/sites\/5\/2015\/03\/Slide342.jpg?resize=350%2C200","width":350,"height":200,"srcset":"https:\/\/i0.wp.com\/efagundes.com\/networking\/wp-content\/uploads\/sites\/5\/2015\/03\/Slide342.jpg?resize=350%2C200 1x, https:\/\/i0.wp.com\/efagundes.com\/networking\/wp-content\/uploads\/sites\/5\/2015\/03\/Slide342.jpg?resize=525%2C300 1.5x, https:\/\/i0.wp.com\/efagundes.com\/networking\/wp-content\/uploads\/sites\/5\/2015\/03\/Slide342.jpg?resize=700%2C400 2x"},"classes":[]},{"id":644,"url":"https:\/\/efagundes.com\/networking\/ethernet-2\/switched-ethernet\/","url_meta":{"origin":632,"position":4},"title":"Switched Ethernet","author":"Eduardo Fagundes","date":"17\/11\/2012","format":false,"excerpt":"Importante notar que o funcionamento da topologia em estrela depende do perif\u00e9rico concentrador utilizado, se for um hub ou um switch. No caso da utiliza\u00e7\u00e3o de um hub, a topologia fisicamente ser\u00e1 em estrela, como mostrada na figura no lado direito, por\u00e9m logicamente ela continua sendo uma rede de topologia\u2026","rel":"","context":"Post similar","block_context":{"text":"Post similar","link":""},"img":{"alt_text":"","src":"https:\/\/i0.wp.com\/efagundes.com\/networking\/wp-content\/uploads\/sites\/5\/2015\/03\/Slide351.jpg?resize=350%2C200","width":350,"height":200,"srcset":"https:\/\/i0.wp.com\/efagundes.com\/networking\/wp-content\/uploads\/sites\/5\/2015\/03\/Slide351.jpg?resize=350%2C200 1x, https:\/\/i0.wp.com\/efagundes.com\/networking\/wp-content\/uploads\/sites\/5\/2015\/03\/Slide351.jpg?resize=525%2C300 1.5x, https:\/\/i0.wp.com\/efagundes.com\/networking\/wp-content\/uploads\/sites\/5\/2015\/03\/Slide351.jpg?resize=700%2C400 2x"},"classes":[]},{"id":345,"url":"https:\/\/efagundes.com\/networking\/transmissao-sem-fio\/radio-digital\/","url_meta":{"origin":632,"position":5},"title":"R\u00e1dio Digital","author":"Eduardo Fagundes","date":"16\/11\/2012","format":false,"excerpt":"\u00a0 Usa ondas eletromagn\u00e9ticas (r\u00e1dio ou infravermelho) para transmitir informa\u00e7\u00e3o de um ponto a outro, sem necessitar de alguma uma conex\u00e3o f\u00edsica. Ondas de r\u00e1dio s\u00e3o geralmente referidas como portadoras de r\u00e1dio porque simplesmente fazem a fun\u00e7\u00e3o de entregar energia para um receptor remoto. O dado a ser transmitido \u00e9\u2026","rel":"","context":"Post similar","block_context":{"text":"Post similar","link":""},"img":{"alt_text":"Slide9","src":"https:\/\/i0.wp.com\/efagundes.com\/networking\/wp-content\/uploads\/sites\/5\/2015\/03\/Slide93.jpg?resize=350%2C200","width":350,"height":200,"srcset":"https:\/\/i0.wp.com\/efagundes.com\/networking\/wp-content\/uploads\/sites\/5\/2015\/03\/Slide93.jpg?resize=350%2C200 1x, https:\/\/i0.wp.com\/efagundes.com\/networking\/wp-content\/uploads\/sites\/5\/2015\/03\/Slide93.jpg?resize=525%2C300 1.5x, https:\/\/i0.wp.com\/efagundes.com\/networking\/wp-content\/uploads\/sites\/5\/2015\/03\/Slide93.jpg?resize=700%2C400 2x"},"classes":[]}],"jetpack_sharing_enabled":true,"_links":{"self":[{"href":"https:\/\/efagundes.com\/networking\/wp-json\/wp\/v2\/pages\/632","targetHints":{"allow":["GET"]}}],"collection":[{"href":"https:\/\/efagundes.com\/networking\/wp-json\/wp\/v2\/pages"}],"about":[{"href":"https:\/\/efagundes.com\/networking\/wp-json\/wp\/v2\/types\/page"}],"author":[{"embeddable":true,"href":"https:\/\/efagundes.com\/networking\/wp-json\/wp\/v2\/users\/1"}],"replies":[{"embeddable":true,"href":"https:\/\/efagundes.com\/networking\/wp-json\/wp\/v2\/comments?post=632"}],"version-history":[{"count":0,"href":"https:\/\/efagundes.com\/networking\/wp-json\/wp\/v2\/pages\/632\/revisions"}],"up":[{"embeddable":true,"href":"https:\/\/efagundes.com\/networking\/wp-json\/wp\/v2\/pages\/620"}],"wp:attachment":[{"href":"https:\/\/efagundes.com\/networking\/wp-json\/wp\/v2\/media?parent=632"}],"curies":[{"name":"wp","href":"https:\/\/api.w.org\/{rel}","templated":true}]}}