{"id":639,"date":"2012-11-17T16:02:32","date_gmt":"2012-11-17T18:02:32","guid":{"rendered":"http:\/\/efagundes.com\/openclass_networking\/?page_id=639"},"modified":"2022-01-16T17:52:15","modified_gmt":"2022-01-16T20:52:15","slug":"cabeamento-ethernet","status":"publish","type":"page","link":"https:\/\/efagundes.com\/networking\/ethernet-2\/cabeamento-ethernet\/","title":{"rendered":"Cabeamento Ethernet (II)"},"content":{"rendered":"<p><img data-recalc-dims=\"1\" loading=\"lazy\" decoding=\"async\" class=\"alignnone\" src=\"https:\/\/i0.wp.com\/efagundes.com\/networking\/wp-content\/uploads\/sites\/5\/2015\/03\/Slide342.jpg?resize=960%2C720\" alt=\"\" width=\"960\" height=\"720\" \/><\/p>\n<p>A figura mostra tr\u00eas esquemas de fia\u00e7\u00e3o. Para o 10Base5, um transceptor \u00e9 preso firmemente ao cabo para que seu conector de press\u00e3o fa\u00e7a contato com o n\u00facleo interno do cabo. O transceptor cont\u00e9m circuitos eletr\u00f4nicos que tratam da detec\u00e7\u00e3o da portadora e da detec\u00e7\u00e3o de colis\u00f5es. Quando \u00e9 detectada uma colis\u00e3o, o transceptor tamb\u00e9m injeta um sinal inv\u00e1lido especial no cabo, a fim de garantir que todos os outros transceptores tamb\u00e9m percebam que ocorreu uma colis\u00e3o. O cabo pode ter at\u00e9 50 metros de comprimento e cont\u00e9m cinco pares tran\u00e7ados blindados individuais. Dois dos pares s\u00e3o destinados \u00e0 entrada e \u00e0 sa\u00edda de dados, respectivamente.<\/p>\n<p>Com o 10Base2, a conex\u00e3o com o cabo consiste apenas em um conector BNC de jun\u00e7\u00e3o em T. Os circuitos do transceptor est\u00e3o localizados na placa controladora, e cada esta\u00e7\u00e3o sempre tem seu pr\u00f3prio transceptor.<\/p>\n<p>Com o 10Base-T, n\u00e3o existem cabos compartilhado, apenas o hub ao qual cada esta\u00e7\u00e3o \u00e9 conectada por um cabo dedicado (isto \u00e9, n\u00e3o-compartilhado). A inclus\u00e3o ou remo\u00e7\u00e3o de uma esta\u00e7\u00e3o \u00e9 mais simples nessa configura\u00e7\u00e3o, e os cabos partidos podem ser facilmente detectados. A desvantagem do 10Base-T \u00e9 que o alcance m\u00e1ximo do cabo a partir do hub \u00e9 de apenas 100 metros, chegando talvez a 200 metros se forem usados pares tran\u00e7ados de qualidade muito alta da categoria 5. Mesmo assim, o 10Base-T vem se tornando cada vez mais popular, em virtude de sua facilidade de manuten\u00e7\u00e3o e do uso da fia\u00e7\u00e3o existente.<\/p>\n<p>O padr\u00e3o 100Base-T4, emprega uma velocidade de sinaliza\u00e7\u00e3o de 25MHz, somente 25% mais r\u00e1pida do que os 20MHz da Ethernet padr\u00e3o. Por\u00e9m, para atingir 100Mbps exige quatro pares tran\u00e7ados. Para a fia\u00e7\u00e3o da categoria 5, o projeto 100Base-TX \u00e9 mais simples, porque os fios s\u00e3o capazes de manipular velocidades do clock de at\u00e9 125MHz. S\u00e3o usados somente dois pares tran\u00e7ados por esta\u00e7\u00e3o, um que vai para o hub e outro que sai do hub.<\/p>\n<p>O padr\u00e3o 100Base-FX, utiliza dois filamentos de fibra multimodo, um para cada sentido; por isso, ele tamb\u00e9m \u00e9 full-duplex, com 100 Mbps em cada sentido. Al\u00e9m disso, a dist\u00e2ncia entre uma esta\u00e7\u00e3o e o hub ode ser de at\u00e9 2 km.<\/p>\n<p>A Ethernet de gigabit admite cabeamento de cobre e de fibra. A sinaliza\u00e7\u00e3o \u00e0 velocidade de aproximadamente 1 Gbps sobre fibra significa que a fonte de luz tem de ser ligada e desligada dentro de 1ns. Nessa taxa apenas s\u00e3o utilizados lasers.<\/p>\n<p>&nbsp;<\/p>\n","protected":false},"excerpt":{"rendered":"<p>A figura mostra tr\u00eas esquemas de fia\u00e7\u00e3o. Para o 10Base5, um transceptor \u00e9 preso firmemente ao cabo para que seu conector de press\u00e3o fa\u00e7a contato com o n\u00facleo interno do cabo. O transceptor cont\u00e9m circuitos eletr\u00f4nicos que tratam da detec\u00e7\u00e3o da portadora e da detec\u00e7\u00e3o de colis\u00f5es. Quando \u00e9 detectada uma colis\u00e3o, o transceptor tamb\u00e9m [&hellip;]<\/p>\n","protected":false},"author":1,"featured_media":0,"parent":635,"menu_order":64,"comment_status":"closed","ping_status":"open","template":"","meta":{"footnotes":""},"class_list":["post-639","page","type-page","status-publish","hentry"],"jetpack_shortlink":"https:\/\/wp.me\/P8yKGp-aj","jetpack-related-posts":[{"id":632,"url":"https:\/\/efagundes.com\/networking\/subcamada-de-acesso-ao-meio\/protocolo-csmacd\/","url_meta":{"origin":639,"position":0},"title":"Protocolo CSMA\/CD","author":"Eduardo Fagundes","date":"17\/11\/2012","format":false,"excerpt":"A Ethernet usa um refinamento do protocolo ALOHA, conhecido como Carrier Sense Multiple Access (CSMA) que melhora desempenho quando houver um tr\u00e1fego alto de dados. Quando um NIC tiver dados para transmitir, o NIC escuta o cabo primeiro (usando um transceptor) para ver se existe portadora (sinal) e inicia a\u2026","rel":"","context":"Post similar","block_context":{"text":"Post similar","link":""},"img":{"alt_text":"","src":"https:\/\/i0.wp.com\/efagundes.com\/networking\/wp-content\/uploads\/sites\/5\/2015\/03\/Slide303.jpg?resize=350%2C200","width":350,"height":200,"srcset":"https:\/\/i0.wp.com\/efagundes.com\/networking\/wp-content\/uploads\/sites\/5\/2015\/03\/Slide303.jpg?resize=350%2C200 1x, https:\/\/i0.wp.com\/efagundes.com\/networking\/wp-content\/uploads\/sites\/5\/2015\/03\/Slide303.jpg?resize=525%2C300 1.5x, https:\/\/i0.wp.com\/efagundes.com\/networking\/wp-content\/uploads\/sites\/5\/2015\/03\/Slide303.jpg?resize=700%2C400 2x"},"classes":[]},{"id":434,"url":"https:\/\/efagundes.com\/networking\/sistema-telefonico\/wll-wire-local-loop\/","url_meta":{"origin":639,"position":1},"title":"WLL Wire Local Loop","author":"Eduardo Fagundes","date":"17\/11\/2012","format":false,"excerpt":"\u00a0 A tecnologia WLL substitui, no todo ou em parte, os pares de cabos telef\u00f4nicos utilizados na conex\u00e3o do telefone do assinante at\u00e9 a central telef\u00f4nica. \u00c9 baseada em um terminal fixo que se comunica, via ondas de r\u00e1dio, com a central de telefonia p\u00fablica e que busca n\u00e3o utilizar\u2026","rel":"","context":"Post similar","block_context":{"text":"Post similar","link":""},"img":{"alt_text":"Slide20","src":"https:\/\/i0.wp.com\/efagundes.com\/networking\/wp-content\/uploads\/sites\/5\/2015\/03\/Slide203.jpg?resize=350%2C200","width":350,"height":200,"srcset":"https:\/\/i0.wp.com\/efagundes.com\/networking\/wp-content\/uploads\/sites\/5\/2015\/03\/Slide203.jpg?resize=350%2C200 1x, https:\/\/i0.wp.com\/efagundes.com\/networking\/wp-content\/uploads\/sites\/5\/2015\/03\/Slide203.jpg?resize=525%2C300 1.5x, https:\/\/i0.wp.com\/efagundes.com\/networking\/wp-content\/uploads\/sites\/5\/2015\/03\/Slide203.jpg?resize=700%2C400 2x"},"classes":[]},{"id":75,"url":"https:\/\/efagundes.com\/networking\/hardware-de-rede\/ethernet-em-par-trancado\/","url_meta":{"origin":639,"position":2},"title":"Ethernet em par-tran\u00e7ado","author":"Eduardo Fagundes","date":"16\/11\/2012","format":false,"excerpt":"O cabo de par tran\u00e7ado \u00e9 composto por pares de fios, sendo que cada par \u00e9 isolado do outro e todos s\u00e3o tran\u00e7ados juntos dentro de uma cobertura externa. N\u00e3o h\u00e1 uma blindagem f\u00edsica na cabo UTP; ele obt\u00e9m sua prote\u00e7\u00e3o pelo efeito de cancelamento m\u00fatuo dos campos eletromagn\u00e9ticos devido\u2026","rel":"","context":"Post similar","block_context":{"text":"Post similar","link":""},"img":{"alt_text":"Slide12","src":"https:\/\/i0.wp.com\/efagundes.com\/networking\/wp-content\/uploads\/sites\/5\/2015\/03\/Slide12.jpg?resize=350%2C200","width":350,"height":200,"srcset":"https:\/\/i0.wp.com\/efagundes.com\/networking\/wp-content\/uploads\/sites\/5\/2015\/03\/Slide12.jpg?resize=350%2C200 1x, https:\/\/i0.wp.com\/efagundes.com\/networking\/wp-content\/uploads\/sites\/5\/2015\/03\/Slide12.jpg?resize=525%2C300 1.5x, https:\/\/i0.wp.com\/efagundes.com\/networking\/wp-content\/uploads\/sites\/5\/2015\/03\/Slide12.jpg?resize=700%2C400 2x"},"classes":[]},{"id":626,"url":"https:\/\/efagundes.com\/networking\/subcamada-de-acesso-ao-meio\/alocacao-dinamica-de-canais-em-lans-e-mans\/","url_meta":{"origin":639,"position":3},"title":"Aloca\u00e7\u00e3o din\u00e2mica de canais em LANs e MANs","author":"Eduardo Fagundes","date":"17\/11\/2012","format":false,"excerpt":"Existem cinco premissas fundamentais na discuss\u00e3o sobre a aloca\u00e7\u00e3o din\u00e2mica de canais em LANs e MANs. 1. Modelo da esta\u00e7\u00e3o. O modelo consiste em N esta\u00e7\u00f5es independentes (computadores, telefones, comunicadores pessoais, etc.), cada qual com um programa ou usu\u00e1rios que gera quadros para transmiss\u00e3o. Algumas vezes, as esta\u00e7\u00f5es s\u00e3o chamadas\u2026","rel":"","context":"Post similar","block_context":{"text":"Post similar","link":""},"img":{"alt_text":"","src":"https:\/\/i0.wp.com\/efagundes.com\/networking\/wp-content\/uploads\/sites\/5\/2015\/03\/Slide273.jpg?resize=350%2C200","width":350,"height":200,"srcset":"https:\/\/i0.wp.com\/efagundes.com\/networking\/wp-content\/uploads\/sites\/5\/2015\/03\/Slide273.jpg?resize=350%2C200 1x, https:\/\/i0.wp.com\/efagundes.com\/networking\/wp-content\/uploads\/sites\/5\/2015\/03\/Slide273.jpg?resize=525%2C300 1.5x, https:\/\/i0.wp.com\/efagundes.com\/networking\/wp-content\/uploads\/sites\/5\/2015\/03\/Slide273.jpg?resize=700%2C400 2x"},"classes":[]},{"id":273,"url":"https:\/\/efagundes.com\/networking\/meios-magneticos\/cabo-coaxial-de-banda-basica\/","url_meta":{"origin":639,"position":4},"title":"Cabo coaxial de banda b\u00e1sica","author":"Eduardo Fagundes","date":"16\/11\/2012","format":false,"excerpt":"O primeiro tipo de cabeamento no mercado. H\u00e1 alguns anos, esse cabo era o muito utilizado para a conex\u00e3o de computadores. At\u00e9 hoje existem v\u00e1rios tipos de cabos coaxiais, cada um com suas caracter\u00edsticas espec\u00edficas. Alguns s\u00e3o melhores para transmiss\u00e3o em alta frequ\u00eancia, outros tem atenua\u00e7\u00e3o mais baixa, e outros\u2026","rel":"","context":"Post similar","block_context":{"text":"Post similar","link":""},"img":{"alt_text":"Slide17","src":"https:\/\/i0.wp.com\/efagundes.com\/networking\/wp-content\/uploads\/sites\/5\/2015\/03\/Slide172.jpg?resize=350%2C200","width":350,"height":200,"srcset":"https:\/\/i0.wp.com\/efagundes.com\/networking\/wp-content\/uploads\/sites\/5\/2015\/03\/Slide172.jpg?resize=350%2C200 1x, https:\/\/i0.wp.com\/efagundes.com\/networking\/wp-content\/uploads\/sites\/5\/2015\/03\/Slide172.jpg?resize=525%2C300 1.5x, https:\/\/i0.wp.com\/efagundes.com\/networking\/wp-content\/uploads\/sites\/5\/2015\/03\/Slide172.jpg?resize=700%2C400 2x"},"classes":[]},{"id":304,"url":"https:\/\/efagundes.com\/networking\/fibra-optica-2\/cabos-submarinos-no-brasil\/","url_meta":{"origin":639,"position":5},"title":"Cabos submarinos no Brasil","author":"Eduardo Fagundes","date":"16\/11\/2012","format":false,"excerpt":"\u00a0 AMERICAS II \u2014 O cabo submarino Am\u00e9ricas II entrou em opera\u00e7\u00e3o em setembro de 2000, interligando o Brasil (Fortaleza) aos Estados Unidos. Com 9.000km de extens\u00e3o, quatro pares de fibras \u00f3ticas e capacidade de transmiss\u00e3o de 80 Gbps, o Am\u00e9ricas II interliga o Brasil, a Guiana Francesa, Trinidad e\u2026","rel":"","context":"Post similar","block_context":{"text":"Post similar","link":""},"img":{"alt_text":"Slide32","src":"https:\/\/i0.wp.com\/efagundes.com\/networking\/wp-content\/uploads\/sites\/5\/2015\/03\/Slide321.jpg?resize=350%2C200","width":350,"height":200,"srcset":"https:\/\/i0.wp.com\/efagundes.com\/networking\/wp-content\/uploads\/sites\/5\/2015\/03\/Slide321.jpg?resize=350%2C200 1x, https:\/\/i0.wp.com\/efagundes.com\/networking\/wp-content\/uploads\/sites\/5\/2015\/03\/Slide321.jpg?resize=525%2C300 1.5x, https:\/\/i0.wp.com\/efagundes.com\/networking\/wp-content\/uploads\/sites\/5\/2015\/03\/Slide321.jpg?resize=700%2C400 2x"},"classes":[]}],"jetpack_sharing_enabled":true,"_links":{"self":[{"href":"https:\/\/efagundes.com\/networking\/wp-json\/wp\/v2\/pages\/639","targetHints":{"allow":["GET"]}}],"collection":[{"href":"https:\/\/efagundes.com\/networking\/wp-json\/wp\/v2\/pages"}],"about":[{"href":"https:\/\/efagundes.com\/networking\/wp-json\/wp\/v2\/types\/page"}],"author":[{"embeddable":true,"href":"https:\/\/efagundes.com\/networking\/wp-json\/wp\/v2\/users\/1"}],"replies":[{"embeddable":true,"href":"https:\/\/efagundes.com\/networking\/wp-json\/wp\/v2\/comments?post=639"}],"version-history":[{"count":0,"href":"https:\/\/efagundes.com\/networking\/wp-json\/wp\/v2\/pages\/639\/revisions"}],"up":[{"embeddable":true,"href":"https:\/\/efagundes.com\/networking\/wp-json\/wp\/v2\/pages\/635"}],"wp:attachment":[{"href":"https:\/\/efagundes.com\/networking\/wp-json\/wp\/v2\/media?parent=639"}],"curies":[{"name":"wp","href":"https:\/\/api.w.org\/{rel}","templated":true}]}}