{"id":644,"date":"2012-11-17T21:02:21","date_gmt":"2012-11-17T23:02:21","guid":{"rendered":"http:\/\/efagundes.com\/openclass_networking\/?page_id=644"},"modified":"2022-01-16T17:52:15","modified_gmt":"2022-01-16T20:52:15","slug":"switched-ethernet","status":"publish","type":"page","link":"https:\/\/efagundes.com\/networking\/ethernet-2\/switched-ethernet\/","title":{"rendered":"Switched Ethernet"},"content":{"rendered":"<p><img data-recalc-dims=\"1\" loading=\"lazy\" decoding=\"async\" class=\"alignnone\" src=\"https:\/\/i0.wp.com\/efagundes.com\/networking\/wp-content\/uploads\/sites\/5\/2015\/03\/Slide351.jpg?resize=960%2C720\" alt=\"\" width=\"960\" height=\"720\" \/><\/p>\n<p>Importante notar que o funcionamento da topologia em estrela depende do perif\u00e9rico concentrador utilizado, se for um hub ou um switch.<\/p>\n<p>No caso da utiliza\u00e7\u00e3o de um hub, a topologia fisicamente ser\u00e1 em estrela, como mostrada na figura no lado direito, por\u00e9m logicamente ela continua sendo uma rede de topologia linear. O hub \u00e9 um perif\u00e9rico que repete para todas as suas portas os pacotes que chegam, assim como ocorre na topologia linear. Desta forma, se a esta\u00e7\u00e3o A enviar um quadro de dados para a esta\u00e7\u00e3o B, todas as demais esta\u00e7\u00f5es receber\u00e3o o mesmo quadro. Portanto, continua havendo problemas de colis\u00e3o e disputa para ver qual esta\u00e7\u00e3o utilizar\u00e1 o meio f\u00edsico.<\/p>\n<p>Com a utiliza\u00e7\u00e3o de um switch, a rede ser\u00e1 tanto fisicamente quanto logicamente em estrela. O switch tem a capacidade de analisar o cabe\u00e7alho de endere\u00e7amento dos quadros de dados, enviando os dados diretamente ao destino, sem replic\u00e1-lo desnecessariamente para todas as suas portas. Desta forma, se a esta\u00e7\u00e3o A enviar um pacote de dados para a esta\u00e7\u00e3o B, somente a esta\u00e7\u00e3o de destino recebe o quadro de dados. Isso faz com que a rede torne-se mais segura e muito mais r\u00e1pida, pois praticamente elimina problemas de colis\u00e3o. Al\u00e9m disso, duas ou mais transmiss\u00f5es podem ser efetuadas simultaneamente, desde que tenham origem e destinos diferentes, o que n\u00e3o \u00e9 poss\u00edvel quando utilizamos topologia linear ou topologia em estrela com hub.<\/p>\n<p>Podemos considerar o switch um &#8220;hub inteligente&#8221;. Fisicamente ele \u00e9 bem parecido com o hub, por\u00e9m logicamente ele realmente opera a rede em forma de estrela. As switchs fazem o roteamento dos quadros a partir dos endere\u00e7os MAC dos NICs (Network Interface Card). Cada placa tem um endere\u00e7o \u00fanico no mundo. Este endere\u00e7o \u00e9 formado pelo n\u00famero do fabricante, reconhecido internacionalmente, e por um n\u00famero atribu\u00eddo pelo fabricante, garantindo a unicidade do endere\u00e7o da placa.<\/p>\n<p>Existem as switchs de n\u00edvel 3, s\u00e3o perif\u00e9ricos que fazem o encaminhado de pacotes da camada rede, ou seja, da camada de n\u00edvel 3 do modelo de refer\u00eancia OSI.<\/p>\n<p>&nbsp;<\/p>\n","protected":false},"excerpt":{"rendered":"<p>Importante notar que o funcionamento da topologia em estrela depende do perif\u00e9rico concentrador utilizado, se for um hub ou um switch. No caso da utiliza\u00e7\u00e3o de um hub, a topologia fisicamente ser\u00e1 em estrela, como mostrada na figura no lado direito, por\u00e9m logicamente ela continua sendo uma rede de topologia linear. O hub \u00e9 um [&hellip;]<\/p>\n","protected":false},"author":1,"featured_media":0,"parent":635,"menu_order":67,"comment_status":"closed","ping_status":"closed","template":"","meta":{"footnotes":""},"class_list":["post-644","page","type-page","status-publish","hentry"],"jetpack_shortlink":"https:\/\/wp.me\/P8yKGp-ao","jetpack-related-posts":[{"id":678,"url":"https:\/\/efagundes.com\/networking\/comutacao-na-camada-de-enlace-de-dados\/repetidores-hubs-bridges-switches-e-gateways-2\/","url_meta":{"origin":644,"position":0},"title":"Repetidores, hubs, bridges, switches e gateways (II)","author":"Eduardo Fagundes","date":"17\/11\/2012","format":false,"excerpt":"Examinando os dispositivos de comuta\u00e7\u00e3o e ver como eles se relacionam aos pacote e quadros. Na parte inferior, na camada f\u00edsica, encontramos os repetidores. Em seguida temos os hubs. Um hub tem v\u00e1rias linhas de entrada que ele conecta eletricamente. Os quadros que chegam em quaisquer dessas linhas s\u00e3o enviados\u2026","rel":"","context":"Post similar","block_context":{"text":"Post similar","link":""},"img":{"alt_text":"","src":"https:\/\/i0.wp.com\/efagundes.com\/networking\/wp-content\/uploads\/sites\/5\/2015\/03\/Slide50.jpg?resize=350%2C200","width":350,"height":200,"srcset":"https:\/\/i0.wp.com\/efagundes.com\/networking\/wp-content\/uploads\/sites\/5\/2015\/03\/Slide50.jpg?resize=350%2C200 1x, https:\/\/i0.wp.com\/efagundes.com\/networking\/wp-content\/uploads\/sites\/5\/2015\/03\/Slide50.jpg?resize=525%2C300 1.5x, https:\/\/i0.wp.com\/efagundes.com\/networking\/wp-content\/uploads\/sites\/5\/2015\/03\/Slide50.jpg?resize=700%2C400 2x"},"classes":[]},{"id":91,"url":"https:\/\/efagundes.com\/networking\/lans-sem-fio\/bluetooth\/","url_meta":{"origin":644,"position":1},"title":"Bluetooth (I)","author":"Eduardo Fagundes","date":"16\/11\/2012","format":false,"excerpt":"Diferentemente dos objetivos das WLANs que s\u00e3o desenhadas para serem extens\u00e3o das redes locais, o Bluetooth tem o objetivo de substituir os cabos que conectam os perif\u00e9ricos das esta\u00e7\u00f5es de trabalho.\u00a0 O Bluetooth prov\u00ea as seguintes funcionalidades: Ponto de acesso para voz e dados Redes pessoais Substitui\u00e7\u00e3o de cabos entre\u2026","rel":"","context":"Post similar","block_context":{"text":"Post similar","link":""},"img":{"alt_text":"","src":"https:\/\/i0.wp.com\/efagundes.com\/networking\/wp-content\/uploads\/sites\/5\/2015\/03\/Slide451.jpg?resize=350%2C200","width":350,"height":200,"srcset":"https:\/\/i0.wp.com\/efagundes.com\/networking\/wp-content\/uploads\/sites\/5\/2015\/03\/Slide451.jpg?resize=350%2C200 1x, https:\/\/i0.wp.com\/efagundes.com\/networking\/wp-content\/uploads\/sites\/5\/2015\/03\/Slide451.jpg?resize=525%2C300 1.5x, https:\/\/i0.wp.com\/efagundes.com\/networking\/wp-content\/uploads\/sites\/5\/2015\/03\/Slide451.jpg?resize=700%2C400 2x"},"classes":[]},{"id":349,"url":"https:\/\/efagundes.com\/networking\/transmissao-sem-fio\/topologia-de-uma-rede-de-radios\/","url_meta":{"origin":644,"position":2},"title":"Topologia de uma rede de r\u00e1dios","author":"Eduardo Fagundes","date":"16\/11\/2012","format":false,"excerpt":"","rel":"","context":"Post similar","block_context":{"text":"Post similar","link":""},"img":{"alt_text":"Slide11","src":"https:\/\/i0.wp.com\/efagundes.com\/networking\/wp-content\/uploads\/sites\/5\/2015\/03\/Slide115.jpg?resize=350%2C200","width":350,"height":200,"srcset":"https:\/\/i0.wp.com\/efagundes.com\/networking\/wp-content\/uploads\/sites\/5\/2015\/03\/Slide115.jpg?resize=350%2C200 1x, https:\/\/i0.wp.com\/efagundes.com\/networking\/wp-content\/uploads\/sites\/5\/2015\/03\/Slide115.jpg?resize=525%2C300 1.5x, https:\/\/i0.wp.com\/efagundes.com\/networking\/wp-content\/uploads\/sites\/5\/2015\/03\/Slide115.jpg?resize=700%2C400 2x"},"classes":[]},{"id":743,"url":"https:\/\/efagundes.com\/networking\/algoritmos-de-roteamento\/algoritmos-de-roteamento-2\/","url_meta":{"origin":644,"position":3},"title":"Defini\u00e7\u00e3o de Algoritmos de Roteamento","author":"Eduardo Fagundes","date":"18\/11\/2012","format":false,"excerpt":"O algoritmo de rede \u00e9 a parte do software da camada de rede respons\u00e1vel pela decis\u00e3o sobre a linha de sa\u00edda a ser usada na transmiss\u00e3o do pacote de entrada. Se a sub-rede utilizar datagramas internamente, essa decis\u00e3o dever\u00e1 ser tomada mais uma vez para cada pacote de dados recebido,\u2026","rel":"","context":"Post similar","block_context":{"text":"Post similar","link":""},"img":{"alt_text":"","src":"https:\/\/i0.wp.com\/efagundes.com\/networking\/wp-content\/uploads\/sites\/5\/2015\/03\/Slide128.jpg?resize=350%2C200","width":350,"height":200,"srcset":"https:\/\/i0.wp.com\/efagundes.com\/networking\/wp-content\/uploads\/sites\/5\/2015\/03\/Slide128.jpg?resize=350%2C200 1x, https:\/\/i0.wp.com\/efagundes.com\/networking\/wp-content\/uploads\/sites\/5\/2015\/03\/Slide128.jpg?resize=525%2C300 1.5x, https:\/\/i0.wp.com\/efagundes.com\/networking\/wp-content\/uploads\/sites\/5\/2015\/03\/Slide128.jpg?resize=700%2C400 2x"},"classes":[]},{"id":641,"url":"https:\/\/efagundes.com\/networking\/ethernet-2\/cabeamento-ethernet-2\/","url_meta":{"origin":644,"position":4},"title":"Cabeamento Ethernet (III)","author":"Eduardo Fagundes","date":"17\/11\/2012","format":false,"excerpt":"A figura mostra outras formas de instalar cabos em um edif\u00edcio. Um \u00fanico cabo \u00e9 arrastado de sala em sala, com cada esta\u00e7\u00e3o se contando a ele no ponto mais pr\u00f3ximo. Na figura (b), um backbone vertical vai do por\u00e3o do pr\u00e9dio ao telhado, com cabos horizontais em cada andar\u2026","rel":"","context":"Post similar","block_context":{"text":"Post similar","link":""},"img":{"alt_text":"","src":"https:\/\/i0.wp.com\/efagundes.com\/networking\/wp-content\/uploads\/sites\/5\/2015\/03\/Slide351.jpg?resize=350%2C200","width":350,"height":200,"srcset":"https:\/\/i0.wp.com\/efagundes.com\/networking\/wp-content\/uploads\/sites\/5\/2015\/03\/Slide351.jpg?resize=350%2C200 1x, https:\/\/i0.wp.com\/efagundes.com\/networking\/wp-content\/uploads\/sites\/5\/2015\/03\/Slide351.jpg?resize=525%2C300 1.5x, https:\/\/i0.wp.com\/efagundes.com\/networking\/wp-content\/uploads\/sites\/5\/2015\/03\/Slide351.jpg?resize=700%2C400 2x"},"classes":[]},{"id":725,"url":"https:\/\/efagundes.com\/networking\/a-camada-de-rede\/a-camada-de-rede-3\/","url_meta":{"origin":644,"position":5},"title":"A Camada de Rede (II)","author":"Eduardo Fagundes","date":"18\/11\/2012","format":false,"excerpt":"Para atingir os objetivos de entrega dos dados fim a fim, os elementos da camada de rede devem conhecer a topologia das sub-redes de comunica\u00e7\u00f5es e escolher com efici\u00eancia os caminhos mais apropriados para encaminhar os pacotes. Os roteadores s\u00e3o os principais elementos dessa camada. A camada de rede deve\u2026","rel":"","context":"Post similar","block_context":{"text":"Post similar","link":""},"img":{"alt_text":"","src":"https:\/\/i0.wp.com\/efagundes.com\/networking\/wp-content\/uploads\/sites\/5\/2015\/03\/Slide314.jpg?resize=350%2C200","width":350,"height":200,"srcset":"https:\/\/i0.wp.com\/efagundes.com\/networking\/wp-content\/uploads\/sites\/5\/2015\/03\/Slide314.jpg?resize=350%2C200 1x, https:\/\/i0.wp.com\/efagundes.com\/networking\/wp-content\/uploads\/sites\/5\/2015\/03\/Slide314.jpg?resize=525%2C300 1.5x, https:\/\/i0.wp.com\/efagundes.com\/networking\/wp-content\/uploads\/sites\/5\/2015\/03\/Slide314.jpg?resize=700%2C400 2x"},"classes":[]}],"jetpack_sharing_enabled":true,"_links":{"self":[{"href":"https:\/\/efagundes.com\/networking\/wp-json\/wp\/v2\/pages\/644","targetHints":{"allow":["GET"]}}],"collection":[{"href":"https:\/\/efagundes.com\/networking\/wp-json\/wp\/v2\/pages"}],"about":[{"href":"https:\/\/efagundes.com\/networking\/wp-json\/wp\/v2\/types\/page"}],"author":[{"embeddable":true,"href":"https:\/\/efagundes.com\/networking\/wp-json\/wp\/v2\/users\/1"}],"replies":[{"embeddable":true,"href":"https:\/\/efagundes.com\/networking\/wp-json\/wp\/v2\/comments?post=644"}],"version-history":[{"count":0,"href":"https:\/\/efagundes.com\/networking\/wp-json\/wp\/v2\/pages\/644\/revisions"}],"up":[{"embeddable":true,"href":"https:\/\/efagundes.com\/networking\/wp-json\/wp\/v2\/pages\/635"}],"wp:attachment":[{"href":"https:\/\/efagundes.com\/networking\/wp-json\/wp\/v2\/media?parent=644"}],"curies":[{"name":"wp","href":"https:\/\/api.w.org\/{rel}","templated":true}]}}