{"id":646,"date":"2012-11-17T21:03:42","date_gmt":"2012-11-17T23:03:42","guid":{"rendered":"http:\/\/efagundes.com\/openclass_networking\/?page_id=646"},"modified":"2022-01-16T17:52:16","modified_gmt":"2022-01-16T20:52:16","slug":"lans-sem-fio","status":"publish","type":"page","link":"https:\/\/efagundes.com\/networking\/lans-sem-fio\/","title":{"rendered":"LANs sem fio"},"content":{"rendered":"<p><img data-recalc-dims=\"1\" loading=\"lazy\" decoding=\"async\" class=\"alignnone\" src=\"https:\/\/i0.wp.com\/efagundes.com\/networking\/wp-content\/uploads\/sites\/5\/2015\/03\/Slide361.jpg?resize=960%2C720\" alt=\"\" width=\"960\" height=\"720\" \/><\/p>\n<p><strong>T\u00f3picos do capitulo<\/strong><br \/>\n\n<!-- Page-list plugin v.5.9 wordpress.org\/plugins\/page-list\/ -->\n<ul class=\"page-list subpages-page-list \">\n<li class=\"page_item page-item-648\"><a href=\"https:\/\/efagundes.com\/networking\/lans-sem-fio\/802-11-a-pilha-de-protocolos\/\">802.11: a pilha de protocolos<\/a><\/li>\n<li class=\"page_item page-item-650\"><a href=\"https:\/\/efagundes.com\/networking\/lans-sem-fio\/802-11-a-camada-fisica\/\">802.11: a camada f\u00edsica<\/a><\/li>\n<li class=\"page_item page-item-653\"><a href=\"https:\/\/efagundes.com\/networking\/lans-sem-fio\/802-11-o-protocolo-da-subcamada-mac\/\">802.11: o protocolo da subcamada MAC (I)<\/a><\/li>\n<li class=\"page_item page-item-1086\"><a href=\"https:\/\/efagundes.com\/networking\/lans-sem-fio\/802-11-o-protocolo-da-subcamada-mac-2-2\/\">802.11: o protocolo da subcamada MAC (II)<\/a><\/li>\n<li class=\"page_item page-item-657\"><a href=\"https:\/\/efagundes.com\/networking\/lans-sem-fio\/802-11-estrutura-do-quadro\/\">802.11 estrutura do quadro<\/a><\/li>\n<li class=\"page_item page-item-659\"><a href=\"https:\/\/efagundes.com\/networking\/lans-sem-fio\/arquitetura-das-lans-sem-fio\/\">Arquitetura das LANs sem fio<\/a><\/li>\n<li class=\"page_item page-item-661\"><a href=\"https:\/\/efagundes.com\/networking\/lans-sem-fio\/servicos-das-lans-sem-fio\/\">Servi\u00e7os das LANs sem fio<\/a><\/li>\n<li class=\"page_item page-item-663\"><a href=\"https:\/\/efagundes.com\/networking\/lans-sem-fio\/ieee-802-16\/\">IEEE 802.16<\/a><\/li>\n<li class=\"page_item page-item-91\"><a href=\"https:\/\/efagundes.com\/networking\/lans-sem-fio\/bluetooth\/\">Bluetooth (I)<\/a><\/li>\n<li class=\"page_item page-item-668\"><a href=\"https:\/\/efagundes.com\/networking\/lans-sem-fio\/bluetooth-ii\/\">Bluetooth (II)<\/a><\/li>\n<li class=\"page_item page-item-671\"><a href=\"https:\/\/efagundes.com\/networking\/lans-sem-fio\/aplicacoes-do-bluetooth\/\">Aplica\u00e7\u00f5es do Bluetooth<\/a><\/li>\n\n<\/ul><\/p>\n","protected":false},"excerpt":{"rendered":"<p>T\u00f3picos do capitulo<\/p>\n","protected":false},"author":1,"featured_media":0,"parent":0,"menu_order":26,"comment_status":"closed","ping_status":"closed","template":"","meta":{"footnotes":""},"class_list":["post-646","page","type-page","status-publish","hentry"],"jetpack_shortlink":"https:\/\/wp.me\/P8yKGp-aq","jetpack-related-posts":[{"id":329,"url":"https:\/\/efagundes.com\/networking\/transmissao-sem-fio\/","url_meta":{"origin":646,"position":0},"title":"Transmiss\u00e3o sem fio","author":"Eduardo Fagundes","date":"16\/11\/2012","format":false,"excerpt":"T\u00f3picos do capitulo","rel":"","context":"Post similar","block_context":{"text":"Post similar","link":""},"img":{"alt_text":"Slide1","src":"https:\/\/i0.wp.com\/efagundes.com\/networking\/wp-content\/uploads\/sites\/5\/2015\/03\/Slide114.jpg?resize=350%2C200","width":350,"height":200,"srcset":"https:\/\/i0.wp.com\/efagundes.com\/networking\/wp-content\/uploads\/sites\/5\/2015\/03\/Slide114.jpg?resize=350%2C200 1x, https:\/\/i0.wp.com\/efagundes.com\/networking\/wp-content\/uploads\/sites\/5\/2015\/03\/Slide114.jpg?resize=525%2C300 1.5x, https:\/\/i0.wp.com\/efagundes.com\/networking\/wp-content\/uploads\/sites\/5\/2015\/03\/Slide114.jpg?resize=700%2C400 2x"},"classes":[]},{"id":659,"url":"https:\/\/efagundes.com\/networking\/lans-sem-fio\/arquitetura-das-lans-sem-fio\/","url_meta":{"origin":646,"position":1},"title":"Arquitetura das LANs sem fio","author":"Eduardo Fagundes","date":"17\/11\/2012","format":false,"excerpt":"","rel":"","context":"Post similar","block_context":{"text":"Post similar","link":""},"img":{"alt_text":"","src":"https:\/\/i0.wp.com\/efagundes.com\/networking\/wp-content\/uploads\/sites\/5\/2015\/03\/Slide421.jpg?resize=350%2C200","width":350,"height":200,"srcset":"https:\/\/i0.wp.com\/efagundes.com\/networking\/wp-content\/uploads\/sites\/5\/2015\/03\/Slide421.jpg?resize=350%2C200 1x, https:\/\/i0.wp.com\/efagundes.com\/networking\/wp-content\/uploads\/sites\/5\/2015\/03\/Slide421.jpg?resize=525%2C300 1.5x, https:\/\/i0.wp.com\/efagundes.com\/networking\/wp-content\/uploads\/sites\/5\/2015\/03\/Slide421.jpg?resize=700%2C400 2x"},"classes":[]},{"id":657,"url":"https:\/\/efagundes.com\/networking\/lans-sem-fio\/802-11-estrutura-do-quadro\/","url_meta":{"origin":646,"position":2},"title":"802.11 estrutura do quadro","author":"Eduardo Fagundes","date":"17\/11\/2012","format":false,"excerpt":"","rel":"","context":"Post similar","block_context":{"text":"Post similar","link":""},"img":{"alt_text":"Slide182","src":"https:\/\/i0.wp.com\/efagundes.com\/networking\/wp-content\/uploads\/sites\/5\/2012\/11\/Slide182.png?resize=350%2C200","width":350,"height":200,"srcset":"https:\/\/i0.wp.com\/efagundes.com\/networking\/wp-content\/uploads\/sites\/5\/2012\/11\/Slide182.png?resize=350%2C200 1x, https:\/\/i0.wp.com\/efagundes.com\/networking\/wp-content\/uploads\/sites\/5\/2012\/11\/Slide182.png?resize=525%2C300 1.5x, https:\/\/i0.wp.com\/efagundes.com\/networking\/wp-content\/uploads\/sites\/5\/2012\/11\/Slide182.png?resize=700%2C400 2x"},"classes":[]},{"id":184,"url":"https:\/\/efagundes.com\/networking\/redes-locais\/lans-sem-fio-802-11\/","url_meta":{"origin":646,"position":3},"title":"LANs sem fio: 802.11","author":"Eduardo Fagundes","date":"16\/11\/2012","format":false,"excerpt":"","rel":"","context":"Post similar","block_context":{"text":"Post similar","link":""},"img":{"alt_text":"Slide19","src":"https:\/\/i0.wp.com\/efagundes.com\/networking\/wp-content\/uploads\/sites\/5\/2015\/03\/Slide191.jpg?resize=350%2C200","width":350,"height":200,"srcset":"https:\/\/i0.wp.com\/efagundes.com\/networking\/wp-content\/uploads\/sites\/5\/2015\/03\/Slide191.jpg?resize=350%2C200 1x, https:\/\/i0.wp.com\/efagundes.com\/networking\/wp-content\/uploads\/sites\/5\/2015\/03\/Slide191.jpg?resize=525%2C300 1.5x, https:\/\/i0.wp.com\/efagundes.com\/networking\/wp-content\/uploads\/sites\/5\/2015\/03\/Slide191.jpg?resize=700%2C400 2x"},"classes":[]},{"id":661,"url":"https:\/\/efagundes.com\/networking\/lans-sem-fio\/servicos-das-lans-sem-fio\/","url_meta":{"origin":646,"position":4},"title":"Servi\u00e7os das LANs sem fio","author":"Eduardo Fagundes","date":"17\/11\/2012","format":false,"excerpt":"Autentica\u00e7\u00e3o, Associa\u00e7\u00e3o e Reassocia\u00e7\u00e3o: permitem que esta\u00e7\u00f5es continuem conectadas \u00e0 infra-estrutura mesmo quando movimentam-se de uma BSA para outra. As esta\u00e7\u00f5es utilizam procedimentos de varredura para determinar qual \u00e9 o melhor AP (a pot\u00eancia do sinal e a qualidade da recep\u00e7\u00e3o dos quadros enviados pelos APs s\u00e3o considerados na classifica\u00e7\u00e3o)\u2026","rel":"","context":"Post similar","block_context":{"text":"Post similar","link":""},"img":{"alt_text":"","src":"https:\/\/i0.wp.com\/efagundes.com\/networking\/wp-content\/uploads\/sites\/5\/2015\/03\/Slide431.jpg?resize=350%2C200","width":350,"height":200,"srcset":"https:\/\/i0.wp.com\/efagundes.com\/networking\/wp-content\/uploads\/sites\/5\/2015\/03\/Slide431.jpg?resize=350%2C200 1x, https:\/\/i0.wp.com\/efagundes.com\/networking\/wp-content\/uploads\/sites\/5\/2015\/03\/Slide431.jpg?resize=525%2C300 1.5x, https:\/\/i0.wp.com\/efagundes.com\/networking\/wp-content\/uploads\/sites\/5\/2015\/03\/Slide431.jpg?resize=700%2C400 2x"},"classes":[]},{"id":1001,"url":"https:\/\/efagundes.com\/networking\/comutacao\/","url_meta":{"origin":646,"position":5},"title":"Comuta\u00e7\u00e3o","author":"Eduardo Fagundes","date":"18\/11\/2012","format":false,"excerpt":"T\u00f3picos do capitulo","rel":"","context":"Post similar","block_context":{"text":"Post similar","link":""},"img":{"alt_text":"Slide1","src":"https:\/\/i0.wp.com\/efagundes.com\/networking\/wp-content\/uploads\/sites\/5\/2015\/03\/Slide118.jpg?resize=350%2C200","width":350,"height":200,"srcset":"https:\/\/i0.wp.com\/efagundes.com\/networking\/wp-content\/uploads\/sites\/5\/2015\/03\/Slide118.jpg?resize=350%2C200 1x, https:\/\/i0.wp.com\/efagundes.com\/networking\/wp-content\/uploads\/sites\/5\/2015\/03\/Slide118.jpg?resize=525%2C300 1.5x, https:\/\/i0.wp.com\/efagundes.com\/networking\/wp-content\/uploads\/sites\/5\/2015\/03\/Slide118.jpg?resize=700%2C400 2x"},"classes":[]}],"jetpack_sharing_enabled":true,"_links":{"self":[{"href":"https:\/\/efagundes.com\/networking\/wp-json\/wp\/v2\/pages\/646","targetHints":{"allow":["GET"]}}],"collection":[{"href":"https:\/\/efagundes.com\/networking\/wp-json\/wp\/v2\/pages"}],"about":[{"href":"https:\/\/efagundes.com\/networking\/wp-json\/wp\/v2\/types\/page"}],"author":[{"embeddable":true,"href":"https:\/\/efagundes.com\/networking\/wp-json\/wp\/v2\/users\/1"}],"replies":[{"embeddable":true,"href":"https:\/\/efagundes.com\/networking\/wp-json\/wp\/v2\/comments?post=646"}],"version-history":[{"count":0,"href":"https:\/\/efagundes.com\/networking\/wp-json\/wp\/v2\/pages\/646\/revisions"}],"wp:attachment":[{"href":"https:\/\/efagundes.com\/networking\/wp-json\/wp\/v2\/media?parent=646"}],"curies":[{"name":"wp","href":"https:\/\/api.w.org\/{rel}","templated":true}]}}