{"id":65,"date":"2012-11-16T18:38:48","date_gmt":"2012-11-16T20:38:48","guid":{"rendered":"http:\/\/efagundes.com\/openclass_networking\/?page_id=65"},"modified":"2022-01-16T17:49:50","modified_gmt":"2022-01-16T20:49:50","slug":"hardware-de-rede-2","status":"publish","type":"page","link":"https:\/\/efagundes.com\/networking\/hardware-de-rede\/hardware-de-rede-2\/","title":{"rendered":"Defini\u00e7\u00e3o de Hardware de Rede"},"content":{"rendered":"<p><a href=\"https:\/\/i0.wp.com\/efagundes.com.br\/networking\/wp-content\/uploads\/sites\/7\/2012\/11\/Slide8.jpg\"><img data-recalc-dims=\"1\" loading=\"lazy\" decoding=\"async\" class=\"alignnone  wp-image-7\" title=\"Hardware de Rede\" src=\"https:\/\/i0.wp.com\/efagundes.com.br\/networking\/wp-content\/uploads\/sites\/7\/2012\/11\/Slide8.jpg?resize=576%2C432\" alt=\"\" width=\"576\" height=\"432\" \/><\/a><\/p>\n<p>As redes de difus\u00e3o t\u00eam apenas um canal de comunica\u00e7\u00e3o, compartilhando por todas os equipamento da rede. Mensagem curtas, chamados de pacotes, s\u00e3o enviados por qualquer m\u00e1quina e identificados pela m\u00e1quina de destino. Quando as m\u00e1quinas recebem um pacote, as m\u00e1quinas verificam o campo de endere\u00e7o e processar\u00e1 a mensagem se ela a m\u00e1quina de destino, se n\u00e3o ela simplesmente ignorar\u00e1 o pacote.<\/p>\n<p>Uma analogia \u00e9 o an\u00fancio de v\u00f4o num aeroporto, quando \u00e9 informado o embarque de um determinado v\u00f4o apenas os passageiros daquele v\u00f4o atender\u00e3o o chamado, os demais simplesmente ignorar\u00e3o o aviso.<\/p>\n<p>Normalmente, os sistemas de difus\u00e3o tamb\u00e9m oferecem a possibilidade de endere\u00e7amento para todos os destinos, com a utiliza\u00e7\u00e3o de um c\u00f3digo especial no campo de endere\u00e7o. Esse modo de opera\u00e7\u00e3o \u00e9 chamado difus\u00e3o (broadcasting).\u00a0 Alguns sistemas de difus\u00e3o tamb\u00e9m permitem a transmiss\u00e3o para um grupo de equipamentos, que \u00e9 conhecido como multidifus\u00e3o (multicasting).<\/p>\n<p>Por outro lado, as redes ponto-a-ponto consistem em muitas conex\u00f5es entre pares de m\u00e1quinas individuais. Para ir do ponto de origem at\u00e9 o destino um pacote deve percorrer o caminho atrav\u00e9s de v\u00e1rias m\u00e1quinas intermedi\u00e1rias. Como \u00e9 poss\u00edvel existir v\u00e1rios percursos diferentes que possuem caracter\u00edsticas de tr\u00e1fico distintas deve existir um algoritmo para decidir qual a melhor para encaminhar os pacotes.<\/p>\n<p>&nbsp;<\/p>\n","protected":false},"excerpt":{"rendered":"<p>As redes de difus\u00e3o t\u00eam apenas um canal de comunica\u00e7\u00e3o, compartilhando por todas os equipamento da rede. Mensagem curtas, chamados de pacotes, s\u00e3o enviados por qualquer m\u00e1quina e identificados pela m\u00e1quina de destino. Quando as m\u00e1quinas recebem um pacote, as m\u00e1quinas verificam o campo de endere\u00e7o e processar\u00e1 a mensagem se ela a m\u00e1quina de [&hellip;]<\/p>\n","protected":false},"author":1,"featured_media":0,"parent":61,"menu_order":11,"comment_status":"closed","ping_status":"open","template":"","meta":{"footnotes":""},"class_list":["post-65","page","type-page","status-publish","hentry"],"jetpack_shortlink":"https:\/\/wp.me\/P8yKGp-13","jetpack-related-posts":[{"id":758,"url":"https:\/\/efagundes.com\/networking\/algoritmos-de-roteamento\/roteamento-por-difusao\/","url_meta":{"origin":65,"position":0},"title":"Roteamento por difus\u00e3o","author":"Eduardo Fagundes","date":"18\/11\/2012","format":false,"excerpt":"Para algumas aplica\u00e7\u00f5es os hosts precisam enviar mensagens a muitos outros hosts. Um exemplo \u00e9 o servi\u00e7o de distribui\u00e7\u00e3o de relat\u00f3rios sobre o tempo, atualiza\u00e7\u00f5es do mercado de a\u00e7\u00f5es ou programas de r\u00e1dio ao vivo. O envio de um pacote a todos os destinos simultaneamente \u00e9 chamado difus\u00e3o (broadcasting). Um\u2026","rel":"","context":"Post similar","block_context":{"text":"Post similar","link":""},"img":{"alt_text":"","src":"https:\/\/i0.wp.com\/efagundes.com\/networking\/wp-content\/uploads\/sites\/5\/2015\/03\/Slide195.jpg?resize=350%2C200","width":350,"height":200,"srcset":"https:\/\/i0.wp.com\/efagundes.com\/networking\/wp-content\/uploads\/sites\/5\/2015\/03\/Slide195.jpg?resize=350%2C200 1x, https:\/\/i0.wp.com\/efagundes.com\/networking\/wp-content\/uploads\/sites\/5\/2015\/03\/Slide195.jpg?resize=525%2C300 1.5x, https:\/\/i0.wp.com\/efagundes.com\/networking\/wp-content\/uploads\/sites\/5\/2015\/03\/Slide195.jpg?resize=700%2C400 2x"},"classes":[]},{"id":68,"url":"https:\/\/efagundes.com\/networking\/hardware-de-rede\/redes-locais-e-distribuidas\/","url_meta":{"origin":65,"position":1},"title":"Redes Locais e Distribu\u00eddas","author":"Eduardo Fagundes","date":"16\/11\/2012","format":false,"excerpt":"Uma rede local (LAN) \u00e9 uma rede de comunica\u00e7\u00f5es que serve a usu\u00e1rios dentro de uma \u00e1rea geogr\u00e1fica limitada. Os \" clientes \" s\u00e3o tipicamente workstations que rodam Windows, embora tamb\u00e9m sejam utilizados clientes Mac e clientes Linux . Os \" servidores \" armazenam os programas e dados que s\u00e3o\u2026","rel":"","context":"Post similar","block_context":{"text":"Post similar","link":""},"img":{"alt_text":"Slide9","src":"https:\/\/i0.wp.com\/efagundes.com\/networking\/wp-content\/uploads\/sites\/5\/2015\/03\/Slide9.jpg?resize=350%2C200","width":350,"height":200,"srcset":"https:\/\/i0.wp.com\/efagundes.com\/networking\/wp-content\/uploads\/sites\/5\/2015\/03\/Slide9.jpg?resize=350%2C200 1x, https:\/\/i0.wp.com\/efagundes.com\/networking\/wp-content\/uploads\/sites\/5\/2015\/03\/Slide9.jpg?resize=525%2C300 1.5x, https:\/\/i0.wp.com\/efagundes.com\/networking\/wp-content\/uploads\/sites\/5\/2015\/03\/Slide9.jpg?resize=700%2C400 2x"},"classes":[]},{"id":760,"url":"https:\/\/efagundes.com\/networking\/algoritmos-de-roteamento\/roteamento-por-multidifusao\/","url_meta":{"origin":65,"position":2},"title":"Roteamento por multidifus\u00e3o","author":"Eduardo Fagundes","date":"18\/11\/2012","format":false,"excerpt":"O roteamento por multidifus\u00e3o \u00e9 empregado em aplica\u00e7\u00f5es que funcionam reunidos em grupo; por exemplo, um grupo de processos que implementa um sistema de banco de dados distribu\u00eddos. Nessas situa\u00e7\u00f5es, muitas vezes \u00e9 necess\u00f3ario que um processo envie uma mensagem a todos os outros membro do grupo. A difus\u00e3o pode\u2026","rel":"","context":"Post similar","block_context":{"text":"Post similar","link":""},"img":{"alt_text":"","src":"https:\/\/i0.wp.com\/efagundes.com\/networking\/wp-content\/uploads\/sites\/5\/2015\/03\/Slide205.jpg?resize=350%2C200","width":350,"height":200,"srcset":"https:\/\/i0.wp.com\/efagundes.com\/networking\/wp-content\/uploads\/sites\/5\/2015\/03\/Slide205.jpg?resize=350%2C200 1x, https:\/\/i0.wp.com\/efagundes.com\/networking\/wp-content\/uploads\/sites\/5\/2015\/03\/Slide205.jpg?resize=525%2C300 1.5x, https:\/\/i0.wp.com\/efagundes.com\/networking\/wp-content\/uploads\/sites\/5\/2015\/03\/Slide205.jpg?resize=700%2C400 2x"},"classes":[]},{"id":83,"url":"https:\/\/efagundes.com\/networking\/hardware-de-rede\/rede-local-em-anel\/","url_meta":{"origin":65,"position":3},"title":"Rede local em anel","author":"Eduardo Fagundes","date":"16\/11\/2012","format":false,"excerpt":"As redes de topologia em anel cada bit se propaga de modo independente, sem esperar pelo restante do pacote ao qual pertence. Em geral, cada bit percorre todo o anel no intervalo de tempo em que alguns bits s\u00e3o enviados, muitas vezes at\u00e9 mesmo antes de o pacote ter sido\u2026","rel":"","context":"Post similar","block_context":{"text":"Post similar","link":""},"img":{"alt_text":"Slide16","src":"https:\/\/i0.wp.com\/efagundes.com\/networking\/wp-content\/uploads\/sites\/5\/2015\/03\/Slide16.jpg?resize=350%2C200","width":350,"height":200,"srcset":"https:\/\/i0.wp.com\/efagundes.com\/networking\/wp-content\/uploads\/sites\/5\/2015\/03\/Slide16.jpg?resize=350%2C200 1x, https:\/\/i0.wp.com\/efagundes.com\/networking\/wp-content\/uploads\/sites\/5\/2015\/03\/Slide16.jpg?resize=525%2C300 1.5x, https:\/\/i0.wp.com\/efagundes.com\/networking\/wp-content\/uploads\/sites\/5\/2015\/03\/Slide16.jpg?resize=700%2C400 2x"},"classes":[]},{"id":737,"url":"https:\/\/efagundes.com\/networking\/a-camada-de-rede\/implementacao-do-servico-orientado-a-conexoes\/","url_meta":{"origin":65,"position":4},"title":"Implementa\u00e7\u00e3o do servi\u00e7o orientado a conex\u00f5es","author":"Eduardo Fagundes","date":"18\/11\/2012","format":false,"excerpt":"A ideia por tr\u00e1s dos circuitos virtuais \u00e9 evitar a necessidade de escolher uma nova rota para cada pacote enviado, como nas conex\u00f5es sem conex\u00f5es. Nesse caso, quando uma conex\u00e3o \u00e9 estabelecida, escolhe-se uma rota desde a m\u00e1quina de origem at\u00e9 a m\u00e1quina de destino, como parte da configura\u00e7\u00e3o da\u2026","rel":"","context":"Post similar","block_context":{"text":"Post similar","link":""},"img":{"alt_text":"","src":"https:\/\/i0.wp.com\/efagundes.com\/networking\/wp-content\/uploads\/sites\/5\/2015\/03\/Slide87.jpg?resize=350%2C200","width":350,"height":200,"srcset":"https:\/\/i0.wp.com\/efagundes.com\/networking\/wp-content\/uploads\/sites\/5\/2015\/03\/Slide87.jpg?resize=350%2C200 1x, https:\/\/i0.wp.com\/efagundes.com\/networking\/wp-content\/uploads\/sites\/5\/2015\/03\/Slide87.jpg?resize=525%2C300 1.5x, https:\/\/i0.wp.com\/efagundes.com\/networking\/wp-content\/uploads\/sites\/5\/2015\/03\/Slide87.jpg?resize=700%2C400 2x"},"classes":[]},{"id":1153,"url":"https:\/\/efagundes.com\/networking\/protocolos-tcpip\/roteamento-basico\/","url_meta":{"origin":65,"position":5},"title":"Roteamento B\u00e1sico","author":"Eduardo Fagundes","date":"19\/11\/2012","format":false,"excerpt":"Suponha que A queira enviar um pacote pela primeira vez a C, e que conhece o endere\u00e7o IP de C. Para enviar este pacote pela rede Ethernet, A precisaria conhecer endere\u00e7o Ethernet de C. O Protocolo de Resolu\u00e7\u00e3o de Endere\u00e7o (Address Resolution Protocol - ARP) \u00e9 usado para a descoberta\u2026","rel":"","context":"Post similar","block_context":{"text":"Post similar","link":""},"img":{"alt_text":"Slide237","src":"https:\/\/i0.wp.com\/efagundes.com\/networking\/wp-content\/uploads\/sites\/5\/2012\/11\/Slide237.png?resize=350%2C200","width":350,"height":200,"srcset":"https:\/\/i0.wp.com\/efagundes.com\/networking\/wp-content\/uploads\/sites\/5\/2012\/11\/Slide237.png?resize=350%2C200 1x, https:\/\/i0.wp.com\/efagundes.com\/networking\/wp-content\/uploads\/sites\/5\/2012\/11\/Slide237.png?resize=525%2C300 1.5x, https:\/\/i0.wp.com\/efagundes.com\/networking\/wp-content\/uploads\/sites\/5\/2012\/11\/Slide237.png?resize=700%2C400 2x"},"classes":[]}],"jetpack_sharing_enabled":true,"_links":{"self":[{"href":"https:\/\/efagundes.com\/networking\/wp-json\/wp\/v2\/pages\/65","targetHints":{"allow":["GET"]}}],"collection":[{"href":"https:\/\/efagundes.com\/networking\/wp-json\/wp\/v2\/pages"}],"about":[{"href":"https:\/\/efagundes.com\/networking\/wp-json\/wp\/v2\/types\/page"}],"author":[{"embeddable":true,"href":"https:\/\/efagundes.com\/networking\/wp-json\/wp\/v2\/users\/1"}],"replies":[{"embeddable":true,"href":"https:\/\/efagundes.com\/networking\/wp-json\/wp\/v2\/comments?post=65"}],"version-history":[{"count":0,"href":"https:\/\/efagundes.com\/networking\/wp-json\/wp\/v2\/pages\/65\/revisions"}],"up":[{"embeddable":true,"href":"https:\/\/efagundes.com\/networking\/wp-json\/wp\/v2\/pages\/61"}],"wp:attachment":[{"href":"https:\/\/efagundes.com\/networking\/wp-json\/wp\/v2\/media?parent=65"}],"curies":[{"name":"wp","href":"https:\/\/api.w.org\/{rel}","templated":true}]}}