{"id":653,"date":"2012-11-17T21:11:04","date_gmt":"2012-11-17T23:11:04","guid":{"rendered":"http:\/\/efagundes.com\/openclass_networking\/?page_id=653"},"modified":"2022-01-16T17:52:19","modified_gmt":"2022-01-16T20:52:19","slug":"802-11-o-protocolo-da-subcamada-mac","status":"publish","type":"page","link":"https:\/\/efagundes.com\/networking\/lans-sem-fio\/802-11-o-protocolo-da-subcamada-mac\/","title":{"rendered":"802.11: o protocolo da subcamada MAC (I)"},"content":{"rendered":"<p>&nbsp;<\/p>\n<p><a href=\"https:\/\/i0.wp.com\/efagundes.com\/networking\/wp-content\/uploads\/sites\/5\/2012\/11\/Slide180.png\"><img data-recalc-dims=\"1\" loading=\"lazy\" decoding=\"async\" data-attachment-id=\"2653\" data-permalink=\"https:\/\/efagundes.com\/networking\/lans-sem-fio\/802-11-o-protocolo-da-subcamada-mac\/slide180\/\" data-orig-file=\"https:\/\/i0.wp.com\/efagundes.com\/networking\/wp-content\/uploads\/sites\/5\/2012\/11\/Slide180.png?fit=960%2C720&amp;ssl=1\" data-orig-size=\"960,720\" data-comments-opened=\"1\" data-image-meta=\"{&quot;aperture&quot;:&quot;0&quot;,&quot;credit&quot;:&quot;&quot;,&quot;camera&quot;:&quot;&quot;,&quot;caption&quot;:&quot;&quot;,&quot;created_timestamp&quot;:&quot;0&quot;,&quot;copyright&quot;:&quot;&quot;,&quot;focal_length&quot;:&quot;0&quot;,&quot;iso&quot;:&quot;0&quot;,&quot;shutter_speed&quot;:&quot;0&quot;,&quot;title&quot;:&quot;&quot;,&quot;orientation&quot;:&quot;0&quot;}\" data-image-title=\"Slide180\" data-image-description=\"\" data-image-caption=\"\" data-large-file=\"https:\/\/i0.wp.com\/efagundes.com\/networking\/wp-content\/uploads\/sites\/5\/2012\/11\/Slide180.png?fit=960%2C720&amp;ssl=1\" class=\"alignnone size-full wp-image-2653\" src=\"https:\/\/i0.wp.com\/efagundes.com\/networking\/wp-content\/uploads\/sites\/5\/2012\/11\/Slide180.png?resize=960%2C720\" alt=\"Slide180\" width=\"960\" height=\"720\" srcset=\"https:\/\/i0.wp.com\/efagundes.com\/networking\/wp-content\/uploads\/sites\/5\/2012\/11\/Slide180.png?w=960&amp;ssl=1 960w, https:\/\/i0.wp.com\/efagundes.com\/networking\/wp-content\/uploads\/sites\/5\/2012\/11\/Slide180.png?resize=300%2C225&amp;ssl=1 300w\" sizes=\"auto, (max-width: 960px) 100vw, 960px\" \/><\/a>O protocolo da subcamada MAC do 802.11 \u00e9 bastante diferente do protocolo da Ethernet, devido \u00e0 complexidade inerente do ambiente sem fio, em compara\u00e7\u00e3o com o de um sistema fisicamente conectado.<\/p>\n<p>O protocolo come\u00e7a quando A decide transmitir dados para B. O emissor pode emitir um RTS (request to send \u2013 pedido para enviar), que n\u00e3o possui nenhuma prioridade em rela\u00e7\u00e3o \u00e0s outras mensagens. O pacote RTS inclui o destinat\u00e1rio e o tempo previsto para transmiss\u00e3o dos dados. Esse tempo previsto especifica o intervalo de tempo necess\u00e1rio para transmitir o quadro de dados integralmente mais o sinal ACK que ser\u00e1 enviado pelo receptor. Toda a esta\u00e7\u00e3o que receber o sinal RTS tem que fixar o seu NAV (Net Allocation Vector) de acordo com a dura\u00e7\u00e3o do tempo previsto especificado no RTS. O NAV especifica o primeiro ponto no tempo onde a esta\u00e7\u00e3o pode tentar acessar o meio novamente.\u00a0 Se o receptor (da mensagem que o emissor quer enviar) recebe o RTS, ele responde com um CTS (clear to send \u2013 \u201cpode enviar\u201d), depois de esperar por um SIFS (Short Inter Frame Space) . Esse sinal CTS cont\u00e9m novamente o tempo previsto para transmiss\u00e3o da mensagem propriamente dita. E todas as esta\u00e7\u00f5es que receberem o CTS do receptor t\u00eam que ajustar seus NAV. O conjunto de esta\u00e7\u00f5es que receberam o CTS n\u00e3o \u00e9, necessariamente, o mesmo conjunto de esta\u00e7\u00f5es que receberam o RTS. Agora todas as esta\u00e7\u00f5es dentro do raio de a\u00e7\u00e3o do emissor e do receptor foram informadas que v\u00e3o ter que aguardar mais tempo para tentar acessar o meio. Isso contorna o problema do terminal escondido. Basicamente, o mecanismo reserva o meio para um \u00fanico emissor.<\/p>\n<p>Finalmente, o emissor pode enviar a mensagem propriamente dita depois de SIFS. O receptor recebe a mensagem, espera por SIFS, e envia o sinal ACK se a transmiss\u00e3o estiver correta. Agora a transmiss\u00e3o est\u00e1 completa a o NAV em cada esta\u00e7\u00e3o indica que o meio est\u00e1 inativo e o ciclo padr\u00e3o pode recome\u00e7ar.<\/p>\n<p>Com esse mecanismo (uso do RTS e CTS), colis\u00f5es s\u00f3 podem acontecer no in\u00edcio (quando o RTS est\u00e1 sendo enviado). Duas ou mais esta\u00e7\u00f5es podem come\u00e7ar a transmiss\u00e3o ao mesmo tempo (RTS ou dados). A utiliza\u00e7\u00e3o de RTS\/CTS pode resultar num overhead significativo, ou seja, a efici\u00eancia da transmiss\u00e3o pode diminuir; causando perda de banda passante e um delay elevado. Por isso esse mecanismo, normalmente, s\u00f3 \u00e9 utilizado para se enviar quadros grandes.<\/p>\n<p>(http:\/\/www.gta.ufrj.br\/grad\/00_2\/ieee\/CSMARTS.htm)<\/p>\n<p>&nbsp;<\/p>\n","protected":false},"excerpt":{"rendered":"<p>&nbsp; O protocolo da subcamada MAC do 802.11 \u00e9 bastante diferente do protocolo da Ethernet, devido \u00e0 complexidade inerente do ambiente sem fio, em compara\u00e7\u00e3o com o de um sistema fisicamente conectado. O protocolo come\u00e7a quando A decide transmitir dados para B. O emissor pode emitir um RTS (request to send \u2013 pedido para enviar), [&hellip;]<\/p>\n","protected":false},"author":1,"featured_media":0,"parent":646,"menu_order":75,"comment_status":"closed","ping_status":"closed","template":"","meta":{"footnotes":""},"class_list":["post-653","page","type-page","status-publish","hentry"],"jetpack_shortlink":"https:\/\/wp.me\/P8yKGp-ax","jetpack-related-posts":[{"id":1086,"url":"https:\/\/efagundes.com\/networking\/lans-sem-fio\/802-11-o-protocolo-da-subcamada-mac-2-2\/","url_meta":{"origin":653,"position":0},"title":"802.11: o protocolo da subcamada MAC (II)","author":"Eduardo Fagundes","date":"19\/11\/2012","format":false,"excerpt":"\u00a0 A taxa de erro de transmiss\u00e3o em Redes sem Fio \u00e9 geralmente muito maior que em redes de fibra \u00f3ptica, por exemplo. Uma maneira de diminuir a probabilidade de erro dos quadros \u00e9 utilizar quadros pequenos. Nesse caso, a taxa de erros na transmiss\u00e3o \u00e9 a mesma, mas somente\u2026","rel":"","context":"Post similar","block_context":{"text":"Post similar","link":""},"img":{"alt_text":"Slide181","src":"https:\/\/i0.wp.com\/efagundes.com\/networking\/wp-content\/uploads\/sites\/5\/2012\/11\/Slide181.png?resize=350%2C200","width":350,"height":200,"srcset":"https:\/\/i0.wp.com\/efagundes.com\/networking\/wp-content\/uploads\/sites\/5\/2012\/11\/Slide181.png?resize=350%2C200 1x, https:\/\/i0.wp.com\/efagundes.com\/networking\/wp-content\/uploads\/sites\/5\/2012\/11\/Slide181.png?resize=525%2C300 1.5x, https:\/\/i0.wp.com\/efagundes.com\/networking\/wp-content\/uploads\/sites\/5\/2012\/11\/Slide181.png?resize=700%2C400 2x"},"classes":[]},{"id":632,"url":"https:\/\/efagundes.com\/networking\/subcamada-de-acesso-ao-meio\/protocolo-csmacd\/","url_meta":{"origin":653,"position":1},"title":"Protocolo CSMA\/CD","author":"Eduardo Fagundes","date":"17\/11\/2012","format":false,"excerpt":"A Ethernet usa um refinamento do protocolo ALOHA, conhecido como Carrier Sense Multiple Access (CSMA) que melhora desempenho quando houver um tr\u00e1fego alto de dados. Quando um NIC tiver dados para transmitir, o NIC escuta o cabo primeiro (usando um transceptor) para ver se existe portadora (sinal) e inicia a\u2026","rel":"","context":"Post similar","block_context":{"text":"Post similar","link":""},"img":{"alt_text":"","src":"https:\/\/i0.wp.com\/efagundes.com\/networking\/wp-content\/uploads\/sites\/5\/2015\/03\/Slide303.jpg?resize=350%2C200","width":350,"height":200,"srcset":"https:\/\/i0.wp.com\/efagundes.com\/networking\/wp-content\/uploads\/sites\/5\/2015\/03\/Slide303.jpg?resize=350%2C200 1x, https:\/\/i0.wp.com\/efagundes.com\/networking\/wp-content\/uploads\/sites\/5\/2015\/03\/Slide303.jpg?resize=525%2C300 1.5x, https:\/\/i0.wp.com\/efagundes.com\/networking\/wp-content\/uploads\/sites\/5\/2015\/03\/Slide303.jpg?resize=700%2C400 2x"},"classes":[]},{"id":628,"url":"https:\/\/efagundes.com\/networking\/subcamada-de-acesso-ao-meio\/protocolo-aloha\/","url_meta":{"origin":653,"position":2},"title":"Protocolo ALOHA","author":"Eduardo Fagundes","date":"17\/11\/2012","format":false,"excerpt":"O Protocolo que deu origem ao 802.3 \u00e9 conhecido como ALOHA (palavra havaiana que significa \"hello\"). O ALOHA permite que qualquer computador transmita em um dado momento, mas estabelece que cada computador deve adicionar um checksum no fim de sua transmiss\u00e3o para permitir que o(s) receptores(s) identifiquem se o frame\u2026","rel":"","context":"Post similar","block_context":{"text":"Post similar","link":""},"img":{"alt_text":"","src":"https:\/\/i0.wp.com\/efagundes.com\/networking\/wp-content\/uploads\/sites\/5\/2015\/03\/Slide283.jpg?resize=350%2C200","width":350,"height":200,"srcset":"https:\/\/i0.wp.com\/efagundes.com\/networking\/wp-content\/uploads\/sites\/5\/2015\/03\/Slide283.jpg?resize=350%2C200 1x, https:\/\/i0.wp.com\/efagundes.com\/networking\/wp-content\/uploads\/sites\/5\/2015\/03\/Slide283.jpg?resize=525%2C300 1.5x, https:\/\/i0.wp.com\/efagundes.com\/networking\/wp-content\/uploads\/sites\/5\/2015\/03\/Slide283.jpg?resize=700%2C400 2x"},"classes":[]},{"id":648,"url":"https:\/\/efagundes.com\/networking\/lans-sem-fio\/802-11-a-pilha-de-protocolos\/","url_meta":{"origin":653,"position":3},"title":"802.11: a pilha de protocolos","author":"Eduardo Fagundes","date":"17\/11\/2012","format":false,"excerpt":"Os protocolos usados por todas as variantes do 802, inclusive a Ethernet, t\u00eam certas caracter\u00edstica comuns em sua estrutura. Uma vis\u00e3o parcial da pilha de protocolos 802.11 \u00e9 a mostrada na figura acima. A camada f\u00edsica corresponde muito bem \u00e0 camada f\u00edsica do modelo OSI, mas a camada de enlace\u2026","rel":"","context":"Post similar","block_context":{"text":"Post similar","link":""},"img":{"alt_text":"Slide178","src":"https:\/\/i0.wp.com\/efagundes.com\/networking\/wp-content\/uploads\/sites\/5\/2012\/11\/Slide178.png?resize=350%2C200","width":350,"height":200,"srcset":"https:\/\/i0.wp.com\/efagundes.com\/networking\/wp-content\/uploads\/sites\/5\/2012\/11\/Slide178.png?resize=350%2C200 1x, https:\/\/i0.wp.com\/efagundes.com\/networking\/wp-content\/uploads\/sites\/5\/2012\/11\/Slide178.png?resize=525%2C300 1.5x, https:\/\/i0.wp.com\/efagundes.com\/networking\/wp-content\/uploads\/sites\/5\/2012\/11\/Slide178.png?resize=700%2C400 2x"},"classes":[]},{"id":630,"url":"https:\/\/efagundes.com\/networking\/subcamada-de-acesso-ao-meio\/slotted-aloha\/","url_meta":{"origin":653,"position":4},"title":"Slotted ALOHA","author":"Eduardo Fagundes","date":"17\/11\/2012","format":false,"excerpt":"O protocolo Slloted Aloha \u00e9 um protocolo de conten\u00e7\u00e3o onde a largura de faixa do canal \u00e9 uma stream cont\u00ednua dos slots cujo o comprimento \u00e9 o tempo necess\u00e1rio transmitir um pacote. Uma esta\u00e7\u00e3o transmissora transmitir\u00e1 um pacote no limite dispon\u00edvel do slot. Caso ocorra uma colis\u00e3o, cada esta\u00e7\u00e3o envolvida\u2026","rel":"","context":"Post similar","block_context":{"text":"Post similar","link":""},"img":{"alt_text":"","src":"https:\/\/i0.wp.com\/efagundes.com\/networking\/wp-content\/uploads\/sites\/5\/2015\/03\/Slide293.jpg?resize=350%2C200","width":350,"height":200,"srcset":"https:\/\/i0.wp.com\/efagundes.com\/networking\/wp-content\/uploads\/sites\/5\/2015\/03\/Slide293.jpg?resize=350%2C200 1x, https:\/\/i0.wp.com\/efagundes.com\/networking\/wp-content\/uploads\/sites\/5\/2015\/03\/Slide293.jpg?resize=525%2C300 1.5x, https:\/\/i0.wp.com\/efagundes.com\/networking\/wp-content\/uploads\/sites\/5\/2015\/03\/Slide293.jpg?resize=700%2C400 2x"},"classes":[]},{"id":626,"url":"https:\/\/efagundes.com\/networking\/subcamada-de-acesso-ao-meio\/alocacao-dinamica-de-canais-em-lans-e-mans\/","url_meta":{"origin":653,"position":5},"title":"Aloca\u00e7\u00e3o din\u00e2mica de canais em LANs e MANs","author":"Eduardo Fagundes","date":"17\/11\/2012","format":false,"excerpt":"Existem cinco premissas fundamentais na discuss\u00e3o sobre a aloca\u00e7\u00e3o din\u00e2mica de canais em LANs e MANs. 1. Modelo da esta\u00e7\u00e3o. O modelo consiste em N esta\u00e7\u00f5es independentes (computadores, telefones, comunicadores pessoais, etc.), cada qual com um programa ou usu\u00e1rios que gera quadros para transmiss\u00e3o. Algumas vezes, as esta\u00e7\u00f5es s\u00e3o chamadas\u2026","rel":"","context":"Post similar","block_context":{"text":"Post similar","link":""},"img":{"alt_text":"","src":"https:\/\/i0.wp.com\/efagundes.com\/networking\/wp-content\/uploads\/sites\/5\/2015\/03\/Slide273.jpg?resize=350%2C200","width":350,"height":200,"srcset":"https:\/\/i0.wp.com\/efagundes.com\/networking\/wp-content\/uploads\/sites\/5\/2015\/03\/Slide273.jpg?resize=350%2C200 1x, https:\/\/i0.wp.com\/efagundes.com\/networking\/wp-content\/uploads\/sites\/5\/2015\/03\/Slide273.jpg?resize=525%2C300 1.5x, https:\/\/i0.wp.com\/efagundes.com\/networking\/wp-content\/uploads\/sites\/5\/2015\/03\/Slide273.jpg?resize=700%2C400 2x"},"classes":[]}],"jetpack_sharing_enabled":true,"_links":{"self":[{"href":"https:\/\/efagundes.com\/networking\/wp-json\/wp\/v2\/pages\/653","targetHints":{"allow":["GET"]}}],"collection":[{"href":"https:\/\/efagundes.com\/networking\/wp-json\/wp\/v2\/pages"}],"about":[{"href":"https:\/\/efagundes.com\/networking\/wp-json\/wp\/v2\/types\/page"}],"author":[{"embeddable":true,"href":"https:\/\/efagundes.com\/networking\/wp-json\/wp\/v2\/users\/1"}],"replies":[{"embeddable":true,"href":"https:\/\/efagundes.com\/networking\/wp-json\/wp\/v2\/comments?post=653"}],"version-history":[{"count":0,"href":"https:\/\/efagundes.com\/networking\/wp-json\/wp\/v2\/pages\/653\/revisions"}],"up":[{"embeddable":true,"href":"https:\/\/efagundes.com\/networking\/wp-json\/wp\/v2\/pages\/646"}],"wp:attachment":[{"href":"https:\/\/efagundes.com\/networking\/wp-json\/wp\/v2\/media?parent=653"}],"curies":[{"name":"wp","href":"https:\/\/api.w.org\/{rel}","templated":true}]}}