{"id":661,"date":"2012-11-17T21:16:36","date_gmt":"2012-11-17T23:16:36","guid":{"rendered":"http:\/\/efagundes.com\/openclass_networking\/?page_id=661"},"modified":"2022-01-16T17:52:20","modified_gmt":"2022-01-16T20:52:20","slug":"servicos-das-lans-sem-fio","status":"publish","type":"page","link":"https:\/\/efagundes.com\/networking\/lans-sem-fio\/servicos-das-lans-sem-fio\/","title":{"rendered":"Servi\u00e7os das LANs sem fio"},"content":{"rendered":"<p><img data-recalc-dims=\"1\" loading=\"lazy\" decoding=\"async\" class=\"alignnone\" src=\"https:\/\/i0.wp.com\/efagundes.com\/networking\/wp-content\/uploads\/sites\/5\/2015\/03\/Slide431.jpg?resize=960%2C720\" alt=\"\" width=\"960\" height=\"720\" \/><\/p>\n<p>Autentica\u00e7\u00e3o, Associa\u00e7\u00e3o e Reassocia\u00e7\u00e3o: permitem que esta\u00e7\u00f5es continuem conectadas \u00e0 infra-estrutura mesmo quando movimentam-se de uma BSA para outra. As esta\u00e7\u00f5es utilizam procedimentos de varredura para determinar qual \u00e9 o melhor AP (a pot\u00eancia do sinal e a qualidade da recep\u00e7\u00e3o dos quadros enviados pelos APs s\u00e3o considerados na classifica\u00e7\u00e3o) e associam-se a ele, passando a acessar o sistema de distribui\u00e7\u00e3o atrav\u00e9s do AP escolhido.<\/p>\n<p>Gerenciamento de energia: permite que as esta\u00e7\u00f5es operem economizando energia. Para tal \u00e9 necess\u00e1rio que o AP armazene temporariamente quadros endere\u00e7ados a esta\u00e7\u00f5es que est\u00e3o poupando energia (operando com a fun\u00e7\u00e3o de recep\u00e7\u00e3o desabilitada \u2013 modo power save). O AP e as esta\u00e7\u00f5es operam com rel\u00f3gios sincronizados, periodicamente as esta\u00e7\u00f5es ligam seus receptores e o AP transmite quadros anunciando tr\u00e1fego, para que as esta\u00e7\u00f5es possam se preparar para receber os quadros a elas endere\u00e7ados que est\u00e3o armazenados no AP.<\/p>\n<p>Sincroniza\u00e7\u00e3o: esta fun\u00e7\u00e3o deve garantir que as esta\u00e7\u00f5es associadas a um AP est\u00e3o sincronizadas por um rel\u00f3gio comum. A fun\u00e7\u00e3o de sincroniza\u00e7\u00e3o \u00e9 implementada atrav\u00e9s de envio peri\u00f3dico de quadros (beacons) carregando o valor do rel\u00f3gio do AP. Esses quadros s\u00e3o usados pelas esta\u00e7\u00f5es para atualizar seus rel\u00f3gios com base no valor neles transportado. A sincroniza\u00e7\u00e3o \u00e9 usada, por exemplo, para programar o momento que uma esta\u00e7\u00e3o deve ligar seu receptor (power up) para receber as mensagens enviadas periodicamente pelo AP anunciando tr\u00e1fego.<\/p>\n<p>&nbsp;<\/p>\n","protected":false},"excerpt":{"rendered":"<p>Autentica\u00e7\u00e3o, Associa\u00e7\u00e3o e Reassocia\u00e7\u00e3o: permitem que esta\u00e7\u00f5es continuem conectadas \u00e0 infra-estrutura mesmo quando movimentam-se de uma BSA para outra. As esta\u00e7\u00f5es utilizam procedimentos de varredura para determinar qual \u00e9 o melhor AP (a pot\u00eancia do sinal e a qualidade da recep\u00e7\u00e3o dos quadros enviados pelos APs s\u00e3o considerados na classifica\u00e7\u00e3o) e associam-se a ele, passando [&hellip;]<\/p>\n","protected":false},"author":1,"featured_media":0,"parent":646,"menu_order":79,"comment_status":"closed","ping_status":"closed","template":"","meta":{"footnotes":""},"class_list":["post-661","page","type-page","status-publish","hentry"],"jetpack_shortlink":"https:\/\/wp.me\/P8yKGp-aF","jetpack-related-posts":[{"id":626,"url":"https:\/\/efagundes.com\/networking\/subcamada-de-acesso-ao-meio\/alocacao-dinamica-de-canais-em-lans-e-mans\/","url_meta":{"origin":661,"position":0},"title":"Aloca\u00e7\u00e3o din\u00e2mica de canais em LANs e MANs","author":"Eduardo Fagundes","date":"17\/11\/2012","format":false,"excerpt":"Existem cinco premissas fundamentais na discuss\u00e3o sobre a aloca\u00e7\u00e3o din\u00e2mica de canais em LANs e MANs. 1. Modelo da esta\u00e7\u00e3o. O modelo consiste em N esta\u00e7\u00f5es independentes (computadores, telefones, comunicadores pessoais, etc.), cada qual com um programa ou usu\u00e1rios que gera quadros para transmiss\u00e3o. Algumas vezes, as esta\u00e7\u00f5es s\u00e3o chamadas\u2026","rel":"","context":"Post similar","block_context":{"text":"Post similar","link":""},"img":{"alt_text":"","src":"https:\/\/i0.wp.com\/efagundes.com\/networking\/wp-content\/uploads\/sites\/5\/2015\/03\/Slide273.jpg?resize=350%2C200","width":350,"height":200,"srcset":"https:\/\/i0.wp.com\/efagundes.com\/networking\/wp-content\/uploads\/sites\/5\/2015\/03\/Slide273.jpg?resize=350%2C200 1x, https:\/\/i0.wp.com\/efagundes.com\/networking\/wp-content\/uploads\/sites\/5\/2015\/03\/Slide273.jpg?resize=525%2C300 1.5x, https:\/\/i0.wp.com\/efagundes.com\/networking\/wp-content\/uploads\/sites\/5\/2015\/03\/Slide273.jpg?resize=700%2C400 2x"},"classes":[]},{"id":1086,"url":"https:\/\/efagundes.com\/networking\/lans-sem-fio\/802-11-o-protocolo-da-subcamada-mac-2-2\/","url_meta":{"origin":661,"position":1},"title":"802.11: o protocolo da subcamada MAC (II)","author":"Eduardo Fagundes","date":"19\/11\/2012","format":false,"excerpt":"\u00a0 A taxa de erro de transmiss\u00e3o em Redes sem Fio \u00e9 geralmente muito maior que em redes de fibra \u00f3ptica, por exemplo. Uma maneira de diminuir a probabilidade de erro dos quadros \u00e9 utilizar quadros pequenos. Nesse caso, a taxa de erros na transmiss\u00e3o \u00e9 a mesma, mas somente\u2026","rel":"","context":"Post similar","block_context":{"text":"Post similar","link":""},"img":{"alt_text":"Slide181","src":"https:\/\/i0.wp.com\/efagundes.com\/networking\/wp-content\/uploads\/sites\/5\/2012\/11\/Slide181.png?resize=350%2C200","width":350,"height":200,"srcset":"https:\/\/i0.wp.com\/efagundes.com\/networking\/wp-content\/uploads\/sites\/5\/2012\/11\/Slide181.png?resize=350%2C200 1x, https:\/\/i0.wp.com\/efagundes.com\/networking\/wp-content\/uploads\/sites\/5\/2012\/11\/Slide181.png?resize=525%2C300 1.5x, https:\/\/i0.wp.com\/efagundes.com\/networking\/wp-content\/uploads\/sites\/5\/2012\/11\/Slide181.png?resize=700%2C400 2x"},"classes":[]},{"id":653,"url":"https:\/\/efagundes.com\/networking\/lans-sem-fio\/802-11-o-protocolo-da-subcamada-mac\/","url_meta":{"origin":661,"position":2},"title":"802.11: o protocolo da subcamada MAC (I)","author":"Eduardo Fagundes","date":"17\/11\/2012","format":false,"excerpt":"\u00a0 O protocolo da subcamada MAC do 802.11 \u00e9 bastante diferente do protocolo da Ethernet, devido \u00e0 complexidade inerente do ambiente sem fio, em compara\u00e7\u00e3o com o de um sistema fisicamente conectado. O protocolo come\u00e7a quando A decide transmitir dados para B. O emissor pode emitir um RTS (request to\u2026","rel":"","context":"Post similar","block_context":{"text":"Post similar","link":""},"img":{"alt_text":"Slide180","src":"https:\/\/i0.wp.com\/efagundes.com\/networking\/wp-content\/uploads\/sites\/5\/2012\/11\/Slide180.png?resize=350%2C200","width":350,"height":200,"srcset":"https:\/\/i0.wp.com\/efagundes.com\/networking\/wp-content\/uploads\/sites\/5\/2012\/11\/Slide180.png?resize=350%2C200 1x, https:\/\/i0.wp.com\/efagundes.com\/networking\/wp-content\/uploads\/sites\/5\/2012\/11\/Slide180.png?resize=525%2C300 1.5x, https:\/\/i0.wp.com\/efagundes.com\/networking\/wp-content\/uploads\/sites\/5\/2012\/11\/Slide180.png?resize=700%2C400 2x"},"classes":[]},{"id":406,"url":"https:\/\/efagundes.com\/networking\/sistema-telefonico\/estrutura-do-sistema-telefonico-ii\/","url_meta":{"origin":661,"position":3},"title":"Estrutura do sistema telef\u00f4nico (II)","author":"Eduardo Fagundes","date":"17\/11\/2012","format":false,"excerpt":"Em 1890, era poss\u00edvel notar a presen\u00e7a das tr\u00eas principais partes do sistema telef\u00f4nico: as esta\u00e7\u00f5es de comuta\u00e7\u00e3o, os fios que ligavam os usu\u00e1rios \u00e0s esta\u00e7\u00f5es de comuta\u00e7\u00e3o (agora j\u00e1 operando com cabos de pares tran\u00e7ados, isolados e balanceados em vez de cabos abertos com retorno por terra) e as\u2026","rel":"","context":"Post similar","block_context":{"text":"Post similar","link":""},"img":{"alt_text":"Slide7","src":"https:\/\/i0.wp.com\/efagundes.com\/networking\/wp-content\/uploads\/sites\/5\/2015\/03\/Slide74.jpg?resize=350%2C200","width":350,"height":200,"srcset":"https:\/\/i0.wp.com\/efagundes.com\/networking\/wp-content\/uploads\/sites\/5\/2015\/03\/Slide74.jpg?resize=350%2C200 1x, https:\/\/i0.wp.com\/efagundes.com\/networking\/wp-content\/uploads\/sites\/5\/2015\/03\/Slide74.jpg?resize=525%2C300 1.5x, https:\/\/i0.wp.com\/efagundes.com\/networking\/wp-content\/uploads\/sites\/5\/2015\/03\/Slide74.jpg?resize=700%2C400 2x"},"classes":[]},{"id":604,"url":"https:\/\/efagundes.com\/networking\/exemplos-de-protocolos\/high-level-data-link-control\/","url_meta":{"origin":661,"position":4},"title":"High-level Data Link Control (I)","author":"Eduardo Fagundes","date":"17\/11\/2012","format":false,"excerpt":"O HDLC (Higher Level Data Link Control) pertence a uma classe de protocolos que diferem muito pouco entre si, como o protocolo SDLC (Synchronous Data Link Control) da IBM em sua rede SNA (System Network Architecture). O HDLC \u00e9 orientado a bit, em contraposi\u00e7\u00e3o aos protocolos orientados a caracteres. Estes\u2026","rel":"","context":"Post similar","block_context":{"text":"Post similar","link":""},"img":{"alt_text":"","src":"https:\/\/i0.wp.com\/efagundes.com\/networking\/wp-content\/uploads\/sites\/5\/2015\/03\/Slide184.jpg?resize=350%2C200","width":350,"height":200,"srcset":"https:\/\/i0.wp.com\/efagundes.com\/networking\/wp-content\/uploads\/sites\/5\/2015\/03\/Slide184.jpg?resize=350%2C200 1x, https:\/\/i0.wp.com\/efagundes.com\/networking\/wp-content\/uploads\/sites\/5\/2015\/03\/Slide184.jpg?resize=525%2C300 1.5x, https:\/\/i0.wp.com\/efagundes.com\/networking\/wp-content\/uploads\/sites\/5\/2015\/03\/Slide184.jpg?resize=700%2C400 2x"},"classes":[]},{"id":628,"url":"https:\/\/efagundes.com\/networking\/subcamada-de-acesso-ao-meio\/protocolo-aloha\/","url_meta":{"origin":661,"position":5},"title":"Protocolo ALOHA","author":"Eduardo Fagundes","date":"17\/11\/2012","format":false,"excerpt":"O Protocolo que deu origem ao 802.3 \u00e9 conhecido como ALOHA (palavra havaiana que significa \"hello\"). O ALOHA permite que qualquer computador transmita em um dado momento, mas estabelece que cada computador deve adicionar um checksum no fim de sua transmiss\u00e3o para permitir que o(s) receptores(s) identifiquem se o frame\u2026","rel":"","context":"Post similar","block_context":{"text":"Post similar","link":""},"img":{"alt_text":"","src":"https:\/\/i0.wp.com\/efagundes.com\/networking\/wp-content\/uploads\/sites\/5\/2015\/03\/Slide283.jpg?resize=350%2C200","width":350,"height":200,"srcset":"https:\/\/i0.wp.com\/efagundes.com\/networking\/wp-content\/uploads\/sites\/5\/2015\/03\/Slide283.jpg?resize=350%2C200 1x, https:\/\/i0.wp.com\/efagundes.com\/networking\/wp-content\/uploads\/sites\/5\/2015\/03\/Slide283.jpg?resize=525%2C300 1.5x, https:\/\/i0.wp.com\/efagundes.com\/networking\/wp-content\/uploads\/sites\/5\/2015\/03\/Slide283.jpg?resize=700%2C400 2x"},"classes":[]}],"jetpack_sharing_enabled":true,"_links":{"self":[{"href":"https:\/\/efagundes.com\/networking\/wp-json\/wp\/v2\/pages\/661","targetHints":{"allow":["GET"]}}],"collection":[{"href":"https:\/\/efagundes.com\/networking\/wp-json\/wp\/v2\/pages"}],"about":[{"href":"https:\/\/efagundes.com\/networking\/wp-json\/wp\/v2\/types\/page"}],"author":[{"embeddable":true,"href":"https:\/\/efagundes.com\/networking\/wp-json\/wp\/v2\/users\/1"}],"replies":[{"embeddable":true,"href":"https:\/\/efagundes.com\/networking\/wp-json\/wp\/v2\/comments?post=661"}],"version-history":[{"count":0,"href":"https:\/\/efagundes.com\/networking\/wp-json\/wp\/v2\/pages\/661\/revisions"}],"up":[{"embeddable":true,"href":"https:\/\/efagundes.com\/networking\/wp-json\/wp\/v2\/pages\/646"}],"wp:attachment":[{"href":"https:\/\/efagundes.com\/networking\/wp-json\/wp\/v2\/media?parent=661"}],"curies":[{"name":"wp","href":"https:\/\/api.w.org\/{rel}","templated":true}]}}