{"id":671,"date":"2012-11-17T21:24:02","date_gmt":"2012-11-17T23:24:02","guid":{"rendered":"http:\/\/efagundes.com\/openclass_networking\/?page_id=671"},"modified":"2022-01-16T17:52:20","modified_gmt":"2022-01-16T20:52:20","slug":"aplicacoes-do-bluetooth","status":"publish","type":"page","link":"https:\/\/efagundes.com\/networking\/lans-sem-fio\/aplicacoes-do-bluetooth\/","title":{"rendered":"Aplica\u00e7\u00f5es do Bluetooth"},"content":{"rendered":"<p><img data-recalc-dims=\"1\" loading=\"lazy\" decoding=\"async\" class=\"alignnone\" src=\"https:\/\/i0.wp.com\/efagundes.com\/networking\/wp-content\/uploads\/sites\/5\/2015\/03\/Slide47.jpg?resize=960%2C720\" alt=\"\" width=\"960\" height=\"720\" \/><\/p>\n<p>A maioria dos protocolos de rede s\u00f3 fornece canais entre entidades que se comunicam, deixando para os projetistas de aplica\u00e7\u00f5es a tarefa de descobrir a utilidade desses canis. Em contraste, a especifica\u00e7\u00e3o Bluetooth V1.1 identifica 13 aplica\u00e7\u00f5es espec\u00edficas que ser\u00e3o admitidas e fornece diferentes pilhas de protocolos para cada uma. As 13 aplica\u00e7\u00f5es, chamadas perfis, est\u00e3o listadas na figura acima.<\/p>\n<p>O perfil de acesso gen\u00e9rico n\u00e3o \u00e9 realmente uma aplica\u00e7\u00e3o, mas sim a base sobre a qual s\u00e3o elaboradas as aplica\u00e7\u00f5es reais. Sua principal fun\u00e7\u00e3o \u00e9 fornecer um meio para estabelecer e manter enlaces seguros entre o mestre e os escravos.<\/p>\n<p>O perfil de porta serial \u00e9 um protocolo de transporte utilizado pela maioria dos outros perfis. Ele emula uma linha serial e \u00e9 especialmente \u00fatil para aplica\u00e7\u00f5es legadas que esperam encontrar uma linha serial.<\/p>\n<p>Existe um grupo com perfis relacionadas \u00e0s redes. O perfil de acesso de LAN permite que um dispositivo Bluetooth se conecte a uma rede fixa. Esse perfil \u00e9 um concorrente direto do 802.11. O perfil de rede dial-up foi a motiva\u00e7\u00e3o original do projeto. Ele permite que um notebook se conecte a um telefone m\u00f3vel contendo um modem interno sem fio.<\/p>\n<p>&nbsp;<\/p>\n","protected":false},"excerpt":{"rendered":"<p>A maioria dos protocolos de rede s\u00f3 fornece canais entre entidades que se comunicam, deixando para os projetistas de aplica\u00e7\u00f5es a tarefa de descobrir a utilidade desses canis. Em contraste, a especifica\u00e7\u00e3o Bluetooth V1.1 identifica 13 aplica\u00e7\u00f5es espec\u00edficas que ser\u00e3o admitidas e fornece diferentes pilhas de protocolos para cada uma. As 13 aplica\u00e7\u00f5es, chamadas perfis, [&hellip;]<\/p>\n","protected":false},"author":1,"featured_media":0,"parent":646,"menu_order":83,"comment_status":"closed","ping_status":"closed","template":"","meta":{"footnotes":""},"class_list":["post-671","page","type-page","status-publish","hentry"],"jetpack_shortlink":"https:\/\/wp.me\/P8yKGp-aP","jetpack-related-posts":[{"id":172,"url":"https:\/\/efagundes.com\/networking\/redes-geograficamente-distribuidas\/a-internet-2\/","url_meta":{"origin":671,"position":0},"title":"A Internet 2","author":"Eduardo Fagundes","date":"16\/11\/2012","format":false,"excerpt":"O projeto da Internet2 \u00e9 um esfor\u00e7o conjunto de mais de 200 universidades norte-americanas, agencias federais americanas e empresas do setor privado para desenvolver uma nova gera\u00e7\u00e3o de Internet para pesquisas e educa\u00e7\u00e3o, incluindo tanto servi\u00e7os de redes melhorados como aplica\u00e7\u00f5es multim\u00eddia que ser\u00e3o ativadas por estes servi\u00e7os. O trabalho\u2026","rel":"","context":"Post similar","block_context":{"text":"Post similar","link":""},"img":{"alt_text":"Slide13","src":"https:\/\/i0.wp.com\/efagundes.com\/networking\/wp-content\/uploads\/sites\/5\/2015\/03\/Slide131.jpg?resize=350%2C200","width":350,"height":200,"srcset":"https:\/\/i0.wp.com\/efagundes.com\/networking\/wp-content\/uploads\/sites\/5\/2015\/03\/Slide131.jpg?resize=350%2C200 1x, https:\/\/i0.wp.com\/efagundes.com\/networking\/wp-content\/uploads\/sites\/5\/2015\/03\/Slide131.jpg?resize=525%2C300 1.5x, https:\/\/i0.wp.com\/efagundes.com\/networking\/wp-content\/uploads\/sites\/5\/2015\/03\/Slide131.jpg?resize=700%2C400 2x"},"classes":[]},{"id":140,"url":"https:\/\/efagundes.com\/networking\/modelos-de-referencia\/","url_meta":{"origin":671,"position":1},"title":"Modelos de Refer\u00eancia","author":"Eduardo Fagundes","date":"16\/11\/2012","format":false,"excerpt":"O modelo OSI (Open System Interconnection) \u00e9 o padr\u00e3o ISO (International Organization for Standardization) para comunica\u00e7\u00f5es tem o prop\u00f3sito de padronizar a comunica\u00e7\u00e3o entre sistemas de processamento heterog\u00eaneos, que vem sendo utilizado em diversas aplica\u00e7\u00f5es, por v\u00e1rios organismos normativos. O modelo OSI define uma estrutura homologada internacionalmente para a implementa\u00e7\u00e3o\u2026","rel":"","context":"Post similar","block_context":{"text":"Post similar","link":""},"img":{"alt_text":"Slide1","src":"https:\/\/i0.wp.com\/efagundes.com\/networking\/wp-content\/uploads\/sites\/5\/2015\/03\/Slide110.jpg?resize=350%2C200","width":350,"height":200,"srcset":"https:\/\/i0.wp.com\/efagundes.com\/networking\/wp-content\/uploads\/sites\/5\/2015\/03\/Slide110.jpg?resize=350%2C200 1x, https:\/\/i0.wp.com\/efagundes.com\/networking\/wp-content\/uploads\/sites\/5\/2015\/03\/Slide110.jpg?resize=525%2C300 1.5x, https:\/\/i0.wp.com\/efagundes.com\/networking\/wp-content\/uploads\/sites\/5\/2015\/03\/Slide110.jpg?resize=700%2C400 2x"},"classes":[]},{"id":460,"url":"https:\/\/efagundes.com\/networking\/sistema-de-telefonia-movel\/internet-de-3o-geracao\/","url_meta":{"origin":671,"position":2},"title":"Internet de 3\u00ba gera\u00e7\u00e3o","author":"Eduardo Fagundes","date":"17\/11\/2012","format":false,"excerpt":"A Internet M\u00f3vel vai ser um sucesso apenas se novas aplica\u00e7\u00f5es forem desenvolvidas para tirar proveito das caracter\u00edsticas espec\u00edficas do ambiente de internet m\u00f3vel. Tais aplica\u00e7\u00f5es devem se beneficiar do acesso instant\u00e2neo a informa\u00e7\u00f5es de necessidade imediata, assim como de novas funcionalidades como os servi\u00e7os baseados em localiza\u00e7\u00e3o. Estas aplica\u00e7\u00f5es\u2026","rel":"","context":"Post similar","block_context":{"text":"Post similar","link":""},"img":{"alt_text":"","src":"https:\/\/i0.wp.com\/efagundes.com\/networking\/wp-content\/uploads\/sites\/5\/2015\/03\/Slide331.jpg?resize=350%2C200","width":350,"height":200,"srcset":"https:\/\/i0.wp.com\/efagundes.com\/networking\/wp-content\/uploads\/sites\/5\/2015\/03\/Slide331.jpg?resize=350%2C200 1x, https:\/\/i0.wp.com\/efagundes.com\/networking\/wp-content\/uploads\/sites\/5\/2015\/03\/Slide331.jpg?resize=525%2C300 1.5x, https:\/\/i0.wp.com\/efagundes.com\/networking\/wp-content\/uploads\/sites\/5\/2015\/03\/Slide331.jpg?resize=700%2C400 2x"},"classes":[]},{"id":101,"url":"https:\/\/efagundes.com\/networking\/software-de-rede\/hierarquias-de-protocolos\/","url_meta":{"origin":671,"position":3},"title":"Hierarquias de protocolos","author":"Eduardo Fagundes","date":"16\/11\/2012","format":false,"excerpt":"No in\u00edcio dos anos 60 foram criados os primeiros protocolos de comunica\u00e7\u00e3o BSC-1 (Bynary Synchronous Communications) para transmiss\u00e3o de informa\u00e7\u00f5es remotas em batch, e BSC-3 (ou poll select) que permitia a integra\u00e7\u00e3o do usu\u00e1rio com o sistema atrav\u00e9s de terminais, ou seja, o processamento on-line. Esses avan\u00e7os tecnol\u00f3gicos proporcionaram um\u2026","rel":"","context":"Post similar","block_context":{"text":"Post similar","link":""},"img":{"alt_text":"Slide25","src":"https:\/\/i0.wp.com\/efagundes.com\/networking\/wp-content\/uploads\/sites\/5\/2015\/03\/Slide25.jpg?resize=350%2C200","width":350,"height":200,"srcset":"https:\/\/i0.wp.com\/efagundes.com\/networking\/wp-content\/uploads\/sites\/5\/2015\/03\/Slide25.jpg?resize=350%2C200 1x, https:\/\/i0.wp.com\/efagundes.com\/networking\/wp-content\/uploads\/sites\/5\/2015\/03\/Slide25.jpg?resize=525%2C300 1.5x, https:\/\/i0.wp.com\/efagundes.com\/networking\/wp-content\/uploads\/sites\/5\/2015\/03\/Slide25.jpg?resize=700%2C400 2x"},"classes":[]},{"id":49,"url":"https:\/\/efagundes.com\/networking\/curso-de-redes-de-computadores\/aplicacoes-pela-internet-2\/","url_meta":{"origin":671,"position":4},"title":"Aplica\u00e7\u00f5es pela Internet","author":"Eduardo Fagundes","date":"16\/11\/2012","format":false,"excerpt":"T\u00f3picos do capitulo","rel":"","context":"Post similar","block_context":{"text":"Post similar","link":""},"img":{"alt_text":"Slide2","src":"https:\/\/i0.wp.com\/efagundes.com\/networking\/wp-content\/uploads\/sites\/5\/2015\/03\/Slide2-300x225.jpg?resize=350%2C200","width":350,"height":200,"srcset":"https:\/\/i0.wp.com\/efagundes.com\/networking\/wp-content\/uploads\/sites\/5\/2015\/03\/Slide2-300x225.jpg?resize=350%2C200 1x, https:\/\/i0.wp.com\/efagundes.com\/networking\/wp-content\/uploads\/sites\/5\/2015\/03\/Slide2-300x225.jpg?resize=525%2C300 1.5x"},"classes":[]},{"id":766,"url":"https:\/\/efagundes.com\/networking\/algoritmos-de-roteamento\/aplicacoes-de-roteamento-em-redes-ad-hoc\/","url_meta":{"origin":671,"position":5},"title":"Aplica\u00e7\u00f5es de roteamento em redes ad hoc","author":"Eduardo Fagundes","date":"18\/11\/2012","format":false,"excerpt":"Al\u00e9m da problem\u00e1tica dos hosts m\u00f3veis com roteadores fixos, existe uma dificuldade adicional em redes com roteamento m\u00f3veis, conhecidas como roteamento em redes ad-hoc. Tr\u00eas de ambientes m\u00f3veis devem ser sempre consideradas quando s\u00e3o projetados algoritmos para redes ad-hoc: Inexist\u00eancia de uma entidade central Possibilidade de r\u00e1pidas mudan\u00e7as topol\u00f3gicas Todas\u2026","rel":"","context":"Post similar","block_context":{"text":"Post similar","link":""},"img":{"alt_text":"","src":"https:\/\/i0.wp.com\/efagundes.com\/networking\/wp-content\/uploads\/sites\/5\/2015\/03\/Slide235.jpg?resize=350%2C200","width":350,"height":200,"srcset":"https:\/\/i0.wp.com\/efagundes.com\/networking\/wp-content\/uploads\/sites\/5\/2015\/03\/Slide235.jpg?resize=350%2C200 1x, https:\/\/i0.wp.com\/efagundes.com\/networking\/wp-content\/uploads\/sites\/5\/2015\/03\/Slide235.jpg?resize=525%2C300 1.5x, https:\/\/i0.wp.com\/efagundes.com\/networking\/wp-content\/uploads\/sites\/5\/2015\/03\/Slide235.jpg?resize=700%2C400 2x"},"classes":[]}],"jetpack_sharing_enabled":true,"_links":{"self":[{"href":"https:\/\/efagundes.com\/networking\/wp-json\/wp\/v2\/pages\/671","targetHints":{"allow":["GET"]}}],"collection":[{"href":"https:\/\/efagundes.com\/networking\/wp-json\/wp\/v2\/pages"}],"about":[{"href":"https:\/\/efagundes.com\/networking\/wp-json\/wp\/v2\/types\/page"}],"author":[{"embeddable":true,"href":"https:\/\/efagundes.com\/networking\/wp-json\/wp\/v2\/users\/1"}],"replies":[{"embeddable":true,"href":"https:\/\/efagundes.com\/networking\/wp-json\/wp\/v2\/comments?post=671"}],"version-history":[{"count":0,"href":"https:\/\/efagundes.com\/networking\/wp-json\/wp\/v2\/pages\/671\/revisions"}],"up":[{"embeddable":true,"href":"https:\/\/efagundes.com\/networking\/wp-json\/wp\/v2\/pages\/646"}],"wp:attachment":[{"href":"https:\/\/efagundes.com\/networking\/wp-json\/wp\/v2\/media?parent=671"}],"curies":[{"name":"wp","href":"https:\/\/api.w.org\/{rel}","templated":true}]}}