{"id":675,"date":"2012-11-17T21:26:30","date_gmt":"2012-11-17T23:26:30","guid":{"rendered":"http:\/\/efagundes.com\/openclass_networking\/?page_id=675"},"modified":"2022-01-16T17:52:22","modified_gmt":"2022-01-16T20:52:22","slug":"repetidores-hubs-bridges-switches-e-gateways","status":"publish","type":"page","link":"https:\/\/efagundes.com\/networking\/comutacao-na-camada-de-enlace-de-dados\/repetidores-hubs-bridges-switches-e-gateways\/","title":{"rendered":"Repetidores, hubs, bridges, switches e gateways (I)"},"content":{"rendered":"<p><img data-recalc-dims=\"1\" loading=\"lazy\" decoding=\"async\" class=\"alignnone\" src=\"https:\/\/i0.wp.com\/efagundes.com\/networking\/wp-content\/uploads\/sites\/5\/2015\/03\/Slide49.jpg?resize=960%2C720\" alt=\"\" width=\"960\" height=\"720\" \/><\/p>\n<p>Existem diferentes equipamentos que operam em diferentes camadas do modelo OSI, como mostra a figura acima a esquerda. A camada \u00e9 importante, porque diferentes dispositivos utilizam fragmentos de informa\u00e7\u00f5es diferentes para decidir como realizar a comuta\u00e7\u00e3o. Em um cen\u00e1rio t\u00edpico, o usu\u00e1rio gera alguns dados a serem enviados para um m\u00e1quina remota. Esses dados s\u00e3o repassados \u00e0 camada de transporte, que ent\u00e3o acrescenta um cabe\u00e7alho\u00a0 &#8211;\u00a0 por exemplo, um cabe\u00e7alho de TCP\u00a0 &#8211;\u00a0 e repassa a unidade resultante \u00e0 camada de rede situada abaixo dela. A camada de rede adiciona o seu pr\u00f3prio cabe\u00e7alho para formar um pacote da camada de rede, por exemplo, um pacote IP. Na figura a direita (b), vemos o pacote IP sombreado. Em seguida, o pacote vai para a camada de enlace de dados, que adiciona seu pr\u00f3prio cabe\u00e7alho e seu total de verifica\u00e7\u00e3o (CRC) e entrega o quadro resultante \u00e0 camada f\u00edsica para transmiss\u00e3o, por exemplo para uma LAN.<\/p>\n<p>&nbsp;<\/p>\n","protected":false},"excerpt":{"rendered":"<p>Existem diferentes equipamentos que operam em diferentes camadas do modelo OSI, como mostra a figura acima a esquerda. A camada \u00e9 importante, porque diferentes dispositivos utilizam fragmentos de informa\u00e7\u00f5es diferentes para decidir como realizar a comuta\u00e7\u00e3o. Em um cen\u00e1rio t\u00edpico, o usu\u00e1rio gera alguns dados a serem enviados para um m\u00e1quina remota. Esses dados s\u00e3o [&hellip;]<\/p>\n","protected":false},"author":1,"featured_media":0,"parent":673,"menu_order":85,"comment_status":"closed","ping_status":"closed","template":"","meta":{"footnotes":""},"class_list":["post-675","page","type-page","status-publish","hentry"],"jetpack_shortlink":"https:\/\/wp.me\/P8yKGp-aT","jetpack-related-posts":[{"id":797,"url":"https:\/\/efagundes.com\/networking\/algoritmos-de-roteamento\/troca-de-rotulos-e-mpls\/","url_meta":{"origin":675,"position":0},"title":"Troca de r\u00f3tulos e MPLS","author":"Eduardo Fagundes","date":"18\/11\/2012","format":false,"excerpt":"O primeiro problema do MPLS \u00e9 onde p\u00f4r o r\u00f3tulo. Tendo em vista que os pacotes IP n\u00e3o foram projetados para circuitos virtuais, n\u00e3o existe nenhum campo dispon\u00edvel para n\u00fameros de circuitos virtuais dentro do cabe\u00e7alho IP. Por essa raz\u00e3o, surgiu a necessidade de adicionar um novo cabe\u00e7alho MPLS antes\u2026","rel":"","context":"Post similar","block_context":{"text":"Post similar","link":""},"img":{"alt_text":"","src":"https:\/\/i0.wp.com\/efagundes.com\/networking\/wp-content\/uploads\/sites\/5\/2015\/03\/Slide392.jpg?resize=350%2C200","width":350,"height":200,"srcset":"https:\/\/i0.wp.com\/efagundes.com\/networking\/wp-content\/uploads\/sites\/5\/2015\/03\/Slide392.jpg?resize=350%2C200 1x, https:\/\/i0.wp.com\/efagundes.com\/networking\/wp-content\/uploads\/sites\/5\/2015\/03\/Slide392.jpg?resize=525%2C300 1.5x, https:\/\/i0.wp.com\/efagundes.com\/networking\/wp-content\/uploads\/sites\/5\/2015\/03\/Slide392.jpg?resize=700%2C400 2x"},"classes":[]},{"id":637,"url":"https:\/\/efagundes.com\/networking\/ethernet-2\/o-padrao-ieee-802-2-llc\/","url_meta":{"origin":675,"position":1},"title":"O padr\u00e3o IEEE 802.2: LLC","author":"Eduardo Fagundes","date":"17\/11\/2012","format":false,"excerpt":"O padr\u00e3o ANSI\/IEEE 802.2 (ISO 8802-2) descreve as fun\u00e7\u00f5es da camada de controle l\u00f3gico de enlace (LLC) do padr\u00e3o IEEE 802 (ISO 8802-2), comum aos v\u00e1rios m\u00e9todos de acesso definidos na fam\u00edlia de padr\u00f5es IEEE 802, bem como a interface oferecida pela camada LLC para o n\u00edvel de rede e\u2026","rel":"","context":"Post similar","block_context":{"text":"Post similar","link":""},"img":{"alt_text":"","src":"https:\/\/i0.wp.com\/efagundes.com\/networking\/wp-content\/uploads\/sites\/5\/2015\/03\/Slide323.jpg?resize=350%2C200","width":350,"height":200,"srcset":"https:\/\/i0.wp.com\/efagundes.com\/networking\/wp-content\/uploads\/sites\/5\/2015\/03\/Slide323.jpg?resize=350%2C200 1x, https:\/\/i0.wp.com\/efagundes.com\/networking\/wp-content\/uploads\/sites\/5\/2015\/03\/Slide323.jpg?resize=525%2C300 1.5x, https:\/\/i0.wp.com\/efagundes.com\/networking\/wp-content\/uploads\/sites\/5\/2015\/03\/Slide323.jpg?resize=700%2C400 2x"},"classes":[]},{"id":644,"url":"https:\/\/efagundes.com\/networking\/ethernet-2\/switched-ethernet\/","url_meta":{"origin":675,"position":2},"title":"Switched Ethernet","author":"Eduardo Fagundes","date":"17\/11\/2012","format":false,"excerpt":"Importante notar que o funcionamento da topologia em estrela depende do perif\u00e9rico concentrador utilizado, se for um hub ou um switch. No caso da utiliza\u00e7\u00e3o de um hub, a topologia fisicamente ser\u00e1 em estrela, como mostrada na figura no lado direito, por\u00e9m logicamente ela continua sendo uma rede de topologia\u2026","rel":"","context":"Post similar","block_context":{"text":"Post similar","link":""},"img":{"alt_text":"","src":"https:\/\/i0.wp.com\/efagundes.com\/networking\/wp-content\/uploads\/sites\/5\/2015\/03\/Slide351.jpg?resize=350%2C200","width":350,"height":200,"srcset":"https:\/\/i0.wp.com\/efagundes.com\/networking\/wp-content\/uploads\/sites\/5\/2015\/03\/Slide351.jpg?resize=350%2C200 1x, https:\/\/i0.wp.com\/efagundes.com\/networking\/wp-content\/uploads\/sites\/5\/2015\/03\/Slide351.jpg?resize=525%2C300 1.5x, https:\/\/i0.wp.com\/efagundes.com\/networking\/wp-content\/uploads\/sites\/5\/2015\/03\/Slide351.jpg?resize=700%2C400 2x"},"classes":[]},{"id":576,"url":"https:\/\/efagundes.com\/networking\/camada-de-enlace-de-dados\/enquadramento-contagem-de-caracteres\/","url_meta":{"origin":675,"position":3},"title":"Enquadramento: contagem de caracteres","author":"Eduardo Fagundes","date":"17\/11\/2012","format":false,"excerpt":"O m\u00e9todo de contagem de caracteres utiliza um campo no cabe\u00e7alho para especificar o n\u00famero de caracteres do quadro. Quando v\u00ea a contagem de caracteres, a camada de enlace de dados de destino sabe quantos caracteres devem vir em seguida e onde est\u00e1 o fim do quadro. O problema com\u2026","rel":"","context":"Post similar","block_context":{"text":"Post similar","link":""},"img":{"alt_text":"","src":"https:\/\/i0.wp.com\/efagundes.com\/networking\/wp-content\/uploads\/sites\/5\/2015\/03\/Slide56.jpg?resize=350%2C200","width":350,"height":200,"srcset":"https:\/\/i0.wp.com\/efagundes.com\/networking\/wp-content\/uploads\/sites\/5\/2015\/03\/Slide56.jpg?resize=350%2C200 1x, https:\/\/i0.wp.com\/efagundes.com\/networking\/wp-content\/uploads\/sites\/5\/2015\/03\/Slide56.jpg?resize=525%2C300 1.5x, https:\/\/i0.wp.com\/efagundes.com\/networking\/wp-content\/uploads\/sites\/5\/2015\/03\/Slide56.jpg?resize=700%2C400 2x"},"classes":[]},{"id":678,"url":"https:\/\/efagundes.com\/networking\/comutacao-na-camada-de-enlace-de-dados\/repetidores-hubs-bridges-switches-e-gateways-2\/","url_meta":{"origin":675,"position":4},"title":"Repetidores, hubs, bridges, switches e gateways (II)","author":"Eduardo Fagundes","date":"17\/11\/2012","format":false,"excerpt":"Examinando os dispositivos de comuta\u00e7\u00e3o e ver como eles se relacionam aos pacote e quadros. Na parte inferior, na camada f\u00edsica, encontramos os repetidores. Em seguida temos os hubs. Um hub tem v\u00e1rias linhas de entrada que ele conecta eletricamente. Os quadros que chegam em quaisquer dessas linhas s\u00e3o enviados\u2026","rel":"","context":"Post similar","block_context":{"text":"Post similar","link":""},"img":{"alt_text":"","src":"https:\/\/i0.wp.com\/efagundes.com\/networking\/wp-content\/uploads\/sites\/5\/2015\/03\/Slide50.jpg?resize=350%2C200","width":350,"height":200,"srcset":"https:\/\/i0.wp.com\/efagundes.com\/networking\/wp-content\/uploads\/sites\/5\/2015\/03\/Slide50.jpg?resize=350%2C200 1x, https:\/\/i0.wp.com\/efagundes.com\/networking\/wp-content\/uploads\/sites\/5\/2015\/03\/Slide50.jpg?resize=525%2C300 1.5x, https:\/\/i0.wp.com\/efagundes.com\/networking\/wp-content\/uploads\/sites\/5\/2015\/03\/Slide50.jpg?resize=700%2C400 2x"},"classes":[]},{"id":795,"url":"https:\/\/efagundes.com\/networking\/algoritmos-de-roteamento\/mpls-multiprotocol-label-switching\/","url_meta":{"origin":675,"position":5},"title":"MPLS (MultiProtocol Label Switching)","author":"Eduardo Fagundes","date":"18\/11\/2012","format":false,"excerpt":"Enquanto a IETF estava desenvolvendo servi\u00e7os integrados e servi\u00e7os diferenciados, v\u00e1rios fabricantes de roteadores estavam desenvolvendo m\u00e9todos de encaminhamento melhores. Esse trabalho se concentrou na inclus\u00e3o de um r\u00f3tulo (label) no in\u00edcio de cada pacote e na execu\u00e7\u00e3o do roteamento baseado no r\u00f3tulo, e n\u00e3o no endere\u00e7o de destino. Fazer\u2026","rel":"","context":"Post similar","block_context":{"text":"Post similar","link":""},"img":{"alt_text":"","src":"https:\/\/i0.wp.com\/efagundes.com\/networking\/wp-content\/uploads\/sites\/5\/2015\/03\/Slide372.jpg?resize=350%2C200","width":350,"height":200,"srcset":"https:\/\/i0.wp.com\/efagundes.com\/networking\/wp-content\/uploads\/sites\/5\/2015\/03\/Slide372.jpg?resize=350%2C200 1x, https:\/\/i0.wp.com\/efagundes.com\/networking\/wp-content\/uploads\/sites\/5\/2015\/03\/Slide372.jpg?resize=525%2C300 1.5x, https:\/\/i0.wp.com\/efagundes.com\/networking\/wp-content\/uploads\/sites\/5\/2015\/03\/Slide372.jpg?resize=700%2C400 2x"},"classes":[]}],"jetpack_sharing_enabled":true,"_links":{"self":[{"href":"https:\/\/efagundes.com\/networking\/wp-json\/wp\/v2\/pages\/675","targetHints":{"allow":["GET"]}}],"collection":[{"href":"https:\/\/efagundes.com\/networking\/wp-json\/wp\/v2\/pages"}],"about":[{"href":"https:\/\/efagundes.com\/networking\/wp-json\/wp\/v2\/types\/page"}],"author":[{"embeddable":true,"href":"https:\/\/efagundes.com\/networking\/wp-json\/wp\/v2\/users\/1"}],"replies":[{"embeddable":true,"href":"https:\/\/efagundes.com\/networking\/wp-json\/wp\/v2\/comments?post=675"}],"version-history":[{"count":0,"href":"https:\/\/efagundes.com\/networking\/wp-json\/wp\/v2\/pages\/675\/revisions"}],"up":[{"embeddable":true,"href":"https:\/\/efagundes.com\/networking\/wp-json\/wp\/v2\/pages\/673"}],"wp:attachment":[{"href":"https:\/\/efagundes.com\/networking\/wp-json\/wp\/v2\/media?parent=675"}],"curies":[{"name":"wp","href":"https:\/\/api.w.org\/{rel}","templated":true}]}}