{"id":68,"date":"2012-11-16T18:42:51","date_gmt":"2012-11-16T20:42:51","guid":{"rendered":"http:\/\/efagundes.com\/openclass_networking\/?page_id=68"},"modified":"2022-01-16T17:49:49","modified_gmt":"2022-01-16T20:49:49","slug":"redes-locais-e-distribuidas","status":"publish","type":"page","link":"https:\/\/efagundes.com\/networking\/hardware-de-rede\/redes-locais-e-distribuidas\/","title":{"rendered":"Redes Locais e Distribu\u00eddas"},"content":{"rendered":"<p><a href=\"https:\/\/i0.wp.com\/efagundes.com\/networking\/wp-content\/uploads\/sites\/5\/2015\/03\/Slide9.jpg\"><img data-recalc-dims=\"1\" loading=\"lazy\" decoding=\"async\" data-attachment-id=\"2346\" data-permalink=\"https:\/\/efagundes.com\/networking\/hardware-de-rede\/redes-locais-e-distribuidas\/slide9\/\" data-orig-file=\"https:\/\/i0.wp.com\/efagundes.com\/networking\/wp-content\/uploads\/sites\/5\/2015\/03\/Slide9.jpg?fit=960%2C720&amp;ssl=1\" data-orig-size=\"960,720\" data-comments-opened=\"1\" data-image-meta=\"{&quot;aperture&quot;:&quot;0&quot;,&quot;credit&quot;:&quot;&quot;,&quot;camera&quot;:&quot;&quot;,&quot;caption&quot;:&quot;&quot;,&quot;created_timestamp&quot;:&quot;0&quot;,&quot;copyright&quot;:&quot;&quot;,&quot;focal_length&quot;:&quot;0&quot;,&quot;iso&quot;:&quot;0&quot;,&quot;shutter_speed&quot;:&quot;0&quot;,&quot;title&quot;:&quot;&quot;,&quot;orientation&quot;:&quot;0&quot;}\" data-image-title=\"Slide9\" data-image-description=\"\" data-image-caption=\"\" data-large-file=\"https:\/\/i0.wp.com\/efagundes.com\/networking\/wp-content\/uploads\/sites\/5\/2015\/03\/Slide9.jpg?fit=960%2C720&amp;ssl=1\" class=\"alignnone size-full wp-image-2346\" src=\"https:\/\/i0.wp.com\/efagundes.com\/networking\/wp-content\/uploads\/sites\/5\/2015\/03\/Slide9.jpg?resize=960%2C720\" alt=\"Slide9\" width=\"960\" height=\"720\" srcset=\"https:\/\/i0.wp.com\/efagundes.com\/networking\/wp-content\/uploads\/sites\/5\/2015\/03\/Slide9.jpg?w=960&amp;ssl=1 960w, https:\/\/i0.wp.com\/efagundes.com\/networking\/wp-content\/uploads\/sites\/5\/2015\/03\/Slide9.jpg?resize=300%2C225&amp;ssl=1 300w\" sizes=\"auto, (max-width: 960px) 100vw, 960px\" \/><\/a>Uma rede local (LAN) \u00e9 uma rede de comunica\u00e7\u00f5es que serve a usu\u00e1rios dentro de uma \u00e1rea geogr\u00e1fica limitada. Os &#8221; clientes &#8221; s\u00e3o tipicamente workstations que rodam Windows, embora tamb\u00e9m sejam utilizados clientes Mac e clientes Linux . Os &#8221; servidores &#8221; armazenam os programas e dados que s\u00e3o compartilhados pelos clientes. Servidores podem ser variar de tamanho desde equipamento Intel\/AMD at\u00e9 mainframes. Tamb\u00e9m as impressoras e outros perif\u00e9ricos podem ser compartilhados na rede.<\/p>\n<p>As LANs tipicamente funcionam com taxas de transmiss\u00e3o de 10Mbps a 100Mpbs, possuem baixo retardo (microssegundos ou nanossegundos) com baixa incid\u00eancia de erros. As LANs mais modernas operam em at\u00e9 10Gbps.\u00a0 As LANs por difus\u00e3o admitem v\u00e1rias topologias, como de barramento e anel. Em uma rede de barramento, em qualquer momento uma m\u00e1quina funciona como mestre e pode realizar uma transmiss\u00e3o para uma ou mais destinos na rede. Desta forma, \u00e9 necess\u00e1rio criar um mecanismo de arbitragem para resolver conflitos quando duas ou mais m\u00e1quinas disputam uma transmiss\u00e3o.\u00a0 Por exemplo, o padr\u00e3o IEEE 802.3, mais conhecido como Ethernet, \u00e9 uma rede de difus\u00e3o de barramento com controle descentralizado, em geral operando em velocidades de 10Mbps a 10Gbps. Os computadores na rede Ethernet podem transmitir sempre que desejarem. Entretanto, se dois ou mais pacotes colidirem, cada computador aguardar\u00e1 um tempo aleat\u00f3rio para tentar uma nova transmiss\u00e3o.<\/p>\n<p>Uma rede geograficamente distribu\u00edda (WAN \u2014 wide area network) abrange uma grande \u00e1rea geogr\u00e1fica, com freq\u00fc\u00eancia um pa\u00eds ou continente. Uma WAN pode conter um conjunto de m\u00e1quinas cuja finalidade \u00e9 executar os programas do usu\u00e1rio. Essas m\u00e1quinas s\u00e3o conhecidas por hosts. Os hosts est\u00e3o conectados por uma sub-rede de comunica\u00e7\u00e3o ou , simplesmente, uma sub-rede. Na maioria das WANs, a sub-rede consiste em dois componentes distintos: linhas de transmiss\u00e3o e elementos de comuta\u00e7\u00e3o.<\/p>\n<p>Um outra defini\u00e7\u00e3o importante \u00e9 sobre as redes metropolitanas, as MANs, que tem abrang\u00eancia de uma cidade.<\/p>\n<p>&nbsp;<\/p>\n","protected":false},"excerpt":{"rendered":"<p>Uma rede local (LAN) \u00e9 uma rede de comunica\u00e7\u00f5es que serve a usu\u00e1rios dentro de uma \u00e1rea geogr\u00e1fica limitada. Os &#8221; clientes &#8221; s\u00e3o tipicamente workstations que rodam Windows, embora tamb\u00e9m sejam utilizados clientes Mac e clientes Linux . Os &#8221; servidores &#8221; armazenam os programas e dados que s\u00e3o compartilhados pelos clientes. Servidores podem [&hellip;]<\/p>\n","protected":false},"author":1,"featured_media":0,"parent":61,"menu_order":0,"comment_status":"closed","ping_status":"open","template":"","meta":{"footnotes":""},"class_list":["post-68","page","type-page","status-publish","hentry"],"jetpack_shortlink":"https:\/\/wp.me\/P8yKGp-16","jetpack-related-posts":[{"id":680,"url":"https:\/\/efagundes.com\/networking\/comutacao-na-camada-de-enlace-de-dados\/lans-virtuais\/","url_meta":{"origin":68,"position":0},"title":"LANs virtuais","author":"Eduardo Fagundes","date":"17\/11\/2012","format":false,"excerpt":"Para oferecer mais flexibilidade as mudan\u00e7as f\u00edsicas de m\u00e1quinas nas empresas, os fornecedores de redes come\u00e7aram a buscar um meio de recompor a fia\u00e7\u00e3o dos edif\u00edcios inteiramente por software. O conceito resultante \u00e9 chamado VLAN (Virtual LAN) e foi at\u00e9 mesmo padronizado pelo comit\u00ea 802. As VLANs se baseiam em\u2026","rel":"","context":"Post similar","block_context":{"text":"Post similar","link":""},"img":{"alt_text":"","src":"https:\/\/i0.wp.com\/efagundes.com\/networking\/wp-content\/uploads\/sites\/5\/2015\/03\/Slide511.jpg?resize=350%2C200","width":350,"height":200,"srcset":"https:\/\/i0.wp.com\/efagundes.com\/networking\/wp-content\/uploads\/sites\/5\/2015\/03\/Slide511.jpg?resize=350%2C200 1x, https:\/\/i0.wp.com\/efagundes.com\/networking\/wp-content\/uploads\/sites\/5\/2015\/03\/Slide511.jpg?resize=525%2C300 1.5x, https:\/\/i0.wp.com\/efagundes.com\/networking\/wp-content\/uploads\/sites\/5\/2015\/03\/Slide511.jpg?resize=700%2C400 2x"},"classes":[]},{"id":91,"url":"https:\/\/efagundes.com\/networking\/lans-sem-fio\/bluetooth\/","url_meta":{"origin":68,"position":1},"title":"Bluetooth (I)","author":"Eduardo Fagundes","date":"16\/11\/2012","format":false,"excerpt":"Diferentemente dos objetivos das WLANs que s\u00e3o desenhadas para serem extens\u00e3o das redes locais, o Bluetooth tem o objetivo de substituir os cabos que conectam os perif\u00e9ricos das esta\u00e7\u00f5es de trabalho.\u00a0 O Bluetooth prov\u00ea as seguintes funcionalidades: Ponto de acesso para voz e dados Redes pessoais Substitui\u00e7\u00e3o de cabos entre\u2026","rel":"","context":"Post similar","block_context":{"text":"Post similar","link":""},"img":{"alt_text":"","src":"https:\/\/i0.wp.com\/efagundes.com\/networking\/wp-content\/uploads\/sites\/5\/2015\/03\/Slide451.jpg?resize=350%2C200","width":350,"height":200,"srcset":"https:\/\/i0.wp.com\/efagundes.com\/networking\/wp-content\/uploads\/sites\/5\/2015\/03\/Slide451.jpg?resize=350%2C200 1x, https:\/\/i0.wp.com\/efagundes.com\/networking\/wp-content\/uploads\/sites\/5\/2015\/03\/Slide451.jpg?resize=525%2C300 1.5x, https:\/\/i0.wp.com\/efagundes.com\/networking\/wp-content\/uploads\/sites\/5\/2015\/03\/Slide451.jpg?resize=700%2C400 2x"},"classes":[]},{"id":671,"url":"https:\/\/efagundes.com\/networking\/lans-sem-fio\/aplicacoes-do-bluetooth\/","url_meta":{"origin":68,"position":2},"title":"Aplica\u00e7\u00f5es do Bluetooth","author":"Eduardo Fagundes","date":"17\/11\/2012","format":false,"excerpt":"A maioria dos protocolos de rede s\u00f3 fornece canais entre entidades que se comunicam, deixando para os projetistas de aplica\u00e7\u00f5es a tarefa de descobrir a utilidade desses canis. Em contraste, a especifica\u00e7\u00e3o Bluetooth V1.1 identifica 13 aplica\u00e7\u00f5es espec\u00edficas que ser\u00e3o admitidas e fornece diferentes pilhas de protocolos para cada uma.\u2026","rel":"","context":"Post similar","block_context":{"text":"Post similar","link":""},"img":{"alt_text":"","src":"https:\/\/i0.wp.com\/efagundes.com\/networking\/wp-content\/uploads\/sites\/5\/2015\/03\/Slide47.jpg?resize=350%2C200","width":350,"height":200,"srcset":"https:\/\/i0.wp.com\/efagundes.com\/networking\/wp-content\/uploads\/sites\/5\/2015\/03\/Slide47.jpg?resize=350%2C200 1x, https:\/\/i0.wp.com\/efagundes.com\/networking\/wp-content\/uploads\/sites\/5\/2015\/03\/Slide47.jpg?resize=525%2C300 1.5x, https:\/\/i0.wp.com\/efagundes.com\/networking\/wp-content\/uploads\/sites\/5\/2015\/03\/Slide47.jpg?resize=700%2C400 2x"},"classes":[]},{"id":161,"url":"https:\/\/efagundes.com\/networking\/redes-geograficamente-distribuidas\/frame-relay\/","url_meta":{"origin":68,"position":3},"title":"Frame Relay","author":"Eduardo Fagundes","date":"16\/11\/2012","format":false,"excerpt":"O Frame Relay \u00e9 um protocolo de WAN de alto-desempenho que opera nas camadas f\u00edsica e de enlace de dados do modelo OSI. O Frame Relay foi projetado originalmente para uso nas Redes Digitais de Servi\u00e7os Integrados (RDSI). Por\u00e9m, atualmente \u00e9 usado por uma variedade de outras interfaces de rede.\u2026","rel":"","context":"Post similar","block_context":{"text":"Post similar","link":""},"img":{"alt_text":"Slide9","src":"https:\/\/i0.wp.com\/efagundes.com\/networking\/wp-content\/uploads\/sites\/5\/2015\/03\/Slide91.jpg?resize=350%2C200","width":350,"height":200,"srcset":"https:\/\/i0.wp.com\/efagundes.com\/networking\/wp-content\/uploads\/sites\/5\/2015\/03\/Slide91.jpg?resize=350%2C200 1x, https:\/\/i0.wp.com\/efagundes.com\/networking\/wp-content\/uploads\/sites\/5\/2015\/03\/Slide91.jpg?resize=525%2C300 1.5x, https:\/\/i0.wp.com\/efagundes.com\/networking\/wp-content\/uploads\/sites\/5\/2015\/03\/Slide91.jpg?resize=700%2C400 2x"},"classes":[]},{"id":163,"url":"https:\/\/efagundes.com\/networking\/redes-geograficamente-distribuidas\/asynchronous-transfer-mode-atm\/","url_meta":{"origin":68,"position":4},"title":"Asynchronous Transfer Mode (ATM)","author":"Eduardo Fagundes","date":"16\/11\/2012","format":false,"excerpt":"O ATM (Asynchronous Transfer Mode) \u00e9 uma tecnologia de rede tanto para redes locais como para redes geograficamente distribu\u00eddas (LANs e WANs) que suporta voz em tempo real, bem como v\u00eddeo e dados. A topologia usa comutadores que estabelecem um circuito l\u00f3gico fim-a-fim que garante a qualidade de servi\u00e7o na\u2026","rel":"","context":"Post similar","block_context":{"text":"Post similar","link":""},"img":{"alt_text":"","src":"https:\/\/i0.wp.com\/efagundes.com.br\/networking\/wp-content\/uploads\/sites\/7\/2012\/11\/Slide101.jpg?resize=350%2C200","width":350,"height":200,"srcset":"https:\/\/i0.wp.com\/efagundes.com.br\/networking\/wp-content\/uploads\/sites\/7\/2012\/11\/Slide101.jpg?resize=350%2C200 1x, https:\/\/i0.wp.com\/efagundes.com.br\/networking\/wp-content\/uploads\/sites\/7\/2012\/11\/Slide101.jpg?resize=525%2C300 1.5x"},"classes":[]},{"id":663,"url":"https:\/\/efagundes.com\/networking\/lans-sem-fio\/ieee-802-16\/","url_meta":{"origin":68,"position":5},"title":"IEEE 802.16","author":"Eduardo Fagundes","date":"17\/11\/2012","format":false,"excerpt":"O padr\u00e3o 802.16 \u00e9 tamb\u00e9m conhecido como a interface a\u00e9rea da IEEE para Wireless MAN, isto \u00e9, da rede metropolitana sem fios. Esta tecnologia est\u00e1 sendo especificada pelo grupo do IEEE que trata de acessos de banda larga para \u00faltima milha em \u00e1reas metropolitanas, com padr\u00f5es de desempenho equivalentes aos\u2026","rel":"","context":"Post similar","block_context":{"text":"Post similar","link":""},"img":{"alt_text":"","src":"https:\/\/i0.wp.com\/efagundes.com\/networking\/wp-content\/uploads\/sites\/5\/2015\/03\/Slide441.jpg?resize=350%2C200","width":350,"height":200,"srcset":"https:\/\/i0.wp.com\/efagundes.com\/networking\/wp-content\/uploads\/sites\/5\/2015\/03\/Slide441.jpg?resize=350%2C200 1x, https:\/\/i0.wp.com\/efagundes.com\/networking\/wp-content\/uploads\/sites\/5\/2015\/03\/Slide441.jpg?resize=525%2C300 1.5x, https:\/\/i0.wp.com\/efagundes.com\/networking\/wp-content\/uploads\/sites\/5\/2015\/03\/Slide441.jpg?resize=700%2C400 2x"},"classes":[]}],"jetpack_sharing_enabled":true,"_links":{"self":[{"href":"https:\/\/efagundes.com\/networking\/wp-json\/wp\/v2\/pages\/68","targetHints":{"allow":["GET"]}}],"collection":[{"href":"https:\/\/efagundes.com\/networking\/wp-json\/wp\/v2\/pages"}],"about":[{"href":"https:\/\/efagundes.com\/networking\/wp-json\/wp\/v2\/types\/page"}],"author":[{"embeddable":true,"href":"https:\/\/efagundes.com\/networking\/wp-json\/wp\/v2\/users\/1"}],"replies":[{"embeddable":true,"href":"https:\/\/efagundes.com\/networking\/wp-json\/wp\/v2\/comments?post=68"}],"version-history":[{"count":0,"href":"https:\/\/efagundes.com\/networking\/wp-json\/wp\/v2\/pages\/68\/revisions"}],"up":[{"embeddable":true,"href":"https:\/\/efagundes.com\/networking\/wp-json\/wp\/v2\/pages\/61"}],"wp:attachment":[{"href":"https:\/\/efagundes.com\/networking\/wp-json\/wp\/v2\/media?parent=68"}],"curies":[{"name":"wp","href":"https:\/\/api.w.org\/{rel}","templated":true}]}}