{"id":721,"date":"2012-11-18T10:04:13","date_gmt":"2012-11-18T12:04:13","guid":{"rendered":"http:\/\/efagundes.com\/openclass_networking\/?page_id=721"},"modified":"2022-01-16T17:52:23","modified_gmt":"2022-01-16T20:52:23","slug":"a-camada-de-rede","status":"publish","type":"page","link":"https:\/\/efagundes.com\/networking\/a-camada-de-rede\/","title":{"rendered":"A camada de rede"},"content":{"rendered":"<p><img data-recalc-dims=\"1\" loading=\"lazy\" decoding=\"async\" class=\"alignnone\" src=\"https:\/\/i0.wp.com\/efagundes.com\/networking\/wp-content\/uploads\/sites\/5\/2015\/03\/Slide127.jpg?resize=960%2C720\" alt=\"\" width=\"960\" height=\"720\" \/><\/p>\n<p><strong>T\u00f3picos do capitulo<\/strong><br \/>\n\n<!-- Page-list plugin v.5.9 wordpress.org\/plugins\/page-list\/ -->\n<ul class=\"page-list subpages-page-list \">\n<li class=\"page_item page-item-723\"><a href=\"https:\/\/efagundes.com\/networking\/a-camada-de-rede\/a-camada-de-rede-2\/\">A Camada de Rede (I)<\/a><\/li>\n<li class=\"page_item page-item-725\"><a href=\"https:\/\/efagundes.com\/networking\/a-camada-de-rede\/a-camada-de-rede-3\/\">A Camada de Rede (II)<\/a><\/li>\n<li class=\"page_item page-item-727\"><a href=\"https:\/\/efagundes.com\/networking\/a-camada-de-rede\/propriedades-das-conexoes\/\">Propriedades das conex\u00f5es<\/a><\/li>\n<li class=\"page_item page-item-729\"><a href=\"https:\/\/efagundes.com\/networking\/a-camada-de-rede\/questoes-de-projetos-da-camada-rede\/\">Quest\u00f5es de projetos da camada rede<\/a><\/li>\n<li class=\"page_item page-item-731\"><a href=\"https:\/\/efagundes.com\/networking\/a-camada-de-rede\/comutacao-de-pacotes-store-and-forward\/\">Comuta\u00e7\u00e3o de pacotes store-and-forward<\/a><\/li>\n<li class=\"page_item page-item-733\"><a href=\"https:\/\/efagundes.com\/networking\/a-camada-de-rede\/servicos-oferecidos-a-camada-de-transporte\/\">Servi\u00e7os oferecidos \u00e0 camada de transporte<\/a><\/li>\n<li class=\"page_item page-item-2663\"><a href=\"https:\/\/efagundes.com\/networking\/a-camada-de-rede\/implementacao-do-servico-sem-conexoes-2\/\">Implementa\u00e7\u00e3o do servi\u00e7o sem conex\u00f5es<\/a><\/li>\n<li class=\"page_item page-item-737\"><a href=\"https:\/\/efagundes.com\/networking\/a-camada-de-rede\/implementacao-do-servico-orientado-a-conexoes\/\">Implementa\u00e7\u00e3o do servi\u00e7o orientado a conex\u00f5es<\/a><\/li>\n<li class=\"page_item page-item-739\"><a href=\"https:\/\/efagundes.com\/networking\/a-camada-de-rede\/circuito-virtual-x-datagrama\/\">Circuito virtual x datagrama<\/a><\/li>\n\n<\/ul><\/p>\n","protected":false},"excerpt":{"rendered":"<p>T\u00f3picos do capitulo<\/p>\n","protected":false},"author":1,"featured_media":0,"parent":0,"menu_order":88,"comment_status":"closed","ping_status":"closed","template":"","meta":{"footnotes":""},"class_list":["post-721","page","type-page","status-publish","hentry"],"jetpack_shortlink":"https:\/\/wp.me\/P8yKGp-bD","jetpack-related-posts":[{"id":568,"url":"https:\/\/efagundes.com\/networking\/camada-de-enlace-de-dados\/","url_meta":{"origin":721,"position":0},"title":"Camada de enlace de dados","author":"Eduardo Fagundes","date":"17\/11\/2012","format":false,"excerpt":"T\u00f3picos do capitulo","rel":"","context":"Post similar","block_context":{"text":"Post similar","link":""},"img":{"alt_text":"","src":"https:\/\/i0.wp.com\/efagundes.com\/networking\/wp-content\/uploads\/sites\/5\/2015\/03\/Slide120.jpg?resize=350%2C200","width":350,"height":200,"srcset":"https:\/\/i0.wp.com\/efagundes.com\/networking\/wp-content\/uploads\/sites\/5\/2015\/03\/Slide120.jpg?resize=350%2C200 1x, https:\/\/i0.wp.com\/efagundes.com\/networking\/wp-content\/uploads\/sites\/5\/2015\/03\/Slide120.jpg?resize=525%2C300 1.5x, https:\/\/i0.wp.com\/efagundes.com\/networking\/wp-content\/uploads\/sites\/5\/2015\/03\/Slide120.jpg?resize=700%2C400 2x"},"classes":[]},{"id":673,"url":"https:\/\/efagundes.com\/networking\/comutacao-na-camada-de-enlace-de-dados\/","url_meta":{"origin":721,"position":1},"title":"Comuta\u00e7\u00e3o na camada de enlace de dados","author":"Eduardo Fagundes","date":"17\/11\/2012","format":false,"excerpt":"T\u00f3picos do capitulo","rel":"","context":"Post similar","block_context":{"text":"Post similar","link":""},"img":{"alt_text":"","src":"https:\/\/i0.wp.com\/efagundes.com\/networking\/wp-content\/uploads\/sites\/5\/2015\/03\/Slide48.jpg?resize=350%2C200","width":350,"height":200,"srcset":"https:\/\/i0.wp.com\/efagundes.com\/networking\/wp-content\/uploads\/sites\/5\/2015\/03\/Slide48.jpg?resize=350%2C200 1x, https:\/\/i0.wp.com\/efagundes.com\/networking\/wp-content\/uploads\/sites\/5\/2015\/03\/Slide48.jpg?resize=525%2C300 1.5x, https:\/\/i0.wp.com\/efagundes.com\/networking\/wp-content\/uploads\/sites\/5\/2015\/03\/Slide48.jpg?resize=700%2C400 2x"},"classes":[]},{"id":61,"url":"https:\/\/efagundes.com\/networking\/hardware-de-rede\/","url_meta":{"origin":721,"position":2},"title":"Hardware de Rede","author":"Eduardo Fagundes","date":"16\/11\/2012","format":false,"excerpt":"T\u00f3picos do capitulo","rel":"","context":"Post similar","block_context":{"text":"Post similar","link":""},"img":{"alt_text":"","src":"https:\/\/i0.wp.com\/efagundes.com\/networking\/wp-content\/uploads\/sites\/5\/2015\/03\/Slide6.jpg?resize=350%2C200&ssl=1","width":350,"height":200,"srcset":"https:\/\/i0.wp.com\/efagundes.com\/networking\/wp-content\/uploads\/sites\/5\/2015\/03\/Slide6.jpg?resize=350%2C200&ssl=1 1x, https:\/\/i0.wp.com\/efagundes.com\/networking\/wp-content\/uploads\/sites\/5\/2015\/03\/Slide6.jpg?resize=525%2C300&ssl=1 1.5x, https:\/\/i0.wp.com\/efagundes.com\/networking\/wp-content\/uploads\/sites\/5\/2015\/03\/Slide6.jpg?resize=700%2C400&ssl=1 2x"},"classes":[]},{"id":99,"url":"https:\/\/efagundes.com\/networking\/software-de-rede\/","url_meta":{"origin":721,"position":3},"title":"Software de rede","author":"Eduardo Fagundes","date":"16\/11\/2012","format":false,"excerpt":"T\u00f3picos do capitulo","rel":"","context":"Post similar","block_context":{"text":"Post similar","link":""},"img":{"alt_text":"Slide24","src":"https:\/\/i0.wp.com\/efagundes.com\/networking\/wp-content\/uploads\/sites\/5\/2015\/03\/Slide24.jpg?resize=350%2C200","width":350,"height":200,"srcset":"https:\/\/i0.wp.com\/efagundes.com\/networking\/wp-content\/uploads\/sites\/5\/2015\/03\/Slide24.jpg?resize=350%2C200 1x, https:\/\/i0.wp.com\/efagundes.com\/networking\/wp-content\/uploads\/sites\/5\/2015\/03\/Slide24.jpg?resize=525%2C300 1.5x, https:\/\/i0.wp.com\/efagundes.com\/networking\/wp-content\/uploads\/sites\/5\/2015\/03\/Slide24.jpg?resize=700%2C400 2x"},"classes":[]},{"id":602,"url":"https:\/\/efagundes.com\/networking\/exemplos-de-protocolos\/","url_meta":{"origin":721,"position":4},"title":"Exemplos de Protocolos","author":"Eduardo Fagundes","date":"17\/11\/2012","format":false,"excerpt":"T\u00f3picos do capitulo","rel":"","context":"Post similar","block_context":{"text":"Post similar","link":""},"img":{"alt_text":"","src":"https:\/\/i0.wp.com\/efagundes.com\/networking\/wp-content\/uploads\/sites\/5\/2015\/03\/Slide174.jpg?resize=350%2C200","width":350,"height":200,"srcset":"https:\/\/i0.wp.com\/efagundes.com\/networking\/wp-content\/uploads\/sites\/5\/2015\/03\/Slide174.jpg?resize=350%2C200 1x, https:\/\/i0.wp.com\/efagundes.com\/networking\/wp-content\/uploads\/sites\/5\/2015\/03\/Slide174.jpg?resize=525%2C300 1.5x, https:\/\/i0.wp.com\/efagundes.com\/networking\/wp-content\/uploads\/sites\/5\/2015\/03\/Slide174.jpg?resize=700%2C400 2x"},"classes":[]},{"id":741,"url":"https:\/\/efagundes.com\/networking\/algoritmos-de-roteamento\/","url_meta":{"origin":721,"position":5},"title":"Algoritmos de Roteamento","author":"Eduardo Fagundes","date":"18\/11\/2012","format":false,"excerpt":"T\u00f3picos do capitulo","rel":"","context":"Post similar","block_context":{"text":"Post similar","link":""},"img":{"alt_text":"","src":"https:\/\/i0.wp.com\/efagundes.com\/networking\/wp-content\/uploads\/sites\/5\/2015\/03\/Slide1111.jpg?resize=350%2C200","width":350,"height":200,"srcset":"https:\/\/i0.wp.com\/efagundes.com\/networking\/wp-content\/uploads\/sites\/5\/2015\/03\/Slide1111.jpg?resize=350%2C200 1x, https:\/\/i0.wp.com\/efagundes.com\/networking\/wp-content\/uploads\/sites\/5\/2015\/03\/Slide1111.jpg?resize=525%2C300 1.5x, https:\/\/i0.wp.com\/efagundes.com\/networking\/wp-content\/uploads\/sites\/5\/2015\/03\/Slide1111.jpg?resize=700%2C400 2x"},"classes":[]}],"jetpack_sharing_enabled":true,"_links":{"self":[{"href":"https:\/\/efagundes.com\/networking\/wp-json\/wp\/v2\/pages\/721","targetHints":{"allow":["GET"]}}],"collection":[{"href":"https:\/\/efagundes.com\/networking\/wp-json\/wp\/v2\/pages"}],"about":[{"href":"https:\/\/efagundes.com\/networking\/wp-json\/wp\/v2\/types\/page"}],"author":[{"embeddable":true,"href":"https:\/\/efagundes.com\/networking\/wp-json\/wp\/v2\/users\/1"}],"replies":[{"embeddable":true,"href":"https:\/\/efagundes.com\/networking\/wp-json\/wp\/v2\/comments?post=721"}],"version-history":[{"count":0,"href":"https:\/\/efagundes.com\/networking\/wp-json\/wp\/v2\/pages\/721\/revisions"}],"wp:attachment":[{"href":"https:\/\/efagundes.com\/networking\/wp-json\/wp\/v2\/media?parent=721"}],"curies":[{"name":"wp","href":"https:\/\/api.w.org\/{rel}","templated":true}]}}