{"id":723,"date":"2012-11-18T10:05:42","date_gmt":"2012-11-18T12:05:42","guid":{"rendered":"http:\/\/efagundes.com\/openclass_networking\/?page_id=723"},"modified":"2022-01-16T17:52:25","modified_gmt":"2022-01-16T20:52:25","slug":"a-camada-de-rede-2","status":"publish","type":"page","link":"https:\/\/efagundes.com\/networking\/a-camada-de-rede\/a-camada-de-rede-2\/","title":{"rendered":"A Camada de Rede (I)"},"content":{"rendered":"<p><img data-recalc-dims=\"1\" loading=\"lazy\" decoding=\"async\" class=\"alignnone\" src=\"https:\/\/i0.wp.com\/efagundes.com\/networking\/wp-content\/uploads\/sites\/5\/2015\/03\/Slide220.jpg?resize=960%2C720\" alt=\"\" width=\"960\" height=\"720\" \/><\/p>\n<p>O servi\u00e7o de rede prov\u00ea a transfer\u00eancia transparente de dados entre usu\u00e1rios da camada de rede. Ele torna invis\u00edvel a estes usu\u00e1rios quaisquer aspectos inerentes ao modo como os recursos de comunica\u00e7\u00e3o dispon\u00edveis s\u00e3o utilizados para conseguir esta transpar\u00eancia. O servi\u00e7o de rede pode ser provido mediante o uso de uma combina\u00e7\u00e3o de uma ou mais sub-redes e fun\u00e7\u00f5es adicionais entre ou dentre estas sub-redes.<\/p>\n<p>O servi\u00e7os de rede definido no modelo OSI prov\u00ea o seguinte:<\/p>\n<p>a)\u00a0Independ\u00eancia do meio de transmiss\u00e3o utilizado<br \/>\nQuando os dados s\u00e3o transferidos de um usu\u00e1rio do servi\u00e7o de rede para outra camada, o servi\u00e7o de rede trata independentemente todos os aspectos de funcionamento das sub-redes usadas para prover o servi\u00e7o de rede, mesmo que estas tenham caracter\u00edsticas de funcionamento heterog\u00eaneas.<\/p>\n<p>b)\u00a0Transfer\u00eancia fim a fim<br \/>\nO servi\u00e7o de rede prov\u00ea a transfer\u00eancia de pacotes entre seus usu\u00e1rios. Todo o direcionamento e encaminhamento \u00e9 efetuado pelo provedor do servi\u00e7o de rede, incluindo o caso em que s\u00e3o utilizados recursos de transmiss\u00e3o similares ou diferentes, em forma serial ou paralela.<\/p>\n<p>c)\u00a0Transpar\u00eancia da informa\u00e7\u00e3o transferida<br \/>\nO servi\u00e7o de rede n\u00e3o restringe o conte\u00fado, o formato ou codifica\u00e7\u00e3o da informa\u00e7\u00e3o transferida nem necessita interpretar sua estrutura ou significado.<\/p>\n<p>d)\u00a0Sele\u00e7\u00e3o da qualidade de servi\u00e7o<br \/>\nO servi\u00e7o de rede torna dispon\u00edvel ao seu usu\u00e1rio uma maneira de solicitar e combinar a qualidade do servi\u00e7o a ser utilizado para a transfer\u00eancia dos dados. A qualidade do servi\u00e7o se caracteriza por par\u00e2metros tais como: \u201cthroughput\u201d , retardo de tr\u00e2nsito, precis\u00e3o e confiabilidade.<\/p>\n<p>e)\u00a0Endere\u00e7amento<br \/>\nO servi\u00e7o de rede utiliza um servi\u00e7o de endere\u00e7amento que permite aos seus usu\u00e1rios fazerem refer\u00eancia a qualquer sistema fim de forma n\u00e3o amb\u00edgua. Um exemplo \u00e9 o endere\u00e7o IPv4 com 32 bits.<\/p>\n<p>&nbsp;<\/p>\n","protected":false},"excerpt":{"rendered":"<p>O servi\u00e7o de rede prov\u00ea a transfer\u00eancia transparente de dados entre usu\u00e1rios da camada de rede. Ele torna invis\u00edvel a estes usu\u00e1rios quaisquer aspectos inerentes ao modo como os recursos de comunica\u00e7\u00e3o dispon\u00edveis s\u00e3o utilizados para conseguir esta transpar\u00eancia. O servi\u00e7o de rede pode ser provido mediante o uso de uma combina\u00e7\u00e3o de uma ou [&hellip;]<\/p>\n","protected":false},"author":1,"featured_media":0,"parent":721,"menu_order":1,"comment_status":"closed","ping_status":"closed","template":"","meta":{"footnotes":""},"class_list":["post-723","page","type-page","status-publish","hentry"],"jetpack_shortlink":"https:\/\/wp.me\/P8yKGp-bF","jetpack-related-posts":[{"id":572,"url":"https:\/\/efagundes.com\/networking\/camada-de-enlace-de-dados\/servicos-oferecidos-a-camada-de-rede\/","url_meta":{"origin":723,"position":0},"title":"Servi\u00e7os oferecidos \u00e0 camada de rede","author":"Eduardo Fagundes","date":"17\/11\/2012","format":false,"excerpt":"A fun\u00e7\u00e3o da camada de enlace de dados \u00e9 fornece servi\u00e7os \u00e0 camada de rede. O principal servi\u00e7o \u00e9 transferir dados da camada de rede da m\u00e1quina de origem para a camada de rede da m\u00e1quina de destino. Na camada de rede da m\u00e1quina de origem, h\u00e1 uma entidade chamada\u2026","rel":"","context":"Post similar","block_context":{"text":"Post similar","link":""},"img":{"alt_text":"","src":"https:\/\/i0.wp.com\/efagundes.com\/networking\/wp-content\/uploads\/sites\/5\/2015\/03\/Slide310.jpg?resize=350%2C200","width":350,"height":200,"srcset":"https:\/\/i0.wp.com\/efagundes.com\/networking\/wp-content\/uploads\/sites\/5\/2015\/03\/Slide310.jpg?resize=350%2C200 1x, https:\/\/i0.wp.com\/efagundes.com\/networking\/wp-content\/uploads\/sites\/5\/2015\/03\/Slide310.jpg?resize=525%2C300 1.5x, https:\/\/i0.wp.com\/efagundes.com\/networking\/wp-content\/uploads\/sites\/5\/2015\/03\/Slide310.jpg?resize=700%2C400 2x"},"classes":[]},{"id":733,"url":"https:\/\/efagundes.com\/networking\/a-camada-de-rede\/servicos-oferecidos-a-camada-de-transporte\/","url_meta":{"origin":723,"position":1},"title":"Servi\u00e7os oferecidos \u00e0 camada de transporte","author":"Eduardo Fagundes","date":"18\/11\/2012","format":false,"excerpt":"Tendo definido os objetivos da camada de rede, os projetistas da camada de rede t\u00eam liberdade para escrever especifica\u00e7\u00f5es detalhadas dos servi\u00e7os a serem oferecidos \u00e0 camada de transporte. Uma discuss\u00e3o acad\u00eamica \u00e9 se a camada de rede deve fornecer servi\u00e7o orientado a conex\u00f5es ou servi\u00e7o sem conex\u00f5es. Um lado,\u2026","rel":"","context":"Post similar","block_context":{"text":"Post similar","link":""},"img":{"alt_text":"","src":"https:\/\/i0.wp.com\/efagundes.com\/networking\/wp-content\/uploads\/sites\/5\/2015\/03\/Slide77.jpg?resize=350%2C200","width":350,"height":200,"srcset":"https:\/\/i0.wp.com\/efagundes.com\/networking\/wp-content\/uploads\/sites\/5\/2015\/03\/Slide77.jpg?resize=350%2C200 1x, https:\/\/i0.wp.com\/efagundes.com\/networking\/wp-content\/uploads\/sites\/5\/2015\/03\/Slide77.jpg?resize=525%2C300 1.5x, https:\/\/i0.wp.com\/efagundes.com\/networking\/wp-content\/uploads\/sites\/5\/2015\/03\/Slide77.jpg?resize=700%2C400 2x"},"classes":[]},{"id":154,"url":"https:\/\/efagundes.com\/networking\/redes-geograficamente-distribuidas\/redes-x-25\/","url_meta":{"origin":723,"position":2},"title":"Redes X.25","author":"Eduardo Fagundes","date":"16\/11\/2012","format":false,"excerpt":"X.25 \u00e9 um padr\u00e3o de protocolo para comunica\u00e7\u00f5es para redes geograficamente distribu\u00eddas da International Telecommunication Union - setor de padroniza\u00e7\u00e3o de telecomunica\u00e7\u00f5es (ITU-T) que define como devem ser estabelecidas e mantidas as conex\u00f5es entre dispositivos de usu\u00e1rios e os dispositivos de rede. O X.25 foi projetado para operar sistemas de\u2026","rel":"","context":"Post similar","block_context":{"text":"Post similar","link":""},"img":{"alt_text":"Slide7","src":"https:\/\/i0.wp.com\/efagundes.com\/networking\/wp-content\/uploads\/sites\/5\/2015\/03\/Slide71.jpg?resize=350%2C200","width":350,"height":200,"srcset":"https:\/\/i0.wp.com\/efagundes.com\/networking\/wp-content\/uploads\/sites\/5\/2015\/03\/Slide71.jpg?resize=350%2C200 1x, https:\/\/i0.wp.com\/efagundes.com\/networking\/wp-content\/uploads\/sites\/5\/2015\/03\/Slide71.jpg?resize=525%2C300 1.5x, https:\/\/i0.wp.com\/efagundes.com\/networking\/wp-content\/uploads\/sites\/5\/2015\/03\/Slide71.jpg?resize=700%2C400 2x"},"classes":[]},{"id":725,"url":"https:\/\/efagundes.com\/networking\/a-camada-de-rede\/a-camada-de-rede-3\/","url_meta":{"origin":723,"position":3},"title":"A Camada de Rede (II)","author":"Eduardo Fagundes","date":"18\/11\/2012","format":false,"excerpt":"Para atingir os objetivos de entrega dos dados fim a fim, os elementos da camada de rede devem conhecer a topologia das sub-redes de comunica\u00e7\u00f5es e escolher com efici\u00eancia os caminhos mais apropriados para encaminhar os pacotes. Os roteadores s\u00e3o os principais elementos dessa camada. A camada de rede deve\u2026","rel":"","context":"Post similar","block_context":{"text":"Post similar","link":""},"img":{"alt_text":"","src":"https:\/\/i0.wp.com\/efagundes.com\/networking\/wp-content\/uploads\/sites\/5\/2015\/03\/Slide314.jpg?resize=350%2C200","width":350,"height":200,"srcset":"https:\/\/i0.wp.com\/efagundes.com\/networking\/wp-content\/uploads\/sites\/5\/2015\/03\/Slide314.jpg?resize=350%2C200 1x, https:\/\/i0.wp.com\/efagundes.com\/networking\/wp-content\/uploads\/sites\/5\/2015\/03\/Slide314.jpg?resize=525%2C300 1.5x, https:\/\/i0.wp.com\/efagundes.com\/networking\/wp-content\/uploads\/sites\/5\/2015\/03\/Slide314.jpg?resize=700%2C400 2x"},"classes":[]},{"id":2663,"url":"https:\/\/efagundes.com\/networking\/a-camada-de-rede\/implementacao-do-servico-sem-conexoes-2\/","url_meta":{"origin":723,"position":4},"title":"Implementa\u00e7\u00e3o do servi\u00e7o sem conex\u00f5es","author":"Eduardo Fagundes","date":"11\/04\/2015","format":false,"excerpt":"","rel":"","context":"Post similar","block_context":{"text":"Post similar","link":""},"img":{"alt_text":"Slide8","src":"https:\/\/i0.wp.com\/efagundes.com\/networking\/wp-content\/uploads\/sites\/5\/2015\/03\/Slide87.jpg?resize=350%2C200","width":350,"height":200,"srcset":"https:\/\/i0.wp.com\/efagundes.com\/networking\/wp-content\/uploads\/sites\/5\/2015\/03\/Slide87.jpg?resize=350%2C200 1x, https:\/\/i0.wp.com\/efagundes.com\/networking\/wp-content\/uploads\/sites\/5\/2015\/03\/Slide87.jpg?resize=525%2C300 1.5x, https:\/\/i0.wp.com\/efagundes.com\/networking\/wp-content\/uploads\/sites\/5\/2015\/03\/Slide87.jpg?resize=700%2C400 2x"},"classes":[]},{"id":780,"url":"https:\/\/efagundes.com\/networking\/algoritmos-de-roteamento\/qualidade-de-servico-quality-of-service\/","url_meta":{"origin":723,"position":5},"title":"Qualidade de Servi\u00e7o (Quality of Service)","author":"Eduardo Fagundes","date":"18\/11\/2012","format":false,"excerpt":"Para que uma aplica\u00e7\u00e3o que opere atrav\u00e9s de uma rede de computadores (voz, multim\u00eddia, v\u00eddeo confer\u00eancia, etc.) tenha uma performance satisfat\u00f3ria para atender os requisitos pr\u00e9-determinados \u00e9 importante aplicar tecnologias que garantam o tr\u00e1fego satisfat\u00f3rio e confi\u00e1vel dos dados. Esse \u00e9 o princ\u00edpio b\u00e1sico do QoS (Quality of Servi\u00e7o) ou,\u2026","rel":"","context":"Post similar","block_context":{"text":"Post similar","link":""},"img":{"alt_text":"","src":"https:\/\/i0.wp.com\/efagundes.com\/networking\/wp-content\/uploads\/sites\/5\/2015\/03\/Slide304.jpg?resize=350%2C200","width":350,"height":200,"srcset":"https:\/\/i0.wp.com\/efagundes.com\/networking\/wp-content\/uploads\/sites\/5\/2015\/03\/Slide304.jpg?resize=350%2C200 1x, https:\/\/i0.wp.com\/efagundes.com\/networking\/wp-content\/uploads\/sites\/5\/2015\/03\/Slide304.jpg?resize=525%2C300 1.5x, https:\/\/i0.wp.com\/efagundes.com\/networking\/wp-content\/uploads\/sites\/5\/2015\/03\/Slide304.jpg?resize=700%2C400 2x"},"classes":[]}],"jetpack_sharing_enabled":true,"_links":{"self":[{"href":"https:\/\/efagundes.com\/networking\/wp-json\/wp\/v2\/pages\/723","targetHints":{"allow":["GET"]}}],"collection":[{"href":"https:\/\/efagundes.com\/networking\/wp-json\/wp\/v2\/pages"}],"about":[{"href":"https:\/\/efagundes.com\/networking\/wp-json\/wp\/v2\/types\/page"}],"author":[{"embeddable":true,"href":"https:\/\/efagundes.com\/networking\/wp-json\/wp\/v2\/users\/1"}],"replies":[{"embeddable":true,"href":"https:\/\/efagundes.com\/networking\/wp-json\/wp\/v2\/comments?post=723"}],"version-history":[{"count":0,"href":"https:\/\/efagundes.com\/networking\/wp-json\/wp\/v2\/pages\/723\/revisions"}],"up":[{"embeddable":true,"href":"https:\/\/efagundes.com\/networking\/wp-json\/wp\/v2\/pages\/721"}],"wp:attachment":[{"href":"https:\/\/efagundes.com\/networking\/wp-json\/wp\/v2\/media?parent=723"}],"curies":[{"name":"wp","href":"https:\/\/api.w.org\/{rel}","templated":true}]}}