{"id":725,"date":"2012-11-18T10:07:04","date_gmt":"2012-11-18T12:07:04","guid":{"rendered":"http:\/\/efagundes.com\/openclass_networking\/?page_id=725"},"modified":"2022-01-16T17:52:25","modified_gmt":"2022-01-16T20:52:25","slug":"a-camada-de-rede-3","status":"publish","type":"page","link":"https:\/\/efagundes.com\/networking\/a-camada-de-rede\/a-camada-de-rede-3\/","title":{"rendered":"A Camada de Rede (II)"},"content":{"rendered":"<p><img data-recalc-dims=\"1\" loading=\"lazy\" decoding=\"async\" class=\"alignnone\" src=\"https:\/\/i0.wp.com\/efagundes.com\/networking\/wp-content\/uploads\/sites\/5\/2015\/03\/Slide314.jpg?resize=960%2C720\" alt=\"\" width=\"960\" height=\"720\" \/><\/p>\n<p>Para atingir os objetivos de entrega dos dados fim a fim, os elementos da camada de rede devem conhecer a topologia das sub-redes de comunica\u00e7\u00f5es e escolher com efici\u00eancia os caminhos mais apropriados para encaminhar os pacotes. Os roteadores s\u00e3o os principais elementos dessa camada.<\/p>\n<p>A camada de rede deve ter o cuidado de escolher rotas que evitem sobrecarregar algumas das linhas de comunica\u00e7\u00e3o e roteadores, deixando outras linhas ociosas.<\/p>\n<p>Quando a origem e o destino est\u00e3o em redes diferentes, cabe \u00e0 camada de rede lidar com essas diferen\u00e7as e resolver os problemas que resultam dela.<\/p>\n<p>&nbsp;<\/p>\n","protected":false},"excerpt":{"rendered":"<p>Para atingir os objetivos de entrega dos dados fim a fim, os elementos da camada de rede devem conhecer a topologia das sub-redes de comunica\u00e7\u00f5es e escolher com efici\u00eancia os caminhos mais apropriados para encaminhar os pacotes. Os roteadores s\u00e3o os principais elementos dessa camada. A camada de rede deve ter o cuidado de escolher [&hellip;]<\/p>\n","protected":false},"author":1,"featured_media":0,"parent":721,"menu_order":2,"comment_status":"closed","ping_status":"closed","template":"","meta":{"footnotes":""},"class_list":["post-725","page","type-page","status-publish","hentry"],"jetpack_shortlink":"https:\/\/wp.me\/P8yKGp-bH","jetpack-related-posts":[{"id":731,"url":"https:\/\/efagundes.com\/networking\/a-camada-de-rede\/comutacao-de-pacotes-store-and-forward\/","url_meta":{"origin":725,"position":0},"title":"Comuta\u00e7\u00e3o de pacotes store-and-forward","author":"Eduardo Fagundes","date":"18\/11\/2012","format":false,"excerpt":"Dentro do contexto em que operam os protocolos da camada rede, os principais componentes s\u00e3o o equipamento do provedor de telecomunica\u00e7\u00f5es (roteadores conectados por linhas de transmiss\u00e3o), apresentados na elipse sombreada da figura, e o equipamento dos clientes mostrados fora da elipse. O host H1 est\u00e1 diretamente conectado a um\u2026","rel":"","context":"Post similar","block_context":{"text":"Post similar","link":""},"img":{"alt_text":"","src":"https:\/\/i0.wp.com\/efagundes.com\/networking\/wp-content\/uploads\/sites\/5\/2015\/03\/Slide67.jpg?resize=350%2C200","width":350,"height":200,"srcset":"https:\/\/i0.wp.com\/efagundes.com\/networking\/wp-content\/uploads\/sites\/5\/2015\/03\/Slide67.jpg?resize=350%2C200 1x, https:\/\/i0.wp.com\/efagundes.com\/networking\/wp-content\/uploads\/sites\/5\/2015\/03\/Slide67.jpg?resize=525%2C300 1.5x, https:\/\/i0.wp.com\/efagundes.com\/networking\/wp-content\/uploads\/sites\/5\/2015\/03\/Slide67.jpg?resize=700%2C400 2x"},"classes":[]},{"id":572,"url":"https:\/\/efagundes.com\/networking\/camada-de-enlace-de-dados\/servicos-oferecidos-a-camada-de-rede\/","url_meta":{"origin":725,"position":1},"title":"Servi\u00e7os oferecidos \u00e0 camada de rede","author":"Eduardo Fagundes","date":"17\/11\/2012","format":false,"excerpt":"A fun\u00e7\u00e3o da camada de enlace de dados \u00e9 fornece servi\u00e7os \u00e0 camada de rede. O principal servi\u00e7o \u00e9 transferir dados da camada de rede da m\u00e1quina de origem para a camada de rede da m\u00e1quina de destino. Na camada de rede da m\u00e1quina de origem, h\u00e1 uma entidade chamada\u2026","rel":"","context":"Post similar","block_context":{"text":"Post similar","link":""},"img":{"alt_text":"","src":"https:\/\/i0.wp.com\/efagundes.com\/networking\/wp-content\/uploads\/sites\/5\/2015\/03\/Slide310.jpg?resize=350%2C200","width":350,"height":200,"srcset":"https:\/\/i0.wp.com\/efagundes.com\/networking\/wp-content\/uploads\/sites\/5\/2015\/03\/Slide310.jpg?resize=350%2C200 1x, https:\/\/i0.wp.com\/efagundes.com\/networking\/wp-content\/uploads\/sites\/5\/2015\/03\/Slide310.jpg?resize=525%2C300 1.5x, https:\/\/i0.wp.com\/efagundes.com\/networking\/wp-content\/uploads\/sites\/5\/2015\/03\/Slide310.jpg?resize=700%2C400 2x"},"classes":[]},{"id":733,"url":"https:\/\/efagundes.com\/networking\/a-camada-de-rede\/servicos-oferecidos-a-camada-de-transporte\/","url_meta":{"origin":725,"position":2},"title":"Servi\u00e7os oferecidos \u00e0 camada de transporte","author":"Eduardo Fagundes","date":"18\/11\/2012","format":false,"excerpt":"Tendo definido os objetivos da camada de rede, os projetistas da camada de rede t\u00eam liberdade para escrever especifica\u00e7\u00f5es detalhadas dos servi\u00e7os a serem oferecidos \u00e0 camada de transporte. Uma discuss\u00e3o acad\u00eamica \u00e9 se a camada de rede deve fornecer servi\u00e7o orientado a conex\u00f5es ou servi\u00e7o sem conex\u00f5es. Um lado,\u2026","rel":"","context":"Post similar","block_context":{"text":"Post similar","link":""},"img":{"alt_text":"","src":"https:\/\/i0.wp.com\/efagundes.com\/networking\/wp-content\/uploads\/sites\/5\/2015\/03\/Slide77.jpg?resize=350%2C200","width":350,"height":200,"srcset":"https:\/\/i0.wp.com\/efagundes.com\/networking\/wp-content\/uploads\/sites\/5\/2015\/03\/Slide77.jpg?resize=350%2C200 1x, https:\/\/i0.wp.com\/efagundes.com\/networking\/wp-content\/uploads\/sites\/5\/2015\/03\/Slide77.jpg?resize=525%2C300 1.5x, https:\/\/i0.wp.com\/efagundes.com\/networking\/wp-content\/uploads\/sites\/5\/2015\/03\/Slide77.jpg?resize=700%2C400 2x"},"classes":[]},{"id":723,"url":"https:\/\/efagundes.com\/networking\/a-camada-de-rede\/a-camada-de-rede-2\/","url_meta":{"origin":725,"position":3},"title":"A Camada de Rede (I)","author":"Eduardo Fagundes","date":"18\/11\/2012","format":false,"excerpt":"O servi\u00e7o de rede prov\u00ea a transfer\u00eancia transparente de dados entre usu\u00e1rios da camada de rede. Ele torna invis\u00edvel a estes usu\u00e1rios quaisquer aspectos inerentes ao modo como os recursos de comunica\u00e7\u00e3o dispon\u00edveis s\u00e3o utilizados para conseguir esta transpar\u00eancia. O servi\u00e7o de rede pode ser provido mediante o uso de\u2026","rel":"","context":"Post similar","block_context":{"text":"Post similar","link":""},"img":{"alt_text":"","src":"https:\/\/i0.wp.com\/efagundes.com\/networking\/wp-content\/uploads\/sites\/5\/2015\/03\/Slide220.jpg?resize=350%2C200","width":350,"height":200,"srcset":"https:\/\/i0.wp.com\/efagundes.com\/networking\/wp-content\/uploads\/sites\/5\/2015\/03\/Slide220.jpg?resize=350%2C200 1x, https:\/\/i0.wp.com\/efagundes.com\/networking\/wp-content\/uploads\/sites\/5\/2015\/03\/Slide220.jpg?resize=525%2C300 1.5x, https:\/\/i0.wp.com\/efagundes.com\/networking\/wp-content\/uploads\/sites\/5\/2015\/03\/Slide220.jpg?resize=700%2C400 2x"},"classes":[]},{"id":737,"url":"https:\/\/efagundes.com\/networking\/a-camada-de-rede\/implementacao-do-servico-orientado-a-conexoes\/","url_meta":{"origin":725,"position":4},"title":"Implementa\u00e7\u00e3o do servi\u00e7o orientado a conex\u00f5es","author":"Eduardo Fagundes","date":"18\/11\/2012","format":false,"excerpt":"A ideia por tr\u00e1s dos circuitos virtuais \u00e9 evitar a necessidade de escolher uma nova rota para cada pacote enviado, como nas conex\u00f5es sem conex\u00f5es. Nesse caso, quando uma conex\u00e3o \u00e9 estabelecida, escolhe-se uma rota desde a m\u00e1quina de origem at\u00e9 a m\u00e1quina de destino, como parte da configura\u00e7\u00e3o da\u2026","rel":"","context":"Post similar","block_context":{"text":"Post similar","link":""},"img":{"alt_text":"","src":"https:\/\/i0.wp.com\/efagundes.com\/networking\/wp-content\/uploads\/sites\/5\/2015\/03\/Slide87.jpg?resize=350%2C200","width":350,"height":200,"srcset":"https:\/\/i0.wp.com\/efagundes.com\/networking\/wp-content\/uploads\/sites\/5\/2015\/03\/Slide87.jpg?resize=350%2C200 1x, https:\/\/i0.wp.com\/efagundes.com\/networking\/wp-content\/uploads\/sites\/5\/2015\/03\/Slide87.jpg?resize=525%2C300 1.5x, https:\/\/i0.wp.com\/efagundes.com\/networking\/wp-content\/uploads\/sites\/5\/2015\/03\/Slide87.jpg?resize=700%2C400 2x"},"classes":[]},{"id":146,"url":"https:\/\/efagundes.com\/networking\/modelos-de-referencia\/modelo-osi\/","url_meta":{"origin":725,"position":5},"title":"Modelo OSI","author":"Eduardo Fagundes","date":"16\/11\/2012","format":false,"excerpt":"As camadas 3, 2 e 1 s\u00e3o respons\u00e1veis por mover os pacotes de dados da esta\u00e7\u00e3o de origem para a esta\u00e7\u00e3o de destino. Camada Rede (3) A camada de rede estabelece a rota entre o transmissor e o receptor atrav\u00e9s dos pontos de roteamento existentes na rede. O exemplo mais\u2026","rel":"","context":"Post similar","block_context":{"text":"Post similar","link":""},"img":{"alt_text":"Slide2","src":"https:\/\/i0.wp.com\/efagundes.com\/networking\/wp-content\/uploads\/sites\/5\/2015\/03\/Slide210.jpg?resize=350%2C200","width":350,"height":200,"srcset":"https:\/\/i0.wp.com\/efagundes.com\/networking\/wp-content\/uploads\/sites\/5\/2015\/03\/Slide210.jpg?resize=350%2C200 1x, https:\/\/i0.wp.com\/efagundes.com\/networking\/wp-content\/uploads\/sites\/5\/2015\/03\/Slide210.jpg?resize=525%2C300 1.5x, https:\/\/i0.wp.com\/efagundes.com\/networking\/wp-content\/uploads\/sites\/5\/2015\/03\/Slide210.jpg?resize=700%2C400 2x"},"classes":[]}],"jetpack_sharing_enabled":true,"_links":{"self":[{"href":"https:\/\/efagundes.com\/networking\/wp-json\/wp\/v2\/pages\/725","targetHints":{"allow":["GET"]}}],"collection":[{"href":"https:\/\/efagundes.com\/networking\/wp-json\/wp\/v2\/pages"}],"about":[{"href":"https:\/\/efagundes.com\/networking\/wp-json\/wp\/v2\/types\/page"}],"author":[{"embeddable":true,"href":"https:\/\/efagundes.com\/networking\/wp-json\/wp\/v2\/users\/1"}],"replies":[{"embeddable":true,"href":"https:\/\/efagundes.com\/networking\/wp-json\/wp\/v2\/comments?post=725"}],"version-history":[{"count":0,"href":"https:\/\/efagundes.com\/networking\/wp-json\/wp\/v2\/pages\/725\/revisions"}],"up":[{"embeddable":true,"href":"https:\/\/efagundes.com\/networking\/wp-json\/wp\/v2\/pages\/721"}],"wp:attachment":[{"href":"https:\/\/efagundes.com\/networking\/wp-json\/wp\/v2\/media?parent=725"}],"curies":[{"name":"wp","href":"https:\/\/api.w.org\/{rel}","templated":true}]}}