{"id":733,"date":"2012-11-18T10:13:11","date_gmt":"2012-11-18T12:13:11","guid":{"rendered":"http:\/\/efagundes.com\/openclass_networking\/?page_id=733"},"modified":"2022-01-16T17:52:25","modified_gmt":"2022-01-16T20:52:25","slug":"servicos-oferecidos-a-camada-de-transporte","status":"publish","type":"page","link":"https:\/\/efagundes.com\/networking\/a-camada-de-rede\/servicos-oferecidos-a-camada-de-transporte\/","title":{"rendered":"Servi\u00e7os oferecidos \u00e0 camada de transporte"},"content":{"rendered":"<p><img data-recalc-dims=\"1\" loading=\"lazy\" decoding=\"async\" class=\"alignnone\" src=\"https:\/\/i0.wp.com\/efagundes.com\/networking\/wp-content\/uploads\/sites\/5\/2015\/03\/Slide77.jpg?resize=960%2C720\" alt=\"\" width=\"960\" height=\"720\" \/><\/p>\n<p>Tendo definido os objetivos da camada de rede, os projetistas da camada de rede t\u00eam liberdade para escrever especifica\u00e7\u00f5es detalhadas dos servi\u00e7os a serem oferecidos \u00e0 camada de transporte. Uma discuss\u00e3o acad\u00eamica \u00e9 se a camada de rede deve fornecer servi\u00e7o orientado a conex\u00f5es ou servi\u00e7o sem conex\u00f5es.<\/p>\n<p>Um lado, representado pela comunidade da Internet, alega que a tarefa dos roteadores \u00e9 apenas de encaminhar pacotes. Desta forma, os hosts devem aceitar o fato que a rede \u00e9 pouco confi\u00e1vel e fazerem eles pr\u00f3prios na camada de transporte o controle de erros.<\/p>\n<p>O outro lado, representado pelos provedores de telecomunica\u00e7\u00f5es, alega que a sub-rede deve fornecer um servi\u00e7o confi\u00e1vel orientado a conex\u00f5es. Dentro dessa vis\u00e3o, a qualidade de servi\u00e7o \u00e9 o fator dominante e, sem conex\u00f5es na sub-rede, \u00e9 muito dif\u00edcil alcan\u00e7ar qualidade de servi\u00e7o, em especial no caso de tr\u00e1fego de tempo real, como voz e v\u00eddeo.<\/p>\n<p>&nbsp;<\/p>\n","protected":false},"excerpt":{"rendered":"<p>Tendo definido os objetivos da camada de rede, os projetistas da camada de rede t\u00eam liberdade para escrever especifica\u00e7\u00f5es detalhadas dos servi\u00e7os a serem oferecidos \u00e0 camada de transporte. Uma discuss\u00e3o acad\u00eamica \u00e9 se a camada de rede deve fornecer servi\u00e7o orientado a conex\u00f5es ou servi\u00e7o sem conex\u00f5es. Um lado, representado pela comunidade da Internet, [&hellip;]<\/p>\n","protected":false},"author":1,"featured_media":0,"parent":721,"menu_order":7,"comment_status":"closed","ping_status":"closed","template":"","meta":{"footnotes":""},"class_list":["post-733","page","type-page","status-publish","hentry"],"jetpack_shortlink":"https:\/\/wp.me\/P8yKGp-bP","jetpack-related-posts":[{"id":572,"url":"https:\/\/efagundes.com\/networking\/camada-de-enlace-de-dados\/servicos-oferecidos-a-camada-de-rede\/","url_meta":{"origin":733,"position":0},"title":"Servi\u00e7os oferecidos \u00e0 camada de rede","author":"Eduardo Fagundes","date":"17\/11\/2012","format":false,"excerpt":"A fun\u00e7\u00e3o da camada de enlace de dados \u00e9 fornece servi\u00e7os \u00e0 camada de rede. O principal servi\u00e7o \u00e9 transferir dados da camada de rede da m\u00e1quina de origem para a camada de rede da m\u00e1quina de destino. Na camada de rede da m\u00e1quina de origem, h\u00e1 uma entidade chamada\u2026","rel":"","context":"Post similar","block_context":{"text":"Post similar","link":""},"img":{"alt_text":"","src":"https:\/\/i0.wp.com\/efagundes.com\/networking\/wp-content\/uploads\/sites\/5\/2015\/03\/Slide310.jpg?resize=350%2C200","width":350,"height":200,"srcset":"https:\/\/i0.wp.com\/efagundes.com\/networking\/wp-content\/uploads\/sites\/5\/2015\/03\/Slide310.jpg?resize=350%2C200 1x, https:\/\/i0.wp.com\/efagundes.com\/networking\/wp-content\/uploads\/sites\/5\/2015\/03\/Slide310.jpg?resize=525%2C300 1.5x, https:\/\/i0.wp.com\/efagundes.com\/networking\/wp-content\/uploads\/sites\/5\/2015\/03\/Slide310.jpg?resize=700%2C400 2x"},"classes":[]},{"id":2663,"url":"https:\/\/efagundes.com\/networking\/a-camada-de-rede\/implementacao-do-servico-sem-conexoes-2\/","url_meta":{"origin":733,"position":1},"title":"Implementa\u00e7\u00e3o do servi\u00e7o sem conex\u00f5es","author":"Eduardo Fagundes","date":"11\/04\/2015","format":false,"excerpt":"","rel":"","context":"Post similar","block_context":{"text":"Post similar","link":""},"img":{"alt_text":"Slide8","src":"https:\/\/i0.wp.com\/efagundes.com\/networking\/wp-content\/uploads\/sites\/5\/2015\/03\/Slide87.jpg?resize=350%2C200","width":350,"height":200,"srcset":"https:\/\/i0.wp.com\/efagundes.com\/networking\/wp-content\/uploads\/sites\/5\/2015\/03\/Slide87.jpg?resize=350%2C200 1x, https:\/\/i0.wp.com\/efagundes.com\/networking\/wp-content\/uploads\/sites\/5\/2015\/03\/Slide87.jpg?resize=525%2C300 1.5x, https:\/\/i0.wp.com\/efagundes.com\/networking\/wp-content\/uploads\/sites\/5\/2015\/03\/Slide87.jpg?resize=700%2C400 2x"},"classes":[]},{"id":780,"url":"https:\/\/efagundes.com\/networking\/algoritmos-de-roteamento\/qualidade-de-servico-quality-of-service\/","url_meta":{"origin":733,"position":2},"title":"Qualidade de Servi\u00e7o (Quality of Service)","author":"Eduardo Fagundes","date":"18\/11\/2012","format":false,"excerpt":"Para que uma aplica\u00e7\u00e3o que opere atrav\u00e9s de uma rede de computadores (voz, multim\u00eddia, v\u00eddeo confer\u00eancia, etc.) tenha uma performance satisfat\u00f3ria para atender os requisitos pr\u00e9-determinados \u00e9 importante aplicar tecnologias que garantam o tr\u00e1fego satisfat\u00f3rio e confi\u00e1vel dos dados. Esse \u00e9 o princ\u00edpio b\u00e1sico do QoS (Quality of Servi\u00e7o) ou,\u2026","rel":"","context":"Post similar","block_context":{"text":"Post similar","link":""},"img":{"alt_text":"","src":"https:\/\/i0.wp.com\/efagundes.com\/networking\/wp-content\/uploads\/sites\/5\/2015\/03\/Slide304.jpg?resize=350%2C200","width":350,"height":200,"srcset":"https:\/\/i0.wp.com\/efagundes.com\/networking\/wp-content\/uploads\/sites\/5\/2015\/03\/Slide304.jpg?resize=350%2C200 1x, https:\/\/i0.wp.com\/efagundes.com\/networking\/wp-content\/uploads\/sites\/5\/2015\/03\/Slide304.jpg?resize=525%2C300 1.5x, https:\/\/i0.wp.com\/efagundes.com\/networking\/wp-content\/uploads\/sites\/5\/2015\/03\/Slide304.jpg?resize=700%2C400 2x"},"classes":[]},{"id":737,"url":"https:\/\/efagundes.com\/networking\/a-camada-de-rede\/implementacao-do-servico-orientado-a-conexoes\/","url_meta":{"origin":733,"position":3},"title":"Implementa\u00e7\u00e3o do servi\u00e7o orientado a conex\u00f5es","author":"Eduardo Fagundes","date":"18\/11\/2012","format":false,"excerpt":"A ideia por tr\u00e1s dos circuitos virtuais \u00e9 evitar a necessidade de escolher uma nova rota para cada pacote enviado, como nas conex\u00f5es sem conex\u00f5es. Nesse caso, quando uma conex\u00e3o \u00e9 estabelecida, escolhe-se uma rota desde a m\u00e1quina de origem at\u00e9 a m\u00e1quina de destino, como parte da configura\u00e7\u00e3o da\u2026","rel":"","context":"Post similar","block_context":{"text":"Post similar","link":""},"img":{"alt_text":"","src":"https:\/\/i0.wp.com\/efagundes.com\/networking\/wp-content\/uploads\/sites\/5\/2015\/03\/Slide87.jpg?resize=350%2C200","width":350,"height":200,"srcset":"https:\/\/i0.wp.com\/efagundes.com\/networking\/wp-content\/uploads\/sites\/5\/2015\/03\/Slide87.jpg?resize=350%2C200 1x, https:\/\/i0.wp.com\/efagundes.com\/networking\/wp-content\/uploads\/sites\/5\/2015\/03\/Slide87.jpg?resize=525%2C300 1.5x, https:\/\/i0.wp.com\/efagundes.com\/networking\/wp-content\/uploads\/sites\/5\/2015\/03\/Slide87.jpg?resize=700%2C400 2x"},"classes":[]},{"id":723,"url":"https:\/\/efagundes.com\/networking\/a-camada-de-rede\/a-camada-de-rede-2\/","url_meta":{"origin":733,"position":4},"title":"A Camada de Rede (I)","author":"Eduardo Fagundes","date":"18\/11\/2012","format":false,"excerpt":"O servi\u00e7o de rede prov\u00ea a transfer\u00eancia transparente de dados entre usu\u00e1rios da camada de rede. Ele torna invis\u00edvel a estes usu\u00e1rios quaisquer aspectos inerentes ao modo como os recursos de comunica\u00e7\u00e3o dispon\u00edveis s\u00e3o utilizados para conseguir esta transpar\u00eancia. O servi\u00e7o de rede pode ser provido mediante o uso de\u2026","rel":"","context":"Post similar","block_context":{"text":"Post similar","link":""},"img":{"alt_text":"","src":"https:\/\/i0.wp.com\/efagundes.com\/networking\/wp-content\/uploads\/sites\/5\/2015\/03\/Slide220.jpg?resize=350%2C200","width":350,"height":200,"srcset":"https:\/\/i0.wp.com\/efagundes.com\/networking\/wp-content\/uploads\/sites\/5\/2015\/03\/Slide220.jpg?resize=350%2C200 1x, https:\/\/i0.wp.com\/efagundes.com\/networking\/wp-content\/uploads\/sites\/5\/2015\/03\/Slide220.jpg?resize=525%2C300 1.5x, https:\/\/i0.wp.com\/efagundes.com\/networking\/wp-content\/uploads\/sites\/5\/2015\/03\/Slide220.jpg?resize=700%2C400 2x"},"classes":[]},{"id":727,"url":"https:\/\/efagundes.com\/networking\/a-camada-de-rede\/propriedades-das-conexoes\/","url_meta":{"origin":733,"position":5},"title":"Propriedades das conex\u00f5es","author":"Eduardo Fagundes","date":"18\/11\/2012","format":false,"excerpt":"","rel":"","context":"Post similar","block_context":{"text":"Post similar","link":""},"img":{"alt_text":"","src":"https:\/\/i0.wp.com\/efagundes.com\/networking\/wp-content\/uploads\/sites\/5\/2015\/03\/Slide410.jpg?resize=350%2C200","width":350,"height":200,"srcset":"https:\/\/i0.wp.com\/efagundes.com\/networking\/wp-content\/uploads\/sites\/5\/2015\/03\/Slide410.jpg?resize=350%2C200 1x, https:\/\/i0.wp.com\/efagundes.com\/networking\/wp-content\/uploads\/sites\/5\/2015\/03\/Slide410.jpg?resize=525%2C300 1.5x, https:\/\/i0.wp.com\/efagundes.com\/networking\/wp-content\/uploads\/sites\/5\/2015\/03\/Slide410.jpg?resize=700%2C400 2x"},"classes":[]}],"jetpack_sharing_enabled":true,"_links":{"self":[{"href":"https:\/\/efagundes.com\/networking\/wp-json\/wp\/v2\/pages\/733","targetHints":{"allow":["GET"]}}],"collection":[{"href":"https:\/\/efagundes.com\/networking\/wp-json\/wp\/v2\/pages"}],"about":[{"href":"https:\/\/efagundes.com\/networking\/wp-json\/wp\/v2\/types\/page"}],"author":[{"embeddable":true,"href":"https:\/\/efagundes.com\/networking\/wp-json\/wp\/v2\/users\/1"}],"replies":[{"embeddable":true,"href":"https:\/\/efagundes.com\/networking\/wp-json\/wp\/v2\/comments?post=733"}],"version-history":[{"count":0,"href":"https:\/\/efagundes.com\/networking\/wp-json\/wp\/v2\/pages\/733\/revisions"}],"up":[{"embeddable":true,"href":"https:\/\/efagundes.com\/networking\/wp-json\/wp\/v2\/pages\/721"}],"wp:attachment":[{"href":"https:\/\/efagundes.com\/networking\/wp-json\/wp\/v2\/media?parent=733"}],"curies":[{"name":"wp","href":"https:\/\/api.w.org\/{rel}","templated":true}]}}