{"id":739,"date":"2012-11-18T10:18:12","date_gmt":"2012-11-18T12:18:12","guid":{"rendered":"http:\/\/efagundes.com\/openclass_networking\/?page_id=739"},"modified":"2022-01-16T17:52:26","modified_gmt":"2022-01-16T20:52:26","slug":"circuito-virtual-x-datagrama","status":"publish","type":"page","link":"https:\/\/efagundes.com\/networking\/a-camada-de-rede\/circuito-virtual-x-datagrama\/","title":{"rendered":"Circuito virtual x datagrama"},"content":{"rendered":"<p><img data-recalc-dims=\"1\" loading=\"lazy\" decoding=\"async\" class=\"alignnone\" src=\"https:\/\/i0.wp.com\/efagundes.com\/networking\/wp-content\/uploads\/sites\/5\/2015\/03\/Slide107.jpg?resize=960%2C720\" alt=\"\" width=\"960\" height=\"720\" \/><\/p>\n","protected":false},"excerpt":{"rendered":"","protected":false},"author":1,"featured_media":0,"parent":721,"menu_order":96,"comment_status":"closed","ping_status":"closed","template":"","meta":{"footnotes":""},"class_list":["post-739","page","type-page","status-publish","hentry"],"jetpack_shortlink":"https:\/\/wp.me\/P8yKGp-bV","jetpack-related-posts":[{"id":737,"url":"https:\/\/efagundes.com\/networking\/a-camada-de-rede\/implementacao-do-servico-orientado-a-conexoes\/","url_meta":{"origin":739,"position":0},"title":"Implementa\u00e7\u00e3o do servi\u00e7o orientado a conex\u00f5es","author":"Eduardo Fagundes","date":"18\/11\/2012","format":false,"excerpt":"A ideia por tr\u00e1s dos circuitos virtuais \u00e9 evitar a necessidade de escolher uma nova rota para cada pacote enviado, como nas conex\u00f5es sem conex\u00f5es. Nesse caso, quando uma conex\u00e3o \u00e9 estabelecida, escolhe-se uma rota desde a m\u00e1quina de origem at\u00e9 a m\u00e1quina de destino, como parte da configura\u00e7\u00e3o da\u2026","rel":"","context":"Post similar","block_context":{"text":"Post similar","link":""},"img":{"alt_text":"","src":"https:\/\/i0.wp.com\/efagundes.com\/networking\/wp-content\/uploads\/sites\/5\/2015\/03\/Slide87.jpg?resize=350%2C200","width":350,"height":200,"srcset":"https:\/\/i0.wp.com\/efagundes.com\/networking\/wp-content\/uploads\/sites\/5\/2015\/03\/Slide87.jpg?resize=350%2C200 1x, https:\/\/i0.wp.com\/efagundes.com\/networking\/wp-content\/uploads\/sites\/5\/2015\/03\/Slide87.jpg?resize=525%2C300 1.5x, https:\/\/i0.wp.com\/efagundes.com\/networking\/wp-content\/uploads\/sites\/5\/2015\/03\/Slide87.jpg?resize=700%2C400 2x"},"classes":[]},{"id":774,"url":"https:\/\/efagundes.com\/networking\/algoritmos-de-roteamento\/controle-de-congestionamento-em-sub-redes-de-circuitos-virtuais\/","url_meta":{"origin":739,"position":1},"title":"Controle de congestionamento em sub-redes de circuitos virtuais","author":"Eduardo Fagundes","date":"18\/11\/2012","format":false,"excerpt":"Uma t\u00e9cnica utilizada para impedir que um congestionamento que j\u00e1 tenha come\u00e7ado se torne pior \u00e9 o controle de admiss\u00e3o. A id\u00e9ia \u00e9 simples: uma vez que o congestionamento tenha dado alguma indica\u00e7\u00e3o de sua exist\u00eancia, nenhum outro circuito virtual ser\u00e1 estabelecido at\u00e9 que o problema tenha passo. Uma estrat\u00e9gia\u2026","rel":"","context":"Post similar","block_context":{"text":"Post similar","link":""},"img":{"alt_text":"","src":"https:\/\/i0.wp.com\/efagundes.com\/networking\/wp-content\/uploads\/sites\/5\/2015\/03\/Slide274.jpg?resize=350%2C200","width":350,"height":200,"srcset":"https:\/\/i0.wp.com\/efagundes.com\/networking\/wp-content\/uploads\/sites\/5\/2015\/03\/Slide274.jpg?resize=350%2C200 1x, https:\/\/i0.wp.com\/efagundes.com\/networking\/wp-content\/uploads\/sites\/5\/2015\/03\/Slide274.jpg?resize=525%2C300 1.5x, https:\/\/i0.wp.com\/efagundes.com\/networking\/wp-content\/uploads\/sites\/5\/2015\/03\/Slide274.jpg?resize=700%2C400 2x"},"classes":[]},{"id":154,"url":"https:\/\/efagundes.com\/networking\/redes-geograficamente-distribuidas\/redes-x-25\/","url_meta":{"origin":739,"position":2},"title":"Redes X.25","author":"Eduardo Fagundes","date":"16\/11\/2012","format":false,"excerpt":"X.25 \u00e9 um padr\u00e3o de protocolo para comunica\u00e7\u00f5es para redes geograficamente distribu\u00eddas da International Telecommunication Union - setor de padroniza\u00e7\u00e3o de telecomunica\u00e7\u00f5es (ITU-T) que define como devem ser estabelecidas e mantidas as conex\u00f5es entre dispositivos de usu\u00e1rios e os dispositivos de rede. O X.25 foi projetado para operar sistemas de\u2026","rel":"","context":"Post similar","block_context":{"text":"Post similar","link":""},"img":{"alt_text":"Slide7","src":"https:\/\/i0.wp.com\/efagundes.com\/networking\/wp-content\/uploads\/sites\/5\/2015\/03\/Slide71.jpg?resize=350%2C200","width":350,"height":200,"srcset":"https:\/\/i0.wp.com\/efagundes.com\/networking\/wp-content\/uploads\/sites\/5\/2015\/03\/Slide71.jpg?resize=350%2C200 1x, https:\/\/i0.wp.com\/efagundes.com\/networking\/wp-content\/uploads\/sites\/5\/2015\/03\/Slide71.jpg?resize=525%2C300 1.5x, https:\/\/i0.wp.com\/efagundes.com\/networking\/wp-content\/uploads\/sites\/5\/2015\/03\/Slide71.jpg?resize=700%2C400 2x"},"classes":[]},{"id":743,"url":"https:\/\/efagundes.com\/networking\/algoritmos-de-roteamento\/algoritmos-de-roteamento-2\/","url_meta":{"origin":739,"position":3},"title":"Defini\u00e7\u00e3o de Algoritmos de Roteamento","author":"Eduardo Fagundes","date":"18\/11\/2012","format":false,"excerpt":"O algoritmo de rede \u00e9 a parte do software da camada de rede respons\u00e1vel pela decis\u00e3o sobre a linha de sa\u00edda a ser usada na transmiss\u00e3o do pacote de entrada. Se a sub-rede utilizar datagramas internamente, essa decis\u00e3o dever\u00e1 ser tomada mais uma vez para cada pacote de dados recebido,\u2026","rel":"","context":"Post similar","block_context":{"text":"Post similar","link":""},"img":{"alt_text":"","src":"https:\/\/i0.wp.com\/efagundes.com\/networking\/wp-content\/uploads\/sites\/5\/2015\/03\/Slide128.jpg?resize=350%2C200","width":350,"height":200,"srcset":"https:\/\/i0.wp.com\/efagundes.com\/networking\/wp-content\/uploads\/sites\/5\/2015\/03\/Slide128.jpg?resize=350%2C200 1x, https:\/\/i0.wp.com\/efagundes.com\/networking\/wp-content\/uploads\/sites\/5\/2015\/03\/Slide128.jpg?resize=525%2C300 1.5x, https:\/\/i0.wp.com\/efagundes.com\/networking\/wp-content\/uploads\/sites\/5\/2015\/03\/Slide128.jpg?resize=700%2C400 2x"},"classes":[]},{"id":1308,"url":"https:\/\/efagundes.com\/networking\/seguranca-de-redes\/virtual-private-network\/","url_meta":{"origin":739,"position":4},"title":"Virtual Private Network","author":"Eduardo Fagundes","date":"19\/11\/2012","format":false,"excerpt":"","rel":"","context":"Post similar","block_context":{"text":"Post similar","link":""},"img":{"alt_text":"Slide286","src":"https:\/\/i0.wp.com\/efagundes.com\/networking\/wp-content\/uploads\/sites\/5\/2012\/11\/Slide286.png?resize=350%2C200","width":350,"height":200,"srcset":"https:\/\/i0.wp.com\/efagundes.com\/networking\/wp-content\/uploads\/sites\/5\/2012\/11\/Slide286.png?resize=350%2C200 1x, https:\/\/i0.wp.com\/efagundes.com\/networking\/wp-content\/uploads\/sites\/5\/2012\/11\/Slide286.png?resize=525%2C300 1.5x, https:\/\/i0.wp.com\/efagundes.com\/networking\/wp-content\/uploads\/sites\/5\/2012\/11\/Slide286.png?resize=700%2C400 2x"},"classes":[]},{"id":163,"url":"https:\/\/efagundes.com\/networking\/redes-geograficamente-distribuidas\/asynchronous-transfer-mode-atm\/","url_meta":{"origin":739,"position":5},"title":"Asynchronous Transfer Mode (ATM)","author":"Eduardo Fagundes","date":"16\/11\/2012","format":false,"excerpt":"O ATM (Asynchronous Transfer Mode) \u00e9 uma tecnologia de rede tanto para redes locais como para redes geograficamente distribu\u00eddas (LANs e WANs) que suporta voz em tempo real, bem como v\u00eddeo e dados. A topologia usa comutadores que estabelecem um circuito l\u00f3gico fim-a-fim que garante a qualidade de servi\u00e7o na\u2026","rel":"","context":"Post similar","block_context":{"text":"Post similar","link":""},"img":{"alt_text":"","src":"https:\/\/i0.wp.com\/efagundes.com.br\/networking\/wp-content\/uploads\/sites\/7\/2012\/11\/Slide101.jpg?resize=350%2C200","width":350,"height":200,"srcset":"https:\/\/i0.wp.com\/efagundes.com.br\/networking\/wp-content\/uploads\/sites\/7\/2012\/11\/Slide101.jpg?resize=350%2C200 1x, https:\/\/i0.wp.com\/efagundes.com.br\/networking\/wp-content\/uploads\/sites\/7\/2012\/11\/Slide101.jpg?resize=525%2C300 1.5x"},"classes":[]}],"jetpack_sharing_enabled":true,"_links":{"self":[{"href":"https:\/\/efagundes.com\/networking\/wp-json\/wp\/v2\/pages\/739","targetHints":{"allow":["GET"]}}],"collection":[{"href":"https:\/\/efagundes.com\/networking\/wp-json\/wp\/v2\/pages"}],"about":[{"href":"https:\/\/efagundes.com\/networking\/wp-json\/wp\/v2\/types\/page"}],"author":[{"embeddable":true,"href":"https:\/\/efagundes.com\/networking\/wp-json\/wp\/v2\/users\/1"}],"replies":[{"embeddable":true,"href":"https:\/\/efagundes.com\/networking\/wp-json\/wp\/v2\/comments?post=739"}],"version-history":[{"count":0,"href":"https:\/\/efagundes.com\/networking\/wp-json\/wp\/v2\/pages\/739\/revisions"}],"up":[{"embeddable":true,"href":"https:\/\/efagundes.com\/networking\/wp-json\/wp\/v2\/pages\/721"}],"wp:attachment":[{"href":"https:\/\/efagundes.com\/networking\/wp-json\/wp\/v2\/media?parent=739"}],"curies":[{"name":"wp","href":"https:\/\/api.w.org\/{rel}","templated":true}]}}